{"id":972,"date":"2022-07-12T10:22:47","date_gmt":"2022-07-12T08:22:47","guid":{"rendered":"https:\/\/ks-cs.ch\/offerta\/autoregolazione\/"},"modified":"2023-11-07T14:42:23","modified_gmt":"2023-11-07T13:42:23","slug":"autoregolazione","status":"publish","type":"page","link":"https:\/\/ks-cs.ch\/it\/offerta\/autoregolazione\/","title":{"rendered":"Autoregolazione"},"content":{"rendered":"<div class=\"wpb-content-wrapper\"><p>[vc_row row_height_percent=&#8221;0&#8243; override_padding=&#8221;yes&#8221; h_padding=&#8221;2&#8243; top_padding=&#8221;3&#8243; bottom_padding=&#8221;2&#8243; overlay_alpha=&#8221;50&#8243; gutter_size=&#8221;3&#8243; column_width_percent=&#8221;100&#8243; shift_y=&#8221;0&#8243; z_index=&#8221;0&#8243; uncode_shortcode_id=&#8221;172934&#8243;][vc_column column_width_use_pixel=&#8221;yes&#8221; gutter_size=&#8221;2&#8243; overlay_alpha=&#8221;50&#8243; shift_x=&#8221;0&#8243; shift_y=&#8221;0&#8243; shift_y_down=&#8221;0&#8243; z_index=&#8221;0&#8243; medium_width=&#8221;0&#8243; mobile_width=&#8221;0&#8243; width=&#8221;1\/1&#8243; uncode_shortcode_id=&#8221;104419&#8243; column_width_pixel=&#8221;840&#8243;][uncode_breadcrumbs separator=&#8221;dash&#8221;][vc_custom_heading heading_semantic=&#8221;h1&#8243; text_size=&#8221;h1&#8243; text_weight=&#8221;600&#8243; uncode_shortcode_id=&#8221;100248&#8243;]Nella definizione delle politiche, l&#8217;autoregolamentazione del settore \u00e8 importante.[\/vc_custom_heading][vc_column_text uncode_shortcode_id=&#8221;288216&#8243;]L&#8217;autoregolazione ha un potere creativo responsabile. Pu\u00f2 aiutare a evitare restrizioni e divieti. KS\/CS Comunicazione Svizzera \u00e8 fortemente impegnata nel Consiglio della Fondazione per la Lealt\u00e0 nella comunicazione commerciale, sostenendo quindi il lavoro della Commissione Svizzera per la Lealt\u00e0. Tutte le informazioni sono disponibili <a href=\"https:\/\/www.faire-werbung.ch\/it\/\" target=\"_blank\" rel=\"noopener\">qui<\/a>.[\/vc_column_text][\/vc_column][\/vc_row][vc_row][vc_column width=&#8221;1\/1&#8243;][uncode_block id=&#8221;277&#8243;][\/vc_column][\/vc_row][vc_row][vc_column width=&#8221;1\/1&#8243;][uncode_block id=&#8221;196&#8243;][\/vc_column][\/vc_row]<\/p>\n<\/div>","protected":false},"excerpt":{"rendered":"<p>Nella definizione delle politiche, l&#8217;autoregolamentazione del settore \u00e8 importante. L&#8217;autoregolazione ha un potere creativo responsabile. Pu\u00f2 aiutare a evitare restrizioni e divieti. KS\/CS Comunicazione Svizzera \u00e8 fortemente impegnata nel Consiglio della Fondazione per la Lealt\u00e0 nella comunicazione commerciale, sostenendo quindi il lavoro della Commissione Svizzera per la Lealt\u00e0. Tutte le informazioni sono disponibili qui.<\/p>\n","protected":false},"author":1,"featured_media":874,"parent":1334,"menu_order":2,"comment_status":"closed","ping_status":"closed","template":"","meta":{"content-type":"","footnotes":""},"class_list":["post-972","page","type-page","status-publish","has-post-thumbnail","hentry","page_category-offerta"],"yoast_head":"<!-- This site is optimized with the Yoast SEO plugin v27.4 - https:\/\/yoast.com\/product\/yoast-seo-wordpress\/ -->\n<title>Autoregolazione - KS\/CS Comunicazione Svizzera<\/title>\n<meta name=\"description\" content=\"KS\/CS Comunicazione Svizzera lavora a stretto contatto con la Fondazione per la correttezza nella comunicazione commerciale e la Commissione svizzera per la lealt\u00e0\" \/>\n<meta name=\"robots\" content=\"index, follow, max-snippet:-1, max-image-preview:large, max-video-preview:-1\" \/>\n<link rel=\"canonical\" href=\"https:\/\/ks-cs.ch\/it\/offerta\/autoregolazione\/\" \/>\n<meta property=\"og:locale\" content=\"it_IT\" \/>\n<meta property=\"og:type\" content=\"article\" \/>\n<meta property=\"og:title\" content=\"Autoregolazione - KS\/CS Comunicazione Svizzera\" \/>\n<meta property=\"og:description\" content=\"KS\/CS Comunicazione Svizzera lavora a stretto contatto con la Fondazione per la correttezza nella comunicazione commerciale e la Commissione svizzera per la lealt\u00e0\" \/>\n<meta property=\"og:url\" content=\"https:\/\/ks-cs.ch\/it\/offerta\/autoregolazione\/\" \/>\n<meta property=\"og:site_name\" content=\"KS\/CS Comunicazione Svizzera\" \/>\n<meta property=\"article:modified_time\" content=\"2023-11-07T13:42:23+00:00\" \/>\n<meta property=\"og:image\" content=\"https:\/\/ks-cs.ch\/wp-content\/uploads\/2022\/08\/Unternehmen_Bu\u0308ro_Arbeit.jpg\" \/>\n\t<meta property=\"og:image:width\" content=\"1920\" \/>\n\t<meta property=\"og:image:height\" content=\"1281\" \/>\n\t<meta property=\"og:image:type\" content=\"image\/jpeg\" \/>\n<meta name=\"twitter:card\" content=\"summary_large_image\" \/>\n<meta name=\"twitter:label1\" content=\"Tempo di lettura stimato\" \/>\n\t<meta name=\"twitter:data1\" content=\"1 minuto\" \/>\n<script type=\"application\/ld+json\" class=\"yoast-schema-graph\">{\"@context\":\"https:\\\/\\\/schema.org\",\"@graph\":[{\"@type\":\"WebPage\",\"@id\":\"https:\\\/\\\/ks-cs.ch\\\/it\\\/offerta\\\/autoregolazione\\\/\",\"url\":\"https:\\\/\\\/ks-cs.ch\\\/it\\\/offerta\\\/autoregolazione\\\/\",\"name\":\"Autoregolazione - KS\\\/CS Comunicazione Svizzera\",\"isPartOf\":{\"@id\":\"https:\\\/\\\/ks-cs.ch\\\/it\\\/#website\"},\"primaryImageOfPage\":{\"@id\":\"https:\\\/\\\/ks-cs.ch\\\/it\\\/offerta\\\/autoregolazione\\\/#primaryimage\"},\"image\":{\"@id\":\"https:\\\/\\\/ks-cs.ch\\\/it\\\/offerta\\\/autoregolazione\\\/#primaryimage\"},\"thumbnailUrl\":\"https:\\\/\\\/ks-cs.ch\\\/wp-content\\\/uploads\\\/2022\\\/08\\\/Unternehmen_Bu\u0308ro_Arbeit.jpg\",\"datePublished\":\"2022-07-12T08:22:47+00:00\",\"dateModified\":\"2023-11-07T13:42:23+00:00\",\"description\":\"KS\\\/CS Comunicazione Svizzera lavora a stretto contatto con la Fondazione per la correttezza nella comunicazione commerciale e la Commissione svizzera per la lealt\u00e0\",\"breadcrumb\":{\"@id\":\"https:\\\/\\\/ks-cs.ch\\\/it\\\/offerta\\\/autoregolazione\\\/#breadcrumb\"},\"inLanguage\":\"it-IT\",\"potentialAction\":[{\"@type\":\"ReadAction\",\"target\":[\"https:\\\/\\\/ks-cs.ch\\\/it\\\/offerta\\\/autoregolazione\\\/\"]}]},{\"@type\":\"ImageObject\",\"inLanguage\":\"it-IT\",\"@id\":\"https:\\\/\\\/ks-cs.ch\\\/it\\\/offerta\\\/autoregolazione\\\/#primaryimage\",\"url\":\"https:\\\/\\\/ks-cs.ch\\\/wp-content\\\/uploads\\\/2022\\\/08\\\/Unternehmen_Bu\u0308ro_Arbeit.jpg\",\"contentUrl\":\"https:\\\/\\\/ks-cs.ch\\\/wp-content\\\/uploads\\\/2022\\\/08\\\/Unternehmen_Bu\u0308ro_Arbeit.jpg\",\"width\":1920,\"height\":1281},{\"@type\":\"BreadcrumbList\",\"@id\":\"https:\\\/\\\/ks-cs.ch\\\/it\\\/offerta\\\/autoregolazione\\\/#breadcrumb\",\"itemListElement\":[{\"@type\":\"ListItem\",\"position\":1,\"name\":\"Home\",\"item\":\"https:\\\/\\\/ks-cs.ch\\\/it\\\/\"},{\"@type\":\"ListItem\",\"position\":2,\"name\":\"Offerta\",\"item\":\"https:\\\/\\\/ks-cs.ch\\\/it\\\/offerta\\\/\"},{\"@type\":\"ListItem\",\"position\":3,\"name\":\"Autoregolazione\"}]},{\"@type\":\"WebSite\",\"@id\":\"https:\\\/\\\/ks-cs.ch\\\/it\\\/#website\",\"url\":\"https:\\\/\\\/ks-cs.ch\\\/it\\\/\",\"name\":\"KS\\\/CS Kommunikation Schweiz\",\"description\":\"Associazione di comunicazione commerciale\",\"publisher\":{\"@id\":\"https:\\\/\\\/ks-cs.ch\\\/it\\\/#organization\"},\"potentialAction\":[{\"@type\":\"SearchAction\",\"target\":{\"@type\":\"EntryPoint\",\"urlTemplate\":\"https:\\\/\\\/ks-cs.ch\\\/it\\\/?s={search_term_string}\"},\"query-input\":{\"@type\":\"PropertyValueSpecification\",\"valueRequired\":true,\"valueName\":\"search_term_string\"}}],\"inLanguage\":\"it-IT\"},{\"@type\":\"Organization\",\"@id\":\"https:\\\/\\\/ks-cs.ch\\\/it\\\/#organization\",\"name\":\"KS\\\/CS Kommunikation Schweiz\",\"url\":\"https:\\\/\\\/ks-cs.ch\\\/it\\\/\",\"logo\":{\"@type\":\"ImageObject\",\"inLanguage\":\"it-IT\",\"@id\":\"https:\\\/\\\/ks-cs.ch\\\/it\\\/#\\\/schema\\\/logo\\\/image\\\/\",\"url\":\"https:\\\/\\\/ks-cs.ch\\\/wp-content\\\/uploads\\\/2022\\\/12\\\/Logo-Social-Media-1.jpg\",\"contentUrl\":\"https:\\\/\\\/ks-cs.ch\\\/wp-content\\\/uploads\\\/2022\\\/12\\\/Logo-Social-Media-1.jpg\",\"width\":709,\"height\":608,\"caption\":\"KS\\\/CS Kommunikation Schweiz\"},\"image\":{\"@id\":\"https:\\\/\\\/ks-cs.ch\\\/it\\\/#\\\/schema\\\/logo\\\/image\\\/\"},\"sameAs\":[\"https:\\\/\\\/www.linkedin.com\\\/company\\\/kommunikation-schweiz-communication-suisse-comunicazione-svizzera-communication-switzerland\\\/\"]}]}<\/script>\n<!-- \/ Yoast SEO plugin. -->","yoast_head_json":{"title":"Autoregolazione - KS\/CS Comunicazione Svizzera","description":"KS\/CS Comunicazione Svizzera lavora a stretto contatto con la Fondazione per la correttezza nella comunicazione commerciale e la Commissione svizzera per la lealt\u00e0","robots":{"index":"index","follow":"follow","max-snippet":"max-snippet:-1","max-image-preview":"max-image-preview:large","max-video-preview":"max-video-preview:-1"},"canonical":"https:\/\/ks-cs.ch\/it\/offerta\/autoregolazione\/","og_locale":"it_IT","og_type":"article","og_title":"Autoregolazione - KS\/CS Comunicazione Svizzera","og_description":"KS\/CS Comunicazione Svizzera lavora a stretto contatto con la Fondazione per la correttezza nella comunicazione commerciale e la Commissione svizzera per la lealt\u00e0","og_url":"https:\/\/ks-cs.ch\/it\/offerta\/autoregolazione\/","og_site_name":"KS\/CS Comunicazione Svizzera","article_modified_time":"2023-11-07T13:42:23+00:00","og_image":[{"width":1920,"height":1281,"url":"https:\/\/ks-cs.ch\/wp-content\/uploads\/2022\/08\/Unternehmen_Bu\u0308ro_Arbeit.jpg","type":"image\/jpeg"}],"twitter_card":"summary_large_image","twitter_misc":{"Tempo di lettura stimato":"1 minuto"},"schema":{"@context":"https:\/\/schema.org","@graph":[{"@type":"WebPage","@id":"https:\/\/ks-cs.ch\/it\/offerta\/autoregolazione\/","url":"https:\/\/ks-cs.ch\/it\/offerta\/autoregolazione\/","name":"Autoregolazione - KS\/CS Comunicazione Svizzera","isPartOf":{"@id":"https:\/\/ks-cs.ch\/it\/#website"},"primaryImageOfPage":{"@id":"https:\/\/ks-cs.ch\/it\/offerta\/autoregolazione\/#primaryimage"},"image":{"@id":"https:\/\/ks-cs.ch\/it\/offerta\/autoregolazione\/#primaryimage"},"thumbnailUrl":"https:\/\/ks-cs.ch\/wp-content\/uploads\/2022\/08\/Unternehmen_Bu\u0308ro_Arbeit.jpg","datePublished":"2022-07-12T08:22:47+00:00","dateModified":"2023-11-07T13:42:23+00:00","description":"KS\/CS Comunicazione Svizzera lavora a stretto contatto con la Fondazione per la correttezza nella comunicazione commerciale e la Commissione svizzera per la lealt\u00e0","breadcrumb":{"@id":"https:\/\/ks-cs.ch\/it\/offerta\/autoregolazione\/#breadcrumb"},"inLanguage":"it-IT","potentialAction":[{"@type":"ReadAction","target":["https:\/\/ks-cs.ch\/it\/offerta\/autoregolazione\/"]}]},{"@type":"ImageObject","inLanguage":"it-IT","@id":"https:\/\/ks-cs.ch\/it\/offerta\/autoregolazione\/#primaryimage","url":"https:\/\/ks-cs.ch\/wp-content\/uploads\/2022\/08\/Unternehmen_Bu\u0308ro_Arbeit.jpg","contentUrl":"https:\/\/ks-cs.ch\/wp-content\/uploads\/2022\/08\/Unternehmen_Bu\u0308ro_Arbeit.jpg","width":1920,"height":1281},{"@type":"BreadcrumbList","@id":"https:\/\/ks-cs.ch\/it\/offerta\/autoregolazione\/#breadcrumb","itemListElement":[{"@type":"ListItem","position":1,"name":"Home","item":"https:\/\/ks-cs.ch\/it\/"},{"@type":"ListItem","position":2,"name":"Offerta","item":"https:\/\/ks-cs.ch\/it\/offerta\/"},{"@type":"ListItem","position":3,"name":"Autoregolazione"}]},{"@type":"WebSite","@id":"https:\/\/ks-cs.ch\/it\/#website","url":"https:\/\/ks-cs.ch\/it\/","name":"KS\/CS Kommunikation Schweiz","description":"Associazione di comunicazione commerciale","publisher":{"@id":"https:\/\/ks-cs.ch\/it\/#organization"},"potentialAction":[{"@type":"SearchAction","target":{"@type":"EntryPoint","urlTemplate":"https:\/\/ks-cs.ch\/it\/?s={search_term_string}"},"query-input":{"@type":"PropertyValueSpecification","valueRequired":true,"valueName":"search_term_string"}}],"inLanguage":"it-IT"},{"@type":"Organization","@id":"https:\/\/ks-cs.ch\/it\/#organization","name":"KS\/CS Kommunikation Schweiz","url":"https:\/\/ks-cs.ch\/it\/","logo":{"@type":"ImageObject","inLanguage":"it-IT","@id":"https:\/\/ks-cs.ch\/it\/#\/schema\/logo\/image\/","url":"https:\/\/ks-cs.ch\/wp-content\/uploads\/2022\/12\/Logo-Social-Media-1.jpg","contentUrl":"https:\/\/ks-cs.ch\/wp-content\/uploads\/2022\/12\/Logo-Social-Media-1.jpg","width":709,"height":608,"caption":"KS\/CS Kommunikation Schweiz"},"image":{"@id":"https:\/\/ks-cs.ch\/it\/#\/schema\/logo\/image\/"},"sameAs":["https:\/\/www.linkedin.com\/company\/kommunikation-schweiz-communication-suisse-comunicazione-svizzera-communication-switzerland\/"]}]}},"publishpress_future_action":{"enabled":false,"date":"2026-04-27 14:15:13","action":"change-status","newStatus":"draft","terms":[],"taxonomy":"translation_priority","extraData":[]},"publishpress_future_workflow_manual_trigger":{"enabledWorkflows":[]},"_links":{"self":[{"href":"https:\/\/ks-cs.ch\/it\/wp-json\/wp\/v2\/pages\/972","targetHints":{"allow":["GET"]}}],"collection":[{"href":"https:\/\/ks-cs.ch\/it\/wp-json\/wp\/v2\/pages"}],"about":[{"href":"https:\/\/ks-cs.ch\/it\/wp-json\/wp\/v2\/types\/page"}],"author":[{"embeddable":true,"href":"https:\/\/ks-cs.ch\/it\/wp-json\/wp\/v2\/users\/1"}],"replies":[{"embeddable":true,"href":"https:\/\/ks-cs.ch\/it\/wp-json\/wp\/v2\/comments?post=972"}],"version-history":[{"count":7,"href":"https:\/\/ks-cs.ch\/it\/wp-json\/wp\/v2\/pages\/972\/revisions"}],"predecessor-version":[{"id":4433,"href":"https:\/\/ks-cs.ch\/it\/wp-json\/wp\/v2\/pages\/972\/revisions\/4433"}],"up":[{"embeddable":true,"href":"https:\/\/ks-cs.ch\/it\/wp-json\/wp\/v2\/pages\/1334"}],"wp:featuredmedia":[{"embeddable":true,"href":"https:\/\/ks-cs.ch\/it\/wp-json\/wp\/v2\/media\/874"}],"wp:attachment":[{"href":"https:\/\/ks-cs.ch\/it\/wp-json\/wp\/v2\/media?parent=972"}],"curies":[{"name":"wp","href":"https:\/\/api.w.org\/{rel}","templated":true}]}}