{"id":904,"date":"2022-05-30T10:55:52","date_gmt":"2022-05-30T08:55:52","guid":{"rendered":"https:\/\/ks-cs.ch\/homepage\/"},"modified":"2024-01-15T11:04:11","modified_gmt":"2024-01-15T10:04:11","slug":"homepage","status":"publish","type":"page","link":"https:\/\/ks-cs.ch\/it\/","title":{"rendered":"KS\/CS Comunicazione Svizzera"},"content":{"rendered":"<div class=\"wpb-content-wrapper\"><p>[vc_row row_height_percent=&#8221;70&#8243; override_padding=&#8221;yes&#8221; h_padding=&#8221;2&#8243; top_padding=&#8221;2&#8243; bottom_padding=&#8221;2&#8243; overlay_alpha=&#8221;50&#8243; gutter_size=&#8221;3&#8243; column_width_percent=&#8221;100&#8243; shift_y=&#8221;0&#8243; z_index=&#8221;0&#8243; uncode_shortcode_id=&#8221;178979&#8243;][vc_column column_width_use_pixel=&#8221;yes&#8221; position_vertical=&#8221;middle&#8221; gutter_size=&#8221;3&#8243; overlay_alpha=&#8221;50&#8243; shift_x=&#8221;0&#8243; shift_y=&#8221;0&#8243; shift_y_down=&#8221;0&#8243; z_index=&#8221;0&#8243; medium_width=&#8221;0&#8243; mobile_width=&#8221;0&#8243; width=&#8221;1\/1&#8243; uncode_shortcode_id=&#8221;110567&#8243; column_width_pixel=&#8221;850&#8243;][vc_custom_heading heading_semantic=&#8221;h1&#8243; text_size=&#8221;h1&#8243; text_weight=&#8221;600&#8243; uncode_shortcode_id=&#8221;132082&#8243;]Ci battiamo in tutta la Svizzera per ottenere condizioni quadro legali che garantiscano una pubblicit\u00e0 libera ed equa.[\/vc_custom_heading][vc_custom_heading text_size=&#8221;h3&#8243; text_weight=&#8221;400&#8243; uncode_shortcode_id=&#8221;203450&#8243;]KS\/CS Comunicazione Svizzera \u00e8 l&#8217;organizzazione di categoria della comunicazione commerciale in Svizzera. La nostra attenzione \u00e8 rivolta alla politica federale. Se necessario, partecipiamo anche allo sviluppo della politica pubblicitaria nei cantoni e nei comuni. E questo dal 1925.[\/vc_custom_heading][\/vc_column][\/vc_row][vc_row row_height_percent=&#8221;0&#8243; override_padding=&#8221;yes&#8221; h_padding=&#8221;2&#8243; top_padding=&#8221;0&#8243; bottom_padding=&#8221;2&#8243; overlay_alpha=&#8221;50&#8243; gutter_size=&#8221;3&#8243; column_width_percent=&#8221;100&#8243; shift_y=&#8221;0&#8243; z_index=&#8221;0&#8243; uncode_shortcode_id=&#8221;972177&#8243; el_class=&#8221;page_cta&#8221;][vc_column width=&#8221;1\/1&#8243;][uncode_index el_id=&#8221;index-170485&#8243; loop=&#8221;size:3|order_by:date|post_type:page|by_id:25,13,21|taxonomy_count:10&#8243; screen_lg=&#8221;720&#8243; screen_md=&#8221;500&#8243; screen_sm=&#8221;480&#8243; gutter_size=&#8221;3&#8243; page_items=&#8221;title&#8221; single_text=&#8221;overlay&#8221; single_back_color=&#8221;accent&#8221; single_shape=&#8221;round&#8221; radius=&#8221;lg&#8221; single_overlay_opacity=&#8221;1&#8243; single_overlay_anim=&#8221;no&#8221; single_text_visible=&#8221;yes&#8221; single_text_anim=&#8221;no&#8221; single_image_anim=&#8221;no&#8221; single_h_align=&#8221;center&#8221; single_padding=&#8221;2&#8243; single_title_dimension=&#8221;h3&#8243; single_border=&#8221;yes&#8221; uncode_shortcode_id=&#8221;949598&#8243; el_class=&#8221;posts-home&#8221;][\/vc_column][\/vc_row][vc_row row_height_percent=&#8221;0&#8243; override_padding=&#8221;yes&#8221; h_padding=&#8221;2&#8243; top_padding=&#8221;5&#8243; bottom_padding=&#8221;4&#8243; overlay_alpha=&#8221;50&#8243; gutter_size=&#8221;3&#8243; column_width_percent=&#8221;100&#8243; shift_y=&#8221;0&#8243; z_index=&#8221;0&#8243; uncode_shortcode_id=&#8221;660904&#8243;][vc_column column_width_use_pixel=&#8221;yes&#8221; gutter_size=&#8221;2&#8243; overlay_alpha=&#8221;50&#8243; shift_x=&#8221;0&#8243; shift_y=&#8221;0&#8243; shift_y_down=&#8221;0&#8243; z_index=&#8221;0&#8243; medium_width=&#8221;0&#8243; mobile_width=&#8221;0&#8243; width=&#8221;1\/1&#8243; uncode_shortcode_id=&#8221;221947&#8243; column_width_pixel=&#8221;850&#8243;][vc_custom_heading text_size=&#8221;h1&#8243; text_weight=&#8221;600&#8243; uncode_shortcode_id=&#8221;106421&#8243;]Economia e democrazia hanno bisogno di pubblicit\u00e0[\/vc_custom_heading][vc_column_text uncode_shortcode_id=&#8221;296423&#8243;]Un&#8217;economia funzionante ha bisogno di pubblicit\u00e0. Contribuisce in modo indispensabile alla trasparenza dell&#8217;economia. La pubblicit\u00e0 informa sulle novit\u00e0 e contribuisce a un consumo consapevole e sostenibile. Contribuisce inoltre in modo significativo alla trasparenza della politica e della democrazia. L&#8217;industria pubblicitaria \u00e8 un datore di lavoro interessante e apporta un grande valore aggiunto all&#8217;economia nazionale.<\/p>\n<p>KS\/CS Comunicazione Svizzera \u00e8 favorevole a una legislazione che consenta la libera pubblicit\u00e0 con il minor numero possibile di divieti pubblicitari. La pubblicit\u00e0 \u00e8 una comunicazione onesta, perch\u00e9 il suo mittente e i suoi interessi sono noti e comprensibili.<\/p>\n<p>I prodotti e i servizi prodotti e commercializzati legalmente dovrebbero poter essere pubblicizzati. Dove necessario, l&#8217;industria si autoregolamenta con successo. I divieti di pubblicit\u00e0 non necessari creano l&#8217;illusione di soluzioni senza crearne alcuna. Non colpiscono il problema che si vorrebbe risolvere, ma le persone che lavorano nell&#8217;industria pubblicitaria. KS\/CS \u00e8 sinonimo di una forte posizione pubblicitaria in Svizzera.<\/p>\n<p><a href=\"https:\/\/ks-cs.ch\/it\/soci\/\">Diventi membro di KS\/CS<\/a>. Prendete contatto con noi. Non vediamo l&#8217;ora di parlare con voi.[\/vc_column_text][vc_empty_space empty_h=&#8221;1&#8243;][vc_icon position=&#8221;left&#8221; space_reduced=&#8221;yes&#8221; icon_image=&#8221;4893&#8243; media_size=&#8221;70&#8243; heading_semantic=&#8221;h5&#8243; text_size=&#8221;h5&#8243; text_weight=&#8221;600&#8243; uncode_shortcode_id=&#8221;571751&#8243; title=&#8221;J\u00fcrg Bachmann&#8221; el_class=&#8221;team_item&#8221;]Presidente KS\/CS Comunicazione Svizzera[\/vc_icon][\/vc_column][\/vc_row][vc_row row_height_percent=&#8221;0&#8243; override_padding=&#8221;yes&#8221; h_padding=&#8221;2&#8243; top_padding=&#8221;0&#8243; bottom_padding=&#8221;2&#8243; overlay_alpha=&#8221;50&#8243; gutter_size=&#8221;3&#8243; column_width_percent=&#8221;100&#8243; shift_y=&#8221;0&#8243; z_index=&#8221;0&#8243; desktop_visibility=&#8221;yes&#8221; medium_visibility=&#8221;yes&#8221; mobile_visibility=&#8221;yes&#8221; uncode_shortcode_id=&#8221;659899&#8243; el_class=&#8221;page_cta&#8221;][vc_column width=&#8221;1\/1&#8243;][uncode_index el_id=&#8221;index-170484&#8243; loop=&#8221;size:3|order_by:date|post_type:page|by_id:25,13,21|taxonomy_count:10&#8243; screen_lg=&#8221;720&#8243; screen_md=&#8221;500&#8243; screen_sm=&#8221;480&#8243; gutter_size=&#8221;3&#8243; page_items=&#8221;title&#8221; single_style=&#8221;dark&#8221; single_back_color=&#8221;accent&#8221; single_shape=&#8221;round&#8221; radius=&#8221;lg&#8221; single_overlay_opacity=&#8221;50&#8243; single_h_align=&#8221;center&#8221; single_padding=&#8221;2&#8243; single_title_dimension=&#8221;h3&#8243; single_border=&#8221;yes&#8221; uncode_shortcode_id=&#8221;402946&#8243; el_class=&#8221;posts-home&#8221;][\/vc_column][\/vc_row][vc_row row_height_percent=&#8221;0&#8243; override_padding=&#8221;yes&#8221; h_padding=&#8221;2&#8243; top_padding=&#8221;3&#8243; bottom_padding=&#8221;2&#8243; overlay_alpha=&#8221;50&#8243; gutter_size=&#8221;3&#8243; column_width_percent=&#8221;100&#8243; shift_y=&#8221;0&#8243; z_index=&#8221;0&#8243; uncode_shortcode_id=&#8221;107117&#8243; row_name=&#8221;premiumpartner&#8221;][vc_column column_width_use_pixel=&#8221;yes&#8221; gutter_size=&#8221;2&#8243; overlay_alpha=&#8221;50&#8243; shift_x=&#8221;0&#8243; shift_y=&#8221;0&#8243; shift_y_down=&#8221;0&#8243; z_index=&#8221;0&#8243; medium_width=&#8221;0&#8243; mobile_width=&#8221;0&#8243; width=&#8221;1\/1&#8243; uncode_shortcode_id=&#8221;104419&#8243; column_width_pixel=&#8221;840&#8243;][vc_custom_heading text_weight=&#8221;600&#8243; uncode_shortcode_id=&#8221;218536&#8243;]Partner Premium[\/vc_custom_heading][\/vc_column][\/vc_row][vc_row][vc_column width=&#8221;1\/1&#8243;][uncode_block id=&#8221;4517&#8243;][\/vc_column][\/vc_row]<\/p>\n<\/div>","protected":false},"excerpt":{"rendered":"<p>[vc_row row_height_percent=&#8221;70&#8243; override_padding=&#8221;yes&#8221; h_padding=&#8221;2&#8243; top_padding=&#8221;2&#8243; bottom_padding=&#8221;2&#8243; overlay_alpha=&#8221;50&#8243; gutter_size=&#8221;3&#8243; column_width_percent=&#8221;100&#8243; shift_y=&#8221;0&#8243; z_index=&#8221;0&#8243; uncode_shortcode_id=&#8221;178979&#8243;][vc_column column_width_use_pixel=&#8221;yes&#8221; position_vertical=&#8221;middle&#8221; gutter_size=&#8221;3&#8243; overlay_alpha=&#8221;50&#8243; shift_x=&#8221;0&#8243; shift_y=&#8221;0&#8243; shift_y_down=&#8221;0&#8243; z_index=&#8221;0&#8243; [&hellip;]<\/p>\n","protected":false},"author":1,"featured_media":0,"parent":0,"menu_order":1,"comment_status":"closed","ping_status":"closed","template":"","meta":{"content-type":"","footnotes":""},"class_list":["post-904","page","type-page","status-publish","hentry"],"yoast_head":"<!-- This site is optimized with the Yoast SEO plugin v27.3 - https:\/\/yoast.com\/product\/yoast-seo-wordpress\/ -->\n<title>KS\/CS Comunicazione Svizzera<\/title>\n<meta name=\"description\" content=\"KS\/CS Comunicazione Svizzera \u00e8 l&#039;organizzazione di categoria della comunicazione commerciale in Svizzera. La nostra attenzione \u00e8 rivolta alla politica federale. Se necessario, partecipiamo anche allo sviluppo della politica pubblicitaria nei cantoni e nei comuni. E questo dal 1925.\" \/>\n<meta name=\"robots\" content=\"index, follow, max-snippet:-1, max-image-preview:large, max-video-preview:-1\" \/>\n<link rel=\"canonical\" href=\"https:\/\/ks-cs.ch\/it\/\" \/>\n<meta property=\"og:locale\" content=\"it_IT\" \/>\n<meta property=\"og:type\" content=\"article\" \/>\n<meta property=\"og:title\" content=\"KS\/CS Comunicazione Svizzera\" \/>\n<meta property=\"og:description\" content=\"KS\/CS Comunicazione Svizzera \u00e8 l&#039;organizzazione di categoria della comunicazione commerciale in Svizzera. La nostra attenzione \u00e8 rivolta alla politica federale. Se necessario, partecipiamo anche allo sviluppo della politica pubblicitaria nei cantoni e nei comuni. E questo dal 1925.\" \/>\n<meta property=\"og:url\" content=\"https:\/\/ks-cs.ch\/it\/\" \/>\n<meta property=\"og:site_name\" content=\"KS\/CS Comunicazione Svizzera\" \/>\n<meta property=\"article:modified_time\" content=\"2024-01-15T10:04:11+00:00\" \/>\n<meta property=\"og:image\" content=\"https:\/\/ks-cs.ch\/wp-content\/uploads\/2022\/11\/Logo.jpeg\" \/>\n\t<meta property=\"og:image:width\" content=\"1200\" \/>\n\t<meta property=\"og:image:height\" content=\"920\" \/>\n\t<meta property=\"og:image:type\" content=\"image\/jpeg\" \/>\n<meta name=\"twitter:card\" content=\"summary_large_image\" \/>\n<meta name=\"twitter:label1\" content=\"Tempo di lettura stimato\" \/>\n\t<meta name=\"twitter:data1\" content=\"4 minuti\" \/>\n<script type=\"application\/ld+json\" class=\"yoast-schema-graph\">{\"@context\":\"https:\\\/\\\/schema.org\",\"@graph\":[{\"@type\":\"WebPage\",\"@id\":\"https:\\\/\\\/ks-cs.ch\\\/it\\\/\",\"url\":\"https:\\\/\\\/ks-cs.ch\\\/it\\\/\",\"name\":\"KS\\\/CS Comunicazione Svizzera\",\"isPartOf\":{\"@id\":\"https:\\\/\\\/ks-cs.ch\\\/it\\\/#website\"},\"datePublished\":\"2022-05-30T08:55:52+00:00\",\"dateModified\":\"2024-01-15T10:04:11+00:00\",\"description\":\"KS\\\/CS Comunicazione Svizzera \u00e8 l'organizzazione di categoria della comunicazione commerciale in Svizzera. La nostra attenzione \u00e8 rivolta alla politica federale. Se necessario, partecipiamo anche allo sviluppo della politica pubblicitaria nei cantoni e nei comuni. E questo dal 1925.\",\"breadcrumb\":{\"@id\":\"https:\\\/\\\/ks-cs.ch\\\/it\\\/#breadcrumb\"},\"inLanguage\":\"it-IT\",\"potentialAction\":[{\"@type\":\"ReadAction\",\"target\":[\"https:\\\/\\\/ks-cs.ch\\\/it\\\/\"]}]},{\"@type\":\"BreadcrumbList\",\"@id\":\"https:\\\/\\\/ks-cs.ch\\\/it\\\/#breadcrumb\",\"itemListElement\":[{\"@type\":\"ListItem\",\"position\":1,\"name\":\"Home\",\"item\":\"https:\\\/\\\/ks-cs.ch\\\/it\\\/\"},{\"@type\":\"ListItem\",\"position\":2,\"name\":\"KS\\\/CS Comunicazione Svizzera\"}]},{\"@type\":\"WebSite\",\"@id\":\"https:\\\/\\\/ks-cs.ch\\\/it\\\/#website\",\"url\":\"https:\\\/\\\/ks-cs.ch\\\/it\\\/\",\"name\":\"KS\\\/CS Kommunikation Schweiz\",\"description\":\"Associazione di comunicazione commerciale\",\"publisher\":{\"@id\":\"https:\\\/\\\/ks-cs.ch\\\/it\\\/#organization\"},\"potentialAction\":[{\"@type\":\"SearchAction\",\"target\":{\"@type\":\"EntryPoint\",\"urlTemplate\":\"https:\\\/\\\/ks-cs.ch\\\/it\\\/?s={search_term_string}\"},\"query-input\":{\"@type\":\"PropertyValueSpecification\",\"valueRequired\":true,\"valueName\":\"search_term_string\"}}],\"inLanguage\":\"it-IT\"},{\"@type\":\"Organization\",\"@id\":\"https:\\\/\\\/ks-cs.ch\\\/it\\\/#organization\",\"name\":\"KS\\\/CS Kommunikation Schweiz\",\"url\":\"https:\\\/\\\/ks-cs.ch\\\/it\\\/\",\"logo\":{\"@type\":\"ImageObject\",\"inLanguage\":\"it-IT\",\"@id\":\"https:\\\/\\\/ks-cs.ch\\\/it\\\/#\\\/schema\\\/logo\\\/image\\\/\",\"url\":\"https:\\\/\\\/ks-cs.ch\\\/wp-content\\\/uploads\\\/2022\\\/12\\\/Logo-Social-Media-1.jpg\",\"contentUrl\":\"https:\\\/\\\/ks-cs.ch\\\/wp-content\\\/uploads\\\/2022\\\/12\\\/Logo-Social-Media-1.jpg\",\"width\":709,\"height\":608,\"caption\":\"KS\\\/CS Kommunikation Schweiz\"},\"image\":{\"@id\":\"https:\\\/\\\/ks-cs.ch\\\/it\\\/#\\\/schema\\\/logo\\\/image\\\/\"},\"sameAs\":[\"https:\\\/\\\/www.linkedin.com\\\/company\\\/kommunikation-schweiz-communication-suisse-comunicazione-svizzera-communication-switzerland\\\/\"]}]}<\/script>\n<!-- \/ Yoast SEO plugin. -->","yoast_head_json":{"title":"KS\/CS Comunicazione Svizzera","description":"KS\/CS Comunicazione Svizzera \u00e8 l'organizzazione di categoria della comunicazione commerciale in Svizzera. La nostra attenzione \u00e8 rivolta alla politica federale. Se necessario, partecipiamo anche allo sviluppo della politica pubblicitaria nei cantoni e nei comuni. E questo dal 1925.","robots":{"index":"index","follow":"follow","max-snippet":"max-snippet:-1","max-image-preview":"max-image-preview:large","max-video-preview":"max-video-preview:-1"},"canonical":"https:\/\/ks-cs.ch\/it\/","og_locale":"it_IT","og_type":"article","og_title":"KS\/CS Comunicazione Svizzera","og_description":"KS\/CS Comunicazione Svizzera \u00e8 l'organizzazione di categoria della comunicazione commerciale in Svizzera. La nostra attenzione \u00e8 rivolta alla politica federale. Se necessario, partecipiamo anche allo sviluppo della politica pubblicitaria nei cantoni e nei comuni. E questo dal 1925.","og_url":"https:\/\/ks-cs.ch\/it\/","og_site_name":"KS\/CS Comunicazione Svizzera","article_modified_time":"2024-01-15T10:04:11+00:00","og_image":[{"width":1200,"height":920,"url":"https:\/\/ks-cs.ch\/wp-content\/uploads\/2022\/11\/Logo.jpeg","type":"image\/jpeg"}],"twitter_card":"summary_large_image","twitter_misc":{"Tempo di lettura stimato":"4 minuti"},"schema":{"@context":"https:\/\/schema.org","@graph":[{"@type":"WebPage","@id":"https:\/\/ks-cs.ch\/it\/","url":"https:\/\/ks-cs.ch\/it\/","name":"KS\/CS Comunicazione Svizzera","isPartOf":{"@id":"https:\/\/ks-cs.ch\/it\/#website"},"datePublished":"2022-05-30T08:55:52+00:00","dateModified":"2024-01-15T10:04:11+00:00","description":"KS\/CS Comunicazione Svizzera \u00e8 l'organizzazione di categoria della comunicazione commerciale in Svizzera. La nostra attenzione \u00e8 rivolta alla politica federale. Se necessario, partecipiamo anche allo sviluppo della politica pubblicitaria nei cantoni e nei comuni. E questo dal 1925.","breadcrumb":{"@id":"https:\/\/ks-cs.ch\/it\/#breadcrumb"},"inLanguage":"it-IT","potentialAction":[{"@type":"ReadAction","target":["https:\/\/ks-cs.ch\/it\/"]}]},{"@type":"BreadcrumbList","@id":"https:\/\/ks-cs.ch\/it\/#breadcrumb","itemListElement":[{"@type":"ListItem","position":1,"name":"Home","item":"https:\/\/ks-cs.ch\/it\/"},{"@type":"ListItem","position":2,"name":"KS\/CS Comunicazione Svizzera"}]},{"@type":"WebSite","@id":"https:\/\/ks-cs.ch\/it\/#website","url":"https:\/\/ks-cs.ch\/it\/","name":"KS\/CS Kommunikation Schweiz","description":"Associazione di comunicazione commerciale","publisher":{"@id":"https:\/\/ks-cs.ch\/it\/#organization"},"potentialAction":[{"@type":"SearchAction","target":{"@type":"EntryPoint","urlTemplate":"https:\/\/ks-cs.ch\/it\/?s={search_term_string}"},"query-input":{"@type":"PropertyValueSpecification","valueRequired":true,"valueName":"search_term_string"}}],"inLanguage":"it-IT"},{"@type":"Organization","@id":"https:\/\/ks-cs.ch\/it\/#organization","name":"KS\/CS Kommunikation Schweiz","url":"https:\/\/ks-cs.ch\/it\/","logo":{"@type":"ImageObject","inLanguage":"it-IT","@id":"https:\/\/ks-cs.ch\/it\/#\/schema\/logo\/image\/","url":"https:\/\/ks-cs.ch\/wp-content\/uploads\/2022\/12\/Logo-Social-Media-1.jpg","contentUrl":"https:\/\/ks-cs.ch\/wp-content\/uploads\/2022\/12\/Logo-Social-Media-1.jpg","width":709,"height":608,"caption":"KS\/CS Kommunikation Schweiz"},"image":{"@id":"https:\/\/ks-cs.ch\/it\/#\/schema\/logo\/image\/"},"sameAs":["https:\/\/www.linkedin.com\/company\/kommunikation-schweiz-communication-suisse-comunicazione-svizzera-communication-switzerland\/"]}]}},"publishpress_future_action":{"enabled":false,"date":"2026-04-13 00:13:04","action":"change-status","newStatus":"draft","terms":[],"taxonomy":"translation_priority","extraData":[]},"publishpress_future_workflow_manual_trigger":{"enabledWorkflows":[]},"_links":{"self":[{"href":"https:\/\/ks-cs.ch\/it\/wp-json\/wp\/v2\/pages\/904","targetHints":{"allow":["GET"]}}],"collection":[{"href":"https:\/\/ks-cs.ch\/it\/wp-json\/wp\/v2\/pages"}],"about":[{"href":"https:\/\/ks-cs.ch\/it\/wp-json\/wp\/v2\/types\/page"}],"author":[{"embeddable":true,"href":"https:\/\/ks-cs.ch\/it\/wp-json\/wp\/v2\/users\/1"}],"replies":[{"embeddable":true,"href":"https:\/\/ks-cs.ch\/it\/wp-json\/wp\/v2\/comments?post=904"}],"version-history":[{"count":18,"href":"https:\/\/ks-cs.ch\/it\/wp-json\/wp\/v2\/pages\/904\/revisions"}],"predecessor-version":[{"id":4896,"href":"https:\/\/ks-cs.ch\/it\/wp-json\/wp\/v2\/pages\/904\/revisions\/4896"}],"wp:attachment":[{"href":"https:\/\/ks-cs.ch\/it\/wp-json\/wp\/v2\/media?parent=904"}],"curies":[{"name":"wp","href":"https:\/\/api.w.org\/{rel}","templated":true}]}}