{"id":7314,"date":"2025-04-30T07:15:07","date_gmt":"2025-04-30T05:15:07","guid":{"rendered":"https:\/\/ks-cs.ch\/?page_id=7314"},"modified":"2025-08-26T16:56:15","modified_gmt":"2025-08-26T14:56:15","slug":"100-anni-di-ks-cs-dai-big-data-allai-in-tempo-reale-pubblicita","status":"publish","type":"page","link":"https:\/\/ks-cs.ch\/it\/attuale\/100-ani-ks-cs\/100-anni-di-ks-cs-dai-big-data-allai-in-tempo-reale-pubblicita\/","title":{"rendered":"100 anni di KS\/CS: dai big data all&#8217;AI in tempo reale &#8211; Pubblicit\u00e0"},"content":{"rendered":"<div class=\"wpb-content-wrapper\"><p>[vc_row row_height_percent=&#8221;0&#8243; override_padding=&#8221;yes&#8221; h_padding=&#8221;2&#8243; top_padding=&#8221;3&#8243; bottom_padding=&#8221;2&#8243; overlay_alpha=&#8221;50&#8243; gutter_size=&#8221;3&#8243; column_width_percent=&#8221;100&#8243; shift_y=&#8221;0&#8243; z_index=&#8221;0&#8243; uncode_shortcode_id=&#8221;172934&#8243;][vc_column column_width_use_pixel=&#8221;yes&#8221; gutter_size=&#8221;2&#8243; overlay_alpha=&#8221;50&#8243; shift_x=&#8221;0&#8243; shift_y=&#8221;0&#8243; shift_y_down=&#8221;0&#8243; z_index=&#8221;0&#8243; medium_width=&#8221;0&#8243; mobile_width=&#8221;0&#8243; width=&#8221;1\/1&#8243; uncode_shortcode_id=&#8221;104419&#8243; column_width_pixel=&#8221;840&#8243;][uncode_breadcrumbs separator=&#8221;dash&#8221;][vc_custom_heading heading_semantic=&#8221;h1&#8243; text_size=&#8221;h1&#8243; text_weight=&#8221;600&#8243; uncode_shortcode_id=&#8221;592755&#8243;]100 anni di KS\/CS: dai big data all&#8217;AI in tempo reale &#8211; Pubblicit\u00e0[\/vc_custom_heading][vc_column_text uncode_shortcode_id=&#8221;111394&#8243;]<span class=\"TextRun MacChromeBold SCXW92058192 BCX0\" lang=\"DE-CH\" xml:lang=\"DE-CH\" data-contrast=\"auto\"><span class=\"NormalTextRun SCXW92058192 BCX0\">Due decenni in volata: le tecnologie ci superano a sinistra, le leggi a destra e, in mezzo a tutto questo, la comunicazione commerciale lotta per la chiarezza, la rilevanza e qualche secondo di attenzione. Benvenuti nel costante confronto tra la frenesia dei dati e l&#8217;etica pubblicitaria <\/span><\/span> [\/vc_column_text][\/vc_column][\/vc_row][vc_row][vc_column width=&#8221;1\/1&#8243;][uncode_block id=&#8221;277&#8243;][\/vc_column][\/vc_row][vc_row row_height_percent=&#8221;0&#8243; override_padding=&#8221;yes&#8221; h_padding=&#8221;2&#8243; top_padding=&#8221;2&#8243; bottom_padding=&#8221;3&#8243; overlay_alpha=&#8221;50&#8243; gutter_size=&#8221;3&#8243; column_width_percent=&#8221;100&#8243; shift_y=&#8221;0&#8243; z_index=&#8221;0&#8243; uncode_shortcode_id=&#8221;983892&#8243; row_name=&#8221;kommunikationsfachleute&#8221;][vc_column column_width_use_pixel=&#8221;yes&#8221; gutter_size=&#8221;2&#8243; overlay_alpha=&#8221;50&#8243; shift_x=&#8221;0&#8243; shift_y=&#8221;0&#8243; shift_y_down=&#8221;0&#8243; z_index=&#8221;0&#8243; medium_width=&#8221;0&#8243; mobile_width=&#8221;0&#8243; width=&#8221;1\/1&#8243; uncode_shortcode_id=&#8221;104419&#8243; column_width_pixel=&#8221;840&#8243;][vc_empty_space empty_h=&#8221;2&#8243;][vc_column_text uncode_shortcode_id=&#8221;412248&#8243;]<em>Autori: Mike H\u00e4hlen \/ Ekaterina Petrova<\/em><\/p>\n<p>Due decenni in volata: le tecnologie ci superano a sinistra, le leggi a destra e, in mezzo a tutto questo, la comunicazione commerciale lotta per la chiarezza, la rilevanza e qualche secondo di attenzione. Benvenuti nel costante confronto tra la frenesia dei dati e l&#8217;etica pubblicitaria<\/p>\n<h4><strong>Gli anni 2010: tra frenesia dei dati e hype digitale<\/strong><\/h4>\n<p>Big data: sembrava il futuro, l&#8217;intuizione, il controllo assoluto sui mercati e sulle persone. Una promessa allettante in una confezione scintillante. Ma dietro le lucide diapositive delle conferenze e le maratone di PowerPoint, spesso c&#8217;erano pi\u00f9 congetture che strategie. I capi annuivano con saggezza, i pubblicitari sorridevano in modo significativo, ma le montagne di dati che stavano analizzando rimanevano spesso avvolte nel mistero.<\/p>\n<p>Non importa, la rivoluzione non poteva essere fermata. Il mondo della pubblicit\u00e0 \u00e8 andato avanti come se non ci fosse un domani. Gli algoritmi hanno preso il sopravvento, gli smartphone si sono trasformati in vetrine permanenti e le piattaforme in perfetti distributori automatici. I consumatori? Scorrono cos\u00ec velocemente che non hanno quasi pi\u00f9 il tempo di notare le offerte.<\/p>\n<p>Poi le cose si sono colorate: i selfie sono diventati modelli di business, i re e le regine dei selfie sono diventati veri e propri motori di vendita. Gli influencer hanno scoperto che i like non fanno bene solo all&#8217;ego, ma anche al conto in banca. Ovomaltine ha gettato le basi con la campagna &#8221; Con Ovomaltine non ci riesci meglio. Ma pi\u00f9 a lungo &#8221; e ha dimostrato come l&#8217;umorismo e i volti autentici possano arrivare dritti al cuore dei gruppi target. E poich\u00e9 le buone idee non conoscono limiti, anche i politici hanno scoperto il formato delle storie. Le campagne elettorali si sono trasformate in Insta stories, gli hashtag hanno sostituito gli slogan elettorali e ormai era chiaro: benvenuti nella giungla dell&#8217;economia digitale dell&#8217;attenzione.<\/p>\n<h4><strong>Gli anni 2020: crisi, IA e perdita di controllo<\/strong><\/h4>\n<p>Gli anni 2020 hanno sconvolto tutto. Pandemie, guerre, shock delle catene di approvvigionamento: gli eventi mondiali come punto focale permanente. La sostenibilit\u00e0 \u00e8 passata da parola d&#8217;ordine a obbligo commerciale. I marchi che non pensano in modo ecologico vengono scartati e l&#8217;apertura diventa la moneta corrente.<\/p>\n<p>Migros, ad esempio, ha sfruttato abilmente questa inversione di tendenza e ha lanciato l&#8217;iniziativa di sostenibilit\u00e0 &#8220;Generation M&#8221;, incentrata non solo sul riciclaggio ma anche su promesse concrete, pubblicamente verificabili ed efficaci per i media.<br \/>\nAllo stesso tempo, una piccola rivoluzione si stava verificando nella sala macchine della comunicazione: L&#8217;ascesa dell&#8217;intelligenza artificiale.<br \/>\nQuello che all&#8217;inizio era un curioso espediente &#8211; suggerimenti testuali simpatici, immagini casuali, un piccolo &#8220;Potrebbe piacerti anche&#8230;&#8221; &#8211; si \u00e8 trasformato segretamente e silenziosamente in un tiratore di fili nel circo del marketing. Improvvisamente, le campagne sembravano scriversi da sole. Le immagini? Non pi\u00f9 scattate da fotografi, ma create da algoritmi che non conoscono un giorno di stanchezza. Emozioni? Non pi\u00f9 ricreate, ma semplicemente generate in millisecondi, con un calcolo preciso dell&#8217;emozione desiderata.<\/p>\n<figure id=\"attachment_7319\" aria-describedby=\"caption-attachment-7319\" style=\"width: 740px\" class=\"wp-caption alignnone\"><img decoding=\"async\" class=\"wp-image-7317\" src=\"https:\/\/ks-cs.ch\/wp-content\/uploads\/2025\/04\/KI_Virtual_Reality_ChatGPT-Image-4.-Apr.-2025-19_07_38.png\" alt=\"\" width=\"740\" height=\"493\" srcset=\"https:\/\/ks-cs.ch\/wp-content\/uploads\/2025\/04\/KI_Virtual_Reality_ChatGPT-Image-4.-Apr.-2025-19_07_38.png 1536w, https:\/\/ks-cs.ch\/wp-content\/uploads\/2025\/04\/KI_Virtual_Reality_ChatGPT-Image-4.-Apr.-2025-19_07_38-300x200.png 300w, https:\/\/ks-cs.ch\/wp-content\/uploads\/2025\/04\/KI_Virtual_Reality_ChatGPT-Image-4.-Apr.-2025-19_07_38-1024x683.png 1024w, https:\/\/ks-cs.ch\/wp-content\/uploads\/2025\/04\/KI_Virtual_Reality_ChatGPT-Image-4.-Apr.-2025-19_07_38-768x512.png 768w, https:\/\/ks-cs.ch\/wp-content\/uploads\/2025\/04\/KI_Virtual_Reality_ChatGPT-Image-4.-Apr.-2025-19_07_38-350x233.png 350w, https:\/\/ks-cs.ch\/wp-content\/uploads\/2025\/04\/KI_Virtual_Reality_ChatGPT-Image-4.-Apr.-2025-19_07_38-uai-258x172.png 258w, https:\/\/ks-cs.ch\/wp-content\/uploads\/2025\/04\/KI_Virtual_Reality_ChatGPT-Image-4.-Apr.-2025-19_07_38-uai-1440x960.png 1440w, https:\/\/ks-cs.ch\/wp-content\/uploads\/2025\/04\/KI_Virtual_Reality_ChatGPT-Image-4.-Apr.-2025-19_07_38-uai-1032x688.png 1032w, https:\/\/ks-cs.ch\/wp-content\/uploads\/2025\/04\/KI_Virtual_Reality_ChatGPT-Image-4.-Apr.-2025-19_07_38-uai-516x344.png 516w, https:\/\/ks-cs.ch\/wp-content\/uploads\/2025\/04\/KI_Virtual_Reality_ChatGPT-Image-4.-Apr.-2025-19_07_38-uai-720x480.png 720w\" sizes=\"(max-width: 740px) 100vw, 740px\" \/><figcaption id=\"caption-attachment-7319\" class=\"wp-caption-text\">Fonte immagine: KI &#8211; Realt\u00e0 virtuale, ChatGPT<\/figcaption><\/figure>\n<p>Chiunque pensasse ancora che fossimo in una sceneggiatura di fantascienza, dovr\u00e0 rendersene conto al pi\u00f9 tardi adesso: Benvenuti nel presente. La realt\u00e0 \u00e8 pi\u00f9 veloce di quanto Hollywood potesse immaginare.<\/p>\n<h4><strong>I dati: il tesoro sottovalutato con un premio di rischio<\/strong><\/h4>\n<p>I dati sono da tempo pi\u00f9 che semplici colonne di numeri: sono il nuovo oro. Ma se non proteggete il vostro tesoro di dati, state giocando in un territorio pericoloso. Quando l&#8217;Europa ha introdotto il GDPR nel 2018, alcuni hanno alzato le spalle. &#8220;Oh, non sar\u00e0 cos\u00ec male&#8221;, hanno pensato. Ma al pi\u00f9 tardi nel 2023, quando la Svizzera ha seguito l&#8217;esempio, con la revisione della legge sulla protezione dei dati, era chiaro che il laissez-faire era finito per sempre. Da allora: comunicazione senza un&#8217;etica chiara? Non \u00e8 un&#8217;idea intelligente, ma un errore piuttosto costoso.<\/p>\n<p>Ci\u00f2 \u00e8 perfettamente illustrato dalla discussione sui cookie nei siti di notizie svizzeri come &#8220;20 Minuten&#8221;. In passato, i piccoli banner spuntavano quasi casualmente; oggi, ai lettori viene chiesto con garbo ma con fermezza prima ancora di iniziare lo scroll: &#8220;Vuoi affidarci i tuoi dati?&#8221;. La gestione del consenso sembra innocua, ma da tempo \u00e8 diventata un programma obbligatorio.<\/p>\n<p>E le autorit\u00e0 stanno intensificando la loro attenzione anche in altri settori. Greenwashing? Non \u00e8 pi\u00f9 una divertente manovra di PR, ma un campo minato dal punto di vista legale. Le piattaforme digitali? Non pi\u00f9 solo mercati neutrali, ma responsabili di ci\u00f2 che diffondono. E comunque, chi pensa ancora che la comunicazione funzioni senza prove, vive nel passato. La nuova formula \u00e8: la trasparenza batte i giochi di prestigio.<\/p>\n<h4><strong>KS\/CS: Tra legge, coscienza e volont\u00e0 creativa<\/strong><\/h4>\n<p>KS\/CS viene coinvolto. Non come cronista, ma come attore. L&#8217;associazione contribuisce con le sue competenze ai processi legislativi, si posiziona chiaramente nel discorso politico e pubblica aiuti pratici prima che il legislatore ne segua l&#8217;esempio, come nel caso della Guida AI del febbraio 2024.<\/p>\n<p>KS\/CS ha inoltre accompagnato la discussione sul regolamento per la pubblicit\u00e0 sostenibile e ha sottolineato l&#8217;importanza di fornire alle aziende non solo obblighi, ma anche indicazioni pratiche.<\/p>\n<p>L&#8217;obiettivo? Regole chiare che consentano la libert\u00e0 anzich\u00e9 limitarla. Il settore non ha bisogno di paternalismo, ma di una spina dorsale. Ed \u00e8 proprio qui che KS\/CS entra in gioco: come voce dell&#8217;autoregolamentazione e come garante dei principi dell&#8217;economia di mercato. <strong>Conclusione: prima l&#8217;atteggiamento, poi il clamore.<\/strong>[\/vc_column_text][\/vc_column][\/vc_row][vc_row][vc_column width=&#8221;1\/1&#8243;][\/vc_column][\/vc_row][vc_row][vc_column width=&#8221;1\/1&#8243;][\/vc_column][\/vc_row]<\/p>\n<\/div>","protected":false},"excerpt":{"rendered":"<p>Due decenni in volata: le tecnologie ci superano a sinistra, le leggi a destra e, in mezzo a tutto questo, la comunicazione commerciale lotta per la chiarezza, la rilevanza e qualche secondo di attenzione. Benvenuti nel costante confronto tra la frenesia dei dati e l&#8217;etica pubblicitaria  <\/p>\n","protected":false},"author":6,"featured_media":7319,"parent":6461,"menu_order":6,"comment_status":"closed","ping_status":"closed","template":"","meta":{"content-type":"","footnotes":""},"class_list":["post-7314","page","type-page","status-publish","has-post-thumbnail","hentry","page_category-anniversario"],"yoast_head":"<!-- This site is optimized with the Yoast SEO plugin v27.4 - https:\/\/yoast.com\/product\/yoast-seo-wordpress\/ -->\n<title>100 anni di KS\/CS: dai big data all&#039;AI in tempo reale - Pubblicit\u00e0 - KS\/CS Comunicazione Svizzera<\/title>\n<meta name=\"description\" content=\"Due decenni in volata: le tecnologie ci superano a sinistra, le leggi a destra e, in mezzo a tutto questo, la comunicazione commerciale lotta per la chiarezza, la rilevanza e qualche secondo di attenzione. Benvenuti nel costante confronto tra la frenesia dei dati e l&#039;etica pubblicitaria\" \/>\n<meta name=\"robots\" content=\"index, follow, max-snippet:-1, max-image-preview:large, max-video-preview:-1\" \/>\n<link rel=\"canonical\" href=\"https:\/\/ks-cs.ch\/it\/attuale\/100-ani-ks-cs\/100-anni-di-ks-cs-dai-big-data-allai-in-tempo-reale-pubblicita\/\" \/>\n<meta property=\"og:locale\" content=\"it_IT\" \/>\n<meta property=\"og:type\" content=\"article\" \/>\n<meta property=\"og:title\" content=\"100 anni di KS\/CS: dai big data all&#039;AI in tempo reale - Pubblicit\u00e0 - KS\/CS Comunicazione Svizzera\" \/>\n<meta property=\"og:description\" content=\"Due decenni in volata: le tecnologie ci superano a sinistra, le leggi a destra e, in mezzo a tutto questo, la comunicazione commerciale lotta per la chiarezza, la rilevanza e qualche secondo di attenzione. Benvenuti nel costante confronto tra la frenesia dei dati e l&#039;etica pubblicitaria\" \/>\n<meta property=\"og:url\" content=\"https:\/\/ks-cs.ch\/it\/attuale\/100-ani-ks-cs\/100-anni-di-ks-cs-dai-big-data-allai-in-tempo-reale-pubblicita\/\" \/>\n<meta property=\"og:site_name\" content=\"KS\/CS Comunicazione Svizzera\" \/>\n<meta property=\"article:modified_time\" content=\"2025-08-26T14:56:15+00:00\" \/>\n<meta property=\"og:image\" content=\"https:\/\/ks-cs.ch\/wp-content\/uploads\/2025\/04\/KI_Virtual_Reality_ChatGPT-Image-4.-Apr.-2025-19_07_38-1024x683.png\" \/>\n\t<meta property=\"og:image:width\" content=\"1024\" \/>\n\t<meta property=\"og:image:height\" content=\"683\" \/>\n\t<meta property=\"og:image:type\" content=\"image\/png\" \/>\n<meta name=\"twitter:card\" content=\"summary_large_image\" \/>\n<meta name=\"twitter:label1\" content=\"Tempo di lettura stimato\" \/>\n\t<meta name=\"twitter:data1\" content=\"7 minuti\" \/>\n<script type=\"application\/ld+json\" class=\"yoast-schema-graph\">{\"@context\":\"https:\\\/\\\/schema.org\",\"@graph\":[{\"@type\":\"WebPage\",\"@id\":\"https:\\\/\\\/ks-cs.ch\\\/it\\\/attuale\\\/100-ani-ks-cs\\\/100-anni-di-ks-cs-dai-big-data-allai-in-tempo-reale-pubblicita\\\/\",\"url\":\"https:\\\/\\\/ks-cs.ch\\\/it\\\/attuale\\\/100-ani-ks-cs\\\/100-anni-di-ks-cs-dai-big-data-allai-in-tempo-reale-pubblicita\\\/\",\"name\":\"100 anni di KS\\\/CS: dai big data all'AI in tempo reale - Pubblicit\u00e0 - KS\\\/CS Comunicazione Svizzera\",\"isPartOf\":{\"@id\":\"https:\\\/\\\/ks-cs.ch\\\/it\\\/#website\"},\"primaryImageOfPage\":{\"@id\":\"https:\\\/\\\/ks-cs.ch\\\/it\\\/attuale\\\/100-ani-ks-cs\\\/100-anni-di-ks-cs-dai-big-data-allai-in-tempo-reale-pubblicita\\\/#primaryimage\"},\"image\":{\"@id\":\"https:\\\/\\\/ks-cs.ch\\\/it\\\/attuale\\\/100-ani-ks-cs\\\/100-anni-di-ks-cs-dai-big-data-allai-in-tempo-reale-pubblicita\\\/#primaryimage\"},\"thumbnailUrl\":\"https:\\\/\\\/ks-cs.ch\\\/wp-content\\\/uploads\\\/2025\\\/04\\\/KI_Virtual_Reality_ChatGPT-Image-4.-Apr.-2025-19_07_38.png\",\"datePublished\":\"2025-04-30T05:15:07+00:00\",\"dateModified\":\"2025-08-26T14:56:15+00:00\",\"description\":\"Due decenni in volata: le tecnologie ci superano a sinistra, le leggi a destra e, in mezzo a tutto questo, la comunicazione commerciale lotta per la chiarezza, la rilevanza e qualche secondo di attenzione. Benvenuti nel costante confronto tra la frenesia dei dati e l'etica pubblicitaria\",\"breadcrumb\":{\"@id\":\"https:\\\/\\\/ks-cs.ch\\\/it\\\/attuale\\\/100-ani-ks-cs\\\/100-anni-di-ks-cs-dai-big-data-allai-in-tempo-reale-pubblicita\\\/#breadcrumb\"},\"inLanguage\":\"it-IT\",\"potentialAction\":[{\"@type\":\"ReadAction\",\"target\":[\"https:\\\/\\\/ks-cs.ch\\\/it\\\/attuale\\\/100-ani-ks-cs\\\/100-anni-di-ks-cs-dai-big-data-allai-in-tempo-reale-pubblicita\\\/\"]}]},{\"@type\":\"ImageObject\",\"inLanguage\":\"it-IT\",\"@id\":\"https:\\\/\\\/ks-cs.ch\\\/it\\\/attuale\\\/100-ani-ks-cs\\\/100-anni-di-ks-cs-dai-big-data-allai-in-tempo-reale-pubblicita\\\/#primaryimage\",\"url\":\"https:\\\/\\\/ks-cs.ch\\\/wp-content\\\/uploads\\\/2025\\\/04\\\/KI_Virtual_Reality_ChatGPT-Image-4.-Apr.-2025-19_07_38.png\",\"contentUrl\":\"https:\\\/\\\/ks-cs.ch\\\/wp-content\\\/uploads\\\/2025\\\/04\\\/KI_Virtual_Reality_ChatGPT-Image-4.-Apr.-2025-19_07_38.png\",\"width\":1536,\"height\":1024},{\"@type\":\"BreadcrumbList\",\"@id\":\"https:\\\/\\\/ks-cs.ch\\\/it\\\/attuale\\\/100-ani-ks-cs\\\/100-anni-di-ks-cs-dai-big-data-allai-in-tempo-reale-pubblicita\\\/#breadcrumb\",\"itemListElement\":[{\"@type\":\"ListItem\",\"position\":1,\"name\":\"Home\",\"item\":\"https:\\\/\\\/ks-cs.ch\\\/it\\\/\"},{\"@type\":\"ListItem\",\"position\":2,\"name\":\"Attuale\",\"item\":\"https:\\\/\\\/ks-cs.ch\\\/it\\\/attuale\\\/\"},{\"@type\":\"ListItem\",\"position\":3,\"name\":\"100 Anni KS\\\/CS\",\"item\":\"https:\\\/\\\/ks-cs.ch\\\/it\\\/attuale\\\/100-ani-ks-cs\\\/\"},{\"@type\":\"ListItem\",\"position\":4,\"name\":\"100 anni di KS\\\/CS: dai big data all&#8217;AI in tempo reale &#8211; Pubblicit\u00e0\"}]},{\"@type\":\"WebSite\",\"@id\":\"https:\\\/\\\/ks-cs.ch\\\/it\\\/#website\",\"url\":\"https:\\\/\\\/ks-cs.ch\\\/it\\\/\",\"name\":\"KS\\\/CS Kommunikation Schweiz\",\"description\":\"Associazione di comunicazione commerciale\",\"publisher\":{\"@id\":\"https:\\\/\\\/ks-cs.ch\\\/it\\\/#organization\"},\"potentialAction\":[{\"@type\":\"SearchAction\",\"target\":{\"@type\":\"EntryPoint\",\"urlTemplate\":\"https:\\\/\\\/ks-cs.ch\\\/it\\\/?s={search_term_string}\"},\"query-input\":{\"@type\":\"PropertyValueSpecification\",\"valueRequired\":true,\"valueName\":\"search_term_string\"}}],\"inLanguage\":\"it-IT\"},{\"@type\":\"Organization\",\"@id\":\"https:\\\/\\\/ks-cs.ch\\\/it\\\/#organization\",\"name\":\"KS\\\/CS Kommunikation Schweiz\",\"url\":\"https:\\\/\\\/ks-cs.ch\\\/it\\\/\",\"logo\":{\"@type\":\"ImageObject\",\"inLanguage\":\"it-IT\",\"@id\":\"https:\\\/\\\/ks-cs.ch\\\/it\\\/#\\\/schema\\\/logo\\\/image\\\/\",\"url\":\"https:\\\/\\\/ks-cs.ch\\\/wp-content\\\/uploads\\\/2022\\\/12\\\/Logo-Social-Media-1.jpg\",\"contentUrl\":\"https:\\\/\\\/ks-cs.ch\\\/wp-content\\\/uploads\\\/2022\\\/12\\\/Logo-Social-Media-1.jpg\",\"width\":709,\"height\":608,\"caption\":\"KS\\\/CS Kommunikation Schweiz\"},\"image\":{\"@id\":\"https:\\\/\\\/ks-cs.ch\\\/it\\\/#\\\/schema\\\/logo\\\/image\\\/\"},\"sameAs\":[\"https:\\\/\\\/www.linkedin.com\\\/company\\\/kommunikation-schweiz-communication-suisse-comunicazione-svizzera-communication-switzerland\\\/\"]}]}<\/script>\n<!-- \/ Yoast SEO plugin. -->","yoast_head_json":{"title":"100 anni di KS\/CS: dai big data all'AI in tempo reale - Pubblicit\u00e0 - KS\/CS Comunicazione Svizzera","description":"Due decenni in volata: le tecnologie ci superano a sinistra, le leggi a destra e, in mezzo a tutto questo, la comunicazione commerciale lotta per la chiarezza, la rilevanza e qualche secondo di attenzione. Benvenuti nel costante confronto tra la frenesia dei dati e l'etica pubblicitaria","robots":{"index":"index","follow":"follow","max-snippet":"max-snippet:-1","max-image-preview":"max-image-preview:large","max-video-preview":"max-video-preview:-1"},"canonical":"https:\/\/ks-cs.ch\/it\/attuale\/100-ani-ks-cs\/100-anni-di-ks-cs-dai-big-data-allai-in-tempo-reale-pubblicita\/","og_locale":"it_IT","og_type":"article","og_title":"100 anni di KS\/CS: dai big data all'AI in tempo reale - Pubblicit\u00e0 - KS\/CS Comunicazione Svizzera","og_description":"Due decenni in volata: le tecnologie ci superano a sinistra, le leggi a destra e, in mezzo a tutto questo, la comunicazione commerciale lotta per la chiarezza, la rilevanza e qualche secondo di attenzione. Benvenuti nel costante confronto tra la frenesia dei dati e l'etica pubblicitaria","og_url":"https:\/\/ks-cs.ch\/it\/attuale\/100-ani-ks-cs\/100-anni-di-ks-cs-dai-big-data-allai-in-tempo-reale-pubblicita\/","og_site_name":"KS\/CS Comunicazione Svizzera","article_modified_time":"2025-08-26T14:56:15+00:00","og_image":[{"width":1024,"height":683,"url":"https:\/\/ks-cs.ch\/wp-content\/uploads\/2025\/04\/KI_Virtual_Reality_ChatGPT-Image-4.-Apr.-2025-19_07_38-1024x683.png","type":"image\/png"}],"twitter_card":"summary_large_image","twitter_misc":{"Tempo di lettura stimato":"7 minuti"},"schema":{"@context":"https:\/\/schema.org","@graph":[{"@type":"WebPage","@id":"https:\/\/ks-cs.ch\/it\/attuale\/100-ani-ks-cs\/100-anni-di-ks-cs-dai-big-data-allai-in-tempo-reale-pubblicita\/","url":"https:\/\/ks-cs.ch\/it\/attuale\/100-ani-ks-cs\/100-anni-di-ks-cs-dai-big-data-allai-in-tempo-reale-pubblicita\/","name":"100 anni di KS\/CS: dai big data all'AI in tempo reale - Pubblicit\u00e0 - KS\/CS Comunicazione Svizzera","isPartOf":{"@id":"https:\/\/ks-cs.ch\/it\/#website"},"primaryImageOfPage":{"@id":"https:\/\/ks-cs.ch\/it\/attuale\/100-ani-ks-cs\/100-anni-di-ks-cs-dai-big-data-allai-in-tempo-reale-pubblicita\/#primaryimage"},"image":{"@id":"https:\/\/ks-cs.ch\/it\/attuale\/100-ani-ks-cs\/100-anni-di-ks-cs-dai-big-data-allai-in-tempo-reale-pubblicita\/#primaryimage"},"thumbnailUrl":"https:\/\/ks-cs.ch\/wp-content\/uploads\/2025\/04\/KI_Virtual_Reality_ChatGPT-Image-4.-Apr.-2025-19_07_38.png","datePublished":"2025-04-30T05:15:07+00:00","dateModified":"2025-08-26T14:56:15+00:00","description":"Due decenni in volata: le tecnologie ci superano a sinistra, le leggi a destra e, in mezzo a tutto questo, la comunicazione commerciale lotta per la chiarezza, la rilevanza e qualche secondo di attenzione. Benvenuti nel costante confronto tra la frenesia dei dati e l'etica pubblicitaria","breadcrumb":{"@id":"https:\/\/ks-cs.ch\/it\/attuale\/100-ani-ks-cs\/100-anni-di-ks-cs-dai-big-data-allai-in-tempo-reale-pubblicita\/#breadcrumb"},"inLanguage":"it-IT","potentialAction":[{"@type":"ReadAction","target":["https:\/\/ks-cs.ch\/it\/attuale\/100-ani-ks-cs\/100-anni-di-ks-cs-dai-big-data-allai-in-tempo-reale-pubblicita\/"]}]},{"@type":"ImageObject","inLanguage":"it-IT","@id":"https:\/\/ks-cs.ch\/it\/attuale\/100-ani-ks-cs\/100-anni-di-ks-cs-dai-big-data-allai-in-tempo-reale-pubblicita\/#primaryimage","url":"https:\/\/ks-cs.ch\/wp-content\/uploads\/2025\/04\/KI_Virtual_Reality_ChatGPT-Image-4.-Apr.-2025-19_07_38.png","contentUrl":"https:\/\/ks-cs.ch\/wp-content\/uploads\/2025\/04\/KI_Virtual_Reality_ChatGPT-Image-4.-Apr.-2025-19_07_38.png","width":1536,"height":1024},{"@type":"BreadcrumbList","@id":"https:\/\/ks-cs.ch\/it\/attuale\/100-ani-ks-cs\/100-anni-di-ks-cs-dai-big-data-allai-in-tempo-reale-pubblicita\/#breadcrumb","itemListElement":[{"@type":"ListItem","position":1,"name":"Home","item":"https:\/\/ks-cs.ch\/it\/"},{"@type":"ListItem","position":2,"name":"Attuale","item":"https:\/\/ks-cs.ch\/it\/attuale\/"},{"@type":"ListItem","position":3,"name":"100 Anni KS\/CS","item":"https:\/\/ks-cs.ch\/it\/attuale\/100-ani-ks-cs\/"},{"@type":"ListItem","position":4,"name":"100 anni di KS\/CS: dai big data all&#8217;AI in tempo reale &#8211; Pubblicit\u00e0"}]},{"@type":"WebSite","@id":"https:\/\/ks-cs.ch\/it\/#website","url":"https:\/\/ks-cs.ch\/it\/","name":"KS\/CS Kommunikation Schweiz","description":"Associazione di comunicazione commerciale","publisher":{"@id":"https:\/\/ks-cs.ch\/it\/#organization"},"potentialAction":[{"@type":"SearchAction","target":{"@type":"EntryPoint","urlTemplate":"https:\/\/ks-cs.ch\/it\/?s={search_term_string}"},"query-input":{"@type":"PropertyValueSpecification","valueRequired":true,"valueName":"search_term_string"}}],"inLanguage":"it-IT"},{"@type":"Organization","@id":"https:\/\/ks-cs.ch\/it\/#organization","name":"KS\/CS Kommunikation Schweiz","url":"https:\/\/ks-cs.ch\/it\/","logo":{"@type":"ImageObject","inLanguage":"it-IT","@id":"https:\/\/ks-cs.ch\/it\/#\/schema\/logo\/image\/","url":"https:\/\/ks-cs.ch\/wp-content\/uploads\/2022\/12\/Logo-Social-Media-1.jpg","contentUrl":"https:\/\/ks-cs.ch\/wp-content\/uploads\/2022\/12\/Logo-Social-Media-1.jpg","width":709,"height":608,"caption":"KS\/CS Kommunikation Schweiz"},"image":{"@id":"https:\/\/ks-cs.ch\/it\/#\/schema\/logo\/image\/"},"sameAs":["https:\/\/www.linkedin.com\/company\/kommunikation-schweiz-communication-suisse-comunicazione-svizzera-communication-switzerland\/"]}]}},"publishpress_future_action":{"enabled":false,"date":"2026-04-23 09:13:20","action":"change-status","newStatus":"draft","terms":[],"taxonomy":"translation_priority","extraData":[]},"publishpress_future_workflow_manual_trigger":{"enabledWorkflows":[]},"_links":{"self":[{"href":"https:\/\/ks-cs.ch\/it\/wp-json\/wp\/v2\/pages\/7314","targetHints":{"allow":["GET"]}}],"collection":[{"href":"https:\/\/ks-cs.ch\/it\/wp-json\/wp\/v2\/pages"}],"about":[{"href":"https:\/\/ks-cs.ch\/it\/wp-json\/wp\/v2\/types\/page"}],"author":[{"embeddable":true,"href":"https:\/\/ks-cs.ch\/it\/wp-json\/wp\/v2\/users\/6"}],"replies":[{"embeddable":true,"href":"https:\/\/ks-cs.ch\/it\/wp-json\/wp\/v2\/comments?post=7314"}],"version-history":[{"count":5,"href":"https:\/\/ks-cs.ch\/it\/wp-json\/wp\/v2\/pages\/7314\/revisions"}],"predecessor-version":[{"id":8120,"href":"https:\/\/ks-cs.ch\/it\/wp-json\/wp\/v2\/pages\/7314\/revisions\/8120"}],"up":[{"embeddable":true,"href":"https:\/\/ks-cs.ch\/it\/wp-json\/wp\/v2\/pages\/6461"}],"wp:featuredmedia":[{"embeddable":true,"href":"https:\/\/ks-cs.ch\/it\/wp-json\/wp\/v2\/media\/7319"}],"wp:attachment":[{"href":"https:\/\/ks-cs.ch\/it\/wp-json\/wp\/v2\/media?parent=7314"}],"curies":[{"name":"wp","href":"https:\/\/api.w.org\/{rel}","templated":true}]}}