{"id":7069,"date":"2025-02-25T10:59:15","date_gmt":"2025-02-25T09:59:15","guid":{"rendered":"https:\/\/ks-cs.ch\/?page_id=7069"},"modified":"2025-02-26T09:31:40","modified_gmt":"2025-02-26T08:31:40","slug":"100-anni-di-ks-cs-e-luce-fu-gli-anni-1950-e-1960","status":"publish","type":"page","link":"https:\/\/ks-cs.ch\/it\/attuale\/100-ani-ks-cs\/100-anni-di-ks-cs-e-luce-fu-gli-anni-1950-e-1960\/","title":{"rendered":"100 anni di KS\/CS: E luce fu \u2013 gli anni 1950 e 1960"},"content":{"rendered":"<div class=\"wpb-content-wrapper\"><p>[vc_row row_height_percent=&#8221;0&#8243; override_padding=&#8221;yes&#8221; h_padding=&#8221;2&#8243; top_padding=&#8221;3&#8243; bottom_padding=&#8221;2&#8243; overlay_alpha=&#8221;50&#8243; gutter_size=&#8221;3&#8243; column_width_percent=&#8221;100&#8243; shift_y=&#8221;0&#8243; z_index=&#8221;0&#8243; uncode_shortcode_id=&#8221;172934&#8243;][vc_column column_width_use_pixel=&#8221;yes&#8221; gutter_size=&#8221;2&#8243; overlay_alpha=&#8221;50&#8243; shift_x=&#8221;0&#8243; shift_y=&#8221;0&#8243; shift_y_down=&#8221;0&#8243; z_index=&#8221;0&#8243; medium_width=&#8221;0&#8243; mobile_width=&#8221;0&#8243; width=&#8221;1\/1&#8243; uncode_shortcode_id=&#8221;104419&#8243; column_width_pixel=&#8221;840&#8243;][uncode_breadcrumbs separator=&#8221;dash&#8221;][vc_custom_heading auto_text=&#8221;yes&#8221; heading_semantic=&#8221;h1&#8243; text_size=&#8221;h1&#8243; text_weight=&#8221;600&#8243; uncode_shortcode_id=&#8221;330035&#8243;]Un viaggio nel tempo[\/vc_custom_heading][vc_column_text auto_text=&#8221;excerpt&#8221; uncode_shortcode_id=&#8221;201408&#8243;][\/vc_column_text][\/vc_column][\/vc_row][vc_row][vc_column width=&#8221;1\/1&#8243;][uncode_block id=&#8221;277&#8243;][\/vc_column][\/vc_row][vc_row row_height_percent=&#8221;0&#8243; override_padding=&#8221;yes&#8221; h_padding=&#8221;2&#8243; top_padding=&#8221;2&#8243; bottom_padding=&#8221;3&#8243; overlay_alpha=&#8221;50&#8243; gutter_size=&#8221;3&#8243; column_width_percent=&#8221;100&#8243; shift_y=&#8221;0&#8243; z_index=&#8221;0&#8243; uncode_shortcode_id=&#8221;983892&#8243; row_name=&#8221;kommunikationsfachleute&#8221;][vc_column column_width_use_pixel=&#8221;yes&#8221; gutter_size=&#8221;2&#8243; overlay_alpha=&#8221;50&#8243; shift_x=&#8221;0&#8243; shift_y=&#8221;0&#8243; shift_y_down=&#8221;0&#8243; z_index=&#8221;0&#8243; medium_width=&#8221;0&#8243; mobile_width=&#8221;0&#8243; width=&#8221;1\/1&#8243; uncode_shortcode_id=&#8221;104419&#8243; column_width_pixel=&#8221;840&#8243;][vc_empty_space empty_h=&#8221;2&#8243;][vc_column_text uncode_shortcode_id=&#8221;116950&#8243;]<span data-contrast=\"auto\">No, non \u00e8 stato proprio un Big Bang quando il 20 luglio 1954 alle 20:15 fu stata trasmessa un\u2019immagine di prova e alle 20:30 inizi\u00f2 il programma della SSR. Si potrebbe piuttosto parlare di un&#8217;intrusione nelle case svizzere dopo le trasmissioni sperimentali dei primi anni &#8217;50. Le preoccupazioni e le paure erano troppo grandi, la televisione minacciava la vita familiare. I giornali mettevano in guardia e, secondo la SRF, i radioascoltatori temevano che la televisione andasse a scapito dei canoni radiofonici. Qualcuno ha forse detto che le lotte per l&#8217;importo delle tasse e la loro ripartizione sono un fenomeno recente? Eppure, la televisione e le possibilit\u00e0 di emozioni, stimoli audiovisivi e autenticit\u00e0 che offriva erano allora, come oggi, affascinanti.<\/span><span data-ccp-props=\"{&quot;134233117&quot;:true,&quot;134233118&quot;:true}\">\u00a0<\/span><\/p>\n<p><b><span data-contrast=\"auto\">Gli anni &#8217;50: \u00abFinalmente pi\u00f9 libert\u00e0!\u00bb<\/span><\/b><span data-ccp-props=\"{&quot;134233117&quot;:true,&quot;134233118&quot;:true}\">\u00a0<\/span><\/p>\n<p><span data-contrast=\"auto\">Gli anni &#8217;50 non sono segnati solo dal miracolo economico negli Stati Uniti., ma anche in Svizzera si assiste a un fenomeno simile. L&#8217;economia si sviluppa, il tenore di vita aumenta, i salari seguono, nuovi prodotti e innovazioni arrivano sul mercato. La prima lavatrice automatica svizzera, che ha soprattutto liberato le madri dalla fatica del lavaggio a mano, \u00e8 rappresentativa di questo periodo. Il produttore Schulthess svilupp\u00f2 questo apparecchio miracoloso al prezzo di 6000 franchi, mentre il salario medio nel 1951 era 12 volte inferiore al salario attuale in termini nominali e 2,6 volte inferiore in termini reali. La macchina miracolosa di Schulthess era presentata con lo slogan \u00abFinalmente pi\u00f9 libert\u00e0!\u00bb, che ben simboleggiava quell&#8217;epoca.<\/span><span data-ccp-props=\"{&quot;134233117&quot;:true,&quot;134233118&quot;:true}\">\u00a0<\/span><\/p>\n<p><b><span data-contrast=\"auto\">Gli stereotipi di genere e la loro controcultura<\/span><\/b><span data-ccp-props=\"{&quot;134233117&quot;:true,&quot;134233118&quot;:true}\">\u00a0<\/span><\/p>\n<p><span data-contrast=\"auto\">E la pubblicit\u00e0? Negli anni &#8217;50 dominavano le immagini stereotipate. Oggi la Commissione svizzera per la pubblicit\u00e0 leale nella comunicazione commerciale le considera tutte sessiste: la casalinga si occupava della casa, il capofamiglia si occupava della famiglia, del prestigio e del piacere, e i bambini si atteggiavano a teneri collaboratori della famiglia felice.<\/span><span data-ccp-props=\"{&quot;134233117&quot;:true,&quot;134233118&quot;:true}\">\u00a0<\/span><\/p>\n<p><span data-contrast=\"auto\">In ogni caso, negli anni &#8217;60, anche la Svizzera fu conquistata dalla controcultura. La pubblicit\u00e0 si \u00e8 gradualmente orientata verso consumatori emancipati. Si \u00e8 tentati di collegare i movimenti sociali degli anni &#8217;60, come il movimento per i diritti civili e la cultura hippie, con la pubblicit\u00e0, che ha affrontato sempre pi\u00f9 temi come l&#8217;individualit\u00e0, la libert\u00e0 e l&#8217;autodeterminazione. \u00abPermetterete loro di pensare che siete un burattino? \u00bb, chiedeva allora una campagna dell&#8217;Associazione svizzera di pubblicit\u00e0 (ASV) alle consumatrici e ai consumatori.<\/span><span data-ccp-props=\"{&quot;134233117&quot;:true,&quot;134233118&quot;:true}\">\u00a0<\/span><\/p>\n<p><b><span data-contrast=\"auto\">Regolamentazione e restrizioni pubblicitarie crescenti<\/span><\/b><span data-ccp-props=\"{&quot;134233117&quot;:true,&quot;134233118&quot;:true}\">\u00a0<\/span><\/p>\n<p><span data-contrast=\"auto\">A partire da questo decennio iniziarono le prime discussioni su questioni sanitarie e sulla limitazione delle pubblicit\u00e0 di alcol e tabacco. Certo, il diritto dei cartelli del 1962 era ancora una tigre senza denti, che facilitava l&#8217;uscita dei membri di un cartello. L&#8217;importanza della concorrenza era bassa.<\/span><span data-ccp-props=\"{&quot;134233117&quot;:true,&quot;134233118&quot;:true}\">\u00a0<\/span><\/p>\n<p><b><span data-contrast=\"auto\">1966 Fondazione della Commissione svizzera per la pubblicit\u00e0 leale<\/span><\/b><span data-ccp-props=\"{&quot;134233117&quot;:true,&quot;134233118&quot;:true}\">\u00a0<\/span><\/p>\n<p><span data-contrast=\"auto\">Il pubblico esercita una pressione sempre maggiore e il settore pubblicitario, guidato con lungimiranza dall&#8217;Associazione svizzera per la pubblicit\u00e0, l&#8217;organizzazione che ha preceduto \u00abSchweizer Werbung\u00bb, oggi KS\/CS, si preoccupa sempre pi\u00f9 del rispetto delle norme etiche nella pubblicit\u00e0. A questo scopo, nel 1966, KS\/CS ha creato la Commissione svizzera per la pubblicit\u00e0 leale nella comunicazione commerciale. In qualit\u00e0 di istituzione neutrale e indipendente del settore della comunicazione, da quasi 60 anni garantisce un importante autocontrollo in materia di pubblicit\u00e0. Gli esperti, rappresentati in modo paritario da consumatori, professionisti dei media e pubblicitari, emettono raccomandazioni e garantiscono che si possano evitare i rischi legali di cause o procedimenti penali da parte dello Stato.<\/span><span data-ccp-props=\"{&quot;134233117&quot;:true,&quot;134233118&quot;:true}\">\u00a0<\/span><\/p>\n<p><b><span data-contrast=\"auto\">KS\/CS ieri come oggi<\/span><\/b><span data-ccp-props=\"{&quot;134233117&quot;:true,&quot;134233118&quot;:true}\">\u00a0<\/span><\/p>\n<p><span data-contrast=\"auto\">Il ruolo di KS\/CS si \u00e8 evoluto, ma i valori fondamentali sono rimasti gli stessi: responsabilit\u00e0 individuale e libert\u00e0 di decisione. Il settore si trova ad affrontare nuove sfide. Le questioni relative alla sostenibilit\u00e0, alla concorrenza sleale, alla protezione della privacy e dei dati personali e all&#8217;impatto della pubblicit\u00e0 sulla societ\u00e0 sono oggi pi\u00f9 rilevanti che mai.<br \/>\n<\/span><span data-contrast=\"auto\">Da un lato, KS\/CS si impegna per una pubblicit\u00e0 onesta, dall&#8217;altro, l&#8217;organizzazione mantello sostiene il principio secondo cui la libert\u00e0 economica deve essere preservata e che i beni di consumo legalmente disponibili possono anche essere oggetto di pubblicit\u00e0.<\/span><span data-ccp-props=\"{&quot;134233117&quot;:true,&quot;134233118&quot;:true}\">\u00a0<\/span><\/p>\n<p><b><span data-contrast=\"auto\">100 anni di KS\/CS &#8211; una serie<\/span><\/b><span data-ccp-props=\"{&quot;134233117&quot;:true,&quot;134233118&quot;:true}\">\u00a0<\/span><\/p>\n<p><span data-contrast=\"auto\">Ci\u00f2 che \u00e8 iniziato nel 1925 con l&#8217;Associazione svizzera della pubblicit\u00e0 \u00e8 oggi pi\u00f9 attuale che mai. KS\/CS ripercorre gli ultimi 100 anni e continuer\u00e0 a difendere i principi dell&#8217;economia di mercato nella comunicazione commerciale nei prossimi decenni. Desidera saperne di pi\u00f9 o diventare membro? Qui trover\u00e0 <\/span><a href=\"https:\/\/ks-cs.ch\/it\/soci\/diventa-membro\/\"><span data-contrast=\"none\">maggiori informazioni.<\/span><\/a><span data-ccp-props=\"{&quot;134233117&quot;:true,&quot;134233118&quot;:true}\">\u00a0<\/span><\/p>\n<p>[\/vc_column_text][\/vc_column][\/vc_row][vc_row][vc_column width=&#8221;1\/1&#8243;][\/vc_column][\/vc_row][vc_row][vc_column width=&#8221;1\/1&#8243;][\/vc_column][\/vc_row]<\/p>\n<\/div>","protected":false},"excerpt":{"rendered":"<p>Il 1953 segna, in un certo senso, la nascita della moderna realt\u00e0 mediatica svizzera. Fu in quel periodo che, nell&#8217;ambito di una fase di prova, il primo canale televisivo fece la sua comparsa nelle case svizzere. Circa dieci anni dopo, fu trasmesso il primo spot pubblicitario e la televisione divenne un mezzo di comunicazione di massa. Ci\u00f2 che era iniziato in bianco e nero, sfocato e tremolante, si impose come nessun altro dispositivo. Gli spettatori occasionali e quelli esclusivi divennero la generazione dello schermo, con ripercussioni sulla societ\u00e0, sulla pubblicit\u00e0 e sulla comunicazione commerciale.<\/p>\n","protected":false},"author":9,"featured_media":7061,"parent":6461,"menu_order":3,"comment_status":"closed","ping_status":"closed","template":"","meta":{"content-type":"","footnotes":""},"class_list":["post-7069","page","type-page","status-publish","has-post-thumbnail","hentry","page_category-anniversario"],"yoast_head":"<!-- This site is optimized with the Yoast SEO plugin v27.4 - https:\/\/yoast.com\/product\/yoast-seo-wordpress\/ -->\n<title>100 anni di KS\/CS: E luce fu \u2013 gli anni 1950 e 1960 - KS\/CS Comunicazione Svizzera<\/title>\n<meta name=\"description\" content=\"Formazione specialistica - La via migliore per una carriera nella comunicazione. Il duplice percorso orientato alla pratica con una solida base teorica apre le porte ad un ampio spettro.\" \/>\n<meta name=\"robots\" content=\"index, follow, max-snippet:-1, max-image-preview:large, max-video-preview:-1\" \/>\n<link rel=\"canonical\" href=\"https:\/\/ks-cs.ch\/it\/attuale\/100-ani-ks-cs\/100-anni-di-ks-cs-e-luce-fu-gli-anni-1950-e-1960\/\" \/>\n<meta property=\"og:locale\" content=\"it_IT\" \/>\n<meta property=\"og:type\" content=\"article\" \/>\n<meta property=\"og:title\" content=\"100 anni di KS\/CS: E luce fu \u2013 gli anni 1950 e 1960 - KS\/CS Comunicazione Svizzera\" \/>\n<meta property=\"og:description\" content=\"Formazione specialistica - La via migliore per una carriera nella comunicazione. Il duplice percorso orientato alla pratica con una solida base teorica apre le porte ad un ampio spettro.\" \/>\n<meta property=\"og:url\" content=\"https:\/\/ks-cs.ch\/it\/attuale\/100-ani-ks-cs\/100-anni-di-ks-cs-e-luce-fu-gli-anni-1950-e-1960\/\" \/>\n<meta property=\"og:site_name\" content=\"KS\/CS Comunicazione Svizzera\" \/>\n<meta property=\"article:modified_time\" content=\"2025-02-26T08:31:40+00:00\" \/>\n<meta property=\"og:image\" content=\"https:\/\/ks-cs.ch\/wp-content\/uploads\/2025\/02\/2025_MV_2025_Geschichte_Kapitel_2_1950-1960-Bild-SRW-Inserate-erschliessen-den-Markt.png\" \/>\n\t<meta property=\"og:image:width\" content=\"724\" \/>\n\t<meta property=\"og:image:height\" content=\"1052\" \/>\n\t<meta property=\"og:image:type\" content=\"image\/png\" \/>\n<meta name=\"twitter:card\" content=\"summary_large_image\" \/>\n<meta name=\"twitter:label1\" content=\"Tempo di lettura stimato\" \/>\n\t<meta name=\"twitter:data1\" content=\"5 minuti\" \/>\n<script type=\"application\/ld+json\" class=\"yoast-schema-graph\">{\"@context\":\"https:\\\/\\\/schema.org\",\"@graph\":[{\"@type\":\"WebPage\",\"@id\":\"https:\\\/\\\/ks-cs.ch\\\/it\\\/attuale\\\/100-ani-ks-cs\\\/100-anni-di-ks-cs-e-luce-fu-gli-anni-1950-e-1960\\\/\",\"url\":\"https:\\\/\\\/ks-cs.ch\\\/it\\\/attuale\\\/100-ani-ks-cs\\\/100-anni-di-ks-cs-e-luce-fu-gli-anni-1950-e-1960\\\/\",\"name\":\"100 anni di KS\\\/CS: E luce fu \u2013 gli anni 1950 e 1960 - KS\\\/CS Comunicazione Svizzera\",\"isPartOf\":{\"@id\":\"https:\\\/\\\/ks-cs.ch\\\/it\\\/#website\"},\"primaryImageOfPage\":{\"@id\":\"https:\\\/\\\/ks-cs.ch\\\/it\\\/attuale\\\/100-ani-ks-cs\\\/100-anni-di-ks-cs-e-luce-fu-gli-anni-1950-e-1960\\\/#primaryimage\"},\"image\":{\"@id\":\"https:\\\/\\\/ks-cs.ch\\\/it\\\/attuale\\\/100-ani-ks-cs\\\/100-anni-di-ks-cs-e-luce-fu-gli-anni-1950-e-1960\\\/#primaryimage\"},\"thumbnailUrl\":\"https:\\\/\\\/ks-cs.ch\\\/wp-content\\\/uploads\\\/2025\\\/02\\\/2025_MV_2025_Geschichte_Kapitel_2_1950-1960-Bild-SRW-Inserate-erschliessen-den-Markt.png\",\"datePublished\":\"2025-02-25T09:59:15+00:00\",\"dateModified\":\"2025-02-26T08:31:40+00:00\",\"description\":\"Formazione specialistica - La via migliore per una carriera nella comunicazione. Il duplice percorso orientato alla pratica con una solida base teorica apre le porte ad un ampio spettro.\",\"breadcrumb\":{\"@id\":\"https:\\\/\\\/ks-cs.ch\\\/it\\\/attuale\\\/100-ani-ks-cs\\\/100-anni-di-ks-cs-e-luce-fu-gli-anni-1950-e-1960\\\/#breadcrumb\"},\"inLanguage\":\"it-IT\",\"potentialAction\":[{\"@type\":\"ReadAction\",\"target\":[\"https:\\\/\\\/ks-cs.ch\\\/it\\\/attuale\\\/100-ani-ks-cs\\\/100-anni-di-ks-cs-e-luce-fu-gli-anni-1950-e-1960\\\/\"]}]},{\"@type\":\"ImageObject\",\"inLanguage\":\"it-IT\",\"@id\":\"https:\\\/\\\/ks-cs.ch\\\/it\\\/attuale\\\/100-ani-ks-cs\\\/100-anni-di-ks-cs-e-luce-fu-gli-anni-1950-e-1960\\\/#primaryimage\",\"url\":\"https:\\\/\\\/ks-cs.ch\\\/wp-content\\\/uploads\\\/2025\\\/02\\\/2025_MV_2025_Geschichte_Kapitel_2_1950-1960-Bild-SRW-Inserate-erschliessen-den-Markt.png\",\"contentUrl\":\"https:\\\/\\\/ks-cs.ch\\\/wp-content\\\/uploads\\\/2025\\\/02\\\/2025_MV_2025_Geschichte_Kapitel_2_1950-1960-Bild-SRW-Inserate-erschliessen-den-Markt.png\",\"width\":724,\"height\":1052},{\"@type\":\"BreadcrumbList\",\"@id\":\"https:\\\/\\\/ks-cs.ch\\\/it\\\/attuale\\\/100-ani-ks-cs\\\/100-anni-di-ks-cs-e-luce-fu-gli-anni-1950-e-1960\\\/#breadcrumb\",\"itemListElement\":[{\"@type\":\"ListItem\",\"position\":1,\"name\":\"Home\",\"item\":\"https:\\\/\\\/ks-cs.ch\\\/it\\\/\"},{\"@type\":\"ListItem\",\"position\":2,\"name\":\"Attuale\",\"item\":\"https:\\\/\\\/ks-cs.ch\\\/it\\\/attuale\\\/\"},{\"@type\":\"ListItem\",\"position\":3,\"name\":\"100 anni di KS\\\/CS: E luce fu \u2013 gli anni 1950 e 1960\"}]},{\"@type\":\"WebSite\",\"@id\":\"https:\\\/\\\/ks-cs.ch\\\/it\\\/#website\",\"url\":\"https:\\\/\\\/ks-cs.ch\\\/it\\\/\",\"name\":\"KS\\\/CS Kommunikation Schweiz\",\"description\":\"Associazione di comunicazione commerciale\",\"publisher\":{\"@id\":\"https:\\\/\\\/ks-cs.ch\\\/it\\\/#organization\"},\"potentialAction\":[{\"@type\":\"SearchAction\",\"target\":{\"@type\":\"EntryPoint\",\"urlTemplate\":\"https:\\\/\\\/ks-cs.ch\\\/it\\\/?s={search_term_string}\"},\"query-input\":{\"@type\":\"PropertyValueSpecification\",\"valueRequired\":true,\"valueName\":\"search_term_string\"}}],\"inLanguage\":\"it-IT\"},{\"@type\":\"Organization\",\"@id\":\"https:\\\/\\\/ks-cs.ch\\\/it\\\/#organization\",\"name\":\"KS\\\/CS Kommunikation Schweiz\",\"url\":\"https:\\\/\\\/ks-cs.ch\\\/it\\\/\",\"logo\":{\"@type\":\"ImageObject\",\"inLanguage\":\"it-IT\",\"@id\":\"https:\\\/\\\/ks-cs.ch\\\/it\\\/#\\\/schema\\\/logo\\\/image\\\/\",\"url\":\"https:\\\/\\\/ks-cs.ch\\\/wp-content\\\/uploads\\\/2022\\\/12\\\/Logo-Social-Media-1.jpg\",\"contentUrl\":\"https:\\\/\\\/ks-cs.ch\\\/wp-content\\\/uploads\\\/2022\\\/12\\\/Logo-Social-Media-1.jpg\",\"width\":709,\"height\":608,\"caption\":\"KS\\\/CS Kommunikation Schweiz\"},\"image\":{\"@id\":\"https:\\\/\\\/ks-cs.ch\\\/it\\\/#\\\/schema\\\/logo\\\/image\\\/\"},\"sameAs\":[\"https:\\\/\\\/www.linkedin.com\\\/company\\\/kommunikation-schweiz-communication-suisse-comunicazione-svizzera-communication-switzerland\\\/\"]}]}<\/script>\n<!-- \/ Yoast SEO plugin. -->","yoast_head_json":{"title":"100 anni di KS\/CS: E luce fu \u2013 gli anni 1950 e 1960 - KS\/CS Comunicazione Svizzera","description":"Formazione specialistica - La via migliore per una carriera nella comunicazione. Il duplice percorso orientato alla pratica con una solida base teorica apre le porte ad un ampio spettro.","robots":{"index":"index","follow":"follow","max-snippet":"max-snippet:-1","max-image-preview":"max-image-preview:large","max-video-preview":"max-video-preview:-1"},"canonical":"https:\/\/ks-cs.ch\/it\/attuale\/100-ani-ks-cs\/100-anni-di-ks-cs-e-luce-fu-gli-anni-1950-e-1960\/","og_locale":"it_IT","og_type":"article","og_title":"100 anni di KS\/CS: E luce fu \u2013 gli anni 1950 e 1960 - KS\/CS Comunicazione Svizzera","og_description":"Formazione specialistica - La via migliore per una carriera nella comunicazione. Il duplice percorso orientato alla pratica con una solida base teorica apre le porte ad un ampio spettro.","og_url":"https:\/\/ks-cs.ch\/it\/attuale\/100-ani-ks-cs\/100-anni-di-ks-cs-e-luce-fu-gli-anni-1950-e-1960\/","og_site_name":"KS\/CS Comunicazione Svizzera","article_modified_time":"2025-02-26T08:31:40+00:00","og_image":[{"width":724,"height":1052,"url":"https:\/\/ks-cs.ch\/wp-content\/uploads\/2025\/02\/2025_MV_2025_Geschichte_Kapitel_2_1950-1960-Bild-SRW-Inserate-erschliessen-den-Markt.png","type":"image\/png"}],"twitter_card":"summary_large_image","twitter_misc":{"Tempo di lettura stimato":"5 minuti"},"schema":{"@context":"https:\/\/schema.org","@graph":[{"@type":"WebPage","@id":"https:\/\/ks-cs.ch\/it\/attuale\/100-ani-ks-cs\/100-anni-di-ks-cs-e-luce-fu-gli-anni-1950-e-1960\/","url":"https:\/\/ks-cs.ch\/it\/attuale\/100-ani-ks-cs\/100-anni-di-ks-cs-e-luce-fu-gli-anni-1950-e-1960\/","name":"100 anni di KS\/CS: E luce fu \u2013 gli anni 1950 e 1960 - KS\/CS Comunicazione Svizzera","isPartOf":{"@id":"https:\/\/ks-cs.ch\/it\/#website"},"primaryImageOfPage":{"@id":"https:\/\/ks-cs.ch\/it\/attuale\/100-ani-ks-cs\/100-anni-di-ks-cs-e-luce-fu-gli-anni-1950-e-1960\/#primaryimage"},"image":{"@id":"https:\/\/ks-cs.ch\/it\/attuale\/100-ani-ks-cs\/100-anni-di-ks-cs-e-luce-fu-gli-anni-1950-e-1960\/#primaryimage"},"thumbnailUrl":"https:\/\/ks-cs.ch\/wp-content\/uploads\/2025\/02\/2025_MV_2025_Geschichte_Kapitel_2_1950-1960-Bild-SRW-Inserate-erschliessen-den-Markt.png","datePublished":"2025-02-25T09:59:15+00:00","dateModified":"2025-02-26T08:31:40+00:00","description":"Formazione specialistica - La via migliore per una carriera nella comunicazione. Il duplice percorso orientato alla pratica con una solida base teorica apre le porte ad un ampio spettro.","breadcrumb":{"@id":"https:\/\/ks-cs.ch\/it\/attuale\/100-ani-ks-cs\/100-anni-di-ks-cs-e-luce-fu-gli-anni-1950-e-1960\/#breadcrumb"},"inLanguage":"it-IT","potentialAction":[{"@type":"ReadAction","target":["https:\/\/ks-cs.ch\/it\/attuale\/100-ani-ks-cs\/100-anni-di-ks-cs-e-luce-fu-gli-anni-1950-e-1960\/"]}]},{"@type":"ImageObject","inLanguage":"it-IT","@id":"https:\/\/ks-cs.ch\/it\/attuale\/100-ani-ks-cs\/100-anni-di-ks-cs-e-luce-fu-gli-anni-1950-e-1960\/#primaryimage","url":"https:\/\/ks-cs.ch\/wp-content\/uploads\/2025\/02\/2025_MV_2025_Geschichte_Kapitel_2_1950-1960-Bild-SRW-Inserate-erschliessen-den-Markt.png","contentUrl":"https:\/\/ks-cs.ch\/wp-content\/uploads\/2025\/02\/2025_MV_2025_Geschichte_Kapitel_2_1950-1960-Bild-SRW-Inserate-erschliessen-den-Markt.png","width":724,"height":1052},{"@type":"BreadcrumbList","@id":"https:\/\/ks-cs.ch\/it\/attuale\/100-ani-ks-cs\/100-anni-di-ks-cs-e-luce-fu-gli-anni-1950-e-1960\/#breadcrumb","itemListElement":[{"@type":"ListItem","position":1,"name":"Home","item":"https:\/\/ks-cs.ch\/it\/"},{"@type":"ListItem","position":2,"name":"Attuale","item":"https:\/\/ks-cs.ch\/it\/attuale\/"},{"@type":"ListItem","position":3,"name":"100 anni di KS\/CS: E luce fu \u2013 gli anni 1950 e 1960"}]},{"@type":"WebSite","@id":"https:\/\/ks-cs.ch\/it\/#website","url":"https:\/\/ks-cs.ch\/it\/","name":"KS\/CS Kommunikation Schweiz","description":"Associazione di comunicazione commerciale","publisher":{"@id":"https:\/\/ks-cs.ch\/it\/#organization"},"potentialAction":[{"@type":"SearchAction","target":{"@type":"EntryPoint","urlTemplate":"https:\/\/ks-cs.ch\/it\/?s={search_term_string}"},"query-input":{"@type":"PropertyValueSpecification","valueRequired":true,"valueName":"search_term_string"}}],"inLanguage":"it-IT"},{"@type":"Organization","@id":"https:\/\/ks-cs.ch\/it\/#organization","name":"KS\/CS Kommunikation Schweiz","url":"https:\/\/ks-cs.ch\/it\/","logo":{"@type":"ImageObject","inLanguage":"it-IT","@id":"https:\/\/ks-cs.ch\/it\/#\/schema\/logo\/image\/","url":"https:\/\/ks-cs.ch\/wp-content\/uploads\/2022\/12\/Logo-Social-Media-1.jpg","contentUrl":"https:\/\/ks-cs.ch\/wp-content\/uploads\/2022\/12\/Logo-Social-Media-1.jpg","width":709,"height":608,"caption":"KS\/CS Kommunikation Schweiz"},"image":{"@id":"https:\/\/ks-cs.ch\/it\/#\/schema\/logo\/image\/"},"sameAs":["https:\/\/www.linkedin.com\/company\/kommunikation-schweiz-communication-suisse-comunicazione-svizzera-communication-switzerland\/"]}]}},"publishpress_future_action":{"enabled":false,"date":"2026-04-23 09:11:46","action":"change-status","newStatus":"draft","terms":[],"taxonomy":"translation_priority","extraData":[]},"publishpress_future_workflow_manual_trigger":{"enabledWorkflows":[]},"_links":{"self":[{"href":"https:\/\/ks-cs.ch\/it\/wp-json\/wp\/v2\/pages\/7069","targetHints":{"allow":["GET"]}}],"collection":[{"href":"https:\/\/ks-cs.ch\/it\/wp-json\/wp\/v2\/pages"}],"about":[{"href":"https:\/\/ks-cs.ch\/it\/wp-json\/wp\/v2\/types\/page"}],"author":[{"embeddable":true,"href":"https:\/\/ks-cs.ch\/it\/wp-json\/wp\/v2\/users\/9"}],"replies":[{"embeddable":true,"href":"https:\/\/ks-cs.ch\/it\/wp-json\/wp\/v2\/comments?post=7069"}],"version-history":[{"count":5,"href":"https:\/\/ks-cs.ch\/it\/wp-json\/wp\/v2\/pages\/7069\/revisions"}],"predecessor-version":[{"id":7094,"href":"https:\/\/ks-cs.ch\/it\/wp-json\/wp\/v2\/pages\/7069\/revisions\/7094"}],"up":[{"embeddable":true,"href":"https:\/\/ks-cs.ch\/it\/wp-json\/wp\/v2\/pages\/6461"}],"wp:featuredmedia":[{"embeddable":true,"href":"https:\/\/ks-cs.ch\/it\/wp-json\/wp\/v2\/media\/7061"}],"wp:attachment":[{"href":"https:\/\/ks-cs.ch\/it\/wp-json\/wp\/v2\/media?parent=7069"}],"curies":[{"name":"wp","href":"https:\/\/api.w.org\/{rel}","templated":true}]}}