{"id":6504,"date":"2025-04-28T16:48:35","date_gmt":"2025-04-28T14:48:35","guid":{"rendered":"https:\/\/ks-cs.ch\/?page_id=6504"},"modified":"2025-04-30T17:45:20","modified_gmt":"2025-04-30T15:45:20","slug":"dalla-recessione-alledonismo-mirato-allaumento-dei-consumi-e-a-una-maggiore-regolamentazione-negli-anni-70-e-80","status":"publish","type":"page","link":"https:\/\/ks-cs.ch\/it\/attuale\/100-ani-ks-cs\/dalla-recessione-alledonismo-mirato-allaumento-dei-consumi-e-a-una-maggiore-regolamentazione-negli-anni-70-e-80\/","title":{"rendered":"Dalla recessione all&#8217;edonismo mirato all&#8217;aumento dei consumi e a una maggiore regolamentazione negli anni &#8217;70 e &#8217;80."},"content":{"rendered":"<div class=\"wpb-content-wrapper\"><p>[vc_row row_height_percent=&#8221;0&#8243; override_padding=&#8221;yes&#8221; h_padding=&#8221;2&#8243; top_padding=&#8221;3&#8243; bottom_padding=&#8221;2&#8243; overlay_alpha=&#8221;50&#8243; gutter_size=&#8221;3&#8243; column_width_percent=&#8221;100&#8243; shift_y=&#8221;0&#8243; z_index=&#8221;0&#8243; uncode_shortcode_id=&#8221;172934&#8243;][vc_column column_width_use_pixel=&#8221;yes&#8221; gutter_size=&#8221;2&#8243; overlay_alpha=&#8221;50&#8243; shift_x=&#8221;0&#8243; shift_y=&#8221;0&#8243; shift_y_down=&#8221;0&#8243; z_index=&#8221;0&#8243; medium_width=&#8221;0&#8243; mobile_width=&#8221;0&#8243; width=&#8221;1\/1&#8243; uncode_shortcode_id=&#8221;104419&#8243; column_width_pixel=&#8221;840&#8243;][uncode_breadcrumbs separator=&#8221;dash&#8221;][vc_custom_heading heading_semantic=&#8221;h1&#8243; text_size=&#8221;h1&#8243; text_weight=&#8221;600&#8243; uncode_shortcode_id=&#8221;154558&#8243;]Dalla recessione all&#8217;edonismo mirato all&#8217;aumento dei consumi e a una maggiore regolamentazione negli anni &#8217;70 e &#8217;80.[\/vc_custom_heading][vc_column_text uncode_shortcode_id=&#8221;176023&#8243;]Gli anni &#8217;70 sono stati caratterizzati da sfide economiche globali: La crisi petrolifera del 1973 caus\u00f2 recessioni, incertezza e aumento della disoccupazione in tutto il mondo. Temi come la consapevolezza dei prezzi e la parsimonia caratterizzarono i consumi, mentre le aziende e i pubblicitari cercavano nuovi modi per attirare i consumatori. Negli anni &#8217;80, tuttavia, la tendenza si era gi\u00e0 ribaltata nella direzione opposta, verso l&#8217;edonismo e il lusso, ponendo i pubblicitari di fronte a sfide sempre pi\u00f9 impegnative per una pubblicit\u00e0 responsabile: la risposta era rappresentata dalle iniziative e dalle normative del settore.[\/vc_column_text][\/vc_column][\/vc_row][vc_row][vc_column width=&#8221;1\/1&#8243;][uncode_block id=&#8221;277&#8243;][\/vc_column][\/vc_row][vc_row row_height_percent=&#8221;0&#8243; override_padding=&#8221;yes&#8221; h_padding=&#8221;2&#8243; top_padding=&#8221;2&#8243; bottom_padding=&#8221;3&#8243; overlay_alpha=&#8221;50&#8243; gutter_size=&#8221;3&#8243; column_width_percent=&#8221;100&#8243; shift_y=&#8221;0&#8243; z_index=&#8221;0&#8243; uncode_shortcode_id=&#8221;983892&#8243; row_name=&#8221;kommunikationsfachleute&#8221;][vc_column column_width_use_pixel=&#8221;yes&#8221; gutter_size=&#8221;2&#8243; overlay_alpha=&#8221;50&#8243; shift_x=&#8221;0&#8243; shift_y=&#8221;0&#8243; shift_y_down=&#8221;0&#8243; z_index=&#8221;0&#8243; medium_width=&#8221;0&#8243; mobile_width=&#8221;0&#8243; width=&#8221;1\/1&#8243; uncode_shortcode_id=&#8221;104419&#8243; column_width_pixel=&#8221;840&#8243;][vc_empty_space empty_h=&#8221;2&#8243;][vc_column_text uncode_shortcode_id=&#8221;168759&#8243;]<em>Autori: Mike H\u00e4hlen \/ Ekaterina Petrova<\/em><\/p>\n<p>I lettori pi\u00f9 anziani ricorderanno che la crisi petrolifera dei primi anni Settanta port\u00f2 il Consiglio federale a decretare diverse domeniche senza auto. Non (ancora) per motivi ambientali, ma per risparmiare benzina e petrolio. Cos\u00ec come le strade erano vuote di auto, vuoti erano anche i portafogli dei signori svizzeri. A met\u00e0 degli anni &#8217;70, l&#8217;economia aveva perso diverse centinaia di migliaia di posti di lavoro e i consumi erano crollati. Naturalmente, ci\u00f2 ebbe conseguenze anche per l&#8217;industria pubblicitaria!<\/p>\n<h4>Anni &#8217;70: recessione, gruppi target e personalit\u00e0 del marchio<\/h4>\n<p>Per raggiungere i consumatori occorrevano nuove ricette, e quindi si procedette a un ripensamento: Invece di affidarsi a messaggi generici, gli inserzionisti scoprirono la pubblicit\u00e0 per gruppi target. Con l&#8217;aiuto delle ricerche di mercato, le campagne sono state adattate in modo specifico a diversi segmenti della popolazione. Ci\u00f2 \u00e8 stato particolarmente visibile nello sviluppo di personalit\u00e0 di marca che avevano lo scopo di attrarre i consumatori dal punto di vista emotivo e di fornire loro una guida. I marchi sono diventati compagni personali, una tendenza che continua ancora oggi.<\/p>\n<p>Non \u00e8 chiaro se si trattasse di una felice coincidenza o di una questione di necessit\u00e0, dato che i comuni erano alla ricerca di entrate, ma il numero di siti di affissione nelle citt\u00e0 aument\u00f2 enormemente in quel periodo. Economico da produrre e visivamente molto attraente, questo popolare mezzo di comunicazione si rifaceva alla tradizione grafica e di design svizzera. La predominanza visiva dei manifesti pubblicitari ha portato a nuovi spunti creativi. Un esempio significativo \u00e8 l&#8217;insegna delle FFS di Hans Hartmann, introdotta nel 1972, che \u00e8 diventata un&#8217;icona del design e della storia della pubblicit\u00e0 svizzera<\/p>\n<figure id=\"attachment_7286\" aria-describedby=\"caption-attachment-7286\" style=\"width: 748px\" class=\"wp-caption alignnone\"><img decoding=\"async\" class=\"wp-image-7284 \" src=\"https:\/\/ks-cs.ch\/wp-content\/uploads\/2025\/04\/3_1970_1980-MV_2025-SBB_Logo_Transformation_1972.jpg\" alt=\"\" width=\"748\" height=\"757\" srcset=\"https:\/\/ks-cs.ch\/wp-content\/uploads\/2025\/04\/3_1970_1980-MV_2025-SBB_Logo_Transformation_1972.jpg 770w, https:\/\/ks-cs.ch\/wp-content\/uploads\/2025\/04\/3_1970_1980-MV_2025-SBB_Logo_Transformation_1972-297x300.jpg 297w, https:\/\/ks-cs.ch\/wp-content\/uploads\/2025\/04\/3_1970_1980-MV_2025-SBB_Logo_Transformation_1972-768x777.jpg 768w, https:\/\/ks-cs.ch\/wp-content\/uploads\/2025\/04\/3_1970_1980-MV_2025-SBB_Logo_Transformation_1972-350x354.jpg 350w\" sizes=\"(max-width: 748px) 100vw, 748px\" \/><figcaption id=\"caption-attachment-7286\" class=\"wp-caption-text\">L&#8217;insegna delle FFS.<\/figcaption><\/figure>\n<h4>Gli anni &#8217;80: edonismo, lusso, glamour e brand staging<\/h4>\n<p>Sembrava quasi che il mondo intero dovesse compensare in modo eccessivo la crisi economica degli anni Settanta. Con la ripresa dell&#8217;economia &#8211; innescata dagli Stati Uniti &#8211; anche gli svizzeri si lanciarono in tutto ci\u00f2 che assomigliava al lusso, al piacere e al consumo. Leggendario e rappresentativo dell&#8217;epoca fu, ad esempio, il libro &#8220;New Marketing&#8221; del fondatore di Demoscope Werner Wyss, che a met\u00e0 degli anni &#8217;80 parlava di New Age e di nuovi tipi di consumatori e descriveva le tendenze chiave dell'&#8221;edonismo&#8221;, dell'&#8221;estroversione&#8221;, dell'&#8221;erotismo&#8221;, dell'&#8221;attivit\u00e0&#8221; e della &#8220;tecnologia&#8221;.<\/p>\n<p>L&#8217;elezione di Ronald Reagan a Presidente degli Stati Uniti ha inaugurato un&#8217;era di ottimismo e di cultura consumistica in tutto il mondo. La cosiddetta politica Reaganomics promosse la crescita economica, mentre uno stile di vita edonistico si afferm\u00f2 nella societ\u00e0. Questo cambiamento si riflette anche nella pubblicit\u00e0: ottimismo, glamour e un tocco di lusso caratterizzano le campagne. In Svizzera, i beni di lusso come gioielli, automobili e articoli di moda dominano i messaggi pubblicitari. I marchi sono stati messi sempre pi\u00f9 in scena, non solo come prodotti, ma come simboli di uno stile di vita. Un esempio lampante \u00e8 la campagna artistica per il marchio di sigarette STAR di Philip Morris, sviluppata dall&#8217;agenzia creativa svizzera Sulzer, Sutter &#8211; in particolare da Irene Hiltpold e Michael Sch\u00e4pe &#8211; e pubblicizzata con elaborati spot cinematografici e televisivi.<br \/>\nFaber Castell, l&#8217;azienda produttrice di strumenti di scrittura, ad esempio, si concentra sui giovani come gruppo target e utilizza le loro preferenze &#8211; dalle discoteche al culto delle star &#8211; per mettere in scena i suoi prodotti.<\/p>\n<p>&nbsp;<\/p>\n<h4><strong>Approcci normativi e iniziative dell&#8217;industria<\/strong><\/h4>\n<p>La consapevolezza della necessit\u00e0 di proteggere i bambini e i giovani \u00e8 cresciuta parallelamente all&#8217;orientamento del mercato. Le discussioni sull&#8217;impatto della pubblicit\u00e0 sulla salute di questi gruppi target sono diventate sempre pi\u00f9 importanti. KS\/CS \u00e8 stata tra le prime sostenitrici di un approccio responsabile alla pubblicit\u00e0 e si \u00e8 adoperata per stabilire standard etici. In particolare, la pubblicit\u00e0 di alcol e tabacco \u00e8 stata oggetto di critiche che hanno portato KS\/CS a contribuire alla definizione delle linee guida. Negli anni &#8217;70 \u00e8 aumentata la critica alla pubblicit\u00e0 manipolativa e allo sfruttamento commerciale dei desideri dei consumatori. L&#8217;associazione ha garantito l&#8217;ulteriore professionalizzazione della pubblicit\u00e0 promuovendo la formazione, le qualifiche federali, all&#8217;epoca come assistenti pubblicitari, oggi specialisti della comunicazione formati in tutte e tre le regioni linguistiche della Svizzera.<\/p>\n<p>Negli anni &#8217;70 la radio e la televisione divennero i principali mezzi di comunicazione. Nel corso del tempo, la SSR ha subito pressioni da parte di tutti gli schieramenti politici: molte persone volevano un&#8217;alternativa ai programmi finanziati dal canone. Questa alternativa fu creata nel 1983, quando i politici introdussero il quadro giuridico per le stazioni radiofoniche locali private.<\/p>\n<p>All&#8217;inizio degli anni &#8217;80 \u00e8 stata istituita anche la Fondazione Statistica Svizzera della Pubblicit\u00e0, che fornisce preziosi dati e analisi sullo sviluppo dell&#8217;industria pubblicitaria e contribuisce alla professionalizzazione del settore.<\/p>\n<h4><strong>Conclusione: aprire la strada a una pubblicit\u00e0 responsabile<\/strong><\/h4>\n<p>Negli anni &#8217;70 e &#8217;80 KS\/CS ha dimostrato quanto sia importante coniugare gli sviluppi economici e sociali con le esigenze del settore del marketing. Promuovendo la pubblicit\u00e0 per gruppi target, mettendo in scena i marchi e stabilendo standard etici, l&#8217;associazione ha svolto un ruolo fondamentale nel posizionare la Svizzera come pioniere della pubblicit\u00e0 responsabile e innovativa.<\/p>\n<h4><strong>KS\/CS allora e oggi<\/strong><\/h4>\n<p>Die Regulierung der Werbung in der Schweiz hat sich im Laufe des letzten Jahrhunderts stetig weiterentwickelt. Vom anf\u00e4nglichen Fokus auf Selbstregulierung und Branchenstandards bis hin zu umfassenden gesetzlichen Massnahmen f\u00fcr Konsumentenschutz und digitale Medien spiegelt sie die technologischen, gesellschaftlichen und wirtschaftlichen Ver\u00e4nderungen wider. Die Kernwerte blieben bestehen: Integrit\u00e4t, Verantwortung und Authentizit\u00e4t. [\/vc_column_text][\/vc_column][\/vc_row][vc_row][vc_column width=&#8221;1\/1&#8243;][\/vc_column][\/vc_row][vc_row][vc_column width=&#8221;1\/1&#8243;][\/vc_column][\/vc_row]<\/p>\n<\/div>","protected":false},"excerpt":{"rendered":"<p>Gli anni &#8217;70 sono stati caratterizzati da sfide economiche globali: La crisi petrolifera del 1973 caus\u00f2 recessioni, incertezza e aumento della disoccupazione in tutto il mondo. Temi come la consapevolezza dei prezzi e la parsimonia caratterizzarono i consumi, mentre le aziende e i pubblicitari cercavano nuovi modi per attirare i consumatori. Negli anni &#8217;80, tuttavia, la tendenza si era gi\u00e0 ribaltata nella direzione opposta, verso l&#8217;edonismo e il lusso, ponendo i pubblicitari di fronte a sfide sempre pi\u00f9 impegnative per una pubblicit\u00e0 responsabile: la risposta era rappresentata dalle iniziative e dalle normative del settore.  <\/p>\n","protected":false},"author":6,"featured_media":7289,"parent":6461,"menu_order":4,"comment_status":"closed","ping_status":"closed","template":"","meta":{"content-type":"","footnotes":""},"class_list":["post-6504","page","type-page","status-publish","has-post-thumbnail","hentry","page_category-anniversario"],"yoast_head":"<!-- This site is optimized with the Yoast SEO plugin v27.3 - https:\/\/yoast.com\/product\/yoast-seo-wordpress\/ -->\n<title>Dalla recessione all&#039;edonismo mirato all&#039;aumento dei consumi e a una maggiore regolamentazione negli anni &#039;70 e &#039;80. - KS\/CS Comunicazione Svizzera<\/title>\n<meta name=\"description\" content=\"Gli anni &#039;70 sono stati caratterizzati da sfide economiche globali: La crisi petrolifera del 1973 caus\u00f2 recessioni, incertezza e aumento della disoccupazione in tutto il mondo.\" \/>\n<meta name=\"robots\" content=\"index, follow, max-snippet:-1, max-image-preview:large, max-video-preview:-1\" \/>\n<link rel=\"canonical\" href=\"https:\/\/ks-cs.ch\/it\/attuale\/100-ani-ks-cs\/dalla-recessione-alledonismo-mirato-allaumento-dei-consumi-e-a-una-maggiore-regolamentazione-negli-anni-70-e-80\/\" \/>\n<meta property=\"og:locale\" content=\"it_IT\" \/>\n<meta property=\"og:type\" content=\"article\" \/>\n<meta property=\"og:title\" content=\"Dalla recessione all&#039;edonismo mirato all&#039;aumento dei consumi e a una maggiore regolamentazione negli anni &#039;70 e &#039;80. - KS\/CS Comunicazione Svizzera\" \/>\n<meta property=\"og:description\" content=\"Gli anni &#039;70 sono stati caratterizzati da sfide economiche globali: La crisi petrolifera del 1973 caus\u00f2 recessioni, incertezza e aumento della disoccupazione in tutto il mondo.\" \/>\n<meta property=\"og:url\" content=\"https:\/\/ks-cs.ch\/it\/attuale\/100-ani-ks-cs\/dalla-recessione-alledonismo-mirato-allaumento-dei-consumi-e-a-una-maggiore-regolamentazione-negli-anni-70-e-80\/\" \/>\n<meta property=\"og:site_name\" content=\"KS\/CS Comunicazione Svizzera\" \/>\n<meta property=\"article:modified_time\" content=\"2025-04-30T15:45:20+00:00\" \/>\n<meta property=\"og:image\" content=\"https:\/\/ks-cs.ch\/wp-content\/uploads\/2025\/04\/3_1970_1980-MV_2025-Faber_Castell_Werbung-e1745852226907.png\" \/>\n\t<meta property=\"og:image:width\" content=\"952\" \/>\n\t<meta property=\"og:image:height\" content=\"1128\" \/>\n\t<meta property=\"og:image:type\" content=\"image\/png\" \/>\n<meta name=\"twitter:card\" content=\"summary_large_image\" \/>\n<meta name=\"twitter:label1\" content=\"Tempo di lettura stimato\" \/>\n\t<meta name=\"twitter:data1\" content=\"7 minuti\" \/>\n<script type=\"application\/ld+json\" class=\"yoast-schema-graph\">{\"@context\":\"https:\\\/\\\/schema.org\",\"@graph\":[{\"@type\":\"WebPage\",\"@id\":\"https:\\\/\\\/ks-cs.ch\\\/it\\\/attuale\\\/100-ani-ks-cs\\\/dalla-recessione-alledonismo-mirato-allaumento-dei-consumi-e-a-una-maggiore-regolamentazione-negli-anni-70-e-80\\\/\",\"url\":\"https:\\\/\\\/ks-cs.ch\\\/it\\\/attuale\\\/100-ani-ks-cs\\\/dalla-recessione-alledonismo-mirato-allaumento-dei-consumi-e-a-una-maggiore-regolamentazione-negli-anni-70-e-80\\\/\",\"name\":\"Dalla recessione all'edonismo mirato all'aumento dei consumi e a una maggiore regolamentazione negli anni '70 e '80. - KS\\\/CS Comunicazione Svizzera\",\"isPartOf\":{\"@id\":\"https:\\\/\\\/ks-cs.ch\\\/it\\\/#website\"},\"primaryImageOfPage\":{\"@id\":\"https:\\\/\\\/ks-cs.ch\\\/it\\\/attuale\\\/100-ani-ks-cs\\\/dalla-recessione-alledonismo-mirato-allaumento-dei-consumi-e-a-una-maggiore-regolamentazione-negli-anni-70-e-80\\\/#primaryimage\"},\"image\":{\"@id\":\"https:\\\/\\\/ks-cs.ch\\\/it\\\/attuale\\\/100-ani-ks-cs\\\/dalla-recessione-alledonismo-mirato-allaumento-dei-consumi-e-a-una-maggiore-regolamentazione-negli-anni-70-e-80\\\/#primaryimage\"},\"thumbnailUrl\":\"https:\\\/\\\/ks-cs.ch\\\/wp-content\\\/uploads\\\/2025\\\/04\\\/3_1970_1980-MV_2025-Faber_Castell_Werbung-e1745852226907.png\",\"datePublished\":\"2025-04-28T14:48:35+00:00\",\"dateModified\":\"2025-04-30T15:45:20+00:00\",\"description\":\"Gli anni '70 sono stati caratterizzati da sfide economiche globali: La crisi petrolifera del 1973 caus\u00f2 recessioni, incertezza e aumento della disoccupazione in tutto il mondo.\",\"breadcrumb\":{\"@id\":\"https:\\\/\\\/ks-cs.ch\\\/it\\\/attuale\\\/100-ani-ks-cs\\\/dalla-recessione-alledonismo-mirato-allaumento-dei-consumi-e-a-una-maggiore-regolamentazione-negli-anni-70-e-80\\\/#breadcrumb\"},\"inLanguage\":\"it-IT\",\"potentialAction\":[{\"@type\":\"ReadAction\",\"target\":[\"https:\\\/\\\/ks-cs.ch\\\/it\\\/attuale\\\/100-ani-ks-cs\\\/dalla-recessione-alledonismo-mirato-allaumento-dei-consumi-e-a-una-maggiore-regolamentazione-negli-anni-70-e-80\\\/\"]}]},{\"@type\":\"ImageObject\",\"inLanguage\":\"it-IT\",\"@id\":\"https:\\\/\\\/ks-cs.ch\\\/it\\\/attuale\\\/100-ani-ks-cs\\\/dalla-recessione-alledonismo-mirato-allaumento-dei-consumi-e-a-una-maggiore-regolamentazione-negli-anni-70-e-80\\\/#primaryimage\",\"url\":\"https:\\\/\\\/ks-cs.ch\\\/wp-content\\\/uploads\\\/2025\\\/04\\\/3_1970_1980-MV_2025-Faber_Castell_Werbung-e1745852226907.png\",\"contentUrl\":\"https:\\\/\\\/ks-cs.ch\\\/wp-content\\\/uploads\\\/2025\\\/04\\\/3_1970_1980-MV_2025-Faber_Castell_Werbung-e1745852226907.png\",\"width\":952,\"height\":1128},{\"@type\":\"BreadcrumbList\",\"@id\":\"https:\\\/\\\/ks-cs.ch\\\/it\\\/attuale\\\/100-ani-ks-cs\\\/dalla-recessione-alledonismo-mirato-allaumento-dei-consumi-e-a-una-maggiore-regolamentazione-negli-anni-70-e-80\\\/#breadcrumb\",\"itemListElement\":[{\"@type\":\"ListItem\",\"position\":1,\"name\":\"Home\",\"item\":\"https:\\\/\\\/ks-cs.ch\\\/it\\\/\"},{\"@type\":\"ListItem\",\"position\":2,\"name\":\"Attuale\",\"item\":\"https:\\\/\\\/ks-cs.ch\\\/it\\\/attuale\\\/\"},{\"@type\":\"ListItem\",\"position\":3,\"name\":\"100 Anni KS\\\/CS\",\"item\":\"https:\\\/\\\/ks-cs.ch\\\/it\\\/attuale\\\/100-ani-ks-cs\\\/\"},{\"@type\":\"ListItem\",\"position\":4,\"name\":\"Dalla recessione all&#8217;edonismo mirato all&#8217;aumento dei consumi e a una maggiore regolamentazione negli anni &#8217;70 e &#8217;80.\"}]},{\"@type\":\"WebSite\",\"@id\":\"https:\\\/\\\/ks-cs.ch\\\/it\\\/#website\",\"url\":\"https:\\\/\\\/ks-cs.ch\\\/it\\\/\",\"name\":\"KS\\\/CS Kommunikation Schweiz\",\"description\":\"Associazione di comunicazione commerciale\",\"publisher\":{\"@id\":\"https:\\\/\\\/ks-cs.ch\\\/it\\\/#organization\"},\"potentialAction\":[{\"@type\":\"SearchAction\",\"target\":{\"@type\":\"EntryPoint\",\"urlTemplate\":\"https:\\\/\\\/ks-cs.ch\\\/it\\\/?s={search_term_string}\"},\"query-input\":{\"@type\":\"PropertyValueSpecification\",\"valueRequired\":true,\"valueName\":\"search_term_string\"}}],\"inLanguage\":\"it-IT\"},{\"@type\":\"Organization\",\"@id\":\"https:\\\/\\\/ks-cs.ch\\\/it\\\/#organization\",\"name\":\"KS\\\/CS Kommunikation Schweiz\",\"url\":\"https:\\\/\\\/ks-cs.ch\\\/it\\\/\",\"logo\":{\"@type\":\"ImageObject\",\"inLanguage\":\"it-IT\",\"@id\":\"https:\\\/\\\/ks-cs.ch\\\/it\\\/#\\\/schema\\\/logo\\\/image\\\/\",\"url\":\"https:\\\/\\\/ks-cs.ch\\\/wp-content\\\/uploads\\\/2022\\\/12\\\/Logo-Social-Media-1.jpg\",\"contentUrl\":\"https:\\\/\\\/ks-cs.ch\\\/wp-content\\\/uploads\\\/2022\\\/12\\\/Logo-Social-Media-1.jpg\",\"width\":709,\"height\":608,\"caption\":\"KS\\\/CS Kommunikation Schweiz\"},\"image\":{\"@id\":\"https:\\\/\\\/ks-cs.ch\\\/it\\\/#\\\/schema\\\/logo\\\/image\\\/\"},\"sameAs\":[\"https:\\\/\\\/www.linkedin.com\\\/company\\\/kommunikation-schweiz-communication-suisse-comunicazione-svizzera-communication-switzerland\\\/\"]}]}<\/script>\n<!-- \/ Yoast SEO plugin. -->","yoast_head_json":{"title":"Dalla recessione all'edonismo mirato all'aumento dei consumi e a una maggiore regolamentazione negli anni '70 e '80. - KS\/CS Comunicazione Svizzera","description":"Gli anni '70 sono stati caratterizzati da sfide economiche globali: La crisi petrolifera del 1973 caus\u00f2 recessioni, incertezza e aumento della disoccupazione in tutto il mondo.","robots":{"index":"index","follow":"follow","max-snippet":"max-snippet:-1","max-image-preview":"max-image-preview:large","max-video-preview":"max-video-preview:-1"},"canonical":"https:\/\/ks-cs.ch\/it\/attuale\/100-ani-ks-cs\/dalla-recessione-alledonismo-mirato-allaumento-dei-consumi-e-a-una-maggiore-regolamentazione-negli-anni-70-e-80\/","og_locale":"it_IT","og_type":"article","og_title":"Dalla recessione all'edonismo mirato all'aumento dei consumi e a una maggiore regolamentazione negli anni '70 e '80. - KS\/CS Comunicazione Svizzera","og_description":"Gli anni '70 sono stati caratterizzati da sfide economiche globali: La crisi petrolifera del 1973 caus\u00f2 recessioni, incertezza e aumento della disoccupazione in tutto il mondo.","og_url":"https:\/\/ks-cs.ch\/it\/attuale\/100-ani-ks-cs\/dalla-recessione-alledonismo-mirato-allaumento-dei-consumi-e-a-una-maggiore-regolamentazione-negli-anni-70-e-80\/","og_site_name":"KS\/CS Comunicazione Svizzera","article_modified_time":"2025-04-30T15:45:20+00:00","og_image":[{"width":952,"height":1128,"url":"https:\/\/ks-cs.ch\/wp-content\/uploads\/2025\/04\/3_1970_1980-MV_2025-Faber_Castell_Werbung-e1745852226907.png","type":"image\/png"}],"twitter_card":"summary_large_image","twitter_misc":{"Tempo di lettura stimato":"7 minuti"},"schema":{"@context":"https:\/\/schema.org","@graph":[{"@type":"WebPage","@id":"https:\/\/ks-cs.ch\/it\/attuale\/100-ani-ks-cs\/dalla-recessione-alledonismo-mirato-allaumento-dei-consumi-e-a-una-maggiore-regolamentazione-negli-anni-70-e-80\/","url":"https:\/\/ks-cs.ch\/it\/attuale\/100-ani-ks-cs\/dalla-recessione-alledonismo-mirato-allaumento-dei-consumi-e-a-una-maggiore-regolamentazione-negli-anni-70-e-80\/","name":"Dalla recessione all'edonismo mirato all'aumento dei consumi e a una maggiore regolamentazione negli anni '70 e '80. - KS\/CS Comunicazione Svizzera","isPartOf":{"@id":"https:\/\/ks-cs.ch\/it\/#website"},"primaryImageOfPage":{"@id":"https:\/\/ks-cs.ch\/it\/attuale\/100-ani-ks-cs\/dalla-recessione-alledonismo-mirato-allaumento-dei-consumi-e-a-una-maggiore-regolamentazione-negli-anni-70-e-80\/#primaryimage"},"image":{"@id":"https:\/\/ks-cs.ch\/it\/attuale\/100-ani-ks-cs\/dalla-recessione-alledonismo-mirato-allaumento-dei-consumi-e-a-una-maggiore-regolamentazione-negli-anni-70-e-80\/#primaryimage"},"thumbnailUrl":"https:\/\/ks-cs.ch\/wp-content\/uploads\/2025\/04\/3_1970_1980-MV_2025-Faber_Castell_Werbung-e1745852226907.png","datePublished":"2025-04-28T14:48:35+00:00","dateModified":"2025-04-30T15:45:20+00:00","description":"Gli anni '70 sono stati caratterizzati da sfide economiche globali: La crisi petrolifera del 1973 caus\u00f2 recessioni, incertezza e aumento della disoccupazione in tutto il mondo.","breadcrumb":{"@id":"https:\/\/ks-cs.ch\/it\/attuale\/100-ani-ks-cs\/dalla-recessione-alledonismo-mirato-allaumento-dei-consumi-e-a-una-maggiore-regolamentazione-negli-anni-70-e-80\/#breadcrumb"},"inLanguage":"it-IT","potentialAction":[{"@type":"ReadAction","target":["https:\/\/ks-cs.ch\/it\/attuale\/100-ani-ks-cs\/dalla-recessione-alledonismo-mirato-allaumento-dei-consumi-e-a-una-maggiore-regolamentazione-negli-anni-70-e-80\/"]}]},{"@type":"ImageObject","inLanguage":"it-IT","@id":"https:\/\/ks-cs.ch\/it\/attuale\/100-ani-ks-cs\/dalla-recessione-alledonismo-mirato-allaumento-dei-consumi-e-a-una-maggiore-regolamentazione-negli-anni-70-e-80\/#primaryimage","url":"https:\/\/ks-cs.ch\/wp-content\/uploads\/2025\/04\/3_1970_1980-MV_2025-Faber_Castell_Werbung-e1745852226907.png","contentUrl":"https:\/\/ks-cs.ch\/wp-content\/uploads\/2025\/04\/3_1970_1980-MV_2025-Faber_Castell_Werbung-e1745852226907.png","width":952,"height":1128},{"@type":"BreadcrumbList","@id":"https:\/\/ks-cs.ch\/it\/attuale\/100-ani-ks-cs\/dalla-recessione-alledonismo-mirato-allaumento-dei-consumi-e-a-una-maggiore-regolamentazione-negli-anni-70-e-80\/#breadcrumb","itemListElement":[{"@type":"ListItem","position":1,"name":"Home","item":"https:\/\/ks-cs.ch\/it\/"},{"@type":"ListItem","position":2,"name":"Attuale","item":"https:\/\/ks-cs.ch\/it\/attuale\/"},{"@type":"ListItem","position":3,"name":"100 Anni KS\/CS","item":"https:\/\/ks-cs.ch\/it\/attuale\/100-ani-ks-cs\/"},{"@type":"ListItem","position":4,"name":"Dalla recessione all&#8217;edonismo mirato all&#8217;aumento dei consumi e a una maggiore regolamentazione negli anni &#8217;70 e &#8217;80."}]},{"@type":"WebSite","@id":"https:\/\/ks-cs.ch\/it\/#website","url":"https:\/\/ks-cs.ch\/it\/","name":"KS\/CS Kommunikation Schweiz","description":"Associazione di comunicazione commerciale","publisher":{"@id":"https:\/\/ks-cs.ch\/it\/#organization"},"potentialAction":[{"@type":"SearchAction","target":{"@type":"EntryPoint","urlTemplate":"https:\/\/ks-cs.ch\/it\/?s={search_term_string}"},"query-input":{"@type":"PropertyValueSpecification","valueRequired":true,"valueName":"search_term_string"}}],"inLanguage":"it-IT"},{"@type":"Organization","@id":"https:\/\/ks-cs.ch\/it\/#organization","name":"KS\/CS Kommunikation Schweiz","url":"https:\/\/ks-cs.ch\/it\/","logo":{"@type":"ImageObject","inLanguage":"it-IT","@id":"https:\/\/ks-cs.ch\/it\/#\/schema\/logo\/image\/","url":"https:\/\/ks-cs.ch\/wp-content\/uploads\/2022\/12\/Logo-Social-Media-1.jpg","contentUrl":"https:\/\/ks-cs.ch\/wp-content\/uploads\/2022\/12\/Logo-Social-Media-1.jpg","width":709,"height":608,"caption":"KS\/CS Kommunikation Schweiz"},"image":{"@id":"https:\/\/ks-cs.ch\/it\/#\/schema\/logo\/image\/"},"sameAs":["https:\/\/www.linkedin.com\/company\/kommunikation-schweiz-communication-suisse-comunicazione-svizzera-communication-switzerland\/"]}]}},"publishpress_future_action":{"enabled":false,"date":"2026-04-15 21:40:21","action":"change-status","newStatus":"draft","terms":[],"taxonomy":"translation_priority","extraData":[]},"publishpress_future_workflow_manual_trigger":{"enabledWorkflows":[]},"_links":{"self":[{"href":"https:\/\/ks-cs.ch\/it\/wp-json\/wp\/v2\/pages\/6504","targetHints":{"allow":["GET"]}}],"collection":[{"href":"https:\/\/ks-cs.ch\/it\/wp-json\/wp\/v2\/pages"}],"about":[{"href":"https:\/\/ks-cs.ch\/it\/wp-json\/wp\/v2\/types\/page"}],"author":[{"embeddable":true,"href":"https:\/\/ks-cs.ch\/it\/wp-json\/wp\/v2\/users\/6"}],"replies":[{"embeddable":true,"href":"https:\/\/ks-cs.ch\/it\/wp-json\/wp\/v2\/comments?post=6504"}],"version-history":[{"count":4,"href":"https:\/\/ks-cs.ch\/it\/wp-json\/wp\/v2\/pages\/6504\/revisions"}],"predecessor-version":[{"id":7359,"href":"https:\/\/ks-cs.ch\/it\/wp-json\/wp\/v2\/pages\/6504\/revisions\/7359"}],"up":[{"embeddable":true,"href":"https:\/\/ks-cs.ch\/it\/wp-json\/wp\/v2\/pages\/6461"}],"wp:featuredmedia":[{"embeddable":true,"href":"https:\/\/ks-cs.ch\/it\/wp-json\/wp\/v2\/media\/7289"}],"wp:attachment":[{"href":"https:\/\/ks-cs.ch\/it\/wp-json\/wp\/v2\/media?parent=6504"}],"curies":[{"name":"wp","href":"https:\/\/api.w.org\/{rel}","templated":true}]}}