{"id":6499,"date":"2025-04-28T17:06:22","date_gmt":"2025-04-28T15:06:22","guid":{"rendered":"https:\/\/ks-cs.ch\/?page_id=6499"},"modified":"2025-04-30T17:51:23","modified_gmt":"2025-04-30T15:51:23","slug":"il-world-wide-web-conquista-il-mondo-anni-90-e-2000","status":"publish","type":"page","link":"https:\/\/ks-cs.ch\/it\/attuale\/100-ani-ks-cs\/il-world-wide-web-conquista-il-mondo-anni-90-e-2000\/","title":{"rendered":"Il World Wide Web conquista il mondo &#8211; anni &#8217;90 e 2000"},"content":{"rendered":"<div class=\"wpb-content-wrapper\"><p>[vc_row row_height_percent=&#8221;0&#8243; override_padding=&#8221;yes&#8221; h_padding=&#8221;2&#8243; top_padding=&#8221;3&#8243; bottom_padding=&#8221;2&#8243; overlay_alpha=&#8221;50&#8243; gutter_size=&#8221;3&#8243; column_width_percent=&#8221;100&#8243; shift_y=&#8221;0&#8243; z_index=&#8221;0&#8243; uncode_shortcode_id=&#8221;172934&#8243;][vc_column column_width_use_pixel=&#8221;yes&#8221; gutter_size=&#8221;2&#8243; overlay_alpha=&#8221;50&#8243; shift_x=&#8221;0&#8243; shift_y=&#8221;0&#8243; shift_y_down=&#8221;0&#8243; z_index=&#8221;0&#8243; medium_width=&#8221;0&#8243; mobile_width=&#8221;0&#8243; width=&#8221;1\/1&#8243; uncode_shortcode_id=&#8221;104419&#8243; column_width_pixel=&#8221;840&#8243;][uncode_breadcrumbs separator=&#8221;dash&#8221;][vc_custom_heading heading_semantic=&#8221;h1&#8243; text_size=&#8221;h1&#8243; text_weight=&#8221;600&#8243; uncode_shortcode_id=&#8221;108547&#8243;]Il World Wide Web conquista il mondo &#8211; anni &#8217;90 e 2000[\/vc_custom_heading][vc_column_text uncode_shortcode_id=&#8221;199995&#8243;]Se negli anni &#8217;50 abbiamo raccontato che il lancio della televisione svizzera segnava l&#8217;alba di una nuova era nel mondo dei media e della pubblicit\u00e0, ora dobbiamo spiegarci meglio. Perch\u00e9 a partire dagli anni &#8217;90 l&#8217;uso commerciale del World Wide Web ha cambiato tutto nel mondo dei media e della comunicazione. La globalizzazione dell&#8217;economia. La comunicazione. I media. La pubblicit\u00e0. Le normative, la responsabilit\u00e0 sociale delle imprese, la protezione dei consumatori, la protezione dei dati, i diritti d&#8217;uso e cos\u00ec via&#8230;[\/vc_column_text][\/vc_column][\/vc_row][vc_row][vc_column width=&#8221;1\/1&#8243;][uncode_block id=&#8221;277&#8243;][\/vc_column][\/vc_row][vc_row row_height_percent=&#8221;0&#8243; override_padding=&#8221;yes&#8221; h_padding=&#8221;2&#8243; top_padding=&#8221;2&#8243; bottom_padding=&#8221;3&#8243; overlay_alpha=&#8221;50&#8243; gutter_size=&#8221;3&#8243; column_width_percent=&#8221;100&#8243; shift_y=&#8221;0&#8243; z_index=&#8221;0&#8243; uncode_shortcode_id=&#8221;983892&#8243; row_name=&#8221;kommunikationsfachleute&#8221;][vc_column column_width_use_pixel=&#8221;yes&#8221; gutter_size=&#8221;2&#8243; overlay_alpha=&#8221;50&#8243; shift_x=&#8221;0&#8243; shift_y=&#8221;0&#8243; shift_y_down=&#8221;0&#8243; z_index=&#8221;0&#8243; medium_width=&#8221;0&#8243; mobile_width=&#8221;0&#8243; width=&#8221;1\/1&#8243; uncode_shortcode_id=&#8221;104419&#8243; column_width_pixel=&#8221;840&#8243;][vc_empty_space empty_h=&#8221;2&#8243;][vc_column_text uncode_shortcode_id=&#8221;168477&#8243;]<em>Autori: Mike H\u00e4hlen \/ Ekaterina Petrova<\/em><\/p>\n<p>\u00c8 risaputo e i pi\u00f9 anziani tra i nostri lettori lo sanno per esperienza personale: i precursori dell&#8217;odierno Internet furono inizialmente utilizzati per promuovere la ricerca militare, seguita dall&#8217;uso accademico nelle universit\u00e0. Negli anni &#8217;90 si \u00e8 trasformato in un mezzo di comunicazione di massa. Fino alla met\u00e0 degli anni Novanta, i normali consumatori utilizzavano Internet soprattutto come strumento di comunicazione, dopodich\u00e9 le aziende innovative hanno lanciato le prime applicazioni commerciali con i primi negozi.<\/p>\n<p>Allo stesso tempo, \u00e8 aumentata la variet\u00e0 dell&#8217;offerta radiofonica e televisiva in Svizzera. Le stazioni radiofoniche locali erano ben consolidate dal 1983; negli anni &#8217;90, sia le stazioni televisive locali che le emittenti private straniere hanno offerto un&#8217;enorme variet\u00e0 di programmi e opportunit\u00e0 pubblicitarie.<\/p>\n<h4><strong>Emancipazione dei consumatori<\/strong><\/h4>\n<p>Lo sviluppo tecnologico ha anche permesso un nuovo comportamento dei consumatori. Ha trasformato i acquirenti responsabili, in prosumer digitali e potenti. Mentre i primi tempi di Internet erano estremamente macchinosi, con una connessione telefonica o ISDN e l&#8217;avvio di un browser, il trionfo dei social media e degli smartphone a partire dal 2007 ha permesso l&#8217;ubiquit\u00e0 dei servizi e delle offerte. A ci\u00f2 si associano aspettative individuali che devono essere soddisfatte &#8211; sempre, ovunque, immediatamente.<\/p>\n<figure id=\"attachment_7301\" aria-describedby=\"caption-attachment-7301\" style=\"width: 751px\" class=\"wp-caption alignnone\"><img decoding=\"async\" class=\"wp-image-7299\" src=\"https:\/\/ks-cs.ch\/wp-content\/uploads\/2025\/04\/myspace.png\" alt=\"\" width=\"751\" height=\"611\" srcset=\"https:\/\/ks-cs.ch\/wp-content\/uploads\/2025\/04\/myspace.png 1130w, https:\/\/ks-cs.ch\/wp-content\/uploads\/2025\/04\/myspace-300x244.png 300w, https:\/\/ks-cs.ch\/wp-content\/uploads\/2025\/04\/myspace-1024x833.png 1024w, https:\/\/ks-cs.ch\/wp-content\/uploads\/2025\/04\/myspace-768x625.png 768w, https:\/\/ks-cs.ch\/wp-content\/uploads\/2025\/04\/myspace-350x285.png 350w\" sizes=\"(max-width: 751px) 100vw, 751px\" \/><figcaption id=\"caption-attachment-7301\" class=\"wp-caption-text\">Sessualit\u00e0 gestibile: l&#8217;allora rivoluzionario sito web MySpace.com<\/figcaption><\/figure>\n<p>Ricordate le prime chat room, MySpace e Friendster o i primi influencer? Anche allora i social media non erano particolarmente sociali. Non \u00e8 cambiato molto da allora. Tuttavia, \u00e8 rassicurante che le persone si nutrano di esperienze reali, emozioni ravvicinate e incontri personali. Pi\u00f9 il digitale aumenta, pi\u00f9 la fiducia nei marchi e nelle persone diventa importante.<\/p>\n<p>&nbsp;<\/p>\n<h4><strong>\u00abIl contenuto \u00e8 il re!\u00bb<\/strong><\/h4>\n<p>Bill Gates lo riconobbe e lo formul\u00f2 gi\u00e0 nel 1997 &#8211; e ancora si scontrava con l&#8217;attenzione di Microsoft per i contenuti giornalistici o addirittura editoriali. Il tentativo di acquisizione di Yahoo nel 2008 per l&#8217;euforica cifra di 46 miliardi di dollari USA la dice lunga. I dollari americani la dicono lunga.<\/p>\n<figure id=\"attachment_7298\" aria-describedby=\"caption-attachment-7298\" style=\"width: 753px\" class=\"wp-caption alignnone\"><img decoding=\"async\" class=\"wp-image-7296\" src=\"https:\/\/ks-cs.ch\/wp-content\/uploads\/2025\/04\/screenshot-yahoo.png\" alt=\"\" width=\"753\" height=\"444\" srcset=\"https:\/\/ks-cs.ch\/wp-content\/uploads\/2025\/04\/screenshot-yahoo.png 1430w, https:\/\/ks-cs.ch\/wp-content\/uploads\/2025\/04\/screenshot-yahoo-300x177.png 300w, https:\/\/ks-cs.ch\/wp-content\/uploads\/2025\/04\/screenshot-yahoo-1024x604.png 1024w, https:\/\/ks-cs.ch\/wp-content\/uploads\/2025\/04\/screenshot-yahoo-768x453.png 768w, https:\/\/ks-cs.ch\/wp-content\/uploads\/2025\/04\/screenshot-yahoo-350x206.png 350w\" sizes=\"(max-width: 753px) 100vw, 753px\" \/><figcaption id=\"caption-attachment-7298\" class=\"wp-caption-text\">\u00c8 stata quotata in borsa nel 1996 con 45 dipendenti, ha rifiutato un&#8217;offerta di acquisto da 45 miliardi di dollari da parte di Microsoft nel 2008 e oggi \u00e8 a malapena l&#8217;ombra di se stessa. Didascalia: schermata reale yahoo.com<\/figcaption><\/figure>\n<p>Nel suo DNA, un&#8217;azienda tecnologica non \u00e8 semplicemente un&#8217;azienda di media. Non c&#8217;\u00e8 da stupirsi che, al contrario, molte aziende di media esistenti abbiano da tempo trovato estremamente difficile commercializzare i contenuti digitali o sviluppare un modello di business individuale e adeguato.<\/p>\n<p>&nbsp;<\/p>\n<figure style=\"width: 749px\" class=\"wp-caption alignnone\"><img decoding=\"async\" class=\"\" src=\"https:\/\/miro.medium.com\/v2\/resize:fit:1300\/1*_OALo10h5SSLzQl7-72Tgw.jpeg\" alt=\"\" width=\"749\" height=\"462\" \/><figcaption class=\"wp-caption-text\">Legenda: Bill Gates ha riconosciuto che il contenuto \u00e8 il re gi\u00e0 nel 1996 e ha trovato pi\u00f9 che difficile implementare con successo questa consapevolezza nella sua azienda. <a href=\"https:\/\/medium.com\/@HeathEvans\/content-is-king-essay-by-bill-gates-1996-df74552f80d9\" target=\"_blank\" rel=\"noopener\">Fonte immagine<\/a><\/figcaption><\/figure>\n<h4>Sempre pi\u00f9 fitta: la giungla normativa<\/h4>\n<p>Non \u00e8 certo una coincidenza, ma una delle conseguenze del cambiamento tecnologico e comunicativo, che negli anni Novanta e negli anni del nuovo millennio sia aumentata la necessit\u00e0 di regolamentazione, sia per quanto riguarda le aziende e i media, sia per quanto riguarda la protezione dei consumatori.<\/p>\n<p>Nel 1986 \u00e8 entrata in vigore la legge sulla concorrenza sleale, ancora oggi estremamente attuale e direttamente applicabile in molti settori. Nel 1992 sono entrate in vigore le nuove leggi sul diritto d&#8217;autore e la predecessora dell&#8217;attuale legge sulla protezione dei dati, mentre dal 1995 la legge sui cartelli riveduta, incentrata sulla concorrenza, ha regolamentato il comportamento delle aziende. Tutte queste leggi erano ancora orientate al mondo analogico, cosa che \u00e8 stata corretta, ad esempio, nella legge sulla protezione dei dati 2024.<\/p>\n<p>&nbsp;<\/p>\n<h4>KS\/CS allora e oggi<\/h4>\n<p>La regolamentazione della pubblicit\u00e0 in Svizzera si \u00e8 evoluta costantemente nell&#8217;ultimo secolo. Dall&#8217;iniziale attenzione per l&#8217;autoregolamentazione e gli standard industriali alle misure legali complete per la protezione dei consumatori e i media digitali, essa riflette i cambiamenti tecnologici, sociali ed economici.<\/p>\n<p>KS\/CS si \u00e8 evoluta, ma i valori fondamentali rimangono gli stessi: integrit\u00e0, responsabilit\u00e0 e autenticit\u00e0. Il settore si trova ad affrontare nuove sfide. Da un lato, KS\/CS si impegna per una pubblicit\u00e0 pi\u00f9 equa, dall&#8217;altro, l&#8217;organizzazione ombrello insiste sulla necessit\u00e0 di preservare la libert\u00e0 economica e di pubblicizzare anche i beni di consumo disponibili legalmente. [\/vc_column_text][\/vc_column][\/vc_row][vc_row][vc_column width=&#8221;1\/1&#8243;][\/vc_column][\/vc_row][vc_row][vc_column width=&#8221;1\/1&#8243;][\/vc_column][\/vc_row]<\/p>\n<\/div>","protected":false},"excerpt":{"rendered":"<p>Se negli anni &#8217;50 abbiamo raccontato che il lancio della televisione svizzera segnava l&#8217;alba di una nuova era nel mondo dei media e della pubblicit\u00e0, ora dobbiamo spiegarci meglio. Perch\u00e9 a partire dagli anni &#8217;90 l&#8217;uso commerciale del World Wide Web ha cambiato tutto nel mondo dei media e della comunicazione. La globalizzazione dell&#8217;economia. La comunicazione. I media. La pubblicit\u00e0. Le normative, la responsabilit\u00e0 sociale delle imprese, la protezione dei consumatori, la protezione dei dati, i diritti d&#8217;uso e cos\u00ec via&#8230;      <\/p>\n","protected":false},"author":6,"featured_media":7310,"parent":6461,"menu_order":5,"comment_status":"closed","ping_status":"closed","template":"","meta":{"content-type":"","footnotes":""},"class_list":["post-6499","page","type-page","status-publish","has-post-thumbnail","hentry","page_category-anniversario"],"yoast_head":"<!-- This site is optimized with the Yoast SEO plugin v27.4 - https:\/\/yoast.com\/product\/yoast-seo-wordpress\/ -->\n<title>Il World Wide Web conquista il mondo - anni &#039;90 e 2000 - KS\/CS Comunicazione Svizzera<\/title>\n<meta name=\"description\" content=\"Se negli anni &#039;50 abbiamo raccontato che il lancio della televisione svizzera segnava l&#039;alba di una nuova era nel mondo dei media e della pubblicit\u00e0, ora dobbiamo spiegarci meglio.\" \/>\n<meta name=\"robots\" content=\"index, follow, max-snippet:-1, max-image-preview:large, max-video-preview:-1\" \/>\n<link rel=\"canonical\" href=\"https:\/\/ks-cs.ch\/it\/attuale\/100-ani-ks-cs\/il-world-wide-web-conquista-il-mondo-anni-90-e-2000\/\" \/>\n<meta property=\"og:locale\" content=\"it_IT\" \/>\n<meta property=\"og:type\" content=\"article\" \/>\n<meta property=\"og:title\" content=\"Il World Wide Web conquista il mondo - anni &#039;90 e 2000 - KS\/CS Comunicazione Svizzera\" \/>\n<meta property=\"og:description\" content=\"Se negli anni &#039;50 abbiamo raccontato che il lancio della televisione svizzera segnava l&#039;alba di una nuova era nel mondo dei media e della pubblicit\u00e0, ora dobbiamo spiegarci meglio.\" \/>\n<meta property=\"og:url\" content=\"https:\/\/ks-cs.ch\/it\/attuale\/100-ani-ks-cs\/il-world-wide-web-conquista-il-mondo-anni-90-e-2000\/\" \/>\n<meta property=\"og:site_name\" content=\"KS\/CS Comunicazione Svizzera\" \/>\n<meta property=\"article:modified_time\" content=\"2025-04-30T15:51:23+00:00\" \/>\n<meta property=\"og:image\" content=\"https:\/\/ks-cs.ch\/wp-content\/uploads\/2025\/04\/Bill-Gates.webp\" \/>\n\t<meta property=\"og:image:width\" content=\"650\" \/>\n\t<meta property=\"og:image:height\" content=\"401\" \/>\n\t<meta property=\"og:image:type\" content=\"image\/webp\" \/>\n<meta name=\"twitter:card\" content=\"summary_large_image\" \/>\n<meta name=\"twitter:label1\" content=\"Tempo di lettura stimato\" \/>\n\t<meta name=\"twitter:data1\" content=\"6 minuti\" \/>\n<script type=\"application\/ld+json\" class=\"yoast-schema-graph\">{\"@context\":\"https:\\\/\\\/schema.org\",\"@graph\":[{\"@type\":\"WebPage\",\"@id\":\"https:\\\/\\\/ks-cs.ch\\\/it\\\/attuale\\\/100-ani-ks-cs\\\/il-world-wide-web-conquista-il-mondo-anni-90-e-2000\\\/\",\"url\":\"https:\\\/\\\/ks-cs.ch\\\/it\\\/attuale\\\/100-ani-ks-cs\\\/il-world-wide-web-conquista-il-mondo-anni-90-e-2000\\\/\",\"name\":\"Il World Wide Web conquista il mondo - anni '90 e 2000 - KS\\\/CS Comunicazione Svizzera\",\"isPartOf\":{\"@id\":\"https:\\\/\\\/ks-cs.ch\\\/it\\\/#website\"},\"primaryImageOfPage\":{\"@id\":\"https:\\\/\\\/ks-cs.ch\\\/it\\\/attuale\\\/100-ani-ks-cs\\\/il-world-wide-web-conquista-il-mondo-anni-90-e-2000\\\/#primaryimage\"},\"image\":{\"@id\":\"https:\\\/\\\/ks-cs.ch\\\/it\\\/attuale\\\/100-ani-ks-cs\\\/il-world-wide-web-conquista-il-mondo-anni-90-e-2000\\\/#primaryimage\"},\"thumbnailUrl\":\"https:\\\/\\\/ks-cs.ch\\\/wp-content\\\/uploads\\\/2025\\\/04\\\/Bill-Gates.webp\",\"datePublished\":\"2025-04-28T15:06:22+00:00\",\"dateModified\":\"2025-04-30T15:51:23+00:00\",\"description\":\"Se negli anni '50 abbiamo raccontato che il lancio della televisione svizzera segnava l'alba di una nuova era nel mondo dei media e della pubblicit\u00e0, ora dobbiamo spiegarci meglio.\",\"breadcrumb\":{\"@id\":\"https:\\\/\\\/ks-cs.ch\\\/it\\\/attuale\\\/100-ani-ks-cs\\\/il-world-wide-web-conquista-il-mondo-anni-90-e-2000\\\/#breadcrumb\"},\"inLanguage\":\"it-IT\",\"potentialAction\":[{\"@type\":\"ReadAction\",\"target\":[\"https:\\\/\\\/ks-cs.ch\\\/it\\\/attuale\\\/100-ani-ks-cs\\\/il-world-wide-web-conquista-il-mondo-anni-90-e-2000\\\/\"]}]},{\"@type\":\"ImageObject\",\"inLanguage\":\"it-IT\",\"@id\":\"https:\\\/\\\/ks-cs.ch\\\/it\\\/attuale\\\/100-ani-ks-cs\\\/il-world-wide-web-conquista-il-mondo-anni-90-e-2000\\\/#primaryimage\",\"url\":\"https:\\\/\\\/ks-cs.ch\\\/wp-content\\\/uploads\\\/2025\\\/04\\\/Bill-Gates.webp\",\"contentUrl\":\"https:\\\/\\\/ks-cs.ch\\\/wp-content\\\/uploads\\\/2025\\\/04\\\/Bill-Gates.webp\",\"width\":650,\"height\":401},{\"@type\":\"BreadcrumbList\",\"@id\":\"https:\\\/\\\/ks-cs.ch\\\/it\\\/attuale\\\/100-ani-ks-cs\\\/il-world-wide-web-conquista-il-mondo-anni-90-e-2000\\\/#breadcrumb\",\"itemListElement\":[{\"@type\":\"ListItem\",\"position\":1,\"name\":\"Home\",\"item\":\"https:\\\/\\\/ks-cs.ch\\\/it\\\/\"},{\"@type\":\"ListItem\",\"position\":2,\"name\":\"Attuale\",\"item\":\"https:\\\/\\\/ks-cs.ch\\\/it\\\/attuale\\\/\"},{\"@type\":\"ListItem\",\"position\":3,\"name\":\"100 Anni KS\\\/CS\",\"item\":\"https:\\\/\\\/ks-cs.ch\\\/it\\\/attuale\\\/100-ani-ks-cs\\\/\"},{\"@type\":\"ListItem\",\"position\":4,\"name\":\"Il World Wide Web conquista il mondo &#8211; anni &#8217;90 e 2000\"}]},{\"@type\":\"WebSite\",\"@id\":\"https:\\\/\\\/ks-cs.ch\\\/it\\\/#website\",\"url\":\"https:\\\/\\\/ks-cs.ch\\\/it\\\/\",\"name\":\"KS\\\/CS Kommunikation Schweiz\",\"description\":\"Associazione di comunicazione commerciale\",\"publisher\":{\"@id\":\"https:\\\/\\\/ks-cs.ch\\\/it\\\/#organization\"},\"potentialAction\":[{\"@type\":\"SearchAction\",\"target\":{\"@type\":\"EntryPoint\",\"urlTemplate\":\"https:\\\/\\\/ks-cs.ch\\\/it\\\/?s={search_term_string}\"},\"query-input\":{\"@type\":\"PropertyValueSpecification\",\"valueRequired\":true,\"valueName\":\"search_term_string\"}}],\"inLanguage\":\"it-IT\"},{\"@type\":\"Organization\",\"@id\":\"https:\\\/\\\/ks-cs.ch\\\/it\\\/#organization\",\"name\":\"KS\\\/CS Kommunikation Schweiz\",\"url\":\"https:\\\/\\\/ks-cs.ch\\\/it\\\/\",\"logo\":{\"@type\":\"ImageObject\",\"inLanguage\":\"it-IT\",\"@id\":\"https:\\\/\\\/ks-cs.ch\\\/it\\\/#\\\/schema\\\/logo\\\/image\\\/\",\"url\":\"https:\\\/\\\/ks-cs.ch\\\/wp-content\\\/uploads\\\/2022\\\/12\\\/Logo-Social-Media-1.jpg\",\"contentUrl\":\"https:\\\/\\\/ks-cs.ch\\\/wp-content\\\/uploads\\\/2022\\\/12\\\/Logo-Social-Media-1.jpg\",\"width\":709,\"height\":608,\"caption\":\"KS\\\/CS Kommunikation Schweiz\"},\"image\":{\"@id\":\"https:\\\/\\\/ks-cs.ch\\\/it\\\/#\\\/schema\\\/logo\\\/image\\\/\"},\"sameAs\":[\"https:\\\/\\\/www.linkedin.com\\\/company\\\/kommunikation-schweiz-communication-suisse-comunicazione-svizzera-communication-switzerland\\\/\"]}]}<\/script>\n<!-- \/ Yoast SEO plugin. -->","yoast_head_json":{"title":"Il World Wide Web conquista il mondo - anni '90 e 2000 - KS\/CS Comunicazione Svizzera","description":"Se negli anni '50 abbiamo raccontato che il lancio della televisione svizzera segnava l'alba di una nuova era nel mondo dei media e della pubblicit\u00e0, ora dobbiamo spiegarci meglio.","robots":{"index":"index","follow":"follow","max-snippet":"max-snippet:-1","max-image-preview":"max-image-preview:large","max-video-preview":"max-video-preview:-1"},"canonical":"https:\/\/ks-cs.ch\/it\/attuale\/100-ani-ks-cs\/il-world-wide-web-conquista-il-mondo-anni-90-e-2000\/","og_locale":"it_IT","og_type":"article","og_title":"Il World Wide Web conquista il mondo - anni '90 e 2000 - KS\/CS Comunicazione Svizzera","og_description":"Se negli anni '50 abbiamo raccontato che il lancio della televisione svizzera segnava l'alba di una nuova era nel mondo dei media e della pubblicit\u00e0, ora dobbiamo spiegarci meglio.","og_url":"https:\/\/ks-cs.ch\/it\/attuale\/100-ani-ks-cs\/il-world-wide-web-conquista-il-mondo-anni-90-e-2000\/","og_site_name":"KS\/CS Comunicazione Svizzera","article_modified_time":"2025-04-30T15:51:23+00:00","og_image":[{"width":650,"height":401,"url":"https:\/\/ks-cs.ch\/wp-content\/uploads\/2025\/04\/Bill-Gates.webp","type":"image\/webp"}],"twitter_card":"summary_large_image","twitter_misc":{"Tempo di lettura stimato":"6 minuti"},"schema":{"@context":"https:\/\/schema.org","@graph":[{"@type":"WebPage","@id":"https:\/\/ks-cs.ch\/it\/attuale\/100-ani-ks-cs\/il-world-wide-web-conquista-il-mondo-anni-90-e-2000\/","url":"https:\/\/ks-cs.ch\/it\/attuale\/100-ani-ks-cs\/il-world-wide-web-conquista-il-mondo-anni-90-e-2000\/","name":"Il World Wide Web conquista il mondo - anni '90 e 2000 - KS\/CS Comunicazione Svizzera","isPartOf":{"@id":"https:\/\/ks-cs.ch\/it\/#website"},"primaryImageOfPage":{"@id":"https:\/\/ks-cs.ch\/it\/attuale\/100-ani-ks-cs\/il-world-wide-web-conquista-il-mondo-anni-90-e-2000\/#primaryimage"},"image":{"@id":"https:\/\/ks-cs.ch\/it\/attuale\/100-ani-ks-cs\/il-world-wide-web-conquista-il-mondo-anni-90-e-2000\/#primaryimage"},"thumbnailUrl":"https:\/\/ks-cs.ch\/wp-content\/uploads\/2025\/04\/Bill-Gates.webp","datePublished":"2025-04-28T15:06:22+00:00","dateModified":"2025-04-30T15:51:23+00:00","description":"Se negli anni '50 abbiamo raccontato che il lancio della televisione svizzera segnava l'alba di una nuova era nel mondo dei media e della pubblicit\u00e0, ora dobbiamo spiegarci meglio.","breadcrumb":{"@id":"https:\/\/ks-cs.ch\/it\/attuale\/100-ani-ks-cs\/il-world-wide-web-conquista-il-mondo-anni-90-e-2000\/#breadcrumb"},"inLanguage":"it-IT","potentialAction":[{"@type":"ReadAction","target":["https:\/\/ks-cs.ch\/it\/attuale\/100-ani-ks-cs\/il-world-wide-web-conquista-il-mondo-anni-90-e-2000\/"]}]},{"@type":"ImageObject","inLanguage":"it-IT","@id":"https:\/\/ks-cs.ch\/it\/attuale\/100-ani-ks-cs\/il-world-wide-web-conquista-il-mondo-anni-90-e-2000\/#primaryimage","url":"https:\/\/ks-cs.ch\/wp-content\/uploads\/2025\/04\/Bill-Gates.webp","contentUrl":"https:\/\/ks-cs.ch\/wp-content\/uploads\/2025\/04\/Bill-Gates.webp","width":650,"height":401},{"@type":"BreadcrumbList","@id":"https:\/\/ks-cs.ch\/it\/attuale\/100-ani-ks-cs\/il-world-wide-web-conquista-il-mondo-anni-90-e-2000\/#breadcrumb","itemListElement":[{"@type":"ListItem","position":1,"name":"Home","item":"https:\/\/ks-cs.ch\/it\/"},{"@type":"ListItem","position":2,"name":"Attuale","item":"https:\/\/ks-cs.ch\/it\/attuale\/"},{"@type":"ListItem","position":3,"name":"100 Anni KS\/CS","item":"https:\/\/ks-cs.ch\/it\/attuale\/100-ani-ks-cs\/"},{"@type":"ListItem","position":4,"name":"Il World Wide Web conquista il mondo &#8211; anni &#8217;90 e 2000"}]},{"@type":"WebSite","@id":"https:\/\/ks-cs.ch\/it\/#website","url":"https:\/\/ks-cs.ch\/it\/","name":"KS\/CS Kommunikation Schweiz","description":"Associazione di comunicazione commerciale","publisher":{"@id":"https:\/\/ks-cs.ch\/it\/#organization"},"potentialAction":[{"@type":"SearchAction","target":{"@type":"EntryPoint","urlTemplate":"https:\/\/ks-cs.ch\/it\/?s={search_term_string}"},"query-input":{"@type":"PropertyValueSpecification","valueRequired":true,"valueName":"search_term_string"}}],"inLanguage":"it-IT"},{"@type":"Organization","@id":"https:\/\/ks-cs.ch\/it\/#organization","name":"KS\/CS Kommunikation Schweiz","url":"https:\/\/ks-cs.ch\/it\/","logo":{"@type":"ImageObject","inLanguage":"it-IT","@id":"https:\/\/ks-cs.ch\/it\/#\/schema\/logo\/image\/","url":"https:\/\/ks-cs.ch\/wp-content\/uploads\/2022\/12\/Logo-Social-Media-1.jpg","contentUrl":"https:\/\/ks-cs.ch\/wp-content\/uploads\/2022\/12\/Logo-Social-Media-1.jpg","width":709,"height":608,"caption":"KS\/CS Kommunikation Schweiz"},"image":{"@id":"https:\/\/ks-cs.ch\/it\/#\/schema\/logo\/image\/"},"sameAs":["https:\/\/www.linkedin.com\/company\/kommunikation-schweiz-communication-suisse-comunicazione-svizzera-communication-switzerland\/"]}]}},"publishpress_future_action":{"enabled":false,"date":"2026-04-23 09:11:41","action":"change-status","newStatus":"draft","terms":[],"taxonomy":"translation_priority","extraData":[]},"publishpress_future_workflow_manual_trigger":{"enabledWorkflows":[]},"_links":{"self":[{"href":"https:\/\/ks-cs.ch\/it\/wp-json\/wp\/v2\/pages\/6499","targetHints":{"allow":["GET"]}}],"collection":[{"href":"https:\/\/ks-cs.ch\/it\/wp-json\/wp\/v2\/pages"}],"about":[{"href":"https:\/\/ks-cs.ch\/it\/wp-json\/wp\/v2\/types\/page"}],"author":[{"embeddable":true,"href":"https:\/\/ks-cs.ch\/it\/wp-json\/wp\/v2\/users\/6"}],"replies":[{"embeddable":true,"href":"https:\/\/ks-cs.ch\/it\/wp-json\/wp\/v2\/comments?post=6499"}],"version-history":[{"count":5,"href":"https:\/\/ks-cs.ch\/it\/wp-json\/wp\/v2\/pages\/6499\/revisions"}],"predecessor-version":[{"id":7364,"href":"https:\/\/ks-cs.ch\/it\/wp-json\/wp\/v2\/pages\/6499\/revisions\/7364"}],"up":[{"embeddable":true,"href":"https:\/\/ks-cs.ch\/it\/wp-json\/wp\/v2\/pages\/6461"}],"wp:featuredmedia":[{"embeddable":true,"href":"https:\/\/ks-cs.ch\/it\/wp-json\/wp\/v2\/media\/7310"}],"wp:attachment":[{"href":"https:\/\/ks-cs.ch\/it\/wp-json\/wp\/v2\/media?parent=6499"}],"curies":[{"name":"wp","href":"https:\/\/api.w.org\/{rel}","templated":true}]}}