{"id":6489,"date":"2024-12-18T14:10:11","date_gmt":"2024-12-18T13:10:11","guid":{"rendered":"https:\/\/ks-cs.ch\/?page_id=6489"},"modified":"2025-02-26T09:32:20","modified_gmt":"2025-02-26T08:32:20","slug":"dalle-origini-nei-roaring-twenties-allo-standard-negli-anni-40","status":"publish","type":"page","link":"https:\/\/ks-cs.ch\/it\/attuale\/100-ani-ks-cs\/dalle-origini-nei-roaring-twenties-allo-standard-negli-anni-40\/","title":{"rendered":"Dalle origini nei &#8220;Roaring Twenties&#8221; allo standard negli anni &#8217;40"},"content":{"rendered":"<div class=\"wpb-content-wrapper\"><p>[vc_row row_height_percent=&#8221;0&#8243; override_padding=&#8221;yes&#8221; h_padding=&#8221;2&#8243; top_padding=&#8221;3&#8243; bottom_padding=&#8221;2&#8243; overlay_alpha=&#8221;50&#8243; gutter_size=&#8221;3&#8243; column_width_percent=&#8221;100&#8243; shift_y=&#8221;0&#8243; z_index=&#8221;0&#8243; uncode_shortcode_id=&#8221;172934&#8243;][vc_column column_width_use_pixel=&#8221;yes&#8221; gutter_size=&#8221;2&#8243; overlay_alpha=&#8221;50&#8243; shift_x=&#8221;0&#8243; shift_y=&#8221;0&#8243; shift_y_down=&#8221;0&#8243; z_index=&#8221;0&#8243; medium_width=&#8221;0&#8243; mobile_width=&#8221;0&#8243; width=&#8221;1\/1&#8243; uncode_shortcode_id=&#8221;104419&#8243; column_width_pixel=&#8221;840&#8243;][uncode_breadcrumbs separator=&#8221;dash&#8221;][vc_custom_heading heading_semantic=&#8221;h1&#8243; text_size=&#8221;h1&#8243; text_weight=&#8221;600&#8243; uncode_shortcode_id=&#8221;174256&#8243;]<strong>Dalle origini nei &#8220;Roaring Twenties&#8221; allo standard negli anni &#8217;40<\/strong>[\/vc_custom_heading][vc_column_text uncode_shortcode_id=&#8221;118761&#8243;]Nell&#8217;anno della fondazione di Comunicazione Svizzera nel 1925, l&#8217;industria pubblicitaria svizzera era in una fase di crescita dinamica, fortemente influenzata dal boom economico dei &#8220;ruggenti anni 20&#8243;. KS\/CS Comunicazione Svizzera fu fondata allora con il nome di Associazione Svizzera della Pubblicit\u00e0 (ASP) per rafforzare la credibilit\u00e0 della pubblicit\u00e0 e creare standard di qualit\u00e0 uniformi. Questi standard aiutarono la giovane industria a superare gli anni difficili della guerra, in cui i valori patriottici giocavano un ruolo importante.<\/p>\n<p>.[\/vc_column_text][\/vc_column][\/vc_row][vc_row][vc_column width=&#8221;1\/1&#8243;][uncode_block id=&#8221;277&#8243;][\/vc_column][\/vc_row][vc_row row_height_percent=&#8221;0&#8243; override_padding=&#8221;yes&#8221; h_padding=&#8221;2&#8243; top_padding=&#8221;2&#8243; bottom_padding=&#8221;3&#8243; overlay_alpha=&#8221;50&#8243; gutter_size=&#8221;3&#8243; column_width_percent=&#8221;100&#8243; shift_y=&#8221;0&#8243; z_index=&#8221;0&#8243; uncode_shortcode_id=&#8221;983892&#8243; row_name=&#8221;kommunikationsfachleute&#8221;][vc_column column_width_use_pixel=&#8221;yes&#8221; gutter_size=&#8221;2&#8243; overlay_alpha=&#8221;50&#8243; shift_x=&#8221;0&#8243; shift_y=&#8221;0&#8243; shift_y_down=&#8221;0&#8243; z_index=&#8221;0&#8243; medium_width=&#8221;0&#8243; mobile_width=&#8221;0&#8243; width=&#8221;1\/1&#8243; uncode_shortcode_id=&#8221;104419&#8243; column_width_pixel=&#8221;840&#8243;][vc_empty_space empty_h=&#8221;2&#8243;][vc_column_text uncode_shortcode_id=&#8221;296799&#8243;]Dopo la Prima Guerra Mondiale, l&#8217;economia svizzera visse una significativa ripresa. Le aziende cercavano di rafforzare la loro identit\u00e0 di marca. Gli anni &#8217;20 furono un periodo fiorente per la grafica svizzera, in particolare nella pubblicit\u00e0 turistica. I manifesti culturali e turistici in stile Art Deco, con linee chiare, eleganti e forme simmetriche, presentavano l&#8217;unicit\u00e0 della Svizzera e rafforzavano la reputazione del paese come destinazione esclusiva. Questi manifesti posero le basi per il famoso &#8220;Swiss Style&#8221;, che nei decenni successivi ottenne riconoscimento mondiale e rappresentava qualit\u00e0 e precisione. Tuttavia, la pubblicit\u00e0 non era priva di controversie. Le veniva attribuito un potere assoluto e la manipolazione sleale dei consumatori. Questo port\u00f2 alla necessit\u00e0 per l&#8217;industria di introdurre standard autoimposti. Nel 1925, a questo scopo, fu fondata l&#8217;Associazione Svizzera della Pubblicit\u00e0.<\/p>\n<p><strong>La radio come nuovo mezzo<\/strong><\/p>\n<p>Negli stessi anni, la radio guadagnava importanza come nuovo mezzo di massa. Nel 1922 fu fondata la prima stazione radiofonica in Svizzera e a met\u00e0 degli anni &#8217;20 l&#8217;industria pubblicitaria riconobbe il potenziale di questo mezzo. Fino ad allora dominava la pubblicit\u00e0 stampata. La radio permetteva un contatto diretto ed emotivo con gli ascoltatori. Si rivel\u00f2 non solo un mezzo di informazione, ma anche una voce di coesione nei tempi economicamente incerti degli anni &#8217;30 e della Seconda Guerra Mondiale. L&#8217;Associazione Svizzera della Pubblicit\u00e0 gioc\u00f2 un ruolo importante nella creazione di un quadro etico per questa nuova forma di comunicazione. La responsabilit\u00e0 di una trasmissione morale e onesta dei contenuti fu vista come un&#8217;opportunit\u00e0 per promuovere valori positivi. Tuttavia, la vera pubblicit\u00e0 per le radio private fu permessa solo nel 1983, mentre la SRG, fino a oggi, pu\u00f2 trasmettere solo sponsorizzazioni.<\/p>\n<p><strong>Responsabilit\u00e0 sociale, autoregolamentazione e standard di qualit\u00e0<\/strong><\/p>\n<p>La crisi economica mondiale degli anni &#8217;30 ebbe anche profondi effetti sul mercato del lavoro e sulla struttura sociale. Si svilupp\u00f2 la consapevolezza che anche le aziende e gli inserzionisti avevano una responsabilit\u00e0 sociale. La pubblicit\u00e0 non doveva solo incentivare i consumi, ma basarsi sulla verit\u00e0 e contribuire alla coesione sociale. L&#8217;ASP promosse la &#8220;verit\u00e0 nella pubblicit\u00e0&#8221;, che non fu, in alcun modo, una reazione alla pressione statale. Piuttosto, l&#8217;industria cercava di migliorare l&#8217;immagine professionale. Era fondamentale sottolineare la crescente professionalit\u00e0 dell&#8217;industria, distanziandosi dagli inizi della pubblicit\u00e0, un tempo di successo ma ormai considerati discutibili. Gli operatori vedevano questo cambiamento come un progresso necessario, parallelo agli sviluppi nelle discipline scientifiche e che segnava l&#8217;inizio dell&#8217;autoregolamentazione.<\/p>\n<p>Lo scoppio della Seconda Guerra Mondiale cambi\u00f2 anche il clima politico, sociale ed economico. Durante l&#8217;economia di guerra, i beni di prima necessit\u00e0 come cibo, scarpe, vestiti e combustibili erano razionati. Il governo svizzero inizi\u00f2 a intervenire maggiormente nell&#8217;industria pubblicitaria. Nel 1943 fu approvata una legge che vietava la pubblicit\u00e0 ingannevole. L&#8217;Associazione Svizzera della Pubblicit\u00e0 gioc\u00f2 un ruolo centrale come mediatore e custode di questi principi e stabil\u00ec standard per la trasparenza e la corretta rappresentazione dei prodotti pubblicizzati.<\/p>\n<p><strong>Allora come oggi<\/strong><\/p>\n<p>L&#8217;attenzione originale sulla &#8220;verit\u00e0 nella pubblicit\u00e0&#8221; \u00e8 oggi ancora attuale! Il ruolo di KS\/CS si \u00e8 evoluto nel corso dei decenni, ma i valori fondamentali sono rimasti: integrit\u00e0, responsabilit\u00e0 e autenticit\u00e0. In un mondo sempre pi\u00f9 digitale, con concorrenza globale e voci forti sulla regolamentazione dei contenuti pubblicitari e dei canali pubblicitari, l&#8217;industria affronta nuove sfide. Le questioni relative alla sostenibilit\u00e0, alla concorrenza sleale, alla privacy e alla protezione dei dati personali e agli effetti della pubblicit\u00e0 sulla societ\u00e0 sono oggi ancora pi\u00f9 rilevanti. KS\/CS si impegna da un lato per una pubblicit\u00e0 leale, dall&#8217;altro insiste sul principio che la libert\u00e0 economica debba essere preservata e che i beni di consumo legalmente disponibili possano essere pubblicizzati<span style=\"font-family: -apple-system, BlinkMacSystemFont, 'Segoe UI', Roboto, Oxygen-Sans, Ubuntu, Cantarell, 'Helvetica Neue', sans-serif;\">.[\/vc_column_text][\/vc_column][\/vc_row][vc_row][vc_column width=&#8221;1\/1&#8243;][\/vc_column][\/vc_row][vc_row][vc_column width=&#8221;1\/1&#8243;][\/vc_column][\/vc_row]<\/span><\/p>\n<\/div>","protected":false},"excerpt":{"rendered":"<p>Nell\u2019anno della fondazione di Comunicazione Svizzera nel 1925, l\u2019industria pubblicitaria svizzera era in una fase di crescita dinamica, fortemente influenzata dal boom economico dei \u201cruggenti anni 20\u201d. KS\/CS Comunicazione Svizzera fu fondata allora con il nome di Associazione Svizzera della Pubblicit\u00e0 (ASP) per rafforzare la credibilit\u00e0 della pubblicit\u00e0 e creare standard di qualit\u00e0 uniformi. Questi standard aiutarono la giovane industria a superare gli anni difficili della guerra, in cui i valori patriottici giocavano un ruolo importante.<\/p>\n","protected":false},"author":6,"featured_media":6620,"parent":6461,"menu_order":2,"comment_status":"closed","ping_status":"closed","template":"","meta":{"content-type":"","footnotes":""},"class_list":["post-6489","page","type-page","status-publish","has-post-thumbnail","hentry","page_category-anniversario"],"yoast_head":"<!-- This site is optimized with the Yoast SEO plugin v27.3 - https:\/\/yoast.com\/product\/yoast-seo-wordpress\/ -->\n<title>Dalle origini nei &quot;Roaring Twenties&quot; allo standard negli anni &#039;40 - KS\/CS Comunicazione Svizzera<\/title>\n<meta name=\"description\" content=\"Formazione specialistica - La via migliore per una carriera nella comunicazione. Il duplice percorso orientato alla pratica con una solida base teorica apre le porte ad un ampio spettro.\" \/>\n<meta name=\"robots\" content=\"index, follow, max-snippet:-1, max-image-preview:large, max-video-preview:-1\" \/>\n<link rel=\"canonical\" href=\"https:\/\/ks-cs.ch\/it\/attuale\/100-ani-ks-cs\/dalle-origini-nei-roaring-twenties-allo-standard-negli-anni-40\/\" \/>\n<meta property=\"og:locale\" content=\"it_IT\" \/>\n<meta property=\"og:type\" content=\"article\" \/>\n<meta property=\"og:title\" content=\"Dalle origini nei &quot;Roaring Twenties&quot; allo standard negli anni &#039;40 - KS\/CS Comunicazione Svizzera\" \/>\n<meta property=\"og:description\" content=\"Formazione specialistica - La via migliore per una carriera nella comunicazione. Il duplice percorso orientato alla pratica con una solida base teorica apre le porte ad un ampio spettro.\" \/>\n<meta property=\"og:url\" content=\"https:\/\/ks-cs.ch\/it\/attuale\/100-ani-ks-cs\/dalle-origini-nei-roaring-twenties-allo-standard-negli-anni-40\/\" \/>\n<meta property=\"og:site_name\" content=\"KS\/CS Comunicazione Svizzera\" \/>\n<meta property=\"article:modified_time\" content=\"2025-02-26T08:32:20+00:00\" \/>\n<meta property=\"og:image\" content=\"https:\/\/ks-cs.ch\/wp-content\/uploads\/2024\/11\/100_Jahre_KS_CS_Auszug_Gruendungsprotokoll.png\" \/>\n\t<meta property=\"og:image:width\" content=\"1236\" \/>\n\t<meta property=\"og:image:height\" content=\"1184\" \/>\n\t<meta property=\"og:image:type\" content=\"image\/png\" \/>\n<meta name=\"twitter:card\" content=\"summary_large_image\" \/>\n<meta name=\"twitter:label1\" content=\"Tempo di lettura stimato\" \/>\n\t<meta name=\"twitter:data1\" content=\"5 minuti\" \/>\n<script type=\"application\/ld+json\" class=\"yoast-schema-graph\">{\"@context\":\"https:\\\/\\\/schema.org\",\"@graph\":[{\"@type\":\"WebPage\",\"@id\":\"https:\\\/\\\/ks-cs.ch\\\/it\\\/attuale\\\/100-ani-ks-cs\\\/dalle-origini-nei-roaring-twenties-allo-standard-negli-anni-40\\\/\",\"url\":\"https:\\\/\\\/ks-cs.ch\\\/it\\\/attuale\\\/100-ani-ks-cs\\\/dalle-origini-nei-roaring-twenties-allo-standard-negli-anni-40\\\/\",\"name\":\"Dalle origini nei \\\"Roaring Twenties\\\" allo standard negli anni '40 - KS\\\/CS Comunicazione Svizzera\",\"isPartOf\":{\"@id\":\"https:\\\/\\\/ks-cs.ch\\\/it\\\/#website\"},\"primaryImageOfPage\":{\"@id\":\"https:\\\/\\\/ks-cs.ch\\\/it\\\/attuale\\\/100-ani-ks-cs\\\/dalle-origini-nei-roaring-twenties-allo-standard-negli-anni-40\\\/#primaryimage\"},\"image\":{\"@id\":\"https:\\\/\\\/ks-cs.ch\\\/it\\\/attuale\\\/100-ani-ks-cs\\\/dalle-origini-nei-roaring-twenties-allo-standard-negli-anni-40\\\/#primaryimage\"},\"thumbnailUrl\":\"https:\\\/\\\/ks-cs.ch\\\/wp-content\\\/uploads\\\/2024\\\/11\\\/100_Jahre_KS_CS_Auszug_Gruendungsprotokoll.png\",\"datePublished\":\"2024-12-18T13:10:11+00:00\",\"dateModified\":\"2025-02-26T08:32:20+00:00\",\"description\":\"Formazione specialistica - La via migliore per una carriera nella comunicazione. Il duplice percorso orientato alla pratica con una solida base teorica apre le porte ad un ampio spettro.\",\"breadcrumb\":{\"@id\":\"https:\\\/\\\/ks-cs.ch\\\/it\\\/attuale\\\/100-ani-ks-cs\\\/dalle-origini-nei-roaring-twenties-allo-standard-negli-anni-40\\\/#breadcrumb\"},\"inLanguage\":\"it-IT\",\"potentialAction\":[{\"@type\":\"ReadAction\",\"target\":[\"https:\\\/\\\/ks-cs.ch\\\/it\\\/attuale\\\/100-ani-ks-cs\\\/dalle-origini-nei-roaring-twenties-allo-standard-negli-anni-40\\\/\"]}]},{\"@type\":\"ImageObject\",\"inLanguage\":\"it-IT\",\"@id\":\"https:\\\/\\\/ks-cs.ch\\\/it\\\/attuale\\\/100-ani-ks-cs\\\/dalle-origini-nei-roaring-twenties-allo-standard-negli-anni-40\\\/#primaryimage\",\"url\":\"https:\\\/\\\/ks-cs.ch\\\/wp-content\\\/uploads\\\/2024\\\/11\\\/100_Jahre_KS_CS_Auszug_Gruendungsprotokoll.png\",\"contentUrl\":\"https:\\\/\\\/ks-cs.ch\\\/wp-content\\\/uploads\\\/2024\\\/11\\\/100_Jahre_KS_CS_Auszug_Gruendungsprotokoll.png\",\"width\":1236,\"height\":1184},{\"@type\":\"BreadcrumbList\",\"@id\":\"https:\\\/\\\/ks-cs.ch\\\/it\\\/attuale\\\/100-ani-ks-cs\\\/dalle-origini-nei-roaring-twenties-allo-standard-negli-anni-40\\\/#breadcrumb\",\"itemListElement\":[{\"@type\":\"ListItem\",\"position\":1,\"name\":\"Home\",\"item\":\"https:\\\/\\\/ks-cs.ch\\\/it\\\/\"},{\"@type\":\"ListItem\",\"position\":2,\"name\":\"Attuale\",\"item\":\"https:\\\/\\\/ks-cs.ch\\\/it\\\/attuale\\\/\"},{\"@type\":\"ListItem\",\"position\":3,\"name\":\"Dalle origini nei &#8222;Roaring Twenties&#8220; allo standard negli anni &#8217;40\"}]},{\"@type\":\"WebSite\",\"@id\":\"https:\\\/\\\/ks-cs.ch\\\/it\\\/#website\",\"url\":\"https:\\\/\\\/ks-cs.ch\\\/it\\\/\",\"name\":\"KS\\\/CS Kommunikation Schweiz\",\"description\":\"Associazione di comunicazione commerciale\",\"publisher\":{\"@id\":\"https:\\\/\\\/ks-cs.ch\\\/it\\\/#organization\"},\"potentialAction\":[{\"@type\":\"SearchAction\",\"target\":{\"@type\":\"EntryPoint\",\"urlTemplate\":\"https:\\\/\\\/ks-cs.ch\\\/it\\\/?s={search_term_string}\"},\"query-input\":{\"@type\":\"PropertyValueSpecification\",\"valueRequired\":true,\"valueName\":\"search_term_string\"}}],\"inLanguage\":\"it-IT\"},{\"@type\":\"Organization\",\"@id\":\"https:\\\/\\\/ks-cs.ch\\\/it\\\/#organization\",\"name\":\"KS\\\/CS Kommunikation Schweiz\",\"url\":\"https:\\\/\\\/ks-cs.ch\\\/it\\\/\",\"logo\":{\"@type\":\"ImageObject\",\"inLanguage\":\"it-IT\",\"@id\":\"https:\\\/\\\/ks-cs.ch\\\/it\\\/#\\\/schema\\\/logo\\\/image\\\/\",\"url\":\"https:\\\/\\\/ks-cs.ch\\\/wp-content\\\/uploads\\\/2022\\\/12\\\/Logo-Social-Media-1.jpg\",\"contentUrl\":\"https:\\\/\\\/ks-cs.ch\\\/wp-content\\\/uploads\\\/2022\\\/12\\\/Logo-Social-Media-1.jpg\",\"width\":709,\"height\":608,\"caption\":\"KS\\\/CS Kommunikation Schweiz\"},\"image\":{\"@id\":\"https:\\\/\\\/ks-cs.ch\\\/it\\\/#\\\/schema\\\/logo\\\/image\\\/\"},\"sameAs\":[\"https:\\\/\\\/www.linkedin.com\\\/company\\\/kommunikation-schweiz-communication-suisse-comunicazione-svizzera-communication-switzerland\\\/\"]}]}<\/script>\n<!-- \/ Yoast SEO plugin. -->","yoast_head_json":{"title":"Dalle origini nei \"Roaring Twenties\" allo standard negli anni '40 - KS\/CS Comunicazione Svizzera","description":"Formazione specialistica - La via migliore per una carriera nella comunicazione. Il duplice percorso orientato alla pratica con una solida base teorica apre le porte ad un ampio spettro.","robots":{"index":"index","follow":"follow","max-snippet":"max-snippet:-1","max-image-preview":"max-image-preview:large","max-video-preview":"max-video-preview:-1"},"canonical":"https:\/\/ks-cs.ch\/it\/attuale\/100-ani-ks-cs\/dalle-origini-nei-roaring-twenties-allo-standard-negli-anni-40\/","og_locale":"it_IT","og_type":"article","og_title":"Dalle origini nei \"Roaring Twenties\" allo standard negli anni '40 - KS\/CS Comunicazione Svizzera","og_description":"Formazione specialistica - La via migliore per una carriera nella comunicazione. Il duplice percorso orientato alla pratica con una solida base teorica apre le porte ad un ampio spettro.","og_url":"https:\/\/ks-cs.ch\/it\/attuale\/100-ani-ks-cs\/dalle-origini-nei-roaring-twenties-allo-standard-negli-anni-40\/","og_site_name":"KS\/CS Comunicazione Svizzera","article_modified_time":"2025-02-26T08:32:20+00:00","og_image":[{"width":1236,"height":1184,"url":"https:\/\/ks-cs.ch\/wp-content\/uploads\/2024\/11\/100_Jahre_KS_CS_Auszug_Gruendungsprotokoll.png","type":"image\/png"}],"twitter_card":"summary_large_image","twitter_misc":{"Tempo di lettura stimato":"5 minuti"},"schema":{"@context":"https:\/\/schema.org","@graph":[{"@type":"WebPage","@id":"https:\/\/ks-cs.ch\/it\/attuale\/100-ani-ks-cs\/dalle-origini-nei-roaring-twenties-allo-standard-negli-anni-40\/","url":"https:\/\/ks-cs.ch\/it\/attuale\/100-ani-ks-cs\/dalle-origini-nei-roaring-twenties-allo-standard-negli-anni-40\/","name":"Dalle origini nei \"Roaring Twenties\" allo standard negli anni '40 - KS\/CS Comunicazione Svizzera","isPartOf":{"@id":"https:\/\/ks-cs.ch\/it\/#website"},"primaryImageOfPage":{"@id":"https:\/\/ks-cs.ch\/it\/attuale\/100-ani-ks-cs\/dalle-origini-nei-roaring-twenties-allo-standard-negli-anni-40\/#primaryimage"},"image":{"@id":"https:\/\/ks-cs.ch\/it\/attuale\/100-ani-ks-cs\/dalle-origini-nei-roaring-twenties-allo-standard-negli-anni-40\/#primaryimage"},"thumbnailUrl":"https:\/\/ks-cs.ch\/wp-content\/uploads\/2024\/11\/100_Jahre_KS_CS_Auszug_Gruendungsprotokoll.png","datePublished":"2024-12-18T13:10:11+00:00","dateModified":"2025-02-26T08:32:20+00:00","description":"Formazione specialistica - La via migliore per una carriera nella comunicazione. Il duplice percorso orientato alla pratica con una solida base teorica apre le porte ad un ampio spettro.","breadcrumb":{"@id":"https:\/\/ks-cs.ch\/it\/attuale\/100-ani-ks-cs\/dalle-origini-nei-roaring-twenties-allo-standard-negli-anni-40\/#breadcrumb"},"inLanguage":"it-IT","potentialAction":[{"@type":"ReadAction","target":["https:\/\/ks-cs.ch\/it\/attuale\/100-ani-ks-cs\/dalle-origini-nei-roaring-twenties-allo-standard-negli-anni-40\/"]}]},{"@type":"ImageObject","inLanguage":"it-IT","@id":"https:\/\/ks-cs.ch\/it\/attuale\/100-ani-ks-cs\/dalle-origini-nei-roaring-twenties-allo-standard-negli-anni-40\/#primaryimage","url":"https:\/\/ks-cs.ch\/wp-content\/uploads\/2024\/11\/100_Jahre_KS_CS_Auszug_Gruendungsprotokoll.png","contentUrl":"https:\/\/ks-cs.ch\/wp-content\/uploads\/2024\/11\/100_Jahre_KS_CS_Auszug_Gruendungsprotokoll.png","width":1236,"height":1184},{"@type":"BreadcrumbList","@id":"https:\/\/ks-cs.ch\/it\/attuale\/100-ani-ks-cs\/dalle-origini-nei-roaring-twenties-allo-standard-negli-anni-40\/#breadcrumb","itemListElement":[{"@type":"ListItem","position":1,"name":"Home","item":"https:\/\/ks-cs.ch\/it\/"},{"@type":"ListItem","position":2,"name":"Attuale","item":"https:\/\/ks-cs.ch\/it\/attuale\/"},{"@type":"ListItem","position":3,"name":"Dalle origini nei &#8222;Roaring Twenties&#8220; allo standard negli anni &#8217;40"}]},{"@type":"WebSite","@id":"https:\/\/ks-cs.ch\/it\/#website","url":"https:\/\/ks-cs.ch\/it\/","name":"KS\/CS Kommunikation Schweiz","description":"Associazione di comunicazione commerciale","publisher":{"@id":"https:\/\/ks-cs.ch\/it\/#organization"},"potentialAction":[{"@type":"SearchAction","target":{"@type":"EntryPoint","urlTemplate":"https:\/\/ks-cs.ch\/it\/?s={search_term_string}"},"query-input":{"@type":"PropertyValueSpecification","valueRequired":true,"valueName":"search_term_string"}}],"inLanguage":"it-IT"},{"@type":"Organization","@id":"https:\/\/ks-cs.ch\/it\/#organization","name":"KS\/CS Kommunikation Schweiz","url":"https:\/\/ks-cs.ch\/it\/","logo":{"@type":"ImageObject","inLanguage":"it-IT","@id":"https:\/\/ks-cs.ch\/it\/#\/schema\/logo\/image\/","url":"https:\/\/ks-cs.ch\/wp-content\/uploads\/2022\/12\/Logo-Social-Media-1.jpg","contentUrl":"https:\/\/ks-cs.ch\/wp-content\/uploads\/2022\/12\/Logo-Social-Media-1.jpg","width":709,"height":608,"caption":"KS\/CS Kommunikation Schweiz"},"image":{"@id":"https:\/\/ks-cs.ch\/it\/#\/schema\/logo\/image\/"},"sameAs":["https:\/\/www.linkedin.com\/company\/kommunikation-schweiz-communication-suisse-comunicazione-svizzera-communication-switzerland\/"]}]}},"publishpress_future_action":{"enabled":false,"date":"2026-04-14 15:47:49","action":"change-status","newStatus":"draft","terms":[],"taxonomy":"translation_priority","extraData":[]},"publishpress_future_workflow_manual_trigger":{"enabledWorkflows":[]},"_links":{"self":[{"href":"https:\/\/ks-cs.ch\/it\/wp-json\/wp\/v2\/pages\/6489","targetHints":{"allow":["GET"]}}],"collection":[{"href":"https:\/\/ks-cs.ch\/it\/wp-json\/wp\/v2\/pages"}],"about":[{"href":"https:\/\/ks-cs.ch\/it\/wp-json\/wp\/v2\/types\/page"}],"author":[{"embeddable":true,"href":"https:\/\/ks-cs.ch\/it\/wp-json\/wp\/v2\/users\/6"}],"replies":[{"embeddable":true,"href":"https:\/\/ks-cs.ch\/it\/wp-json\/wp\/v2\/comments?post=6489"}],"version-history":[{"count":8,"href":"https:\/\/ks-cs.ch\/it\/wp-json\/wp\/v2\/pages\/6489\/revisions"}],"predecessor-version":[{"id":7095,"href":"https:\/\/ks-cs.ch\/it\/wp-json\/wp\/v2\/pages\/6489\/revisions\/7095"}],"up":[{"embeddable":true,"href":"https:\/\/ks-cs.ch\/it\/wp-json\/wp\/v2\/pages\/6461"}],"wp:featuredmedia":[{"embeddable":true,"href":"https:\/\/ks-cs.ch\/it\/wp-json\/wp\/v2\/media\/6620"}],"wp:attachment":[{"href":"https:\/\/ks-cs.ch\/it\/wp-json\/wp\/v2\/media?parent=6489"}],"curies":[{"name":"wp","href":"https:\/\/api.w.org\/{rel}","templated":true}]}}