{"id":6469,"date":"2024-10-30T15:22:28","date_gmt":"2024-10-30T14:22:28","guid":{"rendered":"https:\/\/ks-cs.ch\/?page_id=6469"},"modified":"2025-04-30T17:16:59","modified_gmt":"2025-04-30T15:16:59","slug":"un-viaggio-nel-tempo","status":"publish","type":"page","link":"https:\/\/ks-cs.ch\/it\/attuale\/100-ani-ks-cs\/un-viaggio-nel-tempo\/","title":{"rendered":"Un viaggio nel tempo"},"content":{"rendered":"<div class=\"wpb-content-wrapper\"><p>[vc_row row_height_percent=&#8221;0&#8243; override_padding=&#8221;yes&#8221; h_padding=&#8221;2&#8243; top_padding=&#8221;3&#8243; bottom_padding=&#8221;2&#8243; overlay_alpha=&#8221;50&#8243; gutter_size=&#8221;3&#8243; column_width_percent=&#8221;100&#8243; shift_y=&#8221;0&#8243; z_index=&#8221;0&#8243; uncode_shortcode_id=&#8221;172934&#8243;][vc_column column_width_use_pixel=&#8221;yes&#8221; gutter_size=&#8221;2&#8243; overlay_alpha=&#8221;50&#8243; shift_x=&#8221;0&#8243; shift_y=&#8221;0&#8243; shift_y_down=&#8221;0&#8243; z_index=&#8221;0&#8243; medium_width=&#8221;0&#8243; mobile_width=&#8221;0&#8243; width=&#8221;1\/1&#8243; uncode_shortcode_id=&#8221;104419&#8243; column_width_pixel=&#8221;840&#8243;][uncode_breadcrumbs separator=&#8221;dash&#8221;][vc_custom_heading heading_semantic=&#8221;h1&#8243; text_size=&#8221;h1&#8243; text_weight=&#8221;600&#8243; uncode_shortcode_id=&#8221;691869&#8243;]Un viaggio nel tempo[\/vc_custom_heading][vc_column_text uncode_shortcode_id=&#8221;157390&#8243;]<\/p>\n<p>Dalla sua fondazione nel 1925, KS\/CS Comunicazione Svizzera si \u00e8 affermata come partner affidabile dell&#8217;industria pubblicitaria. Le visioni dell&#8217;epoca, volte a promuovere la pubblicit\u00e0 come elemento centrale dell&#8217;economia e della formazione dell&#8217;opinione, caratterizzano ancora oggi l&#8217;associazione. Con un impegno chiaro verso una comunicazione responsabile e trasparente e l&#8217;autoregolamentazione, KS\/CS ha affrontato con successo i cambiamenti del tempo. In un futuro digitale segnato dall&#8217;intelligenza artificiale (IA) e dalle innovazioni tecnologiche, l&#8217;associazione continua a preparare il terreno per una pubblicit\u00e0 moderna, equa ed etica a livello politico.[\/vc_column_text][\/vc_column][\/vc_row][vc_row][vc_column width=&#8221;1\/1&#8243;][uncode_block id=&#8221;277&#8243;][\/vc_column][\/vc_row][vc_row row_height_percent=&#8221;0&#8243; override_padding=&#8221;yes&#8221; h_padding=&#8221;2&#8243; top_padding=&#8221;2&#8243; bottom_padding=&#8221;3&#8243; overlay_alpha=&#8221;50&#8243; gutter_size=&#8221;3&#8243; column_width_percent=&#8221;100&#8243; shift_y=&#8221;0&#8243; z_index=&#8221;0&#8243; uncode_shortcode_id=&#8221;983892&#8243; row_name=&#8221;kommunikationsfachleute&#8221;][vc_column column_width_use_pixel=&#8221;yes&#8221; gutter_size=&#8221;2&#8243; overlay_alpha=&#8221;50&#8243; shift_x=&#8221;0&#8243; shift_y=&#8221;0&#8243; shift_y_down=&#8221;0&#8243; z_index=&#8221;0&#8243; medium_width=&#8221;0&#8243; mobile_width=&#8221;0&#8243; width=&#8221;1\/1&#8243; uncode_shortcode_id=&#8221;104419&#8243; column_width_pixel=&#8221;840&#8243;][vc_empty_space empty_h=&#8221;2&#8243;][vc_column_text uncode_shortcode_id=&#8221;678973&#8243;]<\/p>\n<p>Nel 1925, quasi un secolo fa, \u00e8 stata fondata l&#8217;Associazione Svizzera della Pubblicit\u00e0. La sua creazione avveniva in un&#8217;epoca caratterizzata da un&#8217;economia in piena espansione, in cui la pubblicit\u00e0 giocava un ruolo centrale nella crescita e nella modernizzazione. Le aziende hanno iniziato a utilizzare la pubblicit\u00e0 in modo mirato per rendere i loro prodotti e servizi accessibili a un pubblico pi\u00f9 ampio. L&#8217;obiettivo principale dell&#8217;associazione era promuovere l&#8217;importanza della pubblicit\u00e0 e garantire condizioni chiare ed eque che avrebbero beneficiato non solo l&#8217;economia, ma anche la societ\u00e0.<\/p>\n<p>Gi\u00e0 allora, i pionieri della comunicazione commerciale avevano riconosciuto che un&#8217;economia fiorente aveva bisogno di un&#8217;industria pubblicitaria forte per informare la popolazione sui nuovi prodotti e sulle innovazioni. Non si trattava solo di profitto economico, ma anche di vantaggi sociali: le persone dovevano essere informate, istruite e in grado di prendere decisioni consapevoli. La pubblicit\u00e0 era vista come un mezzo di formazione dell&#8217;opinione e di educazione \u2013 e questo in un&#8217;epoca caratterizzata dall&#8217;industrializzazione e dal progresso tecnologico.<\/p>\n<p><strong>Il cambiamento dei tempi e la costanza dei valori<\/strong><\/p>\n<p>Oggi, 100 anni dopo, l&#8217;industria pubblicitaria svizzera \u00e8 un elemento importante dell&#8217;economia nazionale. KS\/CS Comunicazione Svizzera, cos\u00ec si chiama oggi l&#8217;associazione, mantiene le visioni di allora \u2013 ma in un mondo che \u00e8 cambiato radicalmente. I principi stabiliti dai fondatori un secolo fa non hanno perso nulla della loro attualit\u00e0.<\/p>\n<p>La pubblicit\u00e0 rimane un elemento centrale dell&#8217;economia di mercato libera e della societ\u00e0 dell&#8217;informazione democratica. La comunicazione commerciale gode della protezione dei diritti costituzionali, in particolare della libert\u00e0 economica e dell&#8217;informazione. Proprio come allora, l&#8217;associazione garantisce che la pubblicit\u00e0 sia onesta e responsabile, che i suoi mittenti siano noti e che i messaggi pubblicitari siano trasmessi in modo trasparente. Questo assicura la fiducia della popolazione nella comunicazione e rafforza il ruolo della pubblicit\u00e0 come mezzo di educazione e trasparenza economica.<\/p>\n<p>Una differenza essenziale, rispetto agli inizi, risiede tuttavia nelle sfide attuali. Mentre i primi anni erano dominati dagli annunci stampati e dai manifesti, oggi siamo nell&#8217;era della rivoluzione digitale. L&#8217;IA, la pubblicit\u00e0 online e i social media aprono possibilit\u00e0 inimmaginabili \u2013 ma pongono anche nuove sfide. Si tratta di trovare un equilibrio tra la libert\u00e0 della pubblicit\u00e0 e gli sviluppi etici, sociali e tecnologici del nostro tempo.<\/p>\n<p><strong>La responsabilit\u00e0 dell&#8217;industria \u2013 ieri come oggi<\/strong><\/p>\n<p>Ci\u00f2 che non \u00e8 cambiato \u00e8 la responsabilit\u00e0 che l&#8217;associazione porta. KS\/CS Comunicazione Svizzera si impegna oggi \u2013 come 100 anni fa \u2013 per condizioni quadro politiche equilibrate e economicamente sensate. Solo cos\u00ec le aziende, le istituzioni e gli individui possono agire in un&#8217;economia libera e prospera.<\/p>\n<p>L&#8217;industria pubblicitaria non \u00e8 solo un datore di lavoro importante, ma contribuisce anche in modo significativo alla formazione e all&#8217;istruzione dei professionisti. Promuove la creativit\u00e0 e l&#8217;innovazione in un&#8217;industria dinamica e in continua evoluzione. KS\/CS \u00e8 particolarmente orgogliosa del suo ruolo come organizzatore degli esami federali. Grazie a questa funzione, l&#8217;associazione contribuisce direttamente a garantire che la Svizzera sia una solida piazza economica. KS\/CS segue attivamente il panorama politico e si impegna a favore di leggi che non danneggino l&#8217;industria pubblicitaria, ma che ne rafforzino la libert\u00e0 e la responsabilit\u00e0. Ci impegniamo cos\u00ec in citt\u00e0 come Zurigo e Berna affinch\u00e9 la pubblicit\u00e0 esterna mantenga il suo posto legittimo nel paesaggio urbano. Anche i piani di legge annunciati dall&#8217;Ufficio federale della sicurezza alimentare e degli affari veterinari (USAV) per regolamentare il marketing alimentare destinato ai bambini ci preoccupano. KS\/CS svolge gi\u00e0 oggi un importante lavoro di sensibilizzazione e parteciper\u00e0, insieme all&#8217;industria alimentare, al prossimo dibattito politico.<\/p>\n<p>L&#8217;autoregolamentazione dell&#8217;industria, introdotta un secolo or sono, rimane oggi un principio centrale. In un&#8217;epoca in cui i divieti pubblicitari legali sono giustamente criticati come misure politiche inefficaci, l&#8217;autoregolamentazione si rivela essere un modello di successo (Commissione svizzera per la lealt\u00e0).<\/p>\n<p><strong>Uno sguardo al futuro<\/strong><\/p>\n<p>KS\/CS Comunicazione Svizzera considera suo dovere fornire agli inserzionisti le migliori condizioni quadro in questo nuovo mondo. Il futuro della pubblicit\u00e0 sar\u00e0 pi\u00f9 digitale, pi\u00f9 connesso a livello globale e tecnologicamente pi\u00f9 esigente \u2013 ma i valori fondamentali rimangono gli stessi: una comunicazione onesta, trasparente e leale. La pubblicit\u00e0 rimarr\u00e0 un elemento importante della formazione dell&#8217;opinione nei decenni a venire e continuer\u00e0 a evolversi per rispondere alle esigenze dei consumatori.<\/p>\n<p>Nel 2025, quando KS\/CS Comunicazione Svizzera celebrer\u00e0 il suo 100\u00b0 anniversario, l&#8217;associazione potr\u00e0 essere orgogliosa della sua storia. Ma allo stesso tempo, preparer\u00e0 il terreno per i prossimi 100 anni \u2013 sapendo che i valori di allora e le sfide di oggi si uniscono in un futuro che dipende pi\u00f9 che mai da una comunicazione responsabile. Proprio come i pionieri della pubblicit\u00e0 svizzera hanno gettato le basi del successo, KS\/CS continuer\u00e0 a rafforzare e promuovere la comunicazione commerciale in futuro \u2013 apportando cos\u00ec un contributo essenziale all&#8217;economia e alla societ\u00e0.<\/p>\n<p><strong>\u00a0<\/strong>[\/vc_column_text][\/vc_column][\/vc_row][vc_row][vc_column width=&#8221;1\/1&#8243;][\/vc_column][\/vc_row][vc_row][vc_column width=&#8221;1\/1&#8243;][\/vc_column][\/vc_row]<\/p>\n<\/div>","protected":false},"excerpt":{"rendered":"<p>Dalla sua fondazione nel 1925, KS\/CS Comunicazione Svizzera si \u00e8 affermata come partner affidabile dell\u2019industria pubblicitaria. Le visioni dell\u2019epoca, volte a promuovere la pubblicit\u00e0 come elemento centrale dell\u2019economia e della formazione dell\u2019opinione, caratterizzano ancora oggi l\u2019associazione. Con un impegno chiaro verso una comunicazione responsabile e trasparente e l\u2019autoregolamentazione, KS\/CS ha affrontato con successo i cambiamenti del tempo. In un futuro digitale segnato dall\u2019intelligenza artificiale (IA) e dalle innovazioni tecnologiche, l\u2019associazione continua a preparare il terreno per una pubblicit\u00e0 moderna, equa ed etica a livello politico.<\/p>\n","protected":false},"author":6,"featured_media":6483,"parent":6461,"menu_order":1,"comment_status":"closed","ping_status":"closed","template":"","meta":{"content-type":"","footnotes":""},"class_list":["post-6469","page","type-page","status-publish","has-post-thumbnail","hentry","page_category-anniversario"],"yoast_head":"<!-- This site is optimized with the Yoast SEO plugin v27.4 - https:\/\/yoast.com\/product\/yoast-seo-wordpress\/ -->\n<title>Un viaggio nel tempo - KS\/CS Comunicazione Svizzera<\/title>\n<meta name=\"description\" content=\"Dalla sua fondazione nel 1925, KS\/CS Comunicazione Svizzera si \u00e8 affermata come partner affidabile dell\u2019industria pubblicitaria. Le visioni dell\u2019epoca, volte a promuovere la pubblicit\u00e0 come elemento centrale dell\u2019economia e della formazione dell\u2019opinione, caratterizzano ancora oggi l\u2019associazione.\" \/>\n<meta name=\"robots\" content=\"index, follow, max-snippet:-1, max-image-preview:large, max-video-preview:-1\" \/>\n<link rel=\"canonical\" href=\"https:\/\/ks-cs.ch\/it\/attuale\/100-ani-ks-cs\/un-viaggio-nel-tempo\/\" \/>\n<meta property=\"og:locale\" content=\"it_IT\" \/>\n<meta property=\"og:type\" content=\"article\" \/>\n<meta property=\"og:title\" content=\"Un viaggio nel tempo - KS\/CS Comunicazione Svizzera\" \/>\n<meta property=\"og:description\" content=\"Dalla sua fondazione nel 1925, KS\/CS Comunicazione Svizzera si \u00e8 affermata come partner affidabile dell\u2019industria pubblicitaria. Le visioni dell\u2019epoca, volte a promuovere la pubblicit\u00e0 come elemento centrale dell\u2019economia e della formazione dell\u2019opinione, caratterizzano ancora oggi l\u2019associazione.\" \/>\n<meta property=\"og:url\" content=\"https:\/\/ks-cs.ch\/it\/attuale\/100-ani-ks-cs\/un-viaggio-nel-tempo\/\" \/>\n<meta property=\"og:site_name\" content=\"KS\/CS Comunicazione Svizzera\" \/>\n<meta property=\"article:modified_time\" content=\"2025-04-30T15:16:59+00:00\" \/>\n<meta property=\"og:image\" content=\"https:\/\/ks-cs.ch\/wp-content\/uploads\/2024\/10\/100-Jahre.jpg\" \/>\n\t<meta property=\"og:image:width\" content=\"2120\" \/>\n\t<meta property=\"og:image:height\" content=\"1414\" \/>\n\t<meta property=\"og:image:type\" content=\"image\/jpeg\" \/>\n<meta name=\"twitter:card\" content=\"summary_large_image\" \/>\n<meta name=\"twitter:label1\" content=\"Tempo di lettura stimato\" \/>\n\t<meta name=\"twitter:data1\" content=\"6 minuti\" \/>\n<script type=\"application\/ld+json\" class=\"yoast-schema-graph\">{\"@context\":\"https:\\\/\\\/schema.org\",\"@graph\":[{\"@type\":\"WebPage\",\"@id\":\"https:\\\/\\\/ks-cs.ch\\\/it\\\/attuale\\\/100-ani-ks-cs\\\/un-viaggio-nel-tempo\\\/\",\"url\":\"https:\\\/\\\/ks-cs.ch\\\/it\\\/attuale\\\/100-ani-ks-cs\\\/un-viaggio-nel-tempo\\\/\",\"name\":\"Un viaggio nel tempo - KS\\\/CS Comunicazione Svizzera\",\"isPartOf\":{\"@id\":\"https:\\\/\\\/ks-cs.ch\\\/it\\\/#website\"},\"primaryImageOfPage\":{\"@id\":\"https:\\\/\\\/ks-cs.ch\\\/it\\\/attuale\\\/100-ani-ks-cs\\\/un-viaggio-nel-tempo\\\/#primaryimage\"},\"image\":{\"@id\":\"https:\\\/\\\/ks-cs.ch\\\/it\\\/attuale\\\/100-ani-ks-cs\\\/un-viaggio-nel-tempo\\\/#primaryimage\"},\"thumbnailUrl\":\"https:\\\/\\\/ks-cs.ch\\\/wp-content\\\/uploads\\\/2024\\\/10\\\/100-Jahre.jpg\",\"datePublished\":\"2024-10-30T14:22:28+00:00\",\"dateModified\":\"2025-04-30T15:16:59+00:00\",\"description\":\"Dalla sua fondazione nel 1925, KS\\\/CS Comunicazione Svizzera si \u00e8 affermata come partner affidabile dell\u2019industria pubblicitaria. Le visioni dell\u2019epoca, volte a promuovere la pubblicit\u00e0 come elemento centrale dell\u2019economia e della formazione dell\u2019opinione, caratterizzano ancora oggi l\u2019associazione.\",\"breadcrumb\":{\"@id\":\"https:\\\/\\\/ks-cs.ch\\\/it\\\/attuale\\\/100-ani-ks-cs\\\/un-viaggio-nel-tempo\\\/#breadcrumb\"},\"inLanguage\":\"it-IT\",\"potentialAction\":[{\"@type\":\"ReadAction\",\"target\":[\"https:\\\/\\\/ks-cs.ch\\\/it\\\/attuale\\\/100-ani-ks-cs\\\/un-viaggio-nel-tempo\\\/\"]}]},{\"@type\":\"ImageObject\",\"inLanguage\":\"it-IT\",\"@id\":\"https:\\\/\\\/ks-cs.ch\\\/it\\\/attuale\\\/100-ani-ks-cs\\\/un-viaggio-nel-tempo\\\/#primaryimage\",\"url\":\"https:\\\/\\\/ks-cs.ch\\\/wp-content\\\/uploads\\\/2024\\\/10\\\/100-Jahre.jpg\",\"contentUrl\":\"https:\\\/\\\/ks-cs.ch\\\/wp-content\\\/uploads\\\/2024\\\/10\\\/100-Jahre.jpg\",\"width\":2120,\"height\":1414,\"caption\":\"Hands typing on old typewriter and modern laptop\"},{\"@type\":\"BreadcrumbList\",\"@id\":\"https:\\\/\\\/ks-cs.ch\\\/it\\\/attuale\\\/100-ani-ks-cs\\\/un-viaggio-nel-tempo\\\/#breadcrumb\",\"itemListElement\":[{\"@type\":\"ListItem\",\"position\":1,\"name\":\"Home\",\"item\":\"https:\\\/\\\/ks-cs.ch\\\/it\\\/\"},{\"@type\":\"ListItem\",\"position\":2,\"name\":\"Attuale\",\"item\":\"https:\\\/\\\/ks-cs.ch\\\/it\\\/attuale\\\/\"},{\"@type\":\"ListItem\",\"position\":3,\"name\":\"100 Anni KS\\\/CS\",\"item\":\"https:\\\/\\\/ks-cs.ch\\\/it\\\/attuale\\\/100-ani-ks-cs\\\/\"},{\"@type\":\"ListItem\",\"position\":4,\"name\":\"Un viaggio nel tempo\"}]},{\"@type\":\"WebSite\",\"@id\":\"https:\\\/\\\/ks-cs.ch\\\/it\\\/#website\",\"url\":\"https:\\\/\\\/ks-cs.ch\\\/it\\\/\",\"name\":\"KS\\\/CS Kommunikation Schweiz\",\"description\":\"Associazione di comunicazione commerciale\",\"publisher\":{\"@id\":\"https:\\\/\\\/ks-cs.ch\\\/it\\\/#organization\"},\"potentialAction\":[{\"@type\":\"SearchAction\",\"target\":{\"@type\":\"EntryPoint\",\"urlTemplate\":\"https:\\\/\\\/ks-cs.ch\\\/it\\\/?s={search_term_string}\"},\"query-input\":{\"@type\":\"PropertyValueSpecification\",\"valueRequired\":true,\"valueName\":\"search_term_string\"}}],\"inLanguage\":\"it-IT\"},{\"@type\":\"Organization\",\"@id\":\"https:\\\/\\\/ks-cs.ch\\\/it\\\/#organization\",\"name\":\"KS\\\/CS Kommunikation Schweiz\",\"url\":\"https:\\\/\\\/ks-cs.ch\\\/it\\\/\",\"logo\":{\"@type\":\"ImageObject\",\"inLanguage\":\"it-IT\",\"@id\":\"https:\\\/\\\/ks-cs.ch\\\/it\\\/#\\\/schema\\\/logo\\\/image\\\/\",\"url\":\"https:\\\/\\\/ks-cs.ch\\\/wp-content\\\/uploads\\\/2022\\\/12\\\/Logo-Social-Media-1.jpg\",\"contentUrl\":\"https:\\\/\\\/ks-cs.ch\\\/wp-content\\\/uploads\\\/2022\\\/12\\\/Logo-Social-Media-1.jpg\",\"width\":709,\"height\":608,\"caption\":\"KS\\\/CS Kommunikation Schweiz\"},\"image\":{\"@id\":\"https:\\\/\\\/ks-cs.ch\\\/it\\\/#\\\/schema\\\/logo\\\/image\\\/\"},\"sameAs\":[\"https:\\\/\\\/www.linkedin.com\\\/company\\\/kommunikation-schweiz-communication-suisse-comunicazione-svizzera-communication-switzerland\\\/\"]}]}<\/script>\n<!-- \/ Yoast SEO plugin. -->","yoast_head_json":{"title":"Un viaggio nel tempo - KS\/CS Comunicazione Svizzera","description":"Dalla sua fondazione nel 1925, KS\/CS Comunicazione Svizzera si \u00e8 affermata come partner affidabile dell\u2019industria pubblicitaria. Le visioni dell\u2019epoca, volte a promuovere la pubblicit\u00e0 come elemento centrale dell\u2019economia e della formazione dell\u2019opinione, caratterizzano ancora oggi l\u2019associazione.","robots":{"index":"index","follow":"follow","max-snippet":"max-snippet:-1","max-image-preview":"max-image-preview:large","max-video-preview":"max-video-preview:-1"},"canonical":"https:\/\/ks-cs.ch\/it\/attuale\/100-ani-ks-cs\/un-viaggio-nel-tempo\/","og_locale":"it_IT","og_type":"article","og_title":"Un viaggio nel tempo - KS\/CS Comunicazione Svizzera","og_description":"Dalla sua fondazione nel 1925, KS\/CS Comunicazione Svizzera si \u00e8 affermata come partner affidabile dell\u2019industria pubblicitaria. Le visioni dell\u2019epoca, volte a promuovere la pubblicit\u00e0 come elemento centrale dell\u2019economia e della formazione dell\u2019opinione, caratterizzano ancora oggi l\u2019associazione.","og_url":"https:\/\/ks-cs.ch\/it\/attuale\/100-ani-ks-cs\/un-viaggio-nel-tempo\/","og_site_name":"KS\/CS Comunicazione Svizzera","article_modified_time":"2025-04-30T15:16:59+00:00","og_image":[{"width":2120,"height":1414,"url":"https:\/\/ks-cs.ch\/wp-content\/uploads\/2024\/10\/100-Jahre.jpg","type":"image\/jpeg"}],"twitter_card":"summary_large_image","twitter_misc":{"Tempo di lettura stimato":"6 minuti"},"schema":{"@context":"https:\/\/schema.org","@graph":[{"@type":"WebPage","@id":"https:\/\/ks-cs.ch\/it\/attuale\/100-ani-ks-cs\/un-viaggio-nel-tempo\/","url":"https:\/\/ks-cs.ch\/it\/attuale\/100-ani-ks-cs\/un-viaggio-nel-tempo\/","name":"Un viaggio nel tempo - KS\/CS Comunicazione Svizzera","isPartOf":{"@id":"https:\/\/ks-cs.ch\/it\/#website"},"primaryImageOfPage":{"@id":"https:\/\/ks-cs.ch\/it\/attuale\/100-ani-ks-cs\/un-viaggio-nel-tempo\/#primaryimage"},"image":{"@id":"https:\/\/ks-cs.ch\/it\/attuale\/100-ani-ks-cs\/un-viaggio-nel-tempo\/#primaryimage"},"thumbnailUrl":"https:\/\/ks-cs.ch\/wp-content\/uploads\/2024\/10\/100-Jahre.jpg","datePublished":"2024-10-30T14:22:28+00:00","dateModified":"2025-04-30T15:16:59+00:00","description":"Dalla sua fondazione nel 1925, KS\/CS Comunicazione Svizzera si \u00e8 affermata come partner affidabile dell\u2019industria pubblicitaria. Le visioni dell\u2019epoca, volte a promuovere la pubblicit\u00e0 come elemento centrale dell\u2019economia e della formazione dell\u2019opinione, caratterizzano ancora oggi l\u2019associazione.","breadcrumb":{"@id":"https:\/\/ks-cs.ch\/it\/attuale\/100-ani-ks-cs\/un-viaggio-nel-tempo\/#breadcrumb"},"inLanguage":"it-IT","potentialAction":[{"@type":"ReadAction","target":["https:\/\/ks-cs.ch\/it\/attuale\/100-ani-ks-cs\/un-viaggio-nel-tempo\/"]}]},{"@type":"ImageObject","inLanguage":"it-IT","@id":"https:\/\/ks-cs.ch\/it\/attuale\/100-ani-ks-cs\/un-viaggio-nel-tempo\/#primaryimage","url":"https:\/\/ks-cs.ch\/wp-content\/uploads\/2024\/10\/100-Jahre.jpg","contentUrl":"https:\/\/ks-cs.ch\/wp-content\/uploads\/2024\/10\/100-Jahre.jpg","width":2120,"height":1414,"caption":"Hands typing on old typewriter and modern laptop"},{"@type":"BreadcrumbList","@id":"https:\/\/ks-cs.ch\/it\/attuale\/100-ani-ks-cs\/un-viaggio-nel-tempo\/#breadcrumb","itemListElement":[{"@type":"ListItem","position":1,"name":"Home","item":"https:\/\/ks-cs.ch\/it\/"},{"@type":"ListItem","position":2,"name":"Attuale","item":"https:\/\/ks-cs.ch\/it\/attuale\/"},{"@type":"ListItem","position":3,"name":"100 Anni KS\/CS","item":"https:\/\/ks-cs.ch\/it\/attuale\/100-ani-ks-cs\/"},{"@type":"ListItem","position":4,"name":"Un viaggio nel tempo"}]},{"@type":"WebSite","@id":"https:\/\/ks-cs.ch\/it\/#website","url":"https:\/\/ks-cs.ch\/it\/","name":"KS\/CS Kommunikation Schweiz","description":"Associazione di comunicazione commerciale","publisher":{"@id":"https:\/\/ks-cs.ch\/it\/#organization"},"potentialAction":[{"@type":"SearchAction","target":{"@type":"EntryPoint","urlTemplate":"https:\/\/ks-cs.ch\/it\/?s={search_term_string}"},"query-input":{"@type":"PropertyValueSpecification","valueRequired":true,"valueName":"search_term_string"}}],"inLanguage":"it-IT"},{"@type":"Organization","@id":"https:\/\/ks-cs.ch\/it\/#organization","name":"KS\/CS Kommunikation Schweiz","url":"https:\/\/ks-cs.ch\/it\/","logo":{"@type":"ImageObject","inLanguage":"it-IT","@id":"https:\/\/ks-cs.ch\/it\/#\/schema\/logo\/image\/","url":"https:\/\/ks-cs.ch\/wp-content\/uploads\/2022\/12\/Logo-Social-Media-1.jpg","contentUrl":"https:\/\/ks-cs.ch\/wp-content\/uploads\/2022\/12\/Logo-Social-Media-1.jpg","width":709,"height":608,"caption":"KS\/CS Kommunikation Schweiz"},"image":{"@id":"https:\/\/ks-cs.ch\/it\/#\/schema\/logo\/image\/"},"sameAs":["https:\/\/www.linkedin.com\/company\/kommunikation-schweiz-communication-suisse-comunicazione-svizzera-communication-switzerland\/"]}]}},"publishpress_future_action":{"enabled":false,"date":"2026-04-23 09:18:44","action":"change-status","newStatus":"draft","terms":[],"taxonomy":"translation_priority","extraData":[]},"publishpress_future_workflow_manual_trigger":{"enabledWorkflows":[]},"_links":{"self":[{"href":"https:\/\/ks-cs.ch\/it\/wp-json\/wp\/v2\/pages\/6469","targetHints":{"allow":["GET"]}}],"collection":[{"href":"https:\/\/ks-cs.ch\/it\/wp-json\/wp\/v2\/pages"}],"about":[{"href":"https:\/\/ks-cs.ch\/it\/wp-json\/wp\/v2\/types\/page"}],"author":[{"embeddable":true,"href":"https:\/\/ks-cs.ch\/it\/wp-json\/wp\/v2\/users\/6"}],"replies":[{"embeddable":true,"href":"https:\/\/ks-cs.ch\/it\/wp-json\/wp\/v2\/comments?post=6469"}],"version-history":[{"count":7,"href":"https:\/\/ks-cs.ch\/it\/wp-json\/wp\/v2\/pages\/6469\/revisions"}],"predecessor-version":[{"id":7355,"href":"https:\/\/ks-cs.ch\/it\/wp-json\/wp\/v2\/pages\/6469\/revisions\/7355"}],"up":[{"embeddable":true,"href":"https:\/\/ks-cs.ch\/it\/wp-json\/wp\/v2\/pages\/6461"}],"wp:featuredmedia":[{"embeddable":true,"href":"https:\/\/ks-cs.ch\/it\/wp-json\/wp\/v2\/media\/6483"}],"wp:attachment":[{"href":"https:\/\/ks-cs.ch\/it\/wp-json\/wp\/v2\/media?parent=6469"}],"curies":[{"name":"wp","href":"https:\/\/api.w.org\/{rel}","templated":true}]}}