{"id":4137,"date":"2023-09-18T08:32:51","date_gmt":"2023-09-18T06:32:51","guid":{"rendered":"https:\/\/ks-cs.ch\/?page_id=4137"},"modified":"2023-09-18T08:39:50","modified_gmt":"2023-09-18T06:39:50","slug":"diventa-membro-2","status":"publish","type":"page","link":"https:\/\/ks-cs.ch\/it\/soci\/diventa-membro-2\/","title":{"rendered":"Diventa membro"},"content":{"rendered":"<div class=\"wpb-content-wrapper\"><p>[vc_row row_height_percent=&#8221;0&#8243; override_padding=&#8221;yes&#8221; h_padding=&#8221;2&#8243; top_padding=&#8221;3&#8243; bottom_padding=&#8221;2&#8243; overlay_alpha=&#8221;50&#8243; gutter_size=&#8221;3&#8243; column_width_percent=&#8221;100&#8243; shift_y=&#8221;0&#8243; z_index=&#8221;0&#8243; uncode_shortcode_id=&#8221;172934&#8243;][vc_column column_width_use_pixel=&#8221;yes&#8221; gutter_size=&#8221;2&#8243; overlay_alpha=&#8221;50&#8243; shift_x=&#8221;0&#8243; shift_y=&#8221;0&#8243; shift_y_down=&#8221;0&#8243; z_index=&#8221;0&#8243; medium_width=&#8221;0&#8243; mobile_width=&#8221;0&#8243; width=&#8221;1\/1&#8243; uncode_shortcode_id=&#8221;104419&#8243; column_width_pixel=&#8221;840&#8243;][uncode_breadcrumbs separator=&#8221;dash&#8221;][vc_custom_heading heading_semantic=&#8221;h1&#8243; text_size=&#8221;h1&#8243; text_weight=&#8221;600&#8243; uncode_shortcode_id=&#8221;144645&#8243;]Vantaggi della sua adesione a KS\/CS Comunicazione Svizzera[\/vc_custom_heading][vc_column_text uncode_shortcode_id=&#8221;488165&#8243;]In qualit\u00e0 di organizzazione ombrello della pubblicit\u00e0 svizzera, KS\/CS Comunicazione Svizzera sostiene la libert\u00e0 e l&#8217;importanza della comunicazione commerciale. KS\/CS vuole ottenere condizioni quadro politicamente equilibrate ed economicamente ottimali per l&#8217;industria pubblicitaria svizzera. In questo modo, le aziende, le istituzioni e gli individui possono evolvere e l&#8217;intera economia e societ\u00e0 possono prosperare. Le condizioni quadro dell&#8217;industria devono essere attraenti per i talenti della comunicazione e consentire nuovi posti di lavoro.[\/vc_column_text][\/vc_column][\/vc_row][vc_row][vc_column width=&#8221;1\/1&#8243;][uncode_block id=&#8221;277&#8243;][\/vc_column][\/vc_row][vc_row row_height_percent=&#8221;0&#8243; overlay_alpha=&#8221;50&#8243; gutter_size=&#8221;3&#8243; column_width_percent=&#8221;100&#8243; shift_y=&#8221;0&#8243; z_index=&#8221;0&#8243; uncode_shortcode_id=&#8221;131953&#8243;][vc_column column_width_use_pixel=&#8221;yes&#8221; gutter_size=&#8221;2&#8243; overlay_alpha=&#8221;50&#8243; shift_x=&#8221;0&#8243; shift_y=&#8221;0&#8243; shift_y_down=&#8221;0&#8243; z_index=&#8221;0&#8243; medium_width=&#8221;0&#8243; mobile_width=&#8221;0&#8243; width=&#8221;1\/1&#8243; uncode_shortcode_id=&#8221;104419&#8243; column_width_pixel=&#8221;840&#8243;][vc_custom_heading text_weight=&#8221;600&#8243; uncode_shortcode_id=&#8221;643832&#8243;]I punti focali del lavoro di KS\/CS sono:[\/vc_custom_heading][vc_column_text uncode_shortcode_id=&#8221;698268&#8243;]<\/p>\n<ol>\n<li>Legislazione favorevole alla pubblicit\u00e0 a tutti i livelli di governo.<\/li>\n<li>Autoregolamentazione del settore per evitare divieti pubblicitari.<\/li>\n<li>Maggiore accettazione sociale della pubblicit\u00e0 come parte essenziale di un&#8217;economia funzionante.<\/li>\n<li>Sostenere la formazione e l&#8217;aggiornamento degli specialisti del settore attraverso lo svolgimento di esami di specializzazione.<\/li>\n<\/ol>\n<p>Oltre 400 membri fedeli rendono possibile il lavoro di KS\/CS Comunicazione Svizzera. Siamo felici di averla con noi.[\/vc_column_text][\/vc_column][\/vc_row][vc_row row_height_percent=&#8221;0&#8243; overlay_alpha=&#8221;50&#8243; gutter_size=&#8221;3&#8243; column_width_percent=&#8221;100&#8243; shift_y=&#8221;0&#8243; z_index=&#8221;0&#8243; uncode_shortcode_id=&#8221;191330&#8243; el_class=&#8221;faq_area&#8221;][vc_column column_width_use_pixel=&#8221;yes&#8221; gutter_size=&#8221;3&#8243; overlay_alpha=&#8221;50&#8243; shift_x=&#8221;0&#8243; shift_y=&#8221;0&#8243; shift_y_down=&#8221;0&#8243; z_index=&#8221;0&#8243; medium_width=&#8221;0&#8243; mobile_width=&#8221;0&#8243; width=&#8221;1\/1&#8243; uncode_shortcode_id=&#8221;186479&#8243; column_width_pixel=&#8221;840&#8243;][vc_accordion sign=&#8221;plus&#8221; active_tab=&#8221;-1&#8243;][vc_accordion_tab gutter_size=&#8221;2&#8243; column_padding=&#8221;2&#8243; title=&#8221;Lavoro politico&#8221; tab_id=&#8221;1654403205-1-87&#8243; slug=&#8221;one&#8221;][vc_column_text uncode_shortcode_id=&#8221;526142&#8243;]A livello nazionale e cantonale, cresce la minaccia di divieti pubblicitari che limitano direttamente e, in determinate circostanze, in modo massiccio la libert\u00e0 di fare pubblicit\u00e0. Tutti i settori e le forme di espressione della comunicazione commerciale sono minacciati, posti di lavoro interessanti stanno scomparendo. Questo non deve accadere e i membri di KS\/CS devono poter lavorare e svilupparsi il pi\u00f9 liberamente possibile senza inutili vincoli normativi in futuro. Insieme al gruppo parlamentare &#8220;Mercato e pubblicit\u00e0&#8221;, di recente costituzione, sosteniamo i parlamentari e le autorit\u00e0 nel loro lavoro, per contribuire a definire le leggi che riguardano l&#8217;industria pubblicitaria in questo senso.<br \/>\nKS\/CS accompagna i processi parlamentari in modo diretto e orientato alle soluzioni e fornisce pareri sulla legislazione che riguarda la pubblicit\u00e0. Grazie alla sua presenza trilingue in tutta la Svizzera, KS\/CS \u00e8 in grado di raccogliere, promuovere o contrastare iniziative, referendum, consultazioni e altre proposte politiche riguardanti la pubblicit\u00e0 in ogni parte del Paese.[\/vc_column_text][\/vc_accordion_tab][vc_accordion_tab gutter_size=&#8221;2&#8243; column_padding=&#8221;2&#8243; title=&#8221;Responsabilit\u00e0 sociale&#8221; tab_id=&#8221;1654403205-2-36&#8243; slug=&#8221;two&#8221;][vc_column_text uncode_shortcode_id=&#8221;128001&#8243;]KS\/CS si impegna a far rispettare i valori della democrazia, della legislazione liberale, della libera economia di mercato e della libert\u00e0 dei media e di espressione. La comunicazione commerciale \u00e8 informazione ed emozione. La pubblicit\u00e0 \u00e8 consapevole della propria responsabilit\u00e0 sociale in un mondo sostenibile. Aderisce ai principi di etica e correttezza definiti nei principi della commissione svizzera per la lealt\u00e0. In quanto organizzazione ombrello, KS\/CS \u00e8 neutrale nei confronti dei membri del settore.[\/vc_column_text][\/vc_accordion_tab][vc_accordion_tab gutter_size=&#8221;2&#8243; column_padding=&#8221;2&#8243; title=&#8221;Comunicazione e partecipazione&#8221; tab_id=&#8221;1654403313152-2-6&#8243; slug=&#8221;three&#8221;][vc_column_text uncode_shortcode_id=&#8221;546868&#8243;]I soci KS\/CS beneficiano di un&#8217;ampia rete di contatti in molti settori. Viene invitata\/o a partecipare a workshop su temi rilevanti per il settore (nel 2022, ad esempio, &#8220;Pranzo con la legge&#8221;). Riceve regolarmente una newsletter specifica del settore e vengono informati dall&#8217;ufficio sugli eventi importanti del settore.[\/vc_column_text][\/vc_accordion_tab][vc_accordion_tab gutter_size=&#8221;2&#8243; column_padding=&#8221;2&#8243; title=&#8221;Commissione Svizzera per la Lealt\u00e0 &#8211; Autoregolamentazione per pubblicit\u00e0 leale&#8221; tab_id=&#8221;1654403325810-3-6&#8243; slug=&#8221;four&#8221;][vc_column_text uncode_shortcode_id=&#8221;213995&#8243;]I membri di KS\/CS e l&#8217;intera economia nazionale traggono vantaggio dall&#8217;autoregolamentazione per una pubblicit\u00e0 corretta. In qualit\u00e0 di membro fondatore della Fondazione per la Lealt\u00e0 nella comunicazione commerciale, da anni KS\/CS sostiene finanziariamente la fondazione con cospicui contributi.[\/vc_column_text][\/vc_accordion_tab][vc_accordion_tab gutter_size=&#8221;2&#8243; column_padding=&#8221;2&#8243; title=&#8221;Consulenza legale&#8221; tab_id=&#8221;1659076207952-4-8&#8243;][vc_column_text uncode_shortcode_id=&#8221;169835&#8243;]I soci possono contattare KS\/CS per questioni legali relative alla pubblicit\u00e0. Avvocati esperti forniscono informazioni e suggeriscono soluzioni. Questa consulenza legale \u00e8 gratuita o viene fornita a una tariffa speciale dell&#8217;associazione.[\/vc_column_text][\/vc_accordion_tab][vc_accordion_tab gutter_size=&#8221;2&#8243; column_padding=&#8221;2&#8243; title=&#8221;Commissione per la formazione professionale e gli esami&#8221; tab_id=&#8221;1659076229147-5-3&#8243;][vc_column_text uncode_shortcode_id=&#8221;958523&#8243;]Su incarico e in stretta collaborazione con la Segreteria di Stato per la formazione, la ricerca e l&#8217;innovazione (SEFRI), la Commissione d&#8217;esame KS\/CS organizza ed esegue gli esami federali per manager della comunicazione e specialisti della comunicazione. Le aziende associate che assumono tirocinanti di commercio nel campo del marketing e della comunicazione beneficiano di uno sconto del 25% sull&#8217;acquisto di materiale didattico e sui corsi interaziendali.[\/vc_column_text][\/vc_accordion_tab][\/vc_accordion][vc_button border_width=&#8221;0&#8243; link=&#8221;url:https%3A%2F%2Fks-cs.ch%2Fit%2Fchi-siamo%2Fstatuti%2F|title:Statuti|&#8221; uncode_shortcode_id=&#8221;159226&#8243;]Visualizza gli statuti[\/vc_button][\/vc_column][\/vc_row][vc_row row_height_percent=&#8221;0&#8243; override_padding=&#8221;yes&#8221; h_padding=&#8221;2&#8243; top_padding=&#8221;2&#8243; bottom_padding=&#8221;3&#8243; overlay_alpha=&#8221;50&#8243; gutter_size=&#8221;3&#8243; column_width_percent=&#8221;100&#8243; shift_y=&#8221;0&#8243; z_index=&#8221;0&#8243; uncode_shortcode_id=&#8221;549022&#8243; row_name=&#8221;anmelden&#8221;][vc_column column_width_use_pixel=&#8221;yes&#8221; gutter_size=&#8221;3&#8243; overlay_alpha=&#8221;50&#8243; shift_x=&#8221;0&#8243; shift_y=&#8221;0&#8243; shift_y_down=&#8221;0&#8243; z_index=&#8221;0&#8243; medium_width=&#8221;0&#8243; mobile_width=&#8221;0&#8243; width=&#8221;1\/1&#8243; uncode_shortcode_id=&#8221;186479&#8243; column_width_pixel=&#8221;840&#8243;][vc_custom_heading uncode_shortcode_id=&#8221;280490&#8243;]Domanda di adesione[\/vc_custom_heading][vc_accordion sign=&#8221;plus&#8221; active_tab=&#8221;-1&#8243;][vc_accordion_tab gutter_size=&#8221;2&#8243; column_padding=&#8221;2&#8243; title=&#8221;Membro individuale (persona singola \/ ditta individuale)&#8221; tab_id=&#8221;1654403205-1-872b81-f0ed&#8221; slug=&#8221;one&#8221;][vc_raw_html]JTNDcCUzRSU1Qmh1YnNwb3QlMjB0eXBlJTNEJTIyZm9ybSUyMiUyMHBvcnRhbCUzRCUyMjI1Mzk0MDEwJTIyJTIwaWQlM0QlMjIxMzBhMTU1YS0yZDVhLTQyODItOGEwMC02MTg4ODk1MjAyYzQlMjIlNUQlM0MlMkZwJTNF[\/vc_raw_html][\/vc_accordion_tab][vc_accordion_tab gutter_size=&#8221;2&#8243; column_padding=&#8221;2&#8243; title=&#8221;Adesione aziendale&#8221; tab_id=&#8221;1654403205-2-362b81-f0ed&#8221; slug=&#8221;two&#8221;][vc_raw_html]JTNDcCUzRSU1Qmh1YnNwb3QlMjB0eXBlJTNEJTIyZm9ybSUyMiUyMHBvcnRhbCUzRCUyMjI1Mzk0MDEwJTIyJTIwaWQlM0QlMjIxZGZmNzU4My0wNzc4LTQyYzctYTA2NS1hYjVmYmE3ZGNmMjYlMjIlNUQlM0MlMkZwJTNF[\/vc_raw_html][\/vc_accordion_tab][\/vc_accordion][vc_button border_width=&#8221;0&#8243; link=&#8221;url:https%3A%2F%2Fks-cs.ch%2Fwp-content%2Fuploads%2F2023%2F09%2FKS_CS_Anmeldung_Mitgliedschaft_IT_cedola_di_adesione_p2.pdf|title:Statuti|target:_blank&#8221; uncode_shortcode_id=&#8221;169391&#8243;]Quote sociali[\/vc_button][\/vc_column][\/vc_row]<\/p>\n<\/div>","protected":false},"excerpt":{"rendered":"<p>In qualit\u00e0 di organizzazione ombrello della pubblicit\u00e0 svizzera, KS\/CS Comunicazione Svizzera sostiene la libert\u00e0 e l&#8217;importanza della comunicazione commerciale. KS\/CS vuole ottenere condizioni quadro politicamente equilibrate ed economicamente ottimali per l&#8217;industria pubblicitaria svizzera. In questo modo, le aziende, le istituzioni e gli individui possono evolvere e l&#8217;intera economia e societ\u00e0 possono prosperare. Le condizioni quadro dell&#8217;industria devono essere attraenti per i talenti della comunicazione e consentire nuovi posti di lavoro. <\/p>\n","protected":false},"author":6,"featured_media":832,"parent":907,"menu_order":0,"comment_status":"closed","ping_status":"closed","template":"","meta":{"content-type":"","footnotes":""},"class_list":["post-4137","page","type-page","status-publish","has-post-thumbnail","hentry"],"yoast_head":"<!-- This site is optimized with the Yoast SEO plugin v27.3 - https:\/\/yoast.com\/product\/yoast-seo-wordpress\/ -->\n<title>Diventa membro - KS\/CS Comunicazione Svizzera<\/title>\n<meta name=\"description\" content=\"I vantaggi ad essere membro di KS\/CS Comunicazione Svizzera. In qualit\u00e0 di organizzazione ombrello della pubblicit\u00e0 svizzera, KS\/CS Comunicazione Svizzera sostiene la libert\u00e0 e l&#039;importanza della comunicazione commerciale.\" \/>\n<meta name=\"robots\" content=\"index, follow, max-snippet:-1, max-image-preview:large, max-video-preview:-1\" \/>\n<link rel=\"canonical\" href=\"https:\/\/ks-cs.ch\/it\/soci\/diventa-membro-2\/\" \/>\n<meta property=\"og:locale\" content=\"it_IT\" \/>\n<meta property=\"og:type\" content=\"article\" \/>\n<meta property=\"og:title\" content=\"Diventa membro - KS\/CS Comunicazione Svizzera\" \/>\n<meta property=\"og:description\" content=\"I vantaggi ad essere membro di KS\/CS Comunicazione Svizzera. In qualit\u00e0 di organizzazione ombrello della pubblicit\u00e0 svizzera, KS\/CS Comunicazione Svizzera sostiene la libert\u00e0 e l&#039;importanza della comunicazione commerciale.\" \/>\n<meta property=\"og:url\" content=\"https:\/\/ks-cs.ch\/it\/soci\/diventa-membro-2\/\" \/>\n<meta property=\"og:site_name\" content=\"KS\/CS Comunicazione Svizzera\" \/>\n<meta property=\"article:modified_time\" content=\"2023-09-18T06:39:50+00:00\" \/>\n<meta property=\"og:image\" content=\"https:\/\/ks-cs.ch\/wp-content\/uploads\/2022\/06\/jason-goodman-Oalh2MojUuk-unsplash-scaled.jpg\" \/>\n\t<meta property=\"og:image:width\" content=\"2560\" \/>\n\t<meta property=\"og:image:height\" content=\"1707\" \/>\n\t<meta property=\"og:image:type\" content=\"image\/jpeg\" \/>\n<meta name=\"twitter:card\" content=\"summary_large_image\" \/>\n<meta name=\"twitter:label1\" content=\"Tempo di lettura stimato\" \/>\n\t<meta name=\"twitter:data1\" content=\"5 minuti\" \/>\n<script type=\"application\/ld+json\" class=\"yoast-schema-graph\">{\"@context\":\"https:\\\/\\\/schema.org\",\"@graph\":[{\"@type\":\"WebPage\",\"@id\":\"https:\\\/\\\/ks-cs.ch\\\/it\\\/soci\\\/diventa-membro-2\\\/\",\"url\":\"https:\\\/\\\/ks-cs.ch\\\/it\\\/soci\\\/diventa-membro-2\\\/\",\"name\":\"Diventa membro - KS\\\/CS Comunicazione Svizzera\",\"isPartOf\":{\"@id\":\"https:\\\/\\\/ks-cs.ch\\\/it\\\/#website\"},\"primaryImageOfPage\":{\"@id\":\"https:\\\/\\\/ks-cs.ch\\\/it\\\/soci\\\/diventa-membro-2\\\/#primaryimage\"},\"image\":{\"@id\":\"https:\\\/\\\/ks-cs.ch\\\/it\\\/soci\\\/diventa-membro-2\\\/#primaryimage\"},\"thumbnailUrl\":\"https:\\\/\\\/ks-cs.ch\\\/wp-content\\\/uploads\\\/2022\\\/06\\\/jason-goodman-Oalh2MojUuk-unsplash-scaled.jpg\",\"datePublished\":\"2023-09-18T06:32:51+00:00\",\"dateModified\":\"2023-09-18T06:39:50+00:00\",\"description\":\"I vantaggi ad essere membro di KS\\\/CS Comunicazione Svizzera. In qualit\u00e0 di organizzazione ombrello della pubblicit\u00e0 svizzera, KS\\\/CS Comunicazione Svizzera sostiene la libert\u00e0 e l'importanza della comunicazione commerciale.\",\"breadcrumb\":{\"@id\":\"https:\\\/\\\/ks-cs.ch\\\/it\\\/soci\\\/diventa-membro-2\\\/#breadcrumb\"},\"inLanguage\":\"it-IT\",\"potentialAction\":[{\"@type\":\"ReadAction\",\"target\":[\"https:\\\/\\\/ks-cs.ch\\\/it\\\/soci\\\/diventa-membro-2\\\/\"]}]},{\"@type\":\"ImageObject\",\"inLanguage\":\"it-IT\",\"@id\":\"https:\\\/\\\/ks-cs.ch\\\/it\\\/soci\\\/diventa-membro-2\\\/#primaryimage\",\"url\":\"https:\\\/\\\/ks-cs.ch\\\/wp-content\\\/uploads\\\/2022\\\/06\\\/jason-goodman-Oalh2MojUuk-unsplash-scaled.jpg\",\"contentUrl\":\"https:\\\/\\\/ks-cs.ch\\\/wp-content\\\/uploads\\\/2022\\\/06\\\/jason-goodman-Oalh2MojUuk-unsplash-scaled.jpg\",\"width\":2560,\"height\":1707},{\"@type\":\"BreadcrumbList\",\"@id\":\"https:\\\/\\\/ks-cs.ch\\\/it\\\/soci\\\/diventa-membro-2\\\/#breadcrumb\",\"itemListElement\":[{\"@type\":\"ListItem\",\"position\":1,\"name\":\"Home\",\"item\":\"https:\\\/\\\/ks-cs.ch\\\/it\\\/\"},{\"@type\":\"ListItem\",\"position\":2,\"name\":\"Adesione\",\"item\":\"https:\\\/\\\/ks-cs.ch\\\/it\\\/soci\\\/\"},{\"@type\":\"ListItem\",\"position\":3,\"name\":\"Diventa membro\"}]},{\"@type\":\"WebSite\",\"@id\":\"https:\\\/\\\/ks-cs.ch\\\/it\\\/#website\",\"url\":\"https:\\\/\\\/ks-cs.ch\\\/it\\\/\",\"name\":\"KS\\\/CS Kommunikation Schweiz\",\"description\":\"Associazione di comunicazione commerciale\",\"publisher\":{\"@id\":\"https:\\\/\\\/ks-cs.ch\\\/it\\\/#organization\"},\"potentialAction\":[{\"@type\":\"SearchAction\",\"target\":{\"@type\":\"EntryPoint\",\"urlTemplate\":\"https:\\\/\\\/ks-cs.ch\\\/it\\\/?s={search_term_string}\"},\"query-input\":{\"@type\":\"PropertyValueSpecification\",\"valueRequired\":true,\"valueName\":\"search_term_string\"}}],\"inLanguage\":\"it-IT\"},{\"@type\":\"Organization\",\"@id\":\"https:\\\/\\\/ks-cs.ch\\\/it\\\/#organization\",\"name\":\"KS\\\/CS Kommunikation Schweiz\",\"url\":\"https:\\\/\\\/ks-cs.ch\\\/it\\\/\",\"logo\":{\"@type\":\"ImageObject\",\"inLanguage\":\"it-IT\",\"@id\":\"https:\\\/\\\/ks-cs.ch\\\/it\\\/#\\\/schema\\\/logo\\\/image\\\/\",\"url\":\"https:\\\/\\\/ks-cs.ch\\\/wp-content\\\/uploads\\\/2022\\\/12\\\/Logo-Social-Media-1.jpg\",\"contentUrl\":\"https:\\\/\\\/ks-cs.ch\\\/wp-content\\\/uploads\\\/2022\\\/12\\\/Logo-Social-Media-1.jpg\",\"width\":709,\"height\":608,\"caption\":\"KS\\\/CS Kommunikation Schweiz\"},\"image\":{\"@id\":\"https:\\\/\\\/ks-cs.ch\\\/it\\\/#\\\/schema\\\/logo\\\/image\\\/\"},\"sameAs\":[\"https:\\\/\\\/www.linkedin.com\\\/company\\\/kommunikation-schweiz-communication-suisse-comunicazione-svizzera-communication-switzerland\\\/\"]}]}<\/script>\n<!-- \/ Yoast SEO plugin. -->","yoast_head_json":{"title":"Diventa membro - KS\/CS Comunicazione Svizzera","description":"I vantaggi ad essere membro di KS\/CS Comunicazione Svizzera. In qualit\u00e0 di organizzazione ombrello della pubblicit\u00e0 svizzera, KS\/CS Comunicazione Svizzera sostiene la libert\u00e0 e l'importanza della comunicazione commerciale.","robots":{"index":"index","follow":"follow","max-snippet":"max-snippet:-1","max-image-preview":"max-image-preview:large","max-video-preview":"max-video-preview:-1"},"canonical":"https:\/\/ks-cs.ch\/it\/soci\/diventa-membro-2\/","og_locale":"it_IT","og_type":"article","og_title":"Diventa membro - KS\/CS Comunicazione Svizzera","og_description":"I vantaggi ad essere membro di KS\/CS Comunicazione Svizzera. In qualit\u00e0 di organizzazione ombrello della pubblicit\u00e0 svizzera, KS\/CS Comunicazione Svizzera sostiene la libert\u00e0 e l'importanza della comunicazione commerciale.","og_url":"https:\/\/ks-cs.ch\/it\/soci\/diventa-membro-2\/","og_site_name":"KS\/CS Comunicazione Svizzera","article_modified_time":"2023-09-18T06:39:50+00:00","og_image":[{"width":2560,"height":1707,"url":"https:\/\/ks-cs.ch\/wp-content\/uploads\/2022\/06\/jason-goodman-Oalh2MojUuk-unsplash-scaled.jpg","type":"image\/jpeg"}],"twitter_card":"summary_large_image","twitter_misc":{"Tempo di lettura stimato":"5 minuti"},"schema":{"@context":"https:\/\/schema.org","@graph":[{"@type":"WebPage","@id":"https:\/\/ks-cs.ch\/it\/soci\/diventa-membro-2\/","url":"https:\/\/ks-cs.ch\/it\/soci\/diventa-membro-2\/","name":"Diventa membro - KS\/CS Comunicazione Svizzera","isPartOf":{"@id":"https:\/\/ks-cs.ch\/it\/#website"},"primaryImageOfPage":{"@id":"https:\/\/ks-cs.ch\/it\/soci\/diventa-membro-2\/#primaryimage"},"image":{"@id":"https:\/\/ks-cs.ch\/it\/soci\/diventa-membro-2\/#primaryimage"},"thumbnailUrl":"https:\/\/ks-cs.ch\/wp-content\/uploads\/2022\/06\/jason-goodman-Oalh2MojUuk-unsplash-scaled.jpg","datePublished":"2023-09-18T06:32:51+00:00","dateModified":"2023-09-18T06:39:50+00:00","description":"I vantaggi ad essere membro di KS\/CS Comunicazione Svizzera. In qualit\u00e0 di organizzazione ombrello della pubblicit\u00e0 svizzera, KS\/CS Comunicazione Svizzera sostiene la libert\u00e0 e l'importanza della comunicazione commerciale.","breadcrumb":{"@id":"https:\/\/ks-cs.ch\/it\/soci\/diventa-membro-2\/#breadcrumb"},"inLanguage":"it-IT","potentialAction":[{"@type":"ReadAction","target":["https:\/\/ks-cs.ch\/it\/soci\/diventa-membro-2\/"]}]},{"@type":"ImageObject","inLanguage":"it-IT","@id":"https:\/\/ks-cs.ch\/it\/soci\/diventa-membro-2\/#primaryimage","url":"https:\/\/ks-cs.ch\/wp-content\/uploads\/2022\/06\/jason-goodman-Oalh2MojUuk-unsplash-scaled.jpg","contentUrl":"https:\/\/ks-cs.ch\/wp-content\/uploads\/2022\/06\/jason-goodman-Oalh2MojUuk-unsplash-scaled.jpg","width":2560,"height":1707},{"@type":"BreadcrumbList","@id":"https:\/\/ks-cs.ch\/it\/soci\/diventa-membro-2\/#breadcrumb","itemListElement":[{"@type":"ListItem","position":1,"name":"Home","item":"https:\/\/ks-cs.ch\/it\/"},{"@type":"ListItem","position":2,"name":"Adesione","item":"https:\/\/ks-cs.ch\/it\/soci\/"},{"@type":"ListItem","position":3,"name":"Diventa membro"}]},{"@type":"WebSite","@id":"https:\/\/ks-cs.ch\/it\/#website","url":"https:\/\/ks-cs.ch\/it\/","name":"KS\/CS Kommunikation Schweiz","description":"Associazione di comunicazione commerciale","publisher":{"@id":"https:\/\/ks-cs.ch\/it\/#organization"},"potentialAction":[{"@type":"SearchAction","target":{"@type":"EntryPoint","urlTemplate":"https:\/\/ks-cs.ch\/it\/?s={search_term_string}"},"query-input":{"@type":"PropertyValueSpecification","valueRequired":true,"valueName":"search_term_string"}}],"inLanguage":"it-IT"},{"@type":"Organization","@id":"https:\/\/ks-cs.ch\/it\/#organization","name":"KS\/CS Kommunikation Schweiz","url":"https:\/\/ks-cs.ch\/it\/","logo":{"@type":"ImageObject","inLanguage":"it-IT","@id":"https:\/\/ks-cs.ch\/it\/#\/schema\/logo\/image\/","url":"https:\/\/ks-cs.ch\/wp-content\/uploads\/2022\/12\/Logo-Social-Media-1.jpg","contentUrl":"https:\/\/ks-cs.ch\/wp-content\/uploads\/2022\/12\/Logo-Social-Media-1.jpg","width":709,"height":608,"caption":"KS\/CS Kommunikation Schweiz"},"image":{"@id":"https:\/\/ks-cs.ch\/it\/#\/schema\/logo\/image\/"},"sameAs":["https:\/\/www.linkedin.com\/company\/kommunikation-schweiz-communication-suisse-comunicazione-svizzera-communication-switzerland\/"]}]}},"publishpress_future_action":{"enabled":false,"date":"2026-04-16 02:12:30","action":"change-status","newStatus":"draft","terms":[],"taxonomy":"translation_priority","extraData":[]},"publishpress_future_workflow_manual_trigger":{"enabledWorkflows":[]},"_links":{"self":[{"href":"https:\/\/ks-cs.ch\/it\/wp-json\/wp\/v2\/pages\/4137","targetHints":{"allow":["GET"]}}],"collection":[{"href":"https:\/\/ks-cs.ch\/it\/wp-json\/wp\/v2\/pages"}],"about":[{"href":"https:\/\/ks-cs.ch\/it\/wp-json\/wp\/v2\/types\/page"}],"author":[{"embeddable":true,"href":"https:\/\/ks-cs.ch\/it\/wp-json\/wp\/v2\/users\/6"}],"replies":[{"embeddable":true,"href":"https:\/\/ks-cs.ch\/it\/wp-json\/wp\/v2\/comments?post=4137"}],"version-history":[{"count":4,"href":"https:\/\/ks-cs.ch\/it\/wp-json\/wp\/v2\/pages\/4137\/revisions"}],"predecessor-version":[{"id":4169,"href":"https:\/\/ks-cs.ch\/it\/wp-json\/wp\/v2\/pages\/4137\/revisions\/4169"}],"up":[{"embeddable":true,"href":"https:\/\/ks-cs.ch\/it\/wp-json\/wp\/v2\/pages\/907"}],"wp:featuredmedia":[{"embeddable":true,"href":"https:\/\/ks-cs.ch\/it\/wp-json\/wp\/v2\/media\/832"}],"wp:attachment":[{"href":"https:\/\/ks-cs.ch\/it\/wp-json\/wp\/v2\/media?parent=4137"}],"curies":[{"name":"wp","href":"https:\/\/api.w.org\/{rel}","templated":true}]}}