{"id":1799,"date":"2022-10-20T10:42:26","date_gmt":"2022-10-20T08:42:26","guid":{"rendered":"https:\/\/ks-cs.ch\/impronta\/"},"modified":"2024-12-02T16:51:44","modified_gmt":"2024-12-02T15:51:44","slug":"colofone","status":"publish","type":"page","link":"https:\/\/ks-cs.ch\/it\/colofone\/","title":{"rendered":"Colofone"},"content":{"rendered":"<p><strong>Indirizzo di contatto<\/strong><br \/>\nKS\/CS Comunicazione Svizzera<br \/>\nIn der Breiti 2<br \/>\n8047 Zurigo<\/p>\n<p>Telefono: <a href=\"tel:+41442114011\">+41 44 211 40 11<\/a><br \/>\nE-mail: <a href=\"mailto:info@ks-cs.ch\">info@ks-cs.ch<\/a><br \/>\nSito Web: <a href=\"http:\/\/www.ks-cs.ch\">www.ks-cs.ch<\/a><\/p>\n<p>UID: CHE-113.849.011<br \/>\nAutorit\u00e0 di vigilanza: Revisore dei conti: BDO AG, Biel<\/p>\n<p>Con la denominazione KS\/CS Kommunikation Schweiz, KS\/CS Communication Suisse e KS\/CS Comunicazione Svizzera \u00e8 stata costituita un&#8217;associazione ai sensi del Codice Civile svizzero (art. 60 e segg.). L\u2019associazione ha sede a Berna.<\/p>\n<p><strong>Esclusione di responsabilit\u00e0<\/strong><br \/>\nL&#8217;autore non si assume alcuna responsabilit\u00e0 in merito alla correttezza contenutistica, all&#8217;accuratezza, all&#8217;attualit\u00e0, all&#8217;affidabilit\u00e0 e alla completezza delle informazioni fornite. Si esclude qualsiasi rivendicazione di responsabilit\u00e0 nei confronti dell\u2019autore dovuta a danni materiali o immateriali derivanti dall\u2019accesso o dall\u2019uso o non uso delle informazioni pubblicate, dall\u2019uso improprio della connessione o da errori tecnici. Tutte le offerte non sono vincolanti. L&#8217;autore si riserva espressamente il diritto di modificare, integrare o cancellare parti delle pagine o l\u2019intera offerta senza particolare preavviso o di sospendere temporaneamente o definitivamente la pubblicazione.<\/p>\n<p><strong>Responsabilit\u00e0 per i link<\/strong><br \/>\nRiferimenti e link a siti Web di terze parti non rientrano nel nostro ambito di responsabilit\u00e0. Viene pertanto esclusa qualsiasi responsabilit\u00e0 per tali siti Web. L&#8217;accesso e l&#8217;utilizzo di tali siti Web sono a rischio dell&#8217;utente.<\/p>\n<p><strong>Copyright<\/strong><br \/>\nI diritti d&#8217;autore e tutti gli altri diritti sui contenuti, le immagini, le foto o altri file del sito Web sono propriet\u00e0 esclusiva di KS\/CS Comunicazione Svizzera o dei titolari dei diritti specificamente indicati. Per la riproduzione di qualsiasi elemento \u00e8 necessario ottenere preventivamente il consenso scritto dei titolari dei diritti d&#8217;autore.<\/p>\n<p><strong>Fonte<\/strong><br \/>\nIl presente colofone \u00e8 stato creato in data 20\/10\/2022.<\/p>\n<p><a href=\"https:\/\/ks-cs.ch\/it\/informativa-sulla-privacy\/\">L&#8217;informativa sulla privacy \u00e8 disponibile qui.<\/a><\/p>\n","protected":false},"excerpt":{"rendered":"<p>Indirizzo di contatto KS\/CS Comunicazione Svizzera In der Breiti 2 8047 Zurigo Telefono: +41 44 211 40 11 E-mail: info@ks-cs.ch [&hellip;]<\/p>\n","protected":false},"author":1,"featured_media":0,"parent":0,"menu_order":98,"comment_status":"closed","ping_status":"closed","template":"","meta":{"content-type":"","footnotes":""},"class_list":["post-1799","page","type-page","status-publish","hentry"],"yoast_head":"<!-- This site is optimized with the Yoast SEO plugin v27.5 - https:\/\/yoast.com\/product\/yoast-seo-wordpress\/ -->\n<title>Colofone - KS\/CS Comunicazione Svizzera<\/title>\n<meta name=\"robots\" content=\"index, follow, max-snippet:-1, max-image-preview:large, max-video-preview:-1\" \/>\n<link rel=\"canonical\" href=\"https:\/\/ks-cs.ch\/it\/colofone\/\" \/>\n<meta property=\"og:locale\" content=\"it_IT\" \/>\n<meta property=\"og:type\" content=\"article\" \/>\n<meta property=\"og:title\" content=\"Colofone - KS\/CS Comunicazione Svizzera\" \/>\n<meta property=\"og:description\" content=\"Indirizzo di contatto KS\/CS Comunicazione Svizzera In der Breiti 2 8047 Zurigo Telefono: +41 44 211 40 11 E-mail: info@ks-cs.ch [&hellip;]\" \/>\n<meta property=\"og:url\" content=\"https:\/\/ks-cs.ch\/it\/colofone\/\" \/>\n<meta property=\"og:site_name\" content=\"KS\/CS Comunicazione Svizzera\" \/>\n<meta property=\"article:modified_time\" content=\"2024-12-02T15:51:44+00:00\" \/>\n<meta property=\"og:image\" content=\"https:\/\/ks-cs.ch\/wp-content\/uploads\/2022\/11\/Logo.jpeg\" \/>\n\t<meta property=\"og:image:width\" content=\"1200\" \/>\n\t<meta property=\"og:image:height\" content=\"920\" \/>\n\t<meta property=\"og:image:type\" content=\"image\/jpeg\" \/>\n<meta name=\"twitter:card\" content=\"summary_large_image\" \/>\n<meta name=\"twitter:label1\" content=\"Tempo di lettura stimato\" \/>\n\t<meta name=\"twitter:data1\" content=\"2 minuti\" \/>\n<script type=\"application\/ld+json\" class=\"yoast-schema-graph\">{\"@context\":\"https:\\\/\\\/schema.org\",\"@graph\":[{\"@type\":\"WebPage\",\"@id\":\"https:\\\/\\\/ks-cs.ch\\\/it\\\/colofone\\\/\",\"url\":\"https:\\\/\\\/ks-cs.ch\\\/it\\\/colofone\\\/\",\"name\":\"Colofone - KS\\\/CS Comunicazione Svizzera\",\"isPartOf\":{\"@id\":\"https:\\\/\\\/ks-cs.ch\\\/it\\\/#website\"},\"datePublished\":\"2022-10-20T08:42:26+00:00\",\"dateModified\":\"2024-12-02T15:51:44+00:00\",\"breadcrumb\":{\"@id\":\"https:\\\/\\\/ks-cs.ch\\\/it\\\/colofone\\\/#breadcrumb\"},\"inLanguage\":\"it-IT\",\"potentialAction\":[{\"@type\":\"ReadAction\",\"target\":[\"https:\\\/\\\/ks-cs.ch\\\/it\\\/colofone\\\/\"]}]},{\"@type\":\"BreadcrumbList\",\"@id\":\"https:\\\/\\\/ks-cs.ch\\\/it\\\/colofone\\\/#breadcrumb\",\"itemListElement\":[{\"@type\":\"ListItem\",\"position\":1,\"name\":\"Home\",\"item\":\"https:\\\/\\\/ks-cs.ch\\\/it\\\/\"},{\"@type\":\"ListItem\",\"position\":2,\"name\":\"Colofone\"}]},{\"@type\":\"WebSite\",\"@id\":\"https:\\\/\\\/ks-cs.ch\\\/it\\\/#website\",\"url\":\"https:\\\/\\\/ks-cs.ch\\\/it\\\/\",\"name\":\"KS\\\/CS Kommunikation Schweiz\",\"description\":\"Associazione di comunicazione commerciale\",\"publisher\":{\"@id\":\"https:\\\/\\\/ks-cs.ch\\\/it\\\/#organization\"},\"potentialAction\":[{\"@type\":\"SearchAction\",\"target\":{\"@type\":\"EntryPoint\",\"urlTemplate\":\"https:\\\/\\\/ks-cs.ch\\\/it\\\/?s={search_term_string}\"},\"query-input\":{\"@type\":\"PropertyValueSpecification\",\"valueRequired\":true,\"valueName\":\"search_term_string\"}}],\"inLanguage\":\"it-IT\"},{\"@type\":\"Organization\",\"@id\":\"https:\\\/\\\/ks-cs.ch\\\/it\\\/#organization\",\"name\":\"KS\\\/CS Kommunikation Schweiz\",\"url\":\"https:\\\/\\\/ks-cs.ch\\\/it\\\/\",\"logo\":{\"@type\":\"ImageObject\",\"inLanguage\":\"it-IT\",\"@id\":\"https:\\\/\\\/ks-cs.ch\\\/it\\\/#\\\/schema\\\/logo\\\/image\\\/\",\"url\":\"https:\\\/\\\/ks-cs.ch\\\/wp-content\\\/uploads\\\/2022\\\/12\\\/Logo-Social-Media-1.jpg\",\"contentUrl\":\"https:\\\/\\\/ks-cs.ch\\\/wp-content\\\/uploads\\\/2022\\\/12\\\/Logo-Social-Media-1.jpg\",\"width\":709,\"height\":608,\"caption\":\"KS\\\/CS Kommunikation Schweiz\"},\"image\":{\"@id\":\"https:\\\/\\\/ks-cs.ch\\\/it\\\/#\\\/schema\\\/logo\\\/image\\\/\"},\"sameAs\":[\"https:\\\/\\\/www.linkedin.com\\\/company\\\/kommunikation-schweiz-communication-suisse-comunicazione-svizzera-communication-switzerland\\\/\"]}]}<\/script>\n<!-- \/ Yoast SEO plugin. -->","yoast_head_json":{"title":"Colofone - KS\/CS Comunicazione Svizzera","robots":{"index":"index","follow":"follow","max-snippet":"max-snippet:-1","max-image-preview":"max-image-preview:large","max-video-preview":"max-video-preview:-1"},"canonical":"https:\/\/ks-cs.ch\/it\/colofone\/","og_locale":"it_IT","og_type":"article","og_title":"Colofone - KS\/CS Comunicazione Svizzera","og_description":"Indirizzo di contatto KS\/CS Comunicazione Svizzera In der Breiti 2 8047 Zurigo Telefono: +41 44 211 40 11 E-mail: info@ks-cs.ch [&hellip;]","og_url":"https:\/\/ks-cs.ch\/it\/colofone\/","og_site_name":"KS\/CS Comunicazione Svizzera","article_modified_time":"2024-12-02T15:51:44+00:00","og_image":[{"width":1200,"height":920,"url":"https:\/\/ks-cs.ch\/wp-content\/uploads\/2022\/11\/Logo.jpeg","type":"image\/jpeg"}],"twitter_card":"summary_large_image","twitter_misc":{"Tempo di lettura stimato":"2 minuti"},"schema":{"@context":"https:\/\/schema.org","@graph":[{"@type":"WebPage","@id":"https:\/\/ks-cs.ch\/it\/colofone\/","url":"https:\/\/ks-cs.ch\/it\/colofone\/","name":"Colofone - KS\/CS Comunicazione Svizzera","isPartOf":{"@id":"https:\/\/ks-cs.ch\/it\/#website"},"datePublished":"2022-10-20T08:42:26+00:00","dateModified":"2024-12-02T15:51:44+00:00","breadcrumb":{"@id":"https:\/\/ks-cs.ch\/it\/colofone\/#breadcrumb"},"inLanguage":"it-IT","potentialAction":[{"@type":"ReadAction","target":["https:\/\/ks-cs.ch\/it\/colofone\/"]}]},{"@type":"BreadcrumbList","@id":"https:\/\/ks-cs.ch\/it\/colofone\/#breadcrumb","itemListElement":[{"@type":"ListItem","position":1,"name":"Home","item":"https:\/\/ks-cs.ch\/it\/"},{"@type":"ListItem","position":2,"name":"Colofone"}]},{"@type":"WebSite","@id":"https:\/\/ks-cs.ch\/it\/#website","url":"https:\/\/ks-cs.ch\/it\/","name":"KS\/CS Kommunikation Schweiz","description":"Associazione di comunicazione commerciale","publisher":{"@id":"https:\/\/ks-cs.ch\/it\/#organization"},"potentialAction":[{"@type":"SearchAction","target":{"@type":"EntryPoint","urlTemplate":"https:\/\/ks-cs.ch\/it\/?s={search_term_string}"},"query-input":{"@type":"PropertyValueSpecification","valueRequired":true,"valueName":"search_term_string"}}],"inLanguage":"it-IT"},{"@type":"Organization","@id":"https:\/\/ks-cs.ch\/it\/#organization","name":"KS\/CS Kommunikation Schweiz","url":"https:\/\/ks-cs.ch\/it\/","logo":{"@type":"ImageObject","inLanguage":"it-IT","@id":"https:\/\/ks-cs.ch\/it\/#\/schema\/logo\/image\/","url":"https:\/\/ks-cs.ch\/wp-content\/uploads\/2022\/12\/Logo-Social-Media-1.jpg","contentUrl":"https:\/\/ks-cs.ch\/wp-content\/uploads\/2022\/12\/Logo-Social-Media-1.jpg","width":709,"height":608,"caption":"KS\/CS Kommunikation Schweiz"},"image":{"@id":"https:\/\/ks-cs.ch\/it\/#\/schema\/logo\/image\/"},"sameAs":["https:\/\/www.linkedin.com\/company\/kommunikation-schweiz-communication-suisse-comunicazione-svizzera-communication-switzerland\/"]}]}},"publishpress_future_action":{"enabled":false,"date":"2026-05-13 17:57:46","action":"change-status","newStatus":"draft","terms":[],"taxonomy":"translation_priority","extraData":[]},"publishpress_future_workflow_manual_trigger":{"enabledWorkflows":[]},"_links":{"self":[{"href":"https:\/\/ks-cs.ch\/it\/wp-json\/wp\/v2\/pages\/1799","targetHints":{"allow":["GET"]}}],"collection":[{"href":"https:\/\/ks-cs.ch\/it\/wp-json\/wp\/v2\/pages"}],"about":[{"href":"https:\/\/ks-cs.ch\/it\/wp-json\/wp\/v2\/types\/page"}],"author":[{"embeddable":true,"href":"https:\/\/ks-cs.ch\/it\/wp-json\/wp\/v2\/users\/1"}],"replies":[{"embeddable":true,"href":"https:\/\/ks-cs.ch\/it\/wp-json\/wp\/v2\/comments?post=1799"}],"version-history":[{"count":3,"href":"https:\/\/ks-cs.ch\/it\/wp-json\/wp\/v2\/pages\/1799\/revisions"}],"predecessor-version":[{"id":6637,"href":"https:\/\/ks-cs.ch\/it\/wp-json\/wp\/v2\/pages\/1799\/revisions\/6637"}],"wp:attachment":[{"href":"https:\/\/ks-cs.ch\/it\/wp-json\/wp\/v2\/media?parent=1799"}],"curies":[{"name":"wp","href":"https:\/\/api.w.org\/{rel}","templated":true}]}}