{"id":1009,"date":"2022-07-12T10:33:40","date_gmt":"2022-07-12T08:33:40","guid":{"rendered":"https:\/\/ks-cs.ch\/chi-siamo\/comitati\/"},"modified":"2026-03-12T11:37:04","modified_gmt":"2026-03-12T10:37:04","slug":"comitati","status":"publish","type":"page","link":"https:\/\/ks-cs.ch\/it\/chi-siamo\/comitati\/","title":{"rendered":"Comitati"},"content":{"rendered":"<div class=\"wpb-content-wrapper\"><p>[vc_row row_height_percent=&#8221;0&#8243; override_padding=&#8221;yes&#8221; h_padding=&#8221;2&#8243; top_padding=&#8221;3&#8243; bottom_padding=&#8221;2&#8243; overlay_alpha=&#8221;50&#8243; gutter_size=&#8221;3&#8243; column_width_percent=&#8221;100&#8243; shift_y=&#8221;0&#8243; z_index=&#8221;0&#8243; uncode_shortcode_id=&#8221;172934&#8243;][vc_column column_width_use_pixel=&#8221;yes&#8221; gutter_size=&#8221;2&#8243; overlay_alpha=&#8221;50&#8243; shift_x=&#8221;0&#8243; shift_y=&#8221;0&#8243; shift_y_down=&#8221;0&#8243; z_index=&#8221;0&#8243; medium_width=&#8221;0&#8243; mobile_width=&#8221;0&#8243; width=&#8221;1\/1&#8243; uncode_shortcode_id=&#8221;104419&#8243; column_width_pixel=&#8221;840&#8243;][uncode_breadcrumbs separator=&#8221;dash&#8221;][vc_custom_heading heading_semantic=&#8221;h1&#8243; text_size=&#8221;h1&#8243; uncode_shortcode_id=&#8221;556355&#8243;]Comitati[\/vc_custom_heading][\/vc_column][\/vc_row][vc_row row_height_percent=&#8221;0&#8243; override_padding=&#8221;yes&#8221; h_padding=&#8221;2&#8243; top_padding=&#8221;2&#8243; bottom_padding=&#8221;4&#8243; overlay_alpha=&#8221;50&#8243; gutter_size=&#8221;3&#8243; column_width_percent=&#8221;100&#8243; shift_y=&#8221;0&#8243; z_index=&#8221;0&#8243; uncode_shortcode_id=&#8221;150251&#8243; el_class=&#8221;faq_area&#8221;][vc_column column_width_use_pixel=&#8221;yes&#8221; gutter_size=&#8221;3&#8243; overlay_alpha=&#8221;50&#8243; shift_x=&#8221;0&#8243; shift_y=&#8221;0&#8243; shift_y_down=&#8221;0&#8243; z_index=&#8221;0&#8243; medium_width=&#8221;0&#8243; mobile_width=&#8221;0&#8243; width=&#8221;1\/1&#8243; uncode_shortcode_id=&#8221;186479&#8243; column_width_pixel=&#8221;840&#8243;][vc_accordion sign=&#8221;plus&#8221; active_tab=&#8221;-1&#8243;][vc_accordion_tab gutter_size=&#8221;2&#8243; column_padding=&#8221;2&#8243; title=&#8221;Consiglio di amministrazione&#8221; tab_id=&#8221;1654403205-1-87&#8243; slug=&#8221;one&#8221;][vc_column_text uncode_shortcode_id=&#8221;176303&#8243;]<\/p>\n<p class=\"p1\">Il consiglio \u00e8 composto da personalit\u00e0 che rappresentano i committenti, le agenzie e le associazioni.<\/p>\n<p>[\/vc_column_text][vc_empty_space][vc_column_text uncode_shortcode_id=&#8221;168458&#8243;]<\/p>\n<ul>\n<li class=\"p1\">J\u00fcrg Bachmann, KS\/CS, Presidente<\/li>\n<li class=\"p1\">Silvana Imperiali, KS\/CS Vicepresidente, Biggie Switzerland SA, Amministratore delegato DACH &amp; CCZ<\/li>\n<li class=\"p1\">Vincent Antonioli, Debout sur la table S\u00e0rl, Fondatore, Partner<\/li>\n<li class=\"p1\">Marco Battaglia, Berta Kommunikationsplan AG, Consulente<\/li>\n<li class=\"p1\">Fran\u00e7ois Besen\u00e7on, Gestion et Communication S\u00e0rl, Chairman, Presidente del consiglio di amministrazione<\/li>\n<li class=\"p1\">Alexander Duphorn, Goldbach Media AG, CEO<\/li>\n<li class=\"p1\">Roland Ehrler, SWA-ASA, Director<\/li>\n<li class=\"p1\">Siri Fischer, IGEM Interessengemeinschaft elektronische Medien, Amministratore delegato<\/li>\n<li class=\"p1\">Michael H\u00e4hlen, in flagranti ag, Managing Director, Amministratore Delegato e Partner<\/li>\n<li class=\"p1\">Vera Katz, Dentsu International Switzerland AG, Amministratore delegato<\/li>\n<li class=\"p1\">Beat Krebs, Omnicom Media Group Schweiz AG, Comitato direttivo LSA \/ Responsabile Attivazione<\/li>\n<li class=\"p1\">Susanne Lebrument, Somedia AG, Delegati del Consiglio di amministrazione<\/li>\n<li class=\"p1\">Natasja Sommer-Feldbrugge, Coca-Cola Schweiz GmbH, Direttore degli affari pubblici<\/li>\n<\/ul>\n<p>[\/vc_column_text][\/vc_accordion_tab][vc_accordion_tab gutter_size=&#8221;2&#8243; column_padding=&#8221;2&#8243; title=&#8221;Ufficio&#8221; tab_id=&#8221;1654403205-2-36&#8243; slug=&#8221;two&#8221;][vc_column_text uncode_shortcode_id=&#8221;143052&#8243;]<\/p>\n<p class=\"p1\">L&#8217;ufficio gestisce le attivit\u00e0 operative di KS\/CS. Prepara gli affari e mantiene i contatti con i politici, i membri dell&#8217;associazione, i partner premium, le associazioni e tutte le altre parti interessate e persone.<\/p>\n<p>[\/vc_column_text][vc_empty_space][vc_column_text uncode_shortcode_id=&#8221;170429&#8243;]<\/p>\n<ul>\n<li>J\u00fcrg Bachmann, Presidente KS\/CS, bachmann@ks-cs.ch, +41 79 600 32 62<\/li>\n<li>Vera Baldo-Tschan, Responsabile Affari pubblici e comunicazione \/ Membro della direzione, baldo-tschan@ks-cs.ch , +41 79586 66 36<\/li>\n<li>Hendrik Fischer, Public Affairs Manager, fischer@ks-cs.ch, +41 76 283 09 22<\/li>\n<li>Ekaterina Petrova, Office Manager, petrova@ks-cs.ch, +41 44 211 23 24<\/li>\n<li>Fanny Rocchi, Responsabile dei servizi legali, rocchi@ks-cs.ch, +41 31 302 94 94<\/li>\n<li>Yasmin Spengler, Responsabile IT, spengler@ks-cs.ch, +41 79 313 24 94<\/li>\n<\/ul>\n<p>[\/vc_column_text][\/vc_accordion_tab][vc_accordion_tab gutter_size=&#8221;2&#8243; column_padding=&#8221;2&#8243; title=&#8221;Commissione regionale Svizzera tedesca&#8221; tab_id=&#8221;1654403313152-2-6&#8243; slug=&#8221;three&#8221;][vc_column_text uncode_shortcode_id=&#8221;226010&#8243;]<\/p>\n<ul>\n<li>Alexander Duphorn, Goldbach Media, CEO<\/li>\n<li>Ella Erogul, PEP Marketing Consulting GmbH, CEO<\/li>\n<li>Dominik Leonhardt, KS\/CS; Presidente delle Commissioni d&#8217;esame<\/li>\n<li>Ekaterina Petrova, KS\/CS, Office Managerin<\/li>\n<li>Sandro Prezzi, PMC Prezzi Media GmbH, CEO\/Fondatore<\/li>\n<li>Moritz Schneider, Mediaschneider, CEO<\/li>\n<\/ul>\n<p>[\/vc_column_text][\/vc_accordion_tab][vc_accordion_tab gutter_size=&#8221;2&#8243; column_padding=&#8221;2&#8243; title=&#8221;Commissione regionale Romandia&#8221; tab_id=&#8221;1654403325810-3-6&#8243; slug=&#8221;four&#8221;][vc_column_text uncode_shortcode_id=&#8221;126081&#8243;]<\/p>\n<ul>\n<li class=\"p1\">Vincent Antonioli, Debout sur la table S\u00e0rl, Fondatore Partner<\/li>\n<li class=\"p1\">Fran\u00e7ois Besen\u00e7on, Gestion et Communication S\u00e0rl, Chairman<\/li>\n<li class=\"p1\">Olivier Chabanel, APG|SGA,<span class=\"Apple-converted-space\">\u00a0 <\/span>Allgemeine Plakatgesellschaft AG, Socio amministratore<\/li>\n<li class=\"p1\">Fabian Delmonico<\/li>\n<li class=\"p1\">Anne-Sophie Fioretto, Pacte3F, Co-fondatrice et directrice &#8211; bureau conseil<\/li>\n<li class=\"p1\">Aldina Kasper, Audienzz AG, CEO<\/li>\n<li class=\"p1\">Vera Katz, Dentsu International Switzerland AG, Amministratore delegato<\/li>\n<li class=\"p1\">Thierry Kunstmann, Impact Media, Amministratore delegato<\/li>\n<li class=\"p1\">Anne-Claire Meiller, RTS Radio Television Suisse, Responsabile del servizio Sponsorizzazioni e Pubblicit\u00e0<\/li>\n<li class=\"p1\">Flavien Matthey, Swisscom (Schweiz) AG, Head of B2B Customer Engagement<\/li>\n<li class=\"p1\">Fr\u00e9d\u00e9ric Monthoux, Groupe Mutuel Services SA, Senior Marketing Manager &#8211; Pension strategy<\/li>\n<li class=\"p1\">Patricia Orville, DO! L&#8217;agence SA, Associ\u00e9e, Chef de publicit\u00e9<\/li>\n<li class=\"p1\">Julian Pidoux, Philip Morris Switzerland S\u00e0rl, Responsabile comunicazione<\/li>\n<li class=\"p1\">H\u00e9l\u00e8ne Spertini, Lausanne Capital Olympique, Head of Communication<\/li>\n<li class=\"p1\">Laure Violet, Goldbach Neo OOH AG, Direttrice Svizzera romanda e Ticino<\/li>\n<li class=\"p1\">Fr\u00e9d\u00e9ric Zamofing, FZ ACTIVATION, Fondatore<\/li>\n<\/ul>\n<p>[\/vc_column_text][\/vc_accordion_tab][vc_accordion_tab gutter_size=&#8221;2&#8243; column_padding=&#8221;2&#8243; title=&#8221;Commissione regionale Svizzera italiana&#8221; tab_id=&#8221;1657615100664-4-0&#8243;][vc_column_text uncode_shortcode_id=&#8221;404248&#8243;]<\/p>\n<ul>\n<li>\n<p class=\"p1\">J\u00fcrg Bachmann, KS\/CS, Presidente<\/p>\n<\/li>\n<\/ul>\n<p>[\/vc_column_text][\/vc_accordion_tab][vc_accordion_tab gutter_size=&#8221;2&#8243; column_padding=&#8221;2&#8243; title=&#8221;Commissione d&#8217;esame&#8221; tab_id=&#8221;1657615125748-5-7&#8243;][vc_column_text uncode_shortcode_id=&#8221;200879&#8243;]<\/p>\n<ul>\n<li>Vincent Antonioli, Debout sur la table, proprietario, rappresentante per la Svizzera romanda<\/li>\n<li>Iris Bl\u00e4ttler, Responsabile della qualit\u00e0<\/li>\n<li>Stefano Bosia, Sales Advisor, Proprietario<\/li>\n<li>Corinne Druey, Syntagme Lausanne S\u00e0RL, Direttrice generale<\/li>\n<li>Yves Epiney, Shareforce by HR&amp;M Consulting S\u00e0rl, Proprietario, Direttore d&#8217;esame<\/li>\n<li>Andy Hostettler, HH GmbH, Proprietario, membro della commissione d&#8217;appello<\/li>\n<li>Alex Josty, Swissmedic, Portavoce<\/li>\n<li>Dominik Leonhardt, KS\/CS, Presidente delle commissioni d&#8217;esame per specialisti in comunicazione e responsabili della comunicazione<\/li>\n<li>Ekaterina Petrova, KS\/CS, Gestione ufficio<\/li>\n<li>Laurent Pittet, Pittet Communication SA, Direttore generale<\/li>\n<li class=\"p1\">Remo M. Schenker, Boncept AG, Fondatore e proprietario<\/li>\n<li class=\"p1\">Ivan Schultheiss, Outdoor Media AG, Consulente commerciale di marketing<\/li>\n<li class=\"p1\">Yasmine Vidal, V-coaching, Job Coach<\/li>\n<\/ul>\n<p>[\/vc_column_text][\/vc_accordion_tab][\/vc_accordion][\/vc_column][\/vc_row][vc_row][vc_column width=&#8221;1\/1&#8243;][\/vc_column][\/vc_row]<\/p>\n<\/div>","protected":false},"excerpt":{"rendered":"<p>Lorem ipsum dolor sit amet, consetetur sadipscing elitr, sed diam nonumy eirmod tempor invidunt ut labore et dolore magna aliquyam erat, sed diam voluptua. At vero eos et accusam et justo.<\/p>\n","protected":false},"author":1,"featured_media":0,"parent":917,"menu_order":2,"comment_status":"closed","ping_status":"closed","template":"","meta":{"content-type":"","footnotes":""},"class_list":["post-1009","page","type-page","status-publish","hentry","page_category-chi-siamo"],"yoast_head":"<!-- This site is optimized with the Yoast SEO plugin v27.3 - https:\/\/yoast.com\/product\/yoast-seo-wordpress\/ -->\n<title>Comitati - KS\/CS Comunicazione Svizzera<\/title>\n<meta name=\"robots\" content=\"index, follow, max-snippet:-1, max-image-preview:large, max-video-preview:-1\" \/>\n<link rel=\"canonical\" href=\"https:\/\/ks-cs.ch\/it\/chi-siamo\/comitati\/\" \/>\n<meta property=\"og:locale\" content=\"it_IT\" \/>\n<meta property=\"og:type\" content=\"article\" \/>\n<meta property=\"og:title\" content=\"Comitati - KS\/CS Comunicazione Svizzera\" \/>\n<meta property=\"og:description\" content=\"Lorem ipsum dolor sit amet, consetetur sadipscing elitr, sed diam nonumy eirmod tempor invidunt ut labore et dolore magna aliquyam erat, sed diam voluptua. At vero eos et accusam et justo.\" \/>\n<meta property=\"og:url\" content=\"https:\/\/ks-cs.ch\/it\/chi-siamo\/comitati\/\" \/>\n<meta property=\"og:site_name\" content=\"KS\/CS Comunicazione Svizzera\" \/>\n<meta property=\"article:modified_time\" content=\"2026-03-12T10:37:04+00:00\" \/>\n<meta property=\"og:image\" content=\"https:\/\/ks-cs.ch\/wp-content\/uploads\/2022\/11\/Logo.jpeg\" \/>\n\t<meta property=\"og:image:width\" content=\"1200\" \/>\n\t<meta property=\"og:image:height\" content=\"920\" \/>\n\t<meta property=\"og:image:type\" content=\"image\/jpeg\" \/>\n<meta name=\"twitter:card\" content=\"summary_large_image\" \/>\n<meta name=\"twitter:label1\" content=\"Tempo di lettura stimato\" \/>\n\t<meta name=\"twitter:data1\" content=\"4 minuti\" \/>\n<script type=\"application\/ld+json\" class=\"yoast-schema-graph\">{\"@context\":\"https:\\\/\\\/schema.org\",\"@graph\":[{\"@type\":\"WebPage\",\"@id\":\"https:\\\/\\\/ks-cs.ch\\\/it\\\/chi-siamo\\\/comitati\\\/\",\"url\":\"https:\\\/\\\/ks-cs.ch\\\/it\\\/chi-siamo\\\/comitati\\\/\",\"name\":\"Comitati - KS\\\/CS Comunicazione Svizzera\",\"isPartOf\":{\"@id\":\"https:\\\/\\\/ks-cs.ch\\\/it\\\/#website\"},\"datePublished\":\"2022-07-12T08:33:40+00:00\",\"dateModified\":\"2026-03-12T10:37:04+00:00\",\"breadcrumb\":{\"@id\":\"https:\\\/\\\/ks-cs.ch\\\/it\\\/chi-siamo\\\/comitati\\\/#breadcrumb\"},\"inLanguage\":\"it-IT\",\"potentialAction\":[{\"@type\":\"ReadAction\",\"target\":[\"https:\\\/\\\/ks-cs.ch\\\/it\\\/chi-siamo\\\/comitati\\\/\"]}]},{\"@type\":\"BreadcrumbList\",\"@id\":\"https:\\\/\\\/ks-cs.ch\\\/it\\\/chi-siamo\\\/comitati\\\/#breadcrumb\",\"itemListElement\":[{\"@type\":\"ListItem\",\"position\":1,\"name\":\"Home\",\"item\":\"https:\\\/\\\/ks-cs.ch\\\/it\\\/\"},{\"@type\":\"ListItem\",\"position\":2,\"name\":\"Chi siamo\",\"item\":\"https:\\\/\\\/ks-cs.ch\\\/it\\\/chi-siamo\\\/\"},{\"@type\":\"ListItem\",\"position\":3,\"name\":\"Comitati\"}]},{\"@type\":\"WebSite\",\"@id\":\"https:\\\/\\\/ks-cs.ch\\\/it\\\/#website\",\"url\":\"https:\\\/\\\/ks-cs.ch\\\/it\\\/\",\"name\":\"KS\\\/CS Kommunikation Schweiz\",\"description\":\"Associazione di comunicazione commerciale\",\"publisher\":{\"@id\":\"https:\\\/\\\/ks-cs.ch\\\/it\\\/#organization\"},\"potentialAction\":[{\"@type\":\"SearchAction\",\"target\":{\"@type\":\"EntryPoint\",\"urlTemplate\":\"https:\\\/\\\/ks-cs.ch\\\/it\\\/?s={search_term_string}\"},\"query-input\":{\"@type\":\"PropertyValueSpecification\",\"valueRequired\":true,\"valueName\":\"search_term_string\"}}],\"inLanguage\":\"it-IT\"},{\"@type\":\"Organization\",\"@id\":\"https:\\\/\\\/ks-cs.ch\\\/it\\\/#organization\",\"name\":\"KS\\\/CS Kommunikation Schweiz\",\"url\":\"https:\\\/\\\/ks-cs.ch\\\/it\\\/\",\"logo\":{\"@type\":\"ImageObject\",\"inLanguage\":\"it-IT\",\"@id\":\"https:\\\/\\\/ks-cs.ch\\\/it\\\/#\\\/schema\\\/logo\\\/image\\\/\",\"url\":\"https:\\\/\\\/ks-cs.ch\\\/wp-content\\\/uploads\\\/2022\\\/12\\\/Logo-Social-Media-1.jpg\",\"contentUrl\":\"https:\\\/\\\/ks-cs.ch\\\/wp-content\\\/uploads\\\/2022\\\/12\\\/Logo-Social-Media-1.jpg\",\"width\":709,\"height\":608,\"caption\":\"KS\\\/CS Kommunikation Schweiz\"},\"image\":{\"@id\":\"https:\\\/\\\/ks-cs.ch\\\/it\\\/#\\\/schema\\\/logo\\\/image\\\/\"},\"sameAs\":[\"https:\\\/\\\/www.linkedin.com\\\/company\\\/kommunikation-schweiz-communication-suisse-comunicazione-svizzera-communication-switzerland\\\/\"]}]}<\/script>\n<!-- \/ Yoast SEO plugin. -->","yoast_head_json":{"title":"Comitati - KS\/CS Comunicazione Svizzera","robots":{"index":"index","follow":"follow","max-snippet":"max-snippet:-1","max-image-preview":"max-image-preview:large","max-video-preview":"max-video-preview:-1"},"canonical":"https:\/\/ks-cs.ch\/it\/chi-siamo\/comitati\/","og_locale":"it_IT","og_type":"article","og_title":"Comitati - KS\/CS Comunicazione Svizzera","og_description":"Lorem ipsum dolor sit amet, consetetur sadipscing elitr, sed diam nonumy eirmod tempor invidunt ut labore et dolore magna aliquyam erat, sed diam voluptua. At vero eos et accusam et justo.","og_url":"https:\/\/ks-cs.ch\/it\/chi-siamo\/comitati\/","og_site_name":"KS\/CS Comunicazione Svizzera","article_modified_time":"2026-03-12T10:37:04+00:00","og_image":[{"width":1200,"height":920,"url":"https:\/\/ks-cs.ch\/wp-content\/uploads\/2022\/11\/Logo.jpeg","type":"image\/jpeg"}],"twitter_card":"summary_large_image","twitter_misc":{"Tempo di lettura stimato":"4 minuti"},"schema":{"@context":"https:\/\/schema.org","@graph":[{"@type":"WebPage","@id":"https:\/\/ks-cs.ch\/it\/chi-siamo\/comitati\/","url":"https:\/\/ks-cs.ch\/it\/chi-siamo\/comitati\/","name":"Comitati - KS\/CS Comunicazione Svizzera","isPartOf":{"@id":"https:\/\/ks-cs.ch\/it\/#website"},"datePublished":"2022-07-12T08:33:40+00:00","dateModified":"2026-03-12T10:37:04+00:00","breadcrumb":{"@id":"https:\/\/ks-cs.ch\/it\/chi-siamo\/comitati\/#breadcrumb"},"inLanguage":"it-IT","potentialAction":[{"@type":"ReadAction","target":["https:\/\/ks-cs.ch\/it\/chi-siamo\/comitati\/"]}]},{"@type":"BreadcrumbList","@id":"https:\/\/ks-cs.ch\/it\/chi-siamo\/comitati\/#breadcrumb","itemListElement":[{"@type":"ListItem","position":1,"name":"Home","item":"https:\/\/ks-cs.ch\/it\/"},{"@type":"ListItem","position":2,"name":"Chi siamo","item":"https:\/\/ks-cs.ch\/it\/chi-siamo\/"},{"@type":"ListItem","position":3,"name":"Comitati"}]},{"@type":"WebSite","@id":"https:\/\/ks-cs.ch\/it\/#website","url":"https:\/\/ks-cs.ch\/it\/","name":"KS\/CS Kommunikation Schweiz","description":"Associazione di comunicazione commerciale","publisher":{"@id":"https:\/\/ks-cs.ch\/it\/#organization"},"potentialAction":[{"@type":"SearchAction","target":{"@type":"EntryPoint","urlTemplate":"https:\/\/ks-cs.ch\/it\/?s={search_term_string}"},"query-input":{"@type":"PropertyValueSpecification","valueRequired":true,"valueName":"search_term_string"}}],"inLanguage":"it-IT"},{"@type":"Organization","@id":"https:\/\/ks-cs.ch\/it\/#organization","name":"KS\/CS Kommunikation Schweiz","url":"https:\/\/ks-cs.ch\/it\/","logo":{"@type":"ImageObject","inLanguage":"it-IT","@id":"https:\/\/ks-cs.ch\/it\/#\/schema\/logo\/image\/","url":"https:\/\/ks-cs.ch\/wp-content\/uploads\/2022\/12\/Logo-Social-Media-1.jpg","contentUrl":"https:\/\/ks-cs.ch\/wp-content\/uploads\/2022\/12\/Logo-Social-Media-1.jpg","width":709,"height":608,"caption":"KS\/CS Kommunikation Schweiz"},"image":{"@id":"https:\/\/ks-cs.ch\/it\/#\/schema\/logo\/image\/"},"sameAs":["https:\/\/www.linkedin.com\/company\/kommunikation-schweiz-communication-suisse-comunicazione-svizzera-communication-switzerland\/"]}]}},"publishpress_future_action":{"enabled":false,"date":"2026-04-15 10:31:15","action":"change-status","newStatus":"draft","terms":[],"taxonomy":"translation_priority","extraData":[]},"publishpress_future_workflow_manual_trigger":{"enabledWorkflows":[]},"_links":{"self":[{"href":"https:\/\/ks-cs.ch\/it\/wp-json\/wp\/v2\/pages\/1009","targetHints":{"allow":["GET"]}}],"collection":[{"href":"https:\/\/ks-cs.ch\/it\/wp-json\/wp\/v2\/pages"}],"about":[{"href":"https:\/\/ks-cs.ch\/it\/wp-json\/wp\/v2\/types\/page"}],"author":[{"embeddable":true,"href":"https:\/\/ks-cs.ch\/it\/wp-json\/wp\/v2\/users\/1"}],"replies":[{"embeddable":true,"href":"https:\/\/ks-cs.ch\/it\/wp-json\/wp\/v2\/comments?post=1009"}],"version-history":[{"count":32,"href":"https:\/\/ks-cs.ch\/it\/wp-json\/wp\/v2\/pages\/1009\/revisions"}],"predecessor-version":[{"id":8915,"href":"https:\/\/ks-cs.ch\/it\/wp-json\/wp\/v2\/pages\/1009\/revisions\/8915"}],"up":[{"embeddable":true,"href":"https:\/\/ks-cs.ch\/it\/wp-json\/wp\/v2\/pages\/917"}],"wp:attachment":[{"href":"https:\/\/ks-cs.ch\/it\/wp-json\/wp\/v2\/media?parent=1009"}],"curies":[{"name":"wp","href":"https:\/\/api.w.org\/{rel}","templated":true}]}}