{"id":998,"date":"2022-07-12T10:33:40","date_gmt":"2022-07-12T08:33:40","guid":{"rendered":"https:\/\/ks-cs.ch\/a-propos-de-nous\/comites\/"},"modified":"2026-03-12T11:40:53","modified_gmt":"2026-03-12T10:40:53","slug":"comites","status":"publish","type":"page","link":"https:\/\/ks-cs.ch\/fr\/a-propos-de-nous\/comites\/","title":{"rendered":"Comit\u00e9s"},"content":{"rendered":"<div class=\"wpb-content-wrapper\"><p>[vc_row row_height_percent=\u00a0\u00bb0&Prime; override_padding=\u00a0\u00bbyes\u00a0\u00bb h_padding=\u00a0\u00bb2&Prime; top_padding=\u00a0\u00bb3&Prime; bottom_padding=\u00a0\u00bb2&Prime; overlay_alpha=\u00a0\u00bb50&Prime; gutter_size=\u00a0\u00bb3&Prime; column_width_percent=\u00a0\u00bb100&Prime; shift_y=\u00a0\u00bb0&Prime; z_index=\u00a0\u00bb0&Prime; uncode_shortcode_id=\u00a0\u00bb172934&Prime;][vc_column column_width_use_pixel=\u00a0\u00bbyes\u00a0\u00bb gutter_size=\u00a0\u00bb2&Prime; overlay_alpha=\u00a0\u00bb50&Prime; shift_x=\u00a0\u00bb0&Prime; shift_y=\u00a0\u00bb0&Prime; shift_y_down=\u00a0\u00bb0&Prime; z_index=\u00a0\u00bb0&Prime; medium_width=\u00a0\u00bb0&Prime; mobile_width=\u00a0\u00bb0&Prime; width=\u00a0\u00bb1\/1&Prime; uncode_shortcode_id=\u00a0\u00bb104419&Prime; column_width_pixel=\u00a0\u00bb840&Prime;][uncode_breadcrumbs separator=\u00a0\u00bbdash\u00a0\u00bb][vc_custom_heading heading_semantic=\u00a0\u00bbh1&Prime; text_size=\u00a0\u00bbh1&Prime; uncode_shortcode_id=\u00a0\u00bb556355&Prime;]Comit\u00e9s[\/vc_custom_heading][\/vc_column][\/vc_row][vc_row row_height_percent=\u00a0\u00bb0&Prime; override_padding=\u00a0\u00bbyes\u00a0\u00bb h_padding=\u00a0\u00bb2&Prime; top_padding=\u00a0\u00bb2&Prime; bottom_padding=\u00a0\u00bb4&Prime; overlay_alpha=\u00a0\u00bb50&Prime; gutter_size=\u00a0\u00bb3&Prime; column_width_percent=\u00a0\u00bb100&Prime; shift_y=\u00a0\u00bb0&Prime; z_index=\u00a0\u00bb0&Prime; uncode_shortcode_id=\u00a0\u00bb150251&Prime; el_class=\u00a0\u00bbfaq_area\u00a0\u00bb][vc_column column_width_use_pixel=\u00a0\u00bbyes\u00a0\u00bb gutter_size=\u00a0\u00bb3&Prime; overlay_alpha=\u00a0\u00bb50&Prime; shift_x=\u00a0\u00bb0&Prime; shift_y=\u00a0\u00bb0&Prime; shift_y_down=\u00a0\u00bb0&Prime; z_index=\u00a0\u00bb0&Prime; medium_width=\u00a0\u00bb0&Prime; mobile_width=\u00a0\u00bb0&Prime; width=\u00a0\u00bb1\/1&Prime; uncode_shortcode_id=\u00a0\u00bb186479&Prime; column_width_pixel=\u00a0\u00bb840&Prime;][vc_accordion sign=\u00a0\u00bbplus\u00a0\u00bb active_tab=\u00a0\u00bb-1&Prime;][vc_accordion_tab gutter_size=\u00a0\u00bb2&Prime; column_padding=\u00a0\u00bb2&Prime; title=\u00a0\u00bbComit\u00e9\u00a0\u00bb tab_id=\u00a0\u00bb1654403205-1-87&Prime; slug=\u00a0\u00bbone\u00a0\u00bb][vc_column_text uncode_shortcode_id=\u00a0\u00bb348988&Prime;]<\/p>\n<p class=\"p1\">Le conseil d&rsquo;administration est compos\u00e9 de 13 personnalit\u00e9s repr\u00e9sentant les donneurs d&rsquo;ordre, les agences et les associations.<\/p>\n<p>[\/vc_column_text][vc_empty_space][vc_column_text uncode_shortcode_id=\u00a0\u00bb118767&Prime;]<\/p>\n<ul>\n<li class=\"p1\">J\u00fcrg Bachmann, KS\/CS, Pr\u00e9sident<\/li>\n<li class=\"p1\">Silvana Imperiali, KS\/CS Vice-pr\u00e9sidente, Biggie Switzerland SA, Directeur g\u00e9n\u00e9ral DACH &amp; CCZ<\/li>\n<li class=\"p1\">Vincent Antonioli, Debout sur la table S\u00e0rl, Fondateur, associ\u00e9<\/li>\n<li class=\"p1\">Marco Battaglia, Berta Kommunikationsplan AG, Consultant<\/li>\n<li class=\"p1\">Fran\u00e7ois Besen\u00e7on, KS\/CS, Gecom, Gestion et Communication S\u00e0rl, Chairman pr\u00e9sident du conseil d&rsquo;administration<\/li>\n<li class=\"p1\">Alexander Duphorn, Goldbach Media AG, CEO<\/li>\n<li class=\"p1\">Roland Ehrler, SWA-ASA, Directeur g\u00e9n\u00e9ral<\/li>\n<li class=\"p1\"><span class=\"s1\">Siri Fischer, IGEM Interessengemeinschaft elektronische Medien, directrice g\u00e9n\u00e9rale<\/span><\/li>\n<li class=\"p1\">Michael H\u00e4hlen, in flagranti ag, Managing Directeur et partenaire<\/li>\n<li class=\"p1\">Vera Katz, Dentsu International Switzerland AG, Directrice g\u00e9n\u00e9ral<\/li>\n<li class=\"p1\">Beat Krebs, Omnicom Media Group Schweiz AG, Comit\u00e9 directeur LSA \/ Chief Activation Officer<\/li>\n<li class=\"p1\">Susanne Lebrument, Somedia AG, D\u00e9l\u00e9gu\u00e9e du conseil d&rsquo;administration<\/li>\n<li class=\"p1\">Natasja Sommer-Feldbrugge, Coca-Cola Schweiz GmbH, Directeur des affaires publiques<\/li>\n<\/ul>\n<p>[\/vc_column_text][\/vc_accordion_tab][vc_accordion_tab gutter_size=\u00a0\u00bb2&Prime; column_padding=\u00a0\u00bb2&Prime; title=\u00a0\u00bbBureau\u00a0\u00bb tab_id=\u00a0\u00bb1654403205-2-36&Prime; slug=\u00a0\u00bbtwo\u00a0\u00bb][vc_column_text uncode_shortcode_id=\u00a0\u00bb143052&Prime;]<\/p>\n<p class=\"p1\">Le secr\u00e9tariat g\u00e8re les activit\u00e9s op\u00e9rationnelles de KS\/CS. Elle pr\u00e9pare les affaires et entretient les contacts avec les politiciens, les membres de l&rsquo;association, les partenaires premium, les associations et tous les autres groupes et personnes concern\u00e9s.<\/p>\n<p>[\/vc_column_text][vc_empty_space][vc_column_text uncode_shortcode_id=\u00a0\u00bb113004&Prime;]<\/p>\n<ul>\n<li>J\u00fcrg Bachmann, Pr\u00e9sident KS\/CS, bachmann@ks-cs.ch, +41 79 600 32 62<\/li>\n<li>Vera Baldo-Tschan, Responsable Affaires publiques et communication \/ Membre de la direction, baldo-tschan@ks-cs.ch , +41 79586 66 36<\/li>\n<li>Hendrik Fischer, Public Affairs Manager, fischer@ks-cs.ch, +41 76 283 09 22<\/li>\n<li>Ekaterina Petrova, Office Manager, petrova@ks-cs.ch, +41 44 211 23 24<\/li>\n<li>Fanny Rocchi, Responsable du service juridique, rocchi@ks-cs.ch, +41 31 302 94 94<\/li>\n<li>Yasmin Spengler, Responsable IT, <span id=\"eeb-979664-834824\">spengler@ks-cs.ch<\/span>, +41 79 313 24 94<\/li>\n<\/ul>\n<p>[\/vc_column_text][\/vc_accordion_tab][vc_accordion_tab gutter_size=\u00a0\u00bb2&Prime; column_padding=\u00a0\u00bb2&Prime; title=\u00a0\u00bbCommission r\u00e9gionale Suisse al\u00e9manique\u00a0\u00bb tab_id=\u00a0\u00bb1654403313152-2-6&Prime; slug=\u00a0\u00bbthree\u00a0\u00bb][vc_column_text uncode_shortcode_id=\u00a0\u00bb183291&Prime;]<\/p>\n<ul>\n<li>Alexander Duphorn, directeur g\u00e9n\u00e9ral, Goldbach Media (Switzerland)<\/li>\n<li>Ella Erogul, directrice g\u00e9n\u00e9rale, PEP Marketing Consulting GmbH<\/li>\n<li>Dominik Leonhardt, pr\u00e9sident des commissions d&rsquo;examen<\/li>\n<li>Ekaterina Petrova, responsable du secr\u00e9tariat, KS\/CS<\/li>\n<li>Sandro Prezzi, fondateur et directeur g\u00e9n\u00e9ral, PMC Prezzi Media GmbH<\/li>\n<li>Moritz Schneider, CEO Mediaschneider AG<\/li>\n<\/ul>\n<p>[\/vc_column_text][\/vc_accordion_tab][vc_accordion_tab gutter_size=\u00a0\u00bb2&Prime; column_padding=\u00a0\u00bb2&Prime; title=\u00a0\u00bbCommission r\u00e9gionale Suisse romande\u00a0\u00bb tab_id=\u00a0\u00bb1654403325810-3-6&Prime; slug=\u00a0\u00bbfour\u00a0\u00bb][vc_column_text uncode_shortcode_id=\u00a0\u00bb125318&Prime;]<\/p>\n<ul>\n<li class=\"p1\">Vincent Antonioli, Debout sur la table S\u00e0rl, Fondateur, Associ\u00e9, Pr\u00e9sident<\/li>\n<li class=\"p1\">Fran\u00e7ois Besen\u00e7on, KS\/CS, Gecom, Gestion et Communication S\u00e0rl, Chairman<\/li>\n<li class=\"p1\">Olivier Chabanel, SGA\/APG, Directeur Partner management Romandie<\/li>\n<li class=\"p1\">Fabian Delmonico<\/li>\n<li class=\"p1\">Anne-Sophie Fioretto, Pacte3F, Co-fondatrice et directrice &#8211; bureau conseil<\/li>\n<li class=\"p1\">Aldina Kasper, Audienzz AG, CEO<\/li>\n<li class=\"p1\">Vera Katz, Dentsu International Switzerland AG, Managing Director<\/li>\n<li class=\"p1\">Thierry Kunstmann, Impact Media, Directeur Commercial<\/li>\n<li class=\"p1\">Anne-Claire Meiller, RTS Radio Television Suisse, Cheffe du service Sponsoring et Publicit\u00e9<\/li>\n<li class=\"p1\">Flavien Matthey, Swisscom (Schweiz) AG, Head of B2B Customer Engagement<\/li>\n<li class=\"p1\">Fr\u00e9d\u00e9ric Monthoux, Groupe Mutuel Services SA, Senior Marketing Manager &#8211; Pension strategy<\/li>\n<li class=\"p1\">Patricia Orville, DO! L&rsquo;agence SA, Associ\u00e9e, Chef de publicit\u00e9<\/li>\n<li class=\"p1\">Julian Pidoux, Philip Morris Switzerland S\u00e0rl, Responsable de la communication<\/li>\n<li class=\"p1\">H\u00e9l\u00e8ne Spertini, Lausanne Capital Olympique, Head of Communication<\/li>\n<li class=\"p1\">Laure Violet, Goldbach Neo OOH AG, Directrice Suisse Romande et Tessin<\/li>\n<li class=\"p1\"><span class=\"s1\">Fr\u00e9d\u00e9ric Zamofing, FZ ACTIVATION, Founder, Communication, Media &amp; Activation<\/span><\/li>\n<\/ul>\n<p>[\/vc_column_text][\/vc_accordion_tab][vc_accordion_tab gutter_size=\u00a0\u00bb2&Prime; column_padding=\u00a0\u00bb2&Prime; title=\u00a0\u00bbCommission r\u00e9gionale de la Suisse italienne\u00a0\u00bb tab_id=\u00a0\u00bb1657615100664-4-0&Prime;][vc_column_text uncode_shortcode_id=\u00a0\u00bb283444&Prime;]<\/p>\n<ul>\n<li>\n<p class=\"p1\">J\u00fcrg Bachmann, KS\/CS, Pr\u00e9sident<\/p>\n<\/li>\n<\/ul>\n<p>[\/vc_column_text][\/vc_accordion_tab][vc_accordion_tab gutter_size=\u00a0\u00bb2&Prime; column_padding=\u00a0\u00bb2&Prime; title=\u00a0\u00bbCommission des examens\u00a0\u00bb tab_id=\u00a0\u00bb1657615125748-5-7&Prime;][vc_column_text uncode_shortcode_id=\u00a0\u00bb694584&Prime;]<\/p>\n<ul>\n<li>Dominik Leonhardt, KS\/CS, Pr\u00e9sident de la commission d&rsquo;examen<\/li>\n<li><span class=\"s1\">Ekaterina Petrova, KS\/CS, Responsable du secr\u00e9tariat d&rsquo;examen, Office Management<\/span><\/li>\n<li>Vincent Antonioli, Debout sur la table, Fondateur, associ\u00e9, repr\u00e9sentant de la Suisse romande<\/li>\n<li>Iris Bl\u00e4ttler, Responsable qualit\u00e9<\/li>\n<li>Stefano Bosia, Sales Advisor, Propri\u00e9taire<\/li>\n<li>Corinne Druey, Syntagme Lausanne S\u00e0RL, Directrice g\u00e9n\u00e9rale<\/li>\n<li>Yves Epiney, Shareforce by HR&amp;M Consulting S\u00e0rl, Propri\u00e9taire, Directeur des examens<\/li>\n<li>Andy Hostettler, HH GmbH, Propri\u00e9taire, membre du comit\u00e9 de recours<\/li>\n<li>Alex Josty, Swissmedic, Porte-parole<\/li>\n<li>Laurent Pittet, Pittet Communication SA, Directeur<\/li>\n<li>Remo M. Schenker, Boncept AG, Fondateur et propri\u00e9taire<\/li>\n<li>Ivan Schultheiss, Outdoor Media AG, Marketing Sales Consultant, pr\u00e9sident du comit\u00e9 de recours<\/li>\n<li>Yasmine Vidal, V-coaching, Job Coach<\/li>\n<\/ul>\n<p>[\/vc_column_text][\/vc_accordion_tab][\/vc_accordion][\/vc_column][\/vc_row][vc_row][vc_column width=\u00a0\u00bb1\/1&Prime;][\/vc_column][\/vc_row]<\/p>\n<\/div>","protected":false},"excerpt":{"rendered":"<p>Lorem ipsum dolor sit amet, consetetur sadipscing elitr, sed diam nonumy eirmod tempor invidunt ut labore et dolore magna aliquyam erat, sed diam voluptua. At vero eos et accusam et justo.<\/p>\n","protected":false},"author":1,"featured_media":0,"parent":1300,"menu_order":2,"comment_status":"closed","ping_status":"closed","template":"","meta":{"content-type":"","footnotes":""},"class_list":["post-998","page","type-page","status-publish","hentry","page_category-a-propos-de-nous"],"yoast_head":"<!-- This site is optimized with the Yoast SEO plugin v27.3 - https:\/\/yoast.com\/product\/yoast-seo-wordpress\/ -->\n<title>Comit\u00e9s - KS\/CS Communication Suisse<\/title>\n<meta name=\"robots\" content=\"index, follow, max-snippet:-1, max-image-preview:large, max-video-preview:-1\" \/>\n<link rel=\"canonical\" href=\"https:\/\/ks-cs.ch\/fr\/a-propos-de-nous\/comites\/\" \/>\n<meta property=\"og:locale\" content=\"fr_FR\" \/>\n<meta property=\"og:type\" content=\"article\" \/>\n<meta property=\"og:title\" content=\"Comit\u00e9s - KS\/CS Communication Suisse\" \/>\n<meta property=\"og:description\" content=\"Lorem ipsum dolor sit amet, consetetur sadipscing elitr, sed diam nonumy eirmod tempor invidunt ut labore et dolore magna aliquyam erat, sed diam voluptua. At vero eos et accusam et justo.\" \/>\n<meta property=\"og:url\" content=\"https:\/\/ks-cs.ch\/fr\/a-propos-de-nous\/comites\/\" \/>\n<meta property=\"og:site_name\" content=\"KS\/CS Communication Suisse\" \/>\n<meta property=\"article:modified_time\" content=\"2026-03-12T10:40:53+00:00\" \/>\n<meta property=\"og:image\" content=\"https:\/\/ks-cs.ch\/wp-content\/uploads\/2022\/11\/Logo.jpeg\" \/>\n\t<meta property=\"og:image:width\" content=\"1200\" \/>\n\t<meta property=\"og:image:height\" content=\"920\" \/>\n\t<meta property=\"og:image:type\" content=\"image\/jpeg\" \/>\n<meta name=\"twitter:card\" content=\"summary_large_image\" \/>\n<meta name=\"twitter:label1\" content=\"Dur\u00e9e de lecture estim\u00e9e\" \/>\n\t<meta name=\"twitter:data1\" content=\"4 minutes\" \/>\n<script type=\"application\/ld+json\" class=\"yoast-schema-graph\">{\"@context\":\"https:\\\/\\\/schema.org\",\"@graph\":[{\"@type\":\"WebPage\",\"@id\":\"https:\\\/\\\/ks-cs.ch\\\/fr\\\/a-propos-de-nous\\\/comites\\\/\",\"url\":\"https:\\\/\\\/ks-cs.ch\\\/fr\\\/a-propos-de-nous\\\/comites\\\/\",\"name\":\"Comit\u00e9s - KS\\\/CS Communication Suisse\",\"isPartOf\":{\"@id\":\"https:\\\/\\\/ks-cs.ch\\\/fr\\\/#website\"},\"datePublished\":\"2022-07-12T08:33:40+00:00\",\"dateModified\":\"2026-03-12T10:40:53+00:00\",\"breadcrumb\":{\"@id\":\"https:\\\/\\\/ks-cs.ch\\\/fr\\\/a-propos-de-nous\\\/comites\\\/#breadcrumb\"},\"inLanguage\":\"fr-FR\",\"potentialAction\":[{\"@type\":\"ReadAction\",\"target\":[\"https:\\\/\\\/ks-cs.ch\\\/fr\\\/a-propos-de-nous\\\/comites\\\/\"]}]},{\"@type\":\"BreadcrumbList\",\"@id\":\"https:\\\/\\\/ks-cs.ch\\\/fr\\\/a-propos-de-nous\\\/comites\\\/#breadcrumb\",\"itemListElement\":[{\"@type\":\"ListItem\",\"position\":1,\"name\":\"Home\",\"item\":\"https:\\\/\\\/ks-cs.ch\\\/fr\\\/\"},{\"@type\":\"ListItem\",\"position\":2,\"name\":\"\u00c0 propos de nous\",\"item\":\"https:\\\/\\\/ks-cs.ch\\\/fr\\\/a-propos-de-nous\\\/\"},{\"@type\":\"ListItem\",\"position\":3,\"name\":\"Comit\u00e9s\"}]},{\"@type\":\"WebSite\",\"@id\":\"https:\\\/\\\/ks-cs.ch\\\/fr\\\/#website\",\"url\":\"https:\\\/\\\/ks-cs.ch\\\/fr\\\/\",\"name\":\"KS\\\/CS Kommunikation Schweiz\",\"description\":\"Association des communications commerciales\",\"publisher\":{\"@id\":\"https:\\\/\\\/ks-cs.ch\\\/fr\\\/#organization\"},\"potentialAction\":[{\"@type\":\"SearchAction\",\"target\":{\"@type\":\"EntryPoint\",\"urlTemplate\":\"https:\\\/\\\/ks-cs.ch\\\/fr\\\/?s={search_term_string}\"},\"query-input\":{\"@type\":\"PropertyValueSpecification\",\"valueRequired\":true,\"valueName\":\"search_term_string\"}}],\"inLanguage\":\"fr-FR\"},{\"@type\":\"Organization\",\"@id\":\"https:\\\/\\\/ks-cs.ch\\\/fr\\\/#organization\",\"name\":\"KS\\\/CS Kommunikation Schweiz\",\"url\":\"https:\\\/\\\/ks-cs.ch\\\/fr\\\/\",\"logo\":{\"@type\":\"ImageObject\",\"inLanguage\":\"fr-FR\",\"@id\":\"https:\\\/\\\/ks-cs.ch\\\/fr\\\/#\\\/schema\\\/logo\\\/image\\\/\",\"url\":\"https:\\\/\\\/ks-cs.ch\\\/wp-content\\\/uploads\\\/2022\\\/12\\\/Logo-Social-Media-1.jpg\",\"contentUrl\":\"https:\\\/\\\/ks-cs.ch\\\/wp-content\\\/uploads\\\/2022\\\/12\\\/Logo-Social-Media-1.jpg\",\"width\":709,\"height\":608,\"caption\":\"KS\\\/CS Kommunikation Schweiz\"},\"image\":{\"@id\":\"https:\\\/\\\/ks-cs.ch\\\/fr\\\/#\\\/schema\\\/logo\\\/image\\\/\"},\"sameAs\":[\"https:\\\/\\\/www.linkedin.com\\\/company\\\/kommunikation-schweiz-communication-suisse-comunicazione-svizzera-communication-switzerland\\\/\"]}]}<\/script>\n<!-- \/ Yoast SEO plugin. -->","yoast_head_json":{"title":"Comit\u00e9s - KS\/CS Communication Suisse","robots":{"index":"index","follow":"follow","max-snippet":"max-snippet:-1","max-image-preview":"max-image-preview:large","max-video-preview":"max-video-preview:-1"},"canonical":"https:\/\/ks-cs.ch\/fr\/a-propos-de-nous\/comites\/","og_locale":"fr_FR","og_type":"article","og_title":"Comit\u00e9s - KS\/CS Communication Suisse","og_description":"Lorem ipsum dolor sit amet, consetetur sadipscing elitr, sed diam nonumy eirmod tempor invidunt ut labore et dolore magna aliquyam erat, sed diam voluptua. At vero eos et accusam et justo.","og_url":"https:\/\/ks-cs.ch\/fr\/a-propos-de-nous\/comites\/","og_site_name":"KS\/CS Communication Suisse","article_modified_time":"2026-03-12T10:40:53+00:00","og_image":[{"width":1200,"height":920,"url":"https:\/\/ks-cs.ch\/wp-content\/uploads\/2022\/11\/Logo.jpeg","type":"image\/jpeg"}],"twitter_card":"summary_large_image","twitter_misc":{"Dur\u00e9e de lecture estim\u00e9e":"4 minutes"},"schema":{"@context":"https:\/\/schema.org","@graph":[{"@type":"WebPage","@id":"https:\/\/ks-cs.ch\/fr\/a-propos-de-nous\/comites\/","url":"https:\/\/ks-cs.ch\/fr\/a-propos-de-nous\/comites\/","name":"Comit\u00e9s - KS\/CS Communication Suisse","isPartOf":{"@id":"https:\/\/ks-cs.ch\/fr\/#website"},"datePublished":"2022-07-12T08:33:40+00:00","dateModified":"2026-03-12T10:40:53+00:00","breadcrumb":{"@id":"https:\/\/ks-cs.ch\/fr\/a-propos-de-nous\/comites\/#breadcrumb"},"inLanguage":"fr-FR","potentialAction":[{"@type":"ReadAction","target":["https:\/\/ks-cs.ch\/fr\/a-propos-de-nous\/comites\/"]}]},{"@type":"BreadcrumbList","@id":"https:\/\/ks-cs.ch\/fr\/a-propos-de-nous\/comites\/#breadcrumb","itemListElement":[{"@type":"ListItem","position":1,"name":"Home","item":"https:\/\/ks-cs.ch\/fr\/"},{"@type":"ListItem","position":2,"name":"\u00c0 propos de nous","item":"https:\/\/ks-cs.ch\/fr\/a-propos-de-nous\/"},{"@type":"ListItem","position":3,"name":"Comit\u00e9s"}]},{"@type":"WebSite","@id":"https:\/\/ks-cs.ch\/fr\/#website","url":"https:\/\/ks-cs.ch\/fr\/","name":"KS\/CS Kommunikation Schweiz","description":"Association des communications commerciales","publisher":{"@id":"https:\/\/ks-cs.ch\/fr\/#organization"},"potentialAction":[{"@type":"SearchAction","target":{"@type":"EntryPoint","urlTemplate":"https:\/\/ks-cs.ch\/fr\/?s={search_term_string}"},"query-input":{"@type":"PropertyValueSpecification","valueRequired":true,"valueName":"search_term_string"}}],"inLanguage":"fr-FR"},{"@type":"Organization","@id":"https:\/\/ks-cs.ch\/fr\/#organization","name":"KS\/CS Kommunikation Schweiz","url":"https:\/\/ks-cs.ch\/fr\/","logo":{"@type":"ImageObject","inLanguage":"fr-FR","@id":"https:\/\/ks-cs.ch\/fr\/#\/schema\/logo\/image\/","url":"https:\/\/ks-cs.ch\/wp-content\/uploads\/2022\/12\/Logo-Social-Media-1.jpg","contentUrl":"https:\/\/ks-cs.ch\/wp-content\/uploads\/2022\/12\/Logo-Social-Media-1.jpg","width":709,"height":608,"caption":"KS\/CS Kommunikation Schweiz"},"image":{"@id":"https:\/\/ks-cs.ch\/fr\/#\/schema\/logo\/image\/"},"sameAs":["https:\/\/www.linkedin.com\/company\/kommunikation-schweiz-communication-suisse-comunicazione-svizzera-communication-switzerland\/"]}]}},"publishpress_future_action":{"enabled":false,"date":"2026-04-15 08:36:16","action":"change-status","newStatus":"draft","terms":[],"taxonomy":"translation_priority","extraData":[]},"publishpress_future_workflow_manual_trigger":{"enabledWorkflows":[]},"_links":{"self":[{"href":"https:\/\/ks-cs.ch\/fr\/wp-json\/wp\/v2\/pages\/998","targetHints":{"allow":["GET"]}}],"collection":[{"href":"https:\/\/ks-cs.ch\/fr\/wp-json\/wp\/v2\/pages"}],"about":[{"href":"https:\/\/ks-cs.ch\/fr\/wp-json\/wp\/v2\/types\/page"}],"author":[{"embeddable":true,"href":"https:\/\/ks-cs.ch\/fr\/wp-json\/wp\/v2\/users\/1"}],"replies":[{"embeddable":true,"href":"https:\/\/ks-cs.ch\/fr\/wp-json\/wp\/v2\/comments?post=998"}],"version-history":[{"count":26,"href":"https:\/\/ks-cs.ch\/fr\/wp-json\/wp\/v2\/pages\/998\/revisions"}],"predecessor-version":[{"id":8916,"href":"https:\/\/ks-cs.ch\/fr\/wp-json\/wp\/v2\/pages\/998\/revisions\/8916"}],"up":[{"embeddable":true,"href":"https:\/\/ks-cs.ch\/fr\/wp-json\/wp\/v2\/pages\/1300"}],"wp:attachment":[{"href":"https:\/\/ks-cs.ch\/fr\/wp-json\/wp\/v2\/media?parent=998"}],"curies":[{"name":"wp","href":"https:\/\/api.w.org\/{rel}","templated":true}]}}