{"id":990,"date":"2022-07-29T08:30:56","date_gmt":"2022-07-29T06:30:56","guid":{"rendered":"https:\/\/ks-cs.ch\/adhesion\/devenir-membre\/"},"modified":"2025-07-01T08:55:09","modified_gmt":"2025-07-01T06:55:09","slug":"devenir-membre","status":"publish","type":"page","link":"https:\/\/ks-cs.ch\/fr\/adhesion\/devenir-membre\/","title":{"rendered":"Devenir membre"},"content":{"rendered":"<div class=\"wpb-content-wrapper\"><p>[vc_row row_height_percent=\u00a0\u00bb0&Prime; override_padding=\u00a0\u00bbyes\u00a0\u00bb h_padding=\u00a0\u00bb2&Prime; top_padding=\u00a0\u00bb3&Prime; bottom_padding=\u00a0\u00bb2&Prime; overlay_alpha=\u00a0\u00bb50&Prime; gutter_size=\u00a0\u00bb3&Prime; column_width_percent=\u00a0\u00bb100&Prime; shift_y=\u00a0\u00bb0&Prime; z_index=\u00a0\u00bb0&Prime; uncode_shortcode_id=\u00a0\u00bb172934&Prime;][vc_column column_width_use_pixel=\u00a0\u00bbyes\u00a0\u00bb gutter_size=\u00a0\u00bb2&Prime; overlay_alpha=\u00a0\u00bb50&Prime; shift_x=\u00a0\u00bb0&Prime; shift_y=\u00a0\u00bb0&Prime; shift_y_down=\u00a0\u00bb0&Prime; z_index=\u00a0\u00bb0&Prime; medium_width=\u00a0\u00bb0&Prime; mobile_width=\u00a0\u00bb0&Prime; width=\u00a0\u00bb1\/1&Prime; uncode_shortcode_id=\u00a0\u00bb104419&Prime; column_width_pixel=\u00a0\u00bb840&Prime;][uncode_breadcrumbs separator=\u00a0\u00bbdash\u00a0\u00bb][vc_custom_heading heading_semantic=\u00a0\u00bbh1&Prime; text_size=\u00a0\u00bbh1&Prime; text_weight=\u00a0\u00bb600&Prime; uncode_shortcode_id=\u00a0\u00bb144645&Prime;]Avantages de votre adh\u00e9sion \u00e0 KS\/CS Communication Suisse[\/vc_custom_heading][vc_column_text uncode_shortcode_id=\u00a0\u00bb488165&Prime;]En tant qu&rsquo;association fa\u00eeti\u00e8re de la communication suisse, KS\/CS Communication Suisse s&rsquo;engage pour la libert\u00e9 et l&rsquo;importance de la communication commerciale. KS\/CS veut obtenir des conditions-cadres politiquement \u00e9quilibr\u00e9es et \u00e9conomiquement optimales pour le secteur publicitaire suisse. Ainsi, les entreprises, les institutions et les individus peuvent s&rsquo;\u00e9panouir et l&rsquo;ensemble de l&rsquo;\u00e9conomie et de la soci\u00e9t\u00e9 peut prosp\u00e9rer. Les conditions-cadres du secteur doivent \u00eatre attractives pour les talents de la communication et permettre la cr\u00e9ation de nouveaux emplois.[\/vc_column_text][\/vc_column][\/vc_row][vc_row][vc_column width=\u00a0\u00bb1\/1&Prime;][uncode_block id=\u00a0\u00bb277&Prime;][\/vc_column][\/vc_row][vc_row row_height_percent=\u00a0\u00bb0&Prime; overlay_alpha=\u00a0\u00bb50&Prime; gutter_size=\u00a0\u00bb3&Prime; column_width_percent=\u00a0\u00bb100&Prime; shift_y=\u00a0\u00bb0&Prime; z_index=\u00a0\u00bb0&Prime; uncode_shortcode_id=\u00a0\u00bb131953&Prime;][vc_column column_width_use_pixel=\u00a0\u00bbyes\u00a0\u00bb gutter_size=\u00a0\u00bb2&Prime; overlay_alpha=\u00a0\u00bb50&Prime; shift_x=\u00a0\u00bb0&Prime; shift_y=\u00a0\u00bb0&Prime; shift_y_down=\u00a0\u00bb0&Prime; z_index=\u00a0\u00bb0&Prime; medium_width=\u00a0\u00bb0&Prime; mobile_width=\u00a0\u00bb0&Prime; width=\u00a0\u00bb1\/1&Prime; uncode_shortcode_id=\u00a0\u00bb104419&Prime; column_width_pixel=\u00a0\u00bb840&Prime;][vc_custom_heading text_weight=\u00a0\u00bb600&Prime; uncode_shortcode_id=\u00a0\u00bb643832&Prime;]Les points forts du travail de KS\/CS sont les suivants :[\/vc_custom_heading][vc_column_text uncode_shortcode_id=\u00a0\u00bb121896&Prime;]<\/p>\n<ol>\n<li>Une l\u00e9gislation favorable \u00e0 la publicit\u00e9 \u00e0 tous les niveaux de l&rsquo;Etat.<\/li>\n<li>Une autor\u00e9gulation du secteur afin d&rsquo;\u00e9viter les interdictions de publicit\u00e9.<\/li>\n<li>Une meilleure acceptation sociale de la publicit\u00e9 en tant qu&rsquo;\u00e9l\u00e9ment essentiel du bon fonctionnement de l&rsquo;\u00e9conomie.<\/li>\n<li>Le soutien de la formation et du perfectionnement des sp\u00e9cialistes de la branche par l&rsquo;organisation d&rsquo;examens professionnels.<\/li>\n<\/ol>\n<p><span style=\"font-family: -apple-system, BlinkMacSystemFont, 'Segoe UI', Roboto, Oxygen-Sans, Ubuntu, Cantarell, 'Helvetica Neue', sans-serif;\">Environ 300 membres fid\u00e8les rendent possible le travail de l&rsquo;association KS\/CS Communication Suisse. Nous sommes heureux de vous compter parmi eux.<\/span>[\/vc_column_text][\/vc_column][\/vc_row][vc_row row_height_percent=\u00a0\u00bb0&Prime; overlay_alpha=\u00a0\u00bb50&Prime; gutter_size=\u00a0\u00bb3&Prime; column_width_percent=\u00a0\u00bb100&Prime; shift_y=\u00a0\u00bb0&Prime; z_index=\u00a0\u00bb0&Prime; uncode_shortcode_id=\u00a0\u00bb191330&Prime; el_class=\u00a0\u00bbfaq_area\u00a0\u00bb][vc_column column_width_use_pixel=\u00a0\u00bbyes\u00a0\u00bb gutter_size=\u00a0\u00bb3&Prime; overlay_alpha=\u00a0\u00bb50&Prime; shift_x=\u00a0\u00bb0&Prime; shift_y=\u00a0\u00bb0&Prime; shift_y_down=\u00a0\u00bb0&Prime; z_index=\u00a0\u00bb0&Prime; medium_width=\u00a0\u00bb0&Prime; mobile_width=\u00a0\u00bb0&Prime; width=\u00a0\u00bb1\/1&Prime; uncode_shortcode_id=\u00a0\u00bb186479&Prime; column_width_pixel=\u00a0\u00bb840&Prime;][vc_button border_width=\u00a0\u00bb0&Prime; link=\u00a0\u00bburl:https%3A%2F%2Fks-cs.ch%2Ffr%2Fa-propos-de-nous%2Fstatuts%2F|title:Statuts|\u00a0\u00bb uncode_shortcode_id=\u00a0\u00bb159226&Prime;]Voir les statuts[\/vc_button][\/vc_column][\/vc_row][vc_row row_height_percent=\u00a0\u00bb0&Prime; override_padding=\u00a0\u00bbyes\u00a0\u00bb h_padding=\u00a0\u00bb2&Prime; top_padding=\u00a0\u00bb2&Prime; bottom_padding=\u00a0\u00bb3&Prime; overlay_alpha=\u00a0\u00bb50&Prime; gutter_size=\u00a0\u00bb3&Prime; column_width_percent=\u00a0\u00bb100&Prime; shift_y=\u00a0\u00bb0&Prime; z_index=\u00a0\u00bb0&Prime; uncode_shortcode_id=\u00a0\u00bb549022&Prime; row_name=\u00a0\u00bbanmelden\u00a0\u00bb][vc_column column_width_use_pixel=\u00a0\u00bbyes\u00a0\u00bb gutter_size=\u00a0\u00bb3&Prime; overlay_alpha=\u00a0\u00bb50&Prime; shift_x=\u00a0\u00bb0&Prime; shift_y=\u00a0\u00bb0&Prime; shift_y_down=\u00a0\u00bb0&Prime; z_index=\u00a0\u00bb0&Prime; medium_width=\u00a0\u00bb0&Prime; mobile_width=\u00a0\u00bb0&Prime; width=\u00a0\u00bb1\/1&Prime; uncode_shortcode_id=\u00a0\u00bb186479&Prime; column_width_pixel=\u00a0\u00bb840&Prime;][vc_custom_heading uncode_shortcode_id=\u00a0\u00bb280490&Prime;]Inscription pour devenir membre[\/vc_custom_heading][vc_accordion sign=\u00a0\u00bbplus\u00a0\u00bb active_tab=\u00a0\u00bb-1&Prime;][vc_accordion_tab gutter_size=\u00a0\u00bb2&Prime; column_padding=\u00a0\u00bb2&Prime; title=\u00a0\u00bbPersonnes priv\u00e9es ou entreprises individuelles\u00a0\u00bb tab_id=\u00a0\u00bb1654403205-1-87&Prime; slug=\u00a0\u00bbone\u00a0\u00bb][vc_raw_html]JTNDc2NyaXB0JTIwY2hhcnNldCUzRCUyMnV0Zi04JTIyJTIwdHlwZSUzRCUyMnRleHQlMkZqYXZhc2NyaXB0JTIyJTIwc3JjJTNEJTIyJTJGJTJGanMtZXUxLmhzZm9ybXMubmV0JTJGZm9ybXMlMkZlbWJlZCUyRnYyLmpzJTIyJTNFJTNDJTJGc2NyaXB0JTNFJTBBJTNDc2NyaXB0JTNFJTBBJTIwJTIwaGJzcHQuZm9ybXMuY3JlYXRlJTI4JTdCJTBBJTIwJTIwJTIwJTIwcmVnaW9uJTNBJTIwJTIyZXUxJTIyJTJDJTBBJTIwJTIwJTIwJTIwcG9ydGFsSWQlM0ElMjAlMjIyNTM5NDAxMCUyMiUyQyUwQSUyMCUyMCUyMCUyMGZvcm1JZCUzQSUyMCUyMjNlYzBiYzkwLTdiNmEtNGVjZS05NmUwLTA3ZDIwNmZjYmI4YSUyMiUwQSUyMCUyMCU3RCUyOSUzQiUwQSUzQyUyRnNjcmlwdCUzRQ==[\/vc_raw_html][\/vc_accordion_tab][vc_accordion_tab gutter_size=\u00a0\u00bb2&Prime; column_padding=\u00a0\u00bb2&Prime; title=\u00a0\u00bbAdh\u00e9sion de l&rsquo;entreprise\u00a0\u00bb tab_id=\u00a0\u00bb1654403205-2-36&Prime; slug=\u00a0\u00bbtwo\u00a0\u00bb][vc_raw_html]JTNDc2NyaXB0JTIwY2hhcnNldCUzRCUyMnV0Zi04JTIyJTIwdHlwZSUzRCUyMnRleHQlMkZqYXZhc2NyaXB0JTIyJTIwc3JjJTNEJTIyJTJGJTJGanMtZXUxLmhzZm9ybXMubmV0JTJGZm9ybXMlMkZlbWJlZCUyRnYyLmpzJTIyJTNFJTNDJTJGc2NyaXB0JTNFJTBBJTNDc2NyaXB0JTNFJTBBJTIwJTIwaGJzcHQuZm9ybXMuY3JlYXRlJTI4JTdCJTBBJTIwJTIwJTIwJTIwcmVnaW9uJTNBJTIwJTIyZXUxJTIyJTJDJTBBJTIwJTIwJTIwJTIwcG9ydGFsSWQlM0ElMjAlMjIyNTM5NDAxMCUyMiUyQyUwQSUyMCUyMCUyMCUyMGZvcm1JZCUzQSUyMCUyMmY2NmVjNjcyLWIxYzktNGMwOS1iNTZhLTAxNmQ3ODI5YjM2MyUyMiUwQSUyMCUyMCU3RCUyOSUzQiUwQSUzQyUyRnNjcmlwdCUzRQ==[\/vc_raw_html][\/vc_accordion_tab][\/vc_accordion][vc_button border_width=\u00a0\u00bb0&Prime; link=\u00a0\u00bburl:https%3A%2F%2Fks-cs.ch%2Fwp-content%2Fuploads%2F2023%2F09%2FCotisasions.pdf|title:Cotisations|target:_blank\u00a0\u00bb uncode_shortcode_id=\u00a0\u00bb165665&Prime;]Cotisations[\/vc_button][\/vc_column][\/vc_row]<\/p>\n<\/div>","protected":false},"excerpt":{"rendered":"<p>En tant qu&rsquo;association fa\u00eeti\u00e8re de la communication suisse, KS\/CS Communication Suisse s&rsquo;engage pour la libert\u00e9 et l&rsquo;importance de la communication commerciale. KS\/CS veut obtenir des conditions-cadres politiquement \u00e9quilibr\u00e9es et \u00e9conomiquement optimales pour le secteur publicitaire suisse. Ainsi, les entreprises, les institutions et les individus peuvent s&rsquo;\u00e9panouir et l&rsquo;ensemble de l&rsquo;\u00e9conomie et de la soci\u00e9t\u00e9 peut prosp\u00e9rer. Les conditions-cadres du secteur doivent \u00eatre attractives pour les talents de la communication et permettre la cr\u00e9ation de nouveaux emplois.  <\/p>\n","protected":false},"author":1,"featured_media":831,"parent":901,"menu_order":0,"comment_status":"closed","ping_status":"closed","template":"","meta":{"content-type":"","footnotes":""},"class_list":["post-990","page","type-page","status-publish","has-post-thumbnail","hentry"],"yoast_head":"<!-- This site is optimized with the Yoast SEO plugin v27.4 - https:\/\/yoast.com\/product\/yoast-seo-wordpress\/ -->\n<title>Devenir membre - KS\/CS Communication Suisse<\/title>\n<meta name=\"description\" content=\"Avantages d&#039;\u00eatre membre de KS\/CS Communication Suisse. En tant qu&#039;association fa\u00eeti\u00e8re de la communication suisse, KS\/CS Communication Suisse s&#039;engage pour la libert\u00e9 et l&#039;importance de la communication commerciale.\" \/>\n<meta name=\"robots\" content=\"index, follow, max-snippet:-1, max-image-preview:large, max-video-preview:-1\" \/>\n<link rel=\"canonical\" href=\"https:\/\/ks-cs.ch\/fr\/adhesion\/devenir-membre\/\" \/>\n<meta property=\"og:locale\" content=\"fr_FR\" \/>\n<meta property=\"og:type\" content=\"article\" \/>\n<meta property=\"og:title\" content=\"Devenir membre - KS\/CS Communication Suisse\" \/>\n<meta property=\"og:description\" content=\"Avantages d&#039;\u00eatre membre de KS\/CS Communication Suisse. En tant qu&#039;association fa\u00eeti\u00e8re de la communication suisse, KS\/CS Communication Suisse s&#039;engage pour la libert\u00e9 et l&#039;importance de la communication commerciale.\" \/>\n<meta property=\"og:url\" content=\"https:\/\/ks-cs.ch\/fr\/adhesion\/devenir-membre\/\" \/>\n<meta property=\"og:site_name\" content=\"KS\/CS Communication Suisse\" \/>\n<meta property=\"article:modified_time\" content=\"2025-07-01T06:55:09+00:00\" \/>\n<meta property=\"og:image\" content=\"https:\/\/ks-cs.ch\/wp-content\/uploads\/2022\/06\/jason-goodman-Oalh2MojUuk-unsplash-scaled.jpg\" \/>\n\t<meta property=\"og:image:width\" content=\"2560\" \/>\n\t<meta property=\"og:image:height\" content=\"1707\" \/>\n\t<meta property=\"og:image:type\" content=\"image\/jpeg\" \/>\n<meta name=\"twitter:card\" content=\"summary_large_image\" \/>\n<meta name=\"twitter:label1\" content=\"Dur\u00e9e de lecture estim\u00e9e\" \/>\n\t<meta name=\"twitter:data1\" content=\"2 minutes\" \/>\n<script type=\"application\/ld+json\" class=\"yoast-schema-graph\">{\"@context\":\"https:\\\/\\\/schema.org\",\"@graph\":[{\"@type\":\"WebPage\",\"@id\":\"https:\\\/\\\/ks-cs.ch\\\/fr\\\/adhesion\\\/devenir-membre\\\/\",\"url\":\"https:\\\/\\\/ks-cs.ch\\\/fr\\\/adhesion\\\/devenir-membre\\\/\",\"name\":\"Devenir membre - KS\\\/CS Communication Suisse\",\"isPartOf\":{\"@id\":\"https:\\\/\\\/ks-cs.ch\\\/fr\\\/#website\"},\"primaryImageOfPage\":{\"@id\":\"https:\\\/\\\/ks-cs.ch\\\/fr\\\/adhesion\\\/devenir-membre\\\/#primaryimage\"},\"image\":{\"@id\":\"https:\\\/\\\/ks-cs.ch\\\/fr\\\/adhesion\\\/devenir-membre\\\/#primaryimage\"},\"thumbnailUrl\":\"https:\\\/\\\/ks-cs.ch\\\/wp-content\\\/uploads\\\/2022\\\/06\\\/jason-goodman-Oalh2MojUuk-unsplash-scaled.jpg\",\"datePublished\":\"2022-07-29T06:30:56+00:00\",\"dateModified\":\"2025-07-01T06:55:09+00:00\",\"description\":\"Avantages d'\u00eatre membre de KS\\\/CS Communication Suisse. En tant qu'association fa\u00eeti\u00e8re de la communication suisse, KS\\\/CS Communication Suisse s'engage pour la libert\u00e9 et l'importance de la communication commerciale.\",\"breadcrumb\":{\"@id\":\"https:\\\/\\\/ks-cs.ch\\\/fr\\\/adhesion\\\/devenir-membre\\\/#breadcrumb\"},\"inLanguage\":\"fr-FR\",\"potentialAction\":[{\"@type\":\"ReadAction\",\"target\":[\"https:\\\/\\\/ks-cs.ch\\\/fr\\\/adhesion\\\/devenir-membre\\\/\"]}]},{\"@type\":\"ImageObject\",\"inLanguage\":\"fr-FR\",\"@id\":\"https:\\\/\\\/ks-cs.ch\\\/fr\\\/adhesion\\\/devenir-membre\\\/#primaryimage\",\"url\":\"https:\\\/\\\/ks-cs.ch\\\/wp-content\\\/uploads\\\/2022\\\/06\\\/jason-goodman-Oalh2MojUuk-unsplash-scaled.jpg\",\"contentUrl\":\"https:\\\/\\\/ks-cs.ch\\\/wp-content\\\/uploads\\\/2022\\\/06\\\/jason-goodman-Oalh2MojUuk-unsplash-scaled.jpg\",\"width\":2560,\"height\":1707},{\"@type\":\"BreadcrumbList\",\"@id\":\"https:\\\/\\\/ks-cs.ch\\\/fr\\\/adhesion\\\/devenir-membre\\\/#breadcrumb\",\"itemListElement\":[{\"@type\":\"ListItem\",\"position\":1,\"name\":\"Home\",\"item\":\"https:\\\/\\\/ks-cs.ch\\\/fr\\\/\"},{\"@type\":\"ListItem\",\"position\":2,\"name\":\"Adh\u00e9sion\",\"item\":\"https:\\\/\\\/ks-cs.ch\\\/fr\\\/adhesion\\\/\"},{\"@type\":\"ListItem\",\"position\":3,\"name\":\"Devenir membre\"}]},{\"@type\":\"WebSite\",\"@id\":\"https:\\\/\\\/ks-cs.ch\\\/fr\\\/#website\",\"url\":\"https:\\\/\\\/ks-cs.ch\\\/fr\\\/\",\"name\":\"KS\\\/CS Kommunikation Schweiz\",\"description\":\"Association des communications commerciales\",\"publisher\":{\"@id\":\"https:\\\/\\\/ks-cs.ch\\\/fr\\\/#organization\"},\"potentialAction\":[{\"@type\":\"SearchAction\",\"target\":{\"@type\":\"EntryPoint\",\"urlTemplate\":\"https:\\\/\\\/ks-cs.ch\\\/fr\\\/?s={search_term_string}\"},\"query-input\":{\"@type\":\"PropertyValueSpecification\",\"valueRequired\":true,\"valueName\":\"search_term_string\"}}],\"inLanguage\":\"fr-FR\"},{\"@type\":\"Organization\",\"@id\":\"https:\\\/\\\/ks-cs.ch\\\/fr\\\/#organization\",\"name\":\"KS\\\/CS Kommunikation Schweiz\",\"url\":\"https:\\\/\\\/ks-cs.ch\\\/fr\\\/\",\"logo\":{\"@type\":\"ImageObject\",\"inLanguage\":\"fr-FR\",\"@id\":\"https:\\\/\\\/ks-cs.ch\\\/fr\\\/#\\\/schema\\\/logo\\\/image\\\/\",\"url\":\"https:\\\/\\\/ks-cs.ch\\\/wp-content\\\/uploads\\\/2022\\\/12\\\/Logo-Social-Media-1.jpg\",\"contentUrl\":\"https:\\\/\\\/ks-cs.ch\\\/wp-content\\\/uploads\\\/2022\\\/12\\\/Logo-Social-Media-1.jpg\",\"width\":709,\"height\":608,\"caption\":\"KS\\\/CS Kommunikation Schweiz\"},\"image\":{\"@id\":\"https:\\\/\\\/ks-cs.ch\\\/fr\\\/#\\\/schema\\\/logo\\\/image\\\/\"},\"sameAs\":[\"https:\\\/\\\/www.linkedin.com\\\/company\\\/kommunikation-schweiz-communication-suisse-comunicazione-svizzera-communication-switzerland\\\/\"]}]}<\/script>\n<!-- \/ Yoast SEO plugin. -->","yoast_head_json":{"title":"Devenir membre - KS\/CS Communication Suisse","description":"Avantages d'\u00eatre membre de KS\/CS Communication Suisse. En tant qu'association fa\u00eeti\u00e8re de la communication suisse, KS\/CS Communication Suisse s'engage pour la libert\u00e9 et l'importance de la communication commerciale.","robots":{"index":"index","follow":"follow","max-snippet":"max-snippet:-1","max-image-preview":"max-image-preview:large","max-video-preview":"max-video-preview:-1"},"canonical":"https:\/\/ks-cs.ch\/fr\/adhesion\/devenir-membre\/","og_locale":"fr_FR","og_type":"article","og_title":"Devenir membre - KS\/CS Communication Suisse","og_description":"Avantages d'\u00eatre membre de KS\/CS Communication Suisse. En tant qu'association fa\u00eeti\u00e8re de la communication suisse, KS\/CS Communication Suisse s'engage pour la libert\u00e9 et l'importance de la communication commerciale.","og_url":"https:\/\/ks-cs.ch\/fr\/adhesion\/devenir-membre\/","og_site_name":"KS\/CS Communication Suisse","article_modified_time":"2025-07-01T06:55:09+00:00","og_image":[{"width":2560,"height":1707,"url":"https:\/\/ks-cs.ch\/wp-content\/uploads\/2022\/06\/jason-goodman-Oalh2MojUuk-unsplash-scaled.jpg","type":"image\/jpeg"}],"twitter_card":"summary_large_image","twitter_misc":{"Dur\u00e9e de lecture estim\u00e9e":"2 minutes"},"schema":{"@context":"https:\/\/schema.org","@graph":[{"@type":"WebPage","@id":"https:\/\/ks-cs.ch\/fr\/adhesion\/devenir-membre\/","url":"https:\/\/ks-cs.ch\/fr\/adhesion\/devenir-membre\/","name":"Devenir membre - KS\/CS Communication Suisse","isPartOf":{"@id":"https:\/\/ks-cs.ch\/fr\/#website"},"primaryImageOfPage":{"@id":"https:\/\/ks-cs.ch\/fr\/adhesion\/devenir-membre\/#primaryimage"},"image":{"@id":"https:\/\/ks-cs.ch\/fr\/adhesion\/devenir-membre\/#primaryimage"},"thumbnailUrl":"https:\/\/ks-cs.ch\/wp-content\/uploads\/2022\/06\/jason-goodman-Oalh2MojUuk-unsplash-scaled.jpg","datePublished":"2022-07-29T06:30:56+00:00","dateModified":"2025-07-01T06:55:09+00:00","description":"Avantages d'\u00eatre membre de KS\/CS Communication Suisse. En tant qu'association fa\u00eeti\u00e8re de la communication suisse, KS\/CS Communication Suisse s'engage pour la libert\u00e9 et l'importance de la communication commerciale.","breadcrumb":{"@id":"https:\/\/ks-cs.ch\/fr\/adhesion\/devenir-membre\/#breadcrumb"},"inLanguage":"fr-FR","potentialAction":[{"@type":"ReadAction","target":["https:\/\/ks-cs.ch\/fr\/adhesion\/devenir-membre\/"]}]},{"@type":"ImageObject","inLanguage":"fr-FR","@id":"https:\/\/ks-cs.ch\/fr\/adhesion\/devenir-membre\/#primaryimage","url":"https:\/\/ks-cs.ch\/wp-content\/uploads\/2022\/06\/jason-goodman-Oalh2MojUuk-unsplash-scaled.jpg","contentUrl":"https:\/\/ks-cs.ch\/wp-content\/uploads\/2022\/06\/jason-goodman-Oalh2MojUuk-unsplash-scaled.jpg","width":2560,"height":1707},{"@type":"BreadcrumbList","@id":"https:\/\/ks-cs.ch\/fr\/adhesion\/devenir-membre\/#breadcrumb","itemListElement":[{"@type":"ListItem","position":1,"name":"Home","item":"https:\/\/ks-cs.ch\/fr\/"},{"@type":"ListItem","position":2,"name":"Adh\u00e9sion","item":"https:\/\/ks-cs.ch\/fr\/adhesion\/"},{"@type":"ListItem","position":3,"name":"Devenir membre"}]},{"@type":"WebSite","@id":"https:\/\/ks-cs.ch\/fr\/#website","url":"https:\/\/ks-cs.ch\/fr\/","name":"KS\/CS Kommunikation Schweiz","description":"Association des communications commerciales","publisher":{"@id":"https:\/\/ks-cs.ch\/fr\/#organization"},"potentialAction":[{"@type":"SearchAction","target":{"@type":"EntryPoint","urlTemplate":"https:\/\/ks-cs.ch\/fr\/?s={search_term_string}"},"query-input":{"@type":"PropertyValueSpecification","valueRequired":true,"valueName":"search_term_string"}}],"inLanguage":"fr-FR"},{"@type":"Organization","@id":"https:\/\/ks-cs.ch\/fr\/#organization","name":"KS\/CS Kommunikation Schweiz","url":"https:\/\/ks-cs.ch\/fr\/","logo":{"@type":"ImageObject","inLanguage":"fr-FR","@id":"https:\/\/ks-cs.ch\/fr\/#\/schema\/logo\/image\/","url":"https:\/\/ks-cs.ch\/wp-content\/uploads\/2022\/12\/Logo-Social-Media-1.jpg","contentUrl":"https:\/\/ks-cs.ch\/wp-content\/uploads\/2022\/12\/Logo-Social-Media-1.jpg","width":709,"height":608,"caption":"KS\/CS Kommunikation Schweiz"},"image":{"@id":"https:\/\/ks-cs.ch\/fr\/#\/schema\/logo\/image\/"},"sameAs":["https:\/\/www.linkedin.com\/company\/kommunikation-schweiz-communication-suisse-comunicazione-svizzera-communication-switzerland\/"]}]}},"publishpress_future_action":{"enabled":false,"date":"2026-04-23 17:26:07","action":"change-status","newStatus":"draft","terms":[],"taxonomy":"translation_priority","extraData":[]},"publishpress_future_workflow_manual_trigger":{"enabledWorkflows":[]},"_links":{"self":[{"href":"https:\/\/ks-cs.ch\/fr\/wp-json\/wp\/v2\/pages\/990","targetHints":{"allow":["GET"]}}],"collection":[{"href":"https:\/\/ks-cs.ch\/fr\/wp-json\/wp\/v2\/pages"}],"about":[{"href":"https:\/\/ks-cs.ch\/fr\/wp-json\/wp\/v2\/types\/page"}],"author":[{"embeddable":true,"href":"https:\/\/ks-cs.ch\/fr\/wp-json\/wp\/v2\/users\/1"}],"replies":[{"embeddable":true,"href":"https:\/\/ks-cs.ch\/fr\/wp-json\/wp\/v2\/comments?post=990"}],"version-history":[{"count":18,"href":"https:\/\/ks-cs.ch\/fr\/wp-json\/wp\/v2\/pages\/990\/revisions"}],"predecessor-version":[{"id":7742,"href":"https:\/\/ks-cs.ch\/fr\/wp-json\/wp\/v2\/pages\/990\/revisions\/7742"}],"up":[{"embeddable":true,"href":"https:\/\/ks-cs.ch\/fr\/wp-json\/wp\/v2\/pages\/901"}],"wp:featuredmedia":[{"embeddable":true,"href":"https:\/\/ks-cs.ch\/fr\/wp-json\/wp\/v2\/media\/831"}],"wp:attachment":[{"href":"https:\/\/ks-cs.ch\/fr\/wp-json\/wp\/v2\/media?parent=990"}],"curies":[{"name":"wp","href":"https:\/\/api.w.org\/{rel}","templated":true}]}}