{"id":903,"date":"2022-05-30T10:56:22","date_gmt":"2022-05-30T08:56:22","guid":{"rendered":"https:\/\/ks-cs.ch\/conseil-juridique\/"},"modified":"2024-10-01T11:59:18","modified_gmt":"2024-10-01T09:59:18","slug":"conseil-juridique","status":"publish","type":"page","link":"https:\/\/ks-cs.ch\/fr\/offre\/conseil-juridique\/","title":{"rendered":"Conseil juridique"},"content":{"rendered":"<div class=\"wpb-content-wrapper\"><p>[vc_row row_height_percent=\u00a0\u00bb0&Prime; override_padding=\u00a0\u00bbyes\u00a0\u00bb h_padding=\u00a0\u00bb2&Prime; top_padding=\u00a0\u00bb3&Prime; bottom_padding=\u00a0\u00bb2&Prime; overlay_alpha=\u00a0\u00bb50&Prime; gutter_size=\u00a0\u00bb3&Prime; column_width_percent=\u00a0\u00bb100&Prime; shift_y=\u00a0\u00bb0&Prime; z_index=\u00a0\u00bb0&Prime; uncode_shortcode_id=\u00a0\u00bb172934&Prime;][vc_column column_width_use_pixel=\u00a0\u00bbyes\u00a0\u00bb gutter_size=\u00a0\u00bb2&Prime; overlay_alpha=\u00a0\u00bb50&Prime; shift_x=\u00a0\u00bb0&Prime; shift_y=\u00a0\u00bb0&Prime; shift_y_down=\u00a0\u00bb0&Prime; z_index=\u00a0\u00bb0&Prime; medium_width=\u00a0\u00bb0&Prime; mobile_width=\u00a0\u00bb0&Prime; width=\u00a0\u00bb1\/1&Prime; uncode_shortcode_id=\u00a0\u00bb104419&Prime; column_width_pixel=\u00a0\u00bb840&Prime;][uncode_breadcrumbs separator=\u00a0\u00bbdash\u00a0\u00bb][vc_custom_heading heading_semantic=\u00a0\u00bbh1&Prime; text_size=\u00a0\u00bbh1&Prime; text_weight=\u00a0\u00bb600&Prime; uncode_shortcode_id=\u00a0\u00bb133745&Prime;]KS\/CS Communication Suisse met \u00e0 la disposition de ses membres un service juridique pour les questions g\u00e9n\u00e9rales relatives au droit de la communication.[\/vc_custom_heading][vc_column_text uncode_shortcode_id=\u00a0\u00bb123188&Prime;]<\/p>\n<p class=\"p1\">Les trois premi\u00e8res demandes par membre sont gratuites. Pour toute autre question, KS\/CS facturera une participation aux frais. Les inscriptions se font par \u00e9crit via le<a href=\"https:\/\/ks-cs.ch\/fr\/a-propos-de-nous\/contact\/\"><span class=\"s1\"> Secr\u00e9tariat.<\/span><\/a><\/p>\n<p>Vous trouverez <a href=\"https:\/\/ks-cs.ch\/fr\/conseils-juridiques-et-pratiques-pour-lutilisation-de-lia-dans-le-domaine-de-la-communication-en-suisse\/\">ici<\/a> des conseils juridiques pratiques sur l&rsquo;utilisation de l&rsquo;intelligence artificielle dans la publicit\u00e9.<\/p>\n<p>Vous trouverez <a href=\"https:\/\/ks-cs.ch\/fr\/guide-juridique-de-la-nouvelle-legislation-sur-les-produits-du-tabac\/\">ici<\/a> notre guide juridique sur la nouvelle l\u00e9gislation suisse relative aux produits du tabac.<\/p>\n<p>[\/vc_column_text][\/vc_column][\/vc_row][vc_row][vc_column width=\u00a0\u00bb1\/1&Prime;][uncode_block id=\u00a0\u00bb277&Prime;][\/vc_column][\/vc_row][vc_row][vc_column width=\u00a0\u00bb1\/1&Prime;][uncode_block id=\u00a0\u00bb196&Prime;][\/vc_column][\/vc_row]<\/p>\n<\/div>","protected":false},"excerpt":{"rendered":"<p>KS\/CS Communication Suisse met \u00e0 la disposition de ses membres un service juridique pour les questions g\u00e9n\u00e9rales relatives au droit de la communication. Les trois premi\u00e8res demandes par membre sont gratuites. Pour toute autre question, KS\/CS facturera une participation aux frais. Les inscriptions se font par \u00e9crit aupr\u00e8s du secr\u00e9tariat.<\/p>\n","protected":false},"author":1,"featured_media":823,"parent":906,"menu_order":4,"comment_status":"closed","ping_status":"closed","template":"","meta":{"content-type":"","footnotes":""},"class_list":["post-903","page","type-page","status-publish","has-post-thumbnail","hentry","page_category-offre"],"yoast_head":"<!-- This site is optimized with the Yoast SEO plugin v27.3 - https:\/\/yoast.com\/product\/yoast-seo-wordpress\/ -->\n<title>Conseil juridique - KS\/CS Communication Suisse<\/title>\n<meta name=\"description\" content=\"KS\/CS Communication Suisse met \u00e0 la disposition de ses membres un service juridique pour les questions g\u00e9n\u00e9rales relatives au droit de la communication.\" \/>\n<meta name=\"robots\" content=\"index, follow, max-snippet:-1, max-image-preview:large, max-video-preview:-1\" \/>\n<link rel=\"canonical\" href=\"https:\/\/ks-cs.ch\/fr\/offre\/conseil-juridique\/\" \/>\n<meta property=\"og:locale\" content=\"fr_FR\" \/>\n<meta property=\"og:type\" content=\"article\" \/>\n<meta property=\"og:title\" content=\"Conseil juridique - KS\/CS Communication Suisse\" \/>\n<meta property=\"og:description\" content=\"KS\/CS Communication Suisse met \u00e0 la disposition de ses membres un service juridique pour les questions g\u00e9n\u00e9rales relatives au droit de la communication.\" \/>\n<meta property=\"og:url\" content=\"https:\/\/ks-cs.ch\/fr\/offre\/conseil-juridique\/\" \/>\n<meta property=\"og:site_name\" content=\"KS\/CS Communication Suisse\" \/>\n<meta property=\"article:modified_time\" content=\"2024-10-01T09:59:18+00:00\" \/>\n<meta property=\"og:image\" content=\"https:\/\/ks-cs.ch\/wp-content\/uploads\/2022\/06\/Gesetz-scaled.jpg\" \/>\n\t<meta property=\"og:image:width\" content=\"1757\" \/>\n\t<meta property=\"og:image:height\" content=\"2560\" \/>\n\t<meta property=\"og:image:type\" content=\"image\/jpeg\" \/>\n<meta name=\"twitter:card\" content=\"summary_large_image\" \/>\n<meta name=\"twitter:label1\" content=\"Dur\u00e9e de lecture estim\u00e9e\" \/>\n\t<meta name=\"twitter:data1\" content=\"1 minute\" \/>\n<script type=\"application\/ld+json\" class=\"yoast-schema-graph\">{\"@context\":\"https:\\\/\\\/schema.org\",\"@graph\":[{\"@type\":\"WebPage\",\"@id\":\"https:\\\/\\\/ks-cs.ch\\\/fr\\\/offre\\\/conseil-juridique\\\/\",\"url\":\"https:\\\/\\\/ks-cs.ch\\\/fr\\\/offre\\\/conseil-juridique\\\/\",\"name\":\"Conseil juridique - KS\\\/CS Communication Suisse\",\"isPartOf\":{\"@id\":\"https:\\\/\\\/ks-cs.ch\\\/fr\\\/#website\"},\"primaryImageOfPage\":{\"@id\":\"https:\\\/\\\/ks-cs.ch\\\/fr\\\/offre\\\/conseil-juridique\\\/#primaryimage\"},\"image\":{\"@id\":\"https:\\\/\\\/ks-cs.ch\\\/fr\\\/offre\\\/conseil-juridique\\\/#primaryimage\"},\"thumbnailUrl\":\"https:\\\/\\\/ks-cs.ch\\\/wp-content\\\/uploads\\\/2022\\\/06\\\/Gesetz-scaled.jpg\",\"datePublished\":\"2022-05-30T08:56:22+00:00\",\"dateModified\":\"2024-10-01T09:59:18+00:00\",\"description\":\"KS\\\/CS Communication Suisse met \u00e0 la disposition de ses membres un service juridique pour les questions g\u00e9n\u00e9rales relatives au droit de la communication.\",\"breadcrumb\":{\"@id\":\"https:\\\/\\\/ks-cs.ch\\\/fr\\\/offre\\\/conseil-juridique\\\/#breadcrumb\"},\"inLanguage\":\"fr-FR\",\"potentialAction\":[{\"@type\":\"ReadAction\",\"target\":[\"https:\\\/\\\/ks-cs.ch\\\/fr\\\/offre\\\/conseil-juridique\\\/\"]}]},{\"@type\":\"ImageObject\",\"inLanguage\":\"fr-FR\",\"@id\":\"https:\\\/\\\/ks-cs.ch\\\/fr\\\/offre\\\/conseil-juridique\\\/#primaryimage\",\"url\":\"https:\\\/\\\/ks-cs.ch\\\/wp-content\\\/uploads\\\/2022\\\/06\\\/Gesetz-scaled.jpg\",\"contentUrl\":\"https:\\\/\\\/ks-cs.ch\\\/wp-content\\\/uploads\\\/2022\\\/06\\\/Gesetz-scaled.jpg\",\"width\":1757,\"height\":2560},{\"@type\":\"BreadcrumbList\",\"@id\":\"https:\\\/\\\/ks-cs.ch\\\/fr\\\/offre\\\/conseil-juridique\\\/#breadcrumb\",\"itemListElement\":[{\"@type\":\"ListItem\",\"position\":1,\"name\":\"Home\",\"item\":\"https:\\\/\\\/ks-cs.ch\\\/fr\\\/\"},{\"@type\":\"ListItem\",\"position\":2,\"name\":\"Offre\",\"item\":\"https:\\\/\\\/ks-cs.ch\\\/fr\\\/offre\\\/\"},{\"@type\":\"ListItem\",\"position\":3,\"name\":\"Conseil juridique\"}]},{\"@type\":\"WebSite\",\"@id\":\"https:\\\/\\\/ks-cs.ch\\\/fr\\\/#website\",\"url\":\"https:\\\/\\\/ks-cs.ch\\\/fr\\\/\",\"name\":\"KS\\\/CS Kommunikation Schweiz\",\"description\":\"Association des communications commerciales\",\"publisher\":{\"@id\":\"https:\\\/\\\/ks-cs.ch\\\/fr\\\/#organization\"},\"potentialAction\":[{\"@type\":\"SearchAction\",\"target\":{\"@type\":\"EntryPoint\",\"urlTemplate\":\"https:\\\/\\\/ks-cs.ch\\\/fr\\\/?s={search_term_string}\"},\"query-input\":{\"@type\":\"PropertyValueSpecification\",\"valueRequired\":true,\"valueName\":\"search_term_string\"}}],\"inLanguage\":\"fr-FR\"},{\"@type\":\"Organization\",\"@id\":\"https:\\\/\\\/ks-cs.ch\\\/fr\\\/#organization\",\"name\":\"KS\\\/CS Kommunikation Schweiz\",\"url\":\"https:\\\/\\\/ks-cs.ch\\\/fr\\\/\",\"logo\":{\"@type\":\"ImageObject\",\"inLanguage\":\"fr-FR\",\"@id\":\"https:\\\/\\\/ks-cs.ch\\\/fr\\\/#\\\/schema\\\/logo\\\/image\\\/\",\"url\":\"https:\\\/\\\/ks-cs.ch\\\/wp-content\\\/uploads\\\/2022\\\/12\\\/Logo-Social-Media-1.jpg\",\"contentUrl\":\"https:\\\/\\\/ks-cs.ch\\\/wp-content\\\/uploads\\\/2022\\\/12\\\/Logo-Social-Media-1.jpg\",\"width\":709,\"height\":608,\"caption\":\"KS\\\/CS Kommunikation Schweiz\"},\"image\":{\"@id\":\"https:\\\/\\\/ks-cs.ch\\\/fr\\\/#\\\/schema\\\/logo\\\/image\\\/\"},\"sameAs\":[\"https:\\\/\\\/www.linkedin.com\\\/company\\\/kommunikation-schweiz-communication-suisse-comunicazione-svizzera-communication-switzerland\\\/\"]}]}<\/script>\n<!-- \/ Yoast SEO plugin. -->","yoast_head_json":{"title":"Conseil juridique - KS\/CS Communication Suisse","description":"KS\/CS Communication Suisse met \u00e0 la disposition de ses membres un service juridique pour les questions g\u00e9n\u00e9rales relatives au droit de la communication.","robots":{"index":"index","follow":"follow","max-snippet":"max-snippet:-1","max-image-preview":"max-image-preview:large","max-video-preview":"max-video-preview:-1"},"canonical":"https:\/\/ks-cs.ch\/fr\/offre\/conseil-juridique\/","og_locale":"fr_FR","og_type":"article","og_title":"Conseil juridique - KS\/CS Communication Suisse","og_description":"KS\/CS Communication Suisse met \u00e0 la disposition de ses membres un service juridique pour les questions g\u00e9n\u00e9rales relatives au droit de la communication.","og_url":"https:\/\/ks-cs.ch\/fr\/offre\/conseil-juridique\/","og_site_name":"KS\/CS Communication Suisse","article_modified_time":"2024-10-01T09:59:18+00:00","og_image":[{"width":1757,"height":2560,"url":"https:\/\/ks-cs.ch\/wp-content\/uploads\/2022\/06\/Gesetz-scaled.jpg","type":"image\/jpeg"}],"twitter_card":"summary_large_image","twitter_misc":{"Dur\u00e9e de lecture estim\u00e9e":"1 minute"},"schema":{"@context":"https:\/\/schema.org","@graph":[{"@type":"WebPage","@id":"https:\/\/ks-cs.ch\/fr\/offre\/conseil-juridique\/","url":"https:\/\/ks-cs.ch\/fr\/offre\/conseil-juridique\/","name":"Conseil juridique - KS\/CS Communication Suisse","isPartOf":{"@id":"https:\/\/ks-cs.ch\/fr\/#website"},"primaryImageOfPage":{"@id":"https:\/\/ks-cs.ch\/fr\/offre\/conseil-juridique\/#primaryimage"},"image":{"@id":"https:\/\/ks-cs.ch\/fr\/offre\/conseil-juridique\/#primaryimage"},"thumbnailUrl":"https:\/\/ks-cs.ch\/wp-content\/uploads\/2022\/06\/Gesetz-scaled.jpg","datePublished":"2022-05-30T08:56:22+00:00","dateModified":"2024-10-01T09:59:18+00:00","description":"KS\/CS Communication Suisse met \u00e0 la disposition de ses membres un service juridique pour les questions g\u00e9n\u00e9rales relatives au droit de la communication.","breadcrumb":{"@id":"https:\/\/ks-cs.ch\/fr\/offre\/conseil-juridique\/#breadcrumb"},"inLanguage":"fr-FR","potentialAction":[{"@type":"ReadAction","target":["https:\/\/ks-cs.ch\/fr\/offre\/conseil-juridique\/"]}]},{"@type":"ImageObject","inLanguage":"fr-FR","@id":"https:\/\/ks-cs.ch\/fr\/offre\/conseil-juridique\/#primaryimage","url":"https:\/\/ks-cs.ch\/wp-content\/uploads\/2022\/06\/Gesetz-scaled.jpg","contentUrl":"https:\/\/ks-cs.ch\/wp-content\/uploads\/2022\/06\/Gesetz-scaled.jpg","width":1757,"height":2560},{"@type":"BreadcrumbList","@id":"https:\/\/ks-cs.ch\/fr\/offre\/conseil-juridique\/#breadcrumb","itemListElement":[{"@type":"ListItem","position":1,"name":"Home","item":"https:\/\/ks-cs.ch\/fr\/"},{"@type":"ListItem","position":2,"name":"Offre","item":"https:\/\/ks-cs.ch\/fr\/offre\/"},{"@type":"ListItem","position":3,"name":"Conseil juridique"}]},{"@type":"WebSite","@id":"https:\/\/ks-cs.ch\/fr\/#website","url":"https:\/\/ks-cs.ch\/fr\/","name":"KS\/CS Kommunikation Schweiz","description":"Association des communications commerciales","publisher":{"@id":"https:\/\/ks-cs.ch\/fr\/#organization"},"potentialAction":[{"@type":"SearchAction","target":{"@type":"EntryPoint","urlTemplate":"https:\/\/ks-cs.ch\/fr\/?s={search_term_string}"},"query-input":{"@type":"PropertyValueSpecification","valueRequired":true,"valueName":"search_term_string"}}],"inLanguage":"fr-FR"},{"@type":"Organization","@id":"https:\/\/ks-cs.ch\/fr\/#organization","name":"KS\/CS Kommunikation Schweiz","url":"https:\/\/ks-cs.ch\/fr\/","logo":{"@type":"ImageObject","inLanguage":"fr-FR","@id":"https:\/\/ks-cs.ch\/fr\/#\/schema\/logo\/image\/","url":"https:\/\/ks-cs.ch\/wp-content\/uploads\/2022\/12\/Logo-Social-Media-1.jpg","contentUrl":"https:\/\/ks-cs.ch\/wp-content\/uploads\/2022\/12\/Logo-Social-Media-1.jpg","width":709,"height":608,"caption":"KS\/CS Kommunikation Schweiz"},"image":{"@id":"https:\/\/ks-cs.ch\/fr\/#\/schema\/logo\/image\/"},"sameAs":["https:\/\/www.linkedin.com\/company\/kommunikation-schweiz-communication-suisse-comunicazione-svizzera-communication-switzerland\/"]}]}},"publishpress_future_action":{"enabled":false,"date":"2026-04-18 03:41:02","action":"change-status","newStatus":"draft","terms":[],"taxonomy":"translation_priority","extraData":[]},"publishpress_future_workflow_manual_trigger":{"enabledWorkflows":[]},"_links":{"self":[{"href":"https:\/\/ks-cs.ch\/fr\/wp-json\/wp\/v2\/pages\/903","targetHints":{"allow":["GET"]}}],"collection":[{"href":"https:\/\/ks-cs.ch\/fr\/wp-json\/wp\/v2\/pages"}],"about":[{"href":"https:\/\/ks-cs.ch\/fr\/wp-json\/wp\/v2\/types\/page"}],"author":[{"embeddable":true,"href":"https:\/\/ks-cs.ch\/fr\/wp-json\/wp\/v2\/users\/1"}],"replies":[{"embeddable":true,"href":"https:\/\/ks-cs.ch\/fr\/wp-json\/wp\/v2\/comments?post=903"}],"version-history":[{"count":8,"href":"https:\/\/ks-cs.ch\/fr\/wp-json\/wp\/v2\/pages\/903\/revisions"}],"predecessor-version":[{"id":6387,"href":"https:\/\/ks-cs.ch\/fr\/wp-json\/wp\/v2\/pages\/903\/revisions\/6387"}],"up":[{"embeddable":true,"href":"https:\/\/ks-cs.ch\/fr\/wp-json\/wp\/v2\/pages\/906"}],"wp:featuredmedia":[{"embeddable":true,"href":"https:\/\/ks-cs.ch\/fr\/wp-json\/wp\/v2\/media\/823"}],"wp:attachment":[{"href":"https:\/\/ks-cs.ch\/fr\/wp-json\/wp\/v2\/media?parent=903"}],"curies":[{"name":"wp","href":"https:\/\/api.w.org\/{rel}","templated":true}]}}