{"id":7313,"date":"2025-04-30T07:15:07","date_gmt":"2025-04-30T05:15:07","guid":{"rendered":"https:\/\/ks-cs.ch\/?page_id=7313"},"modified":"2025-04-30T17:14:49","modified_gmt":"2025-04-30T15:14:49","slug":"publicite-du-big-data-a-lia-en-temps-reel","status":"publish","type":"page","link":"https:\/\/ks-cs.ch\/fr\/actuel\/100-ans-ks-cs\/publicite-du-big-data-a-lia-en-temps-reel\/","title":{"rendered":"Publicit\u00e9 &#8211; du Big Data \u00e0 l&rsquo;IA en temps r\u00e9el"},"content":{"rendered":"<div class=\"wpb-content-wrapper\"><p>[vc_row row_height_percent=\u00a0\u00bb0&Prime; override_padding=\u00a0\u00bbyes\u00a0\u00bb h_padding=\u00a0\u00bb2&Prime; top_padding=\u00a0\u00bb3&Prime; bottom_padding=\u00a0\u00bb2&Prime; overlay_alpha=\u00a0\u00bb50&Prime; gutter_size=\u00a0\u00bb3&Prime; column_width_percent=\u00a0\u00bb100&Prime; shift_y=\u00a0\u00bb0&Prime; z_index=\u00a0\u00bb0&Prime; uncode_shortcode_id=\u00a0\u00bb172934&Prime;][vc_column column_width_use_pixel=\u00a0\u00bbyes\u00a0\u00bb gutter_size=\u00a0\u00bb2&Prime; overlay_alpha=\u00a0\u00bb50&Prime; shift_x=\u00a0\u00bb0&Prime; shift_y=\u00a0\u00bb0&Prime; shift_y_down=\u00a0\u00bb0&Prime; z_index=\u00a0\u00bb0&Prime; medium_width=\u00a0\u00bb0&Prime; mobile_width=\u00a0\u00bb0&Prime; width=\u00a0\u00bb1\/1&Prime; uncode_shortcode_id=\u00a0\u00bb104419&Prime; column_width_pixel=\u00a0\u00bb840&Prime;][uncode_breadcrumbs separator=\u00a0\u00bbdash\u00a0\u00bb][vc_custom_heading heading_semantic=\u00a0\u00bbh1&Prime; text_size=\u00a0\u00bbh1&Prime; text_weight=\u00a0\u00bb600&Prime; uncode_shortcode_id=\u00a0\u00bb592755&Prime;]Publicit\u00e9 &#8211; du Big Data \u00e0 l&rsquo;IA en temps r\u00e9el[\/vc_custom_heading][vc_column_text uncode_shortcode_id=\u00a0\u00bb111394&Prime;]<span class=\"TextRun MacChromeBold SCXW92058192 BCX0\" lang=\"DE-CH\" xml:lang=\"DE-CH\" data-contrast=\"auto\"><span class=\"NormalTextRun SCXW92058192 BCX0\">Deux d\u00e9cennies en mode \u201csprint\u201d : les technologies nous d\u00e9passent \u00e0 gauche, les lois \u00e0 droite, et au milieu de tout cela, la communication commerciale se bat pour la clart\u00e9, la pertinence et quelques secondes d&rsquo;attention. Bienvenue dans ce feu roulant entre la fr\u00e9n\u00e9sie des donn\u00e9es et l&rsquo;\u00e9thique de la publicit\u00e9. <\/span><\/span> [\/vc_column_text][\/vc_column][\/vc_row][vc_row][vc_column width=\u00a0\u00bb1\/1&Prime;][uncode_block id=\u00a0\u00bb277&Prime;][\/vc_column][\/vc_row][vc_row row_height_percent=\u00a0\u00bb0&Prime; override_padding=\u00a0\u00bbyes\u00a0\u00bb h_padding=\u00a0\u00bb2&Prime; top_padding=\u00a0\u00bb2&Prime; bottom_padding=\u00a0\u00bb3&Prime; overlay_alpha=\u00a0\u00bb50&Prime; gutter_size=\u00a0\u00bb3&Prime; column_width_percent=\u00a0\u00bb100&Prime; shift_y=\u00a0\u00bb0&Prime; z_index=\u00a0\u00bb0&Prime; uncode_shortcode_id=\u00a0\u00bb983892&Prime; row_name=\u00a0\u00bbkommunikationsfachleute\u00a0\u00bb][vc_column column_width_use_pixel=\u00a0\u00bbyes\u00a0\u00bb gutter_size=\u00a0\u00bb2&Prime; overlay_alpha=\u00a0\u00bb50&Prime; shift_x=\u00a0\u00bb0&Prime; shift_y=\u00a0\u00bb0&Prime; shift_y_down=\u00a0\u00bb0&Prime; z_index=\u00a0\u00bb0&Prime; medium_width=\u00a0\u00bb0&Prime; mobile_width=\u00a0\u00bb0&Prime; width=\u00a0\u00bb1\/1&Prime; uncode_shortcode_id=\u00a0\u00bb104419&Prime; column_width_pixel=\u00a0\u00bb840&Prime;][vc_empty_space empty_h=\u00a0\u00bb2&Prime;][vc_column_text uncode_shortcode_id=\u00a0\u00bb412248&Prime;]<em>Auteurs : Mike H\u00e4hlen \/ Ekaterina Petrova<\/em><\/p>\n<p>Deux d\u00e9cennies en mode \u201csprint\u201d : les technologies nous d\u00e9passent \u00e0 gauche, les lois \u00e0 droite, et au milieu de tout cela, la communication commerciale se bat pour la clart\u00e9, la pertinence et quelques secondes d&rsquo;attention. Bienvenue dans ce feu roulant entre la fr\u00e9n\u00e9sie des donn\u00e9es et l&rsquo;\u00e9thique de la publicit\u00e9.<\/p>\n<h4><strong>Les ann\u00e9es 2010 : entre la fr\u00e9n\u00e9sie des donn\u00e9es et l&rsquo;engouement pour le num\u00e9rique<\/strong><\/h4>\n<p>Big Data &#8211; cela sonnait comme un avenir, une vision, un contr\u00f4le absolu des march\u00e9s et des personnes. Une promesse dans un emballage brillant. Seulement voil\u00e0 : derri\u00e8re les diapositives brillantes des conf\u00e9rences et les marathons PowerPoint, il y avait souvent plus de devinettes que de strat\u00e9gie. Les patrons hochaient sagement la t\u00eate, les publicitaires souriaient de mani\u00e8re significative &#8211; mais ce qu&rsquo;ils \u00e9taient en train d&rsquo;analyser en termes de masse de donn\u00e9es restait souvent dans le brouillard.<\/p>\n<p>Peu importe, la r\u00e9volution \u00e9tait en marche. Le monde de la publicit\u00e9 a avanc\u00e9 comme s&rsquo;il n&rsquo;y avait pas de lendemain. Les algorithmes ont pris les commandes, les smartphones se sont transform\u00e9s en vitrines permanentes et les plateformes sont devenues de parfaits distributeurs automatiques. Les consommateurs ? Ils ont \u201cbalay\u00e9\u201d si vite qu&rsquo;ils n&rsquo;ont m\u00eame plus eu le temps de prendre connaissance des offres.<\/p>\n<p>Et c&rsquo;est alors que les choses ont pris une tournure vraiment color\u00e9e : les selfies sont devenus des mod\u00e8les de business, les rois et reines du selfie de v\u00e9ritables moteurs de chiffre d&rsquo;affaires. Les influenceuses et les influenceurs ont d\u00e9couvert que les likes ne faisaient pas seulement du bien \u00e0 l&rsquo;ego, mais aussi \u00e0 leur compte bancaire. Ovomaltine a mis le paquet avec sa campagne \u201cAvec Ovomaltine, tu ne peux pas faire mieux. Mais plus longtemps\u201d. La marque a montr\u00e9 comment toucher le c\u0153ur des groupes cibles avec de l&rsquo;humour et des visages authentiques. Et comme les bonnes id\u00e9es ne connaissent pas de fronti\u00e8res, la politique a elle aussi d\u00e9couvert le format de l&rsquo;histoire. Les campagnes de votation ont gliss\u00e9 vers les stories Instagram, les hashtags ont remplac\u00e9 les mots d&rsquo;ordre de votation &#8211; et il \u00e9tait clair, \u00e0 ce moment-l\u00e0, que nous \u00e9tions dans la jungle de l&rsquo;\u00e9conomie num\u00e9rique de l&rsquo;attention.<\/p>\n<h4><strong>Les ann\u00e9es 2020 : crise, IA et perte de contr\u00f4le<\/strong><\/h4>\n<p>Les ann\u00e9es 2020 ont tout chamboul\u00e9. Pand\u00e9mie, guerre, choc de la cha\u00eene d&rsquo;approvisionnement &#8211; l&rsquo;actualit\u00e9 mondiale est devenue un th\u00e8me r\u00e9current. La durabilit\u00e9 est pass\u00e9e d&rsquo;un mot \u00e0 la mode \u00e0 une obligation commerciale. Les marques qui ne pensaient pas \u00e9cologiquement ont \u00e9t\u00e9 \u00e9limin\u00e9es et l&rsquo;ouverture est devenue une monnaie d&rsquo;\u00e9change.<\/p>\n<p>Migros, par exemple, a profit\u00e9 intelligemment de ce revirement et a lanc\u00e9 son initiative de d\u00e9veloppement durable \u201cG\u00e9n\u00e9ration M\u201d, qui ne misait pas seulement sur le recyclage, mais aussi sur des promesses concr\u00e8tes &#8211; v\u00e9rifiables par le public et efficaces sur le plan m\u00e9diatique.<br \/>\nParall\u00e8lement, une petite r\u00e9volution s&rsquo;est produite dans la salle des machines de la communication : l&rsquo;essor de l&rsquo;IA.<br \/>\nCe qui avait commenc\u00e9 comme un jeu curieux &#8211; de belles propositions de texte, des images al\u00e9atoires, un peu de \u201cvous pourriez aussi aimer \u2026\u201d &#8211; s&rsquo;est transform\u00e9 en toute discr\u00e9tion en tireuse de ficelles dans le cirque du marketing. Tout \u00e0 coup, les campagnes se sont \u00e9crites toutes seules. Les images ? Depuis longtemps, elles ne sont plus prises par des photographes, mais cr\u00e9\u00e9es par des algorithmes qui ne connaissent jamais un jour de repos. Les \u00e9motions ? Elles ne sont plus recr\u00e9\u00e9es, mais simplement g\u00e9n\u00e9r\u00e9es en quelques millisecondes, avec un calcul pr\u00e9cis du niveau de frisson souhait\u00e9.<\/p>\n<figure id=\"attachment_7318\" aria-describedby=\"caption-attachment-7318\" style=\"width: 740px\" class=\"wp-caption alignnone\"><img decoding=\"async\" class=\"wp-image-7317\" src=\"https:\/\/ks-cs.ch\/wp-content\/uploads\/2025\/04\/KI_Virtual_Reality_ChatGPT-Image-4.-Apr.-2025-19_07_38.png\" alt=\"\" width=\"740\" height=\"493\" srcset=\"https:\/\/ks-cs.ch\/wp-content\/uploads\/2025\/04\/KI_Virtual_Reality_ChatGPT-Image-4.-Apr.-2025-19_07_38.png 1536w, https:\/\/ks-cs.ch\/wp-content\/uploads\/2025\/04\/KI_Virtual_Reality_ChatGPT-Image-4.-Apr.-2025-19_07_38-300x200.png 300w, https:\/\/ks-cs.ch\/wp-content\/uploads\/2025\/04\/KI_Virtual_Reality_ChatGPT-Image-4.-Apr.-2025-19_07_38-1024x683.png 1024w, https:\/\/ks-cs.ch\/wp-content\/uploads\/2025\/04\/KI_Virtual_Reality_ChatGPT-Image-4.-Apr.-2025-19_07_38-768x512.png 768w, https:\/\/ks-cs.ch\/wp-content\/uploads\/2025\/04\/KI_Virtual_Reality_ChatGPT-Image-4.-Apr.-2025-19_07_38-350x233.png 350w, https:\/\/ks-cs.ch\/wp-content\/uploads\/2025\/04\/KI_Virtual_Reality_ChatGPT-Image-4.-Apr.-2025-19_07_38-uai-258x172.png 258w, https:\/\/ks-cs.ch\/wp-content\/uploads\/2025\/04\/KI_Virtual_Reality_ChatGPT-Image-4.-Apr.-2025-19_07_38-uai-1440x960.png 1440w, https:\/\/ks-cs.ch\/wp-content\/uploads\/2025\/04\/KI_Virtual_Reality_ChatGPT-Image-4.-Apr.-2025-19_07_38-uai-1032x688.png 1032w, https:\/\/ks-cs.ch\/wp-content\/uploads\/2025\/04\/KI_Virtual_Reality_ChatGPT-Image-4.-Apr.-2025-19_07_38-uai-516x344.png 516w, https:\/\/ks-cs.ch\/wp-content\/uploads\/2025\/04\/KI_Virtual_Reality_ChatGPT-Image-4.-Apr.-2025-19_07_38-uai-720x480.png 720w\" sizes=\"(max-width: 740px) 100vw, 740px\" \/><figcaption id=\"caption-attachment-7318\" class=\"wp-caption-text\">Source de l&rsquo;image : IA &#8211; R\u00e9alit\u00e9 virtuelle, ChatGPT<\/figcaption><\/figure>\n<p>Ceux qui croyaient encore que nous nous trouvions dans un sc\u00e9nario de science-fiction ont d\u00fb se rendre \u00e0 l&rsquo;\u00e9vidence : Bienvenue ici et maintenant. La r\u00e9alit\u00e9 est plus rapide que ce dont Hollywood aurait pu r\u00eaver.<\/p>\n<h4><strong>Les donn\u00e9es &#8211; un tr\u00e9sor sous-estim\u00e9 avec une prime de risque<\/strong><\/h4>\n<p>Les donn\u00e9es sont depuis longtemps plus que des colonnes de chiffres &#8211; elles sont le nouvel or. Seulement, celui qui ne prot\u00e8ge pas son tr\u00e9sor de donn\u00e9es joue sur un terrain dangereux. Lorsque l&rsquo;Europe a introduit le RGPD en 2018, certains ont hauss\u00e9 les \u00e9paules. \u201cOh, ce ne sera pas si grave\u201d, pensait-on. Mais, plus tard, en 2023, lorsque la Suisse a suivi avec la loi r\u00e9vis\u00e9e sur la protection des donn\u00e9es, il \u00e9tait clair que le laissez-faire \u00e9tait d\u00e9finitivement derri\u00e8re nous. Depuis, la r\u00e8gle est la suivante : communiquer sans \u00e9thique claire ? Ce n&rsquo;est pas une id\u00e9e pertinente, mais une erreur plut\u00f4t co\u00fbteuse.<\/p>\n<p>On le voit parfaitement avec la discussion sur les cookies sur les sites d&rsquo;information suisses comme \u201c20 minutes\u201d. Autrefois, les banni\u00e8res s\u2019affichaient presque par hasard, aujourd&rsquo;hui, avant m\u00eame le premier d\u00e9filement, on demande poliment mais fermement au lecteur : \u201cVeux-tu nous confier tes donn\u00e9es ?\u201d. La gestion du consentement semble inoffensive, mais elle est devenue depuis longtemps un passage oblig\u00e9.<\/p>\n<p>Et les autorit\u00e9s aiguisent \u00e9galement leur regard. Le greenwashing ? Plus de volte-face RP amusante, mais un champ de mines juridique. Les plateformes num\u00e9riques ? Plus seulement des places de march\u00e9 neutres, mais responsables de ce qu&rsquo;elles diffusent. Et de toute fa\u00e7on, ceux qui pensent encore aujourd&rsquo;hui que la communication fonctionne sans preuves vivent dans le pass\u00e9. La nouvelle formule est la suivante : la transparence bat les tours de passe-passe.<\/p>\n<h4><strong>KS\/CS : entre loi, conscience et volont\u00e9 de cr\u00e9er<\/strong><\/h4>\n<p>KS\/CS s&rsquo;en m\u00eale. Pas en tant que chroniqueur, mais en tant qu&rsquo;acteur. L&rsquo;association apporte son expertise dans les processus l\u00e9gislatifs, se positionne clairement dans le discours politique et publie des aides pratiques avant que le l\u00e9gislateur ne suive &#8211; comme pour le guide de l&rsquo;IA en f\u00e9vrier 2024.<\/p>\n<p>C&rsquo;est ainsi que KS\/CS a \u00e9galement accompagn\u00e9 le d\u00e9bat sur le r\u00e8glement relatif \u00e0 la publicit\u00e9 durable, en mettant l&rsquo;accent sur le fait que les entreprises ne re\u00e7oivent pas seulement des obligations, mais aussi des orientations pratiques.<\/p>\n<p>L&rsquo;objectif ? Des r\u00e8gles du jeu claires qui ne limitent pas la libert\u00e9, mais la rendent possible. Le secteur n&rsquo;a pas besoin d&rsquo;\u00eatre mis sous tutelle, mais il a besoin de colonne vert\u00e9brale. Et c&rsquo;est l\u00e0 que la KS\/CS entre en jeu : en tant que voix de l&rsquo;autor\u00e9gulation et garante des principes de l&rsquo;\u00e9conomie de march\u00e9. <strong>Conclusion : l&rsquo;attitude d&rsquo;abord, le battage m\u00e9diatique ensuite.<\/strong>[\/vc_column_text][\/vc_column][\/vc_row][vc_row][vc_column width=\u00a0\u00bb1\/1&Prime;][\/vc_column][\/vc_row][vc_row][vc_column width=\u00a0\u00bb1\/1&Prime;][\/vc_column][\/vc_row]<\/p>\n<\/div>","protected":false},"excerpt":{"rendered":"<p>Deux d\u00e9cennies en mode \u201csprint\u201d : les technologies nous d\u00e9passent \u00e0 gauche, les lois \u00e0 droite, et au milieu de tout cela, la communication commerciale se bat pour la clart\u00e9, la pertinence et quelques secondes d&rsquo;attention. Bienvenue dans ce feu roulant entre la fr\u00e9n\u00e9sie des donn\u00e9es et l&rsquo;\u00e9thique de la publicit\u00e9.  <\/p>\n","protected":false},"author":6,"featured_media":7318,"parent":6460,"menu_order":6,"comment_status":"closed","ping_status":"closed","template":"","meta":{"content-type":"","footnotes":""},"class_list":["post-7313","page","type-page","status-publish","has-post-thumbnail","hentry","page_category-anniversaire"],"yoast_head":"<!-- This site is optimized with the Yoast SEO plugin v27.4 - https:\/\/yoast.com\/product\/yoast-seo-wordpress\/ -->\n<title>Publicit\u00e9 - du Big Data \u00e0 l&#039;IA en temps r\u00e9el - KS\/CS Communication Suisse<\/title>\n<meta name=\"description\" content=\"Deux d\u00e9cennies en mode \u201csprint\u201d : les technologies nous d\u00e9passent \u00e0 gauche, les lois \u00e0 droite, et au milieu de tout cela, la communication commerciale se bat pour la clart\u00e9, la pertinence et quelques secondes d&#039;attention. Bienvenue dans ce feu roulant entre la fr\u00e9n\u00e9sie des donn\u00e9es et l&#039;\u00e9thique de la publicit\u00e9.\" \/>\n<meta name=\"robots\" content=\"index, follow, max-snippet:-1, max-image-preview:large, max-video-preview:-1\" \/>\n<link rel=\"canonical\" href=\"https:\/\/ks-cs.ch\/fr\/actuel\/100-ans-ks-cs\/publicite-du-big-data-a-lia-en-temps-reel\/\" \/>\n<meta property=\"og:locale\" content=\"fr_FR\" \/>\n<meta property=\"og:type\" content=\"article\" \/>\n<meta property=\"og:title\" content=\"Publicit\u00e9 - du Big Data \u00e0 l&#039;IA en temps r\u00e9el - KS\/CS Communication Suisse\" \/>\n<meta property=\"og:description\" content=\"Deux d\u00e9cennies en mode \u201csprint\u201d : les technologies nous d\u00e9passent \u00e0 gauche, les lois \u00e0 droite, et au milieu de tout cela, la communication commerciale se bat pour la clart\u00e9, la pertinence et quelques secondes d&#039;attention. Bienvenue dans ce feu roulant entre la fr\u00e9n\u00e9sie des donn\u00e9es et l&#039;\u00e9thique de la publicit\u00e9.\" \/>\n<meta property=\"og:url\" content=\"https:\/\/ks-cs.ch\/fr\/actuel\/100-ans-ks-cs\/publicite-du-big-data-a-lia-en-temps-reel\/\" \/>\n<meta property=\"og:site_name\" content=\"KS\/CS Communication Suisse\" \/>\n<meta property=\"article:modified_time\" content=\"2025-04-30T15:14:49+00:00\" \/>\n<meta property=\"og:image\" content=\"https:\/\/ks-cs.ch\/wp-content\/uploads\/2025\/04\/KI_Virtual_Reality_ChatGPT-Image-4.-Apr.-2025-19_07_38-1024x683.png\" \/>\n\t<meta property=\"og:image:width\" content=\"1024\" \/>\n\t<meta property=\"og:image:height\" content=\"683\" \/>\n\t<meta property=\"og:image:type\" content=\"image\/png\" \/>\n<meta name=\"twitter:card\" content=\"summary_large_image\" \/>\n<meta name=\"twitter:label1\" content=\"Dur\u00e9e de lecture estim\u00e9e\" \/>\n\t<meta name=\"twitter:data1\" content=\"7 minutes\" \/>\n<script type=\"application\/ld+json\" class=\"yoast-schema-graph\">{\"@context\":\"https:\\\/\\\/schema.org\",\"@graph\":[{\"@type\":\"WebPage\",\"@id\":\"https:\\\/\\\/ks-cs.ch\\\/fr\\\/actuel\\\/100-ans-ks-cs\\\/publicite-du-big-data-a-lia-en-temps-reel\\\/\",\"url\":\"https:\\\/\\\/ks-cs.ch\\\/fr\\\/actuel\\\/100-ans-ks-cs\\\/publicite-du-big-data-a-lia-en-temps-reel\\\/\",\"name\":\"Publicit\u00e9 - du Big Data \u00e0 l'IA en temps r\u00e9el - KS\\\/CS Communication Suisse\",\"isPartOf\":{\"@id\":\"https:\\\/\\\/ks-cs.ch\\\/fr\\\/#website\"},\"primaryImageOfPage\":{\"@id\":\"https:\\\/\\\/ks-cs.ch\\\/fr\\\/actuel\\\/100-ans-ks-cs\\\/publicite-du-big-data-a-lia-en-temps-reel\\\/#primaryimage\"},\"image\":{\"@id\":\"https:\\\/\\\/ks-cs.ch\\\/fr\\\/actuel\\\/100-ans-ks-cs\\\/publicite-du-big-data-a-lia-en-temps-reel\\\/#primaryimage\"},\"thumbnailUrl\":\"https:\\\/\\\/ks-cs.ch\\\/wp-content\\\/uploads\\\/2025\\\/04\\\/KI_Virtual_Reality_ChatGPT-Image-4.-Apr.-2025-19_07_38.png\",\"datePublished\":\"2025-04-30T05:15:07+00:00\",\"dateModified\":\"2025-04-30T15:14:49+00:00\",\"description\":\"Deux d\u00e9cennies en mode \u201csprint\u201d : les technologies nous d\u00e9passent \u00e0 gauche, les lois \u00e0 droite, et au milieu de tout cela, la communication commerciale se bat pour la clart\u00e9, la pertinence et quelques secondes d'attention. Bienvenue dans ce feu roulant entre la fr\u00e9n\u00e9sie des donn\u00e9es et l'\u00e9thique de la publicit\u00e9.\",\"breadcrumb\":{\"@id\":\"https:\\\/\\\/ks-cs.ch\\\/fr\\\/actuel\\\/100-ans-ks-cs\\\/publicite-du-big-data-a-lia-en-temps-reel\\\/#breadcrumb\"},\"inLanguage\":\"fr-FR\",\"potentialAction\":[{\"@type\":\"ReadAction\",\"target\":[\"https:\\\/\\\/ks-cs.ch\\\/fr\\\/actuel\\\/100-ans-ks-cs\\\/publicite-du-big-data-a-lia-en-temps-reel\\\/\"]}]},{\"@type\":\"ImageObject\",\"inLanguage\":\"fr-FR\",\"@id\":\"https:\\\/\\\/ks-cs.ch\\\/fr\\\/actuel\\\/100-ans-ks-cs\\\/publicite-du-big-data-a-lia-en-temps-reel\\\/#primaryimage\",\"url\":\"https:\\\/\\\/ks-cs.ch\\\/wp-content\\\/uploads\\\/2025\\\/04\\\/KI_Virtual_Reality_ChatGPT-Image-4.-Apr.-2025-19_07_38.png\",\"contentUrl\":\"https:\\\/\\\/ks-cs.ch\\\/wp-content\\\/uploads\\\/2025\\\/04\\\/KI_Virtual_Reality_ChatGPT-Image-4.-Apr.-2025-19_07_38.png\",\"width\":1536,\"height\":1024},{\"@type\":\"BreadcrumbList\",\"@id\":\"https:\\\/\\\/ks-cs.ch\\\/fr\\\/actuel\\\/100-ans-ks-cs\\\/publicite-du-big-data-a-lia-en-temps-reel\\\/#breadcrumb\",\"itemListElement\":[{\"@type\":\"ListItem\",\"position\":1,\"name\":\"Home\",\"item\":\"https:\\\/\\\/ks-cs.ch\\\/fr\\\/\"},{\"@type\":\"ListItem\",\"position\":2,\"name\":\"Actuel\",\"item\":\"https:\\\/\\\/ks-cs.ch\\\/fr\\\/actuel\\\/\"},{\"@type\":\"ListItem\",\"position\":3,\"name\":\"100 Ans KS\\\/CS\",\"item\":\"https:\\\/\\\/ks-cs.ch\\\/fr\\\/actuel\\\/100-ans-ks-cs\\\/\"},{\"@type\":\"ListItem\",\"position\":4,\"name\":\"Publicit\u00e9 &#8211; du Big Data \u00e0 l&#8217;IA en temps r\u00e9el\"}]},{\"@type\":\"WebSite\",\"@id\":\"https:\\\/\\\/ks-cs.ch\\\/fr\\\/#website\",\"url\":\"https:\\\/\\\/ks-cs.ch\\\/fr\\\/\",\"name\":\"KS\\\/CS Kommunikation Schweiz\",\"description\":\"Association des communications commerciales\",\"publisher\":{\"@id\":\"https:\\\/\\\/ks-cs.ch\\\/fr\\\/#organization\"},\"potentialAction\":[{\"@type\":\"SearchAction\",\"target\":{\"@type\":\"EntryPoint\",\"urlTemplate\":\"https:\\\/\\\/ks-cs.ch\\\/fr\\\/?s={search_term_string}\"},\"query-input\":{\"@type\":\"PropertyValueSpecification\",\"valueRequired\":true,\"valueName\":\"search_term_string\"}}],\"inLanguage\":\"fr-FR\"},{\"@type\":\"Organization\",\"@id\":\"https:\\\/\\\/ks-cs.ch\\\/fr\\\/#organization\",\"name\":\"KS\\\/CS Kommunikation Schweiz\",\"url\":\"https:\\\/\\\/ks-cs.ch\\\/fr\\\/\",\"logo\":{\"@type\":\"ImageObject\",\"inLanguage\":\"fr-FR\",\"@id\":\"https:\\\/\\\/ks-cs.ch\\\/fr\\\/#\\\/schema\\\/logo\\\/image\\\/\",\"url\":\"https:\\\/\\\/ks-cs.ch\\\/wp-content\\\/uploads\\\/2022\\\/12\\\/Logo-Social-Media-1.jpg\",\"contentUrl\":\"https:\\\/\\\/ks-cs.ch\\\/wp-content\\\/uploads\\\/2022\\\/12\\\/Logo-Social-Media-1.jpg\",\"width\":709,\"height\":608,\"caption\":\"KS\\\/CS Kommunikation Schweiz\"},\"image\":{\"@id\":\"https:\\\/\\\/ks-cs.ch\\\/fr\\\/#\\\/schema\\\/logo\\\/image\\\/\"},\"sameAs\":[\"https:\\\/\\\/www.linkedin.com\\\/company\\\/kommunikation-schweiz-communication-suisse-comunicazione-svizzera-communication-switzerland\\\/\"]}]}<\/script>\n<!-- \/ Yoast SEO plugin. -->","yoast_head_json":{"title":"Publicit\u00e9 - du Big Data \u00e0 l'IA en temps r\u00e9el - KS\/CS Communication Suisse","description":"Deux d\u00e9cennies en mode \u201csprint\u201d : les technologies nous d\u00e9passent \u00e0 gauche, les lois \u00e0 droite, et au milieu de tout cela, la communication commerciale se bat pour la clart\u00e9, la pertinence et quelques secondes d'attention. Bienvenue dans ce feu roulant entre la fr\u00e9n\u00e9sie des donn\u00e9es et l'\u00e9thique de la publicit\u00e9.","robots":{"index":"index","follow":"follow","max-snippet":"max-snippet:-1","max-image-preview":"max-image-preview:large","max-video-preview":"max-video-preview:-1"},"canonical":"https:\/\/ks-cs.ch\/fr\/actuel\/100-ans-ks-cs\/publicite-du-big-data-a-lia-en-temps-reel\/","og_locale":"fr_FR","og_type":"article","og_title":"Publicit\u00e9 - du Big Data \u00e0 l'IA en temps r\u00e9el - KS\/CS Communication Suisse","og_description":"Deux d\u00e9cennies en mode \u201csprint\u201d : les technologies nous d\u00e9passent \u00e0 gauche, les lois \u00e0 droite, et au milieu de tout cela, la communication commerciale se bat pour la clart\u00e9, la pertinence et quelques secondes d'attention. Bienvenue dans ce feu roulant entre la fr\u00e9n\u00e9sie des donn\u00e9es et l'\u00e9thique de la publicit\u00e9.","og_url":"https:\/\/ks-cs.ch\/fr\/actuel\/100-ans-ks-cs\/publicite-du-big-data-a-lia-en-temps-reel\/","og_site_name":"KS\/CS Communication Suisse","article_modified_time":"2025-04-30T15:14:49+00:00","og_image":[{"width":1024,"height":683,"url":"https:\/\/ks-cs.ch\/wp-content\/uploads\/2025\/04\/KI_Virtual_Reality_ChatGPT-Image-4.-Apr.-2025-19_07_38-1024x683.png","type":"image\/png"}],"twitter_card":"summary_large_image","twitter_misc":{"Dur\u00e9e de lecture estim\u00e9e":"7 minutes"},"schema":{"@context":"https:\/\/schema.org","@graph":[{"@type":"WebPage","@id":"https:\/\/ks-cs.ch\/fr\/actuel\/100-ans-ks-cs\/publicite-du-big-data-a-lia-en-temps-reel\/","url":"https:\/\/ks-cs.ch\/fr\/actuel\/100-ans-ks-cs\/publicite-du-big-data-a-lia-en-temps-reel\/","name":"Publicit\u00e9 - du Big Data \u00e0 l'IA en temps r\u00e9el - KS\/CS Communication Suisse","isPartOf":{"@id":"https:\/\/ks-cs.ch\/fr\/#website"},"primaryImageOfPage":{"@id":"https:\/\/ks-cs.ch\/fr\/actuel\/100-ans-ks-cs\/publicite-du-big-data-a-lia-en-temps-reel\/#primaryimage"},"image":{"@id":"https:\/\/ks-cs.ch\/fr\/actuel\/100-ans-ks-cs\/publicite-du-big-data-a-lia-en-temps-reel\/#primaryimage"},"thumbnailUrl":"https:\/\/ks-cs.ch\/wp-content\/uploads\/2025\/04\/KI_Virtual_Reality_ChatGPT-Image-4.-Apr.-2025-19_07_38.png","datePublished":"2025-04-30T05:15:07+00:00","dateModified":"2025-04-30T15:14:49+00:00","description":"Deux d\u00e9cennies en mode \u201csprint\u201d : les technologies nous d\u00e9passent \u00e0 gauche, les lois \u00e0 droite, et au milieu de tout cela, la communication commerciale se bat pour la clart\u00e9, la pertinence et quelques secondes d'attention. Bienvenue dans ce feu roulant entre la fr\u00e9n\u00e9sie des donn\u00e9es et l'\u00e9thique de la publicit\u00e9.","breadcrumb":{"@id":"https:\/\/ks-cs.ch\/fr\/actuel\/100-ans-ks-cs\/publicite-du-big-data-a-lia-en-temps-reel\/#breadcrumb"},"inLanguage":"fr-FR","potentialAction":[{"@type":"ReadAction","target":["https:\/\/ks-cs.ch\/fr\/actuel\/100-ans-ks-cs\/publicite-du-big-data-a-lia-en-temps-reel\/"]}]},{"@type":"ImageObject","inLanguage":"fr-FR","@id":"https:\/\/ks-cs.ch\/fr\/actuel\/100-ans-ks-cs\/publicite-du-big-data-a-lia-en-temps-reel\/#primaryimage","url":"https:\/\/ks-cs.ch\/wp-content\/uploads\/2025\/04\/KI_Virtual_Reality_ChatGPT-Image-4.-Apr.-2025-19_07_38.png","contentUrl":"https:\/\/ks-cs.ch\/wp-content\/uploads\/2025\/04\/KI_Virtual_Reality_ChatGPT-Image-4.-Apr.-2025-19_07_38.png","width":1536,"height":1024},{"@type":"BreadcrumbList","@id":"https:\/\/ks-cs.ch\/fr\/actuel\/100-ans-ks-cs\/publicite-du-big-data-a-lia-en-temps-reel\/#breadcrumb","itemListElement":[{"@type":"ListItem","position":1,"name":"Home","item":"https:\/\/ks-cs.ch\/fr\/"},{"@type":"ListItem","position":2,"name":"Actuel","item":"https:\/\/ks-cs.ch\/fr\/actuel\/"},{"@type":"ListItem","position":3,"name":"100 Ans KS\/CS","item":"https:\/\/ks-cs.ch\/fr\/actuel\/100-ans-ks-cs\/"},{"@type":"ListItem","position":4,"name":"Publicit\u00e9 &#8211; du Big Data \u00e0 l&#8217;IA en temps r\u00e9el"}]},{"@type":"WebSite","@id":"https:\/\/ks-cs.ch\/fr\/#website","url":"https:\/\/ks-cs.ch\/fr\/","name":"KS\/CS Kommunikation Schweiz","description":"Association des communications commerciales","publisher":{"@id":"https:\/\/ks-cs.ch\/fr\/#organization"},"potentialAction":[{"@type":"SearchAction","target":{"@type":"EntryPoint","urlTemplate":"https:\/\/ks-cs.ch\/fr\/?s={search_term_string}"},"query-input":{"@type":"PropertyValueSpecification","valueRequired":true,"valueName":"search_term_string"}}],"inLanguage":"fr-FR"},{"@type":"Organization","@id":"https:\/\/ks-cs.ch\/fr\/#organization","name":"KS\/CS Kommunikation Schweiz","url":"https:\/\/ks-cs.ch\/fr\/","logo":{"@type":"ImageObject","inLanguage":"fr-FR","@id":"https:\/\/ks-cs.ch\/fr\/#\/schema\/logo\/image\/","url":"https:\/\/ks-cs.ch\/wp-content\/uploads\/2022\/12\/Logo-Social-Media-1.jpg","contentUrl":"https:\/\/ks-cs.ch\/wp-content\/uploads\/2022\/12\/Logo-Social-Media-1.jpg","width":709,"height":608,"caption":"KS\/CS Kommunikation Schweiz"},"image":{"@id":"https:\/\/ks-cs.ch\/fr\/#\/schema\/logo\/image\/"},"sameAs":["https:\/\/www.linkedin.com\/company\/kommunikation-schweiz-communication-suisse-comunicazione-svizzera-communication-switzerland\/"]}]}},"publishpress_future_action":{"enabled":false,"date":"2026-04-23 11:01:37","action":"change-status","newStatus":"draft","terms":[],"taxonomy":"translation_priority","extraData":[]},"publishpress_future_workflow_manual_trigger":{"enabledWorkflows":[]},"_links":{"self":[{"href":"https:\/\/ks-cs.ch\/fr\/wp-json\/wp\/v2\/pages\/7313","targetHints":{"allow":["GET"]}}],"collection":[{"href":"https:\/\/ks-cs.ch\/fr\/wp-json\/wp\/v2\/pages"}],"about":[{"href":"https:\/\/ks-cs.ch\/fr\/wp-json\/wp\/v2\/types\/page"}],"author":[{"embeddable":true,"href":"https:\/\/ks-cs.ch\/fr\/wp-json\/wp\/v2\/users\/6"}],"replies":[{"embeddable":true,"href":"https:\/\/ks-cs.ch\/fr\/wp-json\/wp\/v2\/comments?post=7313"}],"version-history":[{"count":12,"href":"https:\/\/ks-cs.ch\/fr\/wp-json\/wp\/v2\/pages\/7313\/revisions"}],"predecessor-version":[{"id":7354,"href":"https:\/\/ks-cs.ch\/fr\/wp-json\/wp\/v2\/pages\/7313\/revisions\/7354"}],"up":[{"embeddable":true,"href":"https:\/\/ks-cs.ch\/fr\/wp-json\/wp\/v2\/pages\/6460"}],"wp:featuredmedia":[{"embeddable":true,"href":"https:\/\/ks-cs.ch\/fr\/wp-json\/wp\/v2\/media\/7318"}],"wp:attachment":[{"href":"https:\/\/ks-cs.ch\/fr\/wp-json\/wp\/v2\/media?parent=7313"}],"curies":[{"name":"wp","href":"https:\/\/api.w.org\/{rel}","templated":true}]}}