{"id":7067,"date":"2025-02-25T10:59:15","date_gmt":"2025-02-25T09:59:15","guid":{"rendered":"https:\/\/ks-cs.ch\/?page_id=7067"},"modified":"2025-04-30T09:14:56","modified_gmt":"2025-04-30T07:14:56","slug":"et-la-lumiere-fut-les-annees-1950-et-1960","status":"publish","type":"page","link":"https:\/\/ks-cs.ch\/fr\/actuel\/100-ans-ks-cs\/et-la-lumiere-fut-les-annees-1950-et-1960\/","title":{"rendered":"Et la lumi\u00e8re fut \u2013 les ann\u00e9es 1950 et 1960"},"content":{"rendered":"<div class=\"wpb-content-wrapper\"><p>[vc_row row_height_percent=\u00a0\u00bb0&Prime; override_padding=\u00a0\u00bbyes\u00a0\u00bb h_padding=\u00a0\u00bb2&Prime; top_padding=\u00a0\u00bb3&Prime; bottom_padding=\u00a0\u00bb2&Prime; overlay_alpha=\u00a0\u00bb50&Prime; gutter_size=\u00a0\u00bb3&Prime; column_width_percent=\u00a0\u00bb100&Prime; shift_y=\u00a0\u00bb0&Prime; z_index=\u00a0\u00bb0&Prime; uncode_shortcode_id=\u00a0\u00bb172934&Prime;][vc_column column_width_use_pixel=\u00a0\u00bbyes\u00a0\u00bb gutter_size=\u00a0\u00bb2&Prime; overlay_alpha=\u00a0\u00bb50&Prime; shift_x=\u00a0\u00bb0&Prime; shift_y=\u00a0\u00bb0&Prime; shift_y_down=\u00a0\u00bb0&Prime; z_index=\u00a0\u00bb0&Prime; medium_width=\u00a0\u00bb0&Prime; mobile_width=\u00a0\u00bb0&Prime; width=\u00a0\u00bb1\/1&Prime; uncode_shortcode_id=\u00a0\u00bb104419&Prime; column_width_pixel=\u00a0\u00bb840&Prime;][uncode_breadcrumbs separator=\u00a0\u00bbdash\u00a0\u00bb][vc_custom_heading auto_text=\u00a0\u00bbyes\u00a0\u00bb heading_semantic=\u00a0\u00bbh1&Prime; text_size=\u00a0\u00bbh1&Prime; text_weight=\u00a0\u00bb600&Prime; uncode_shortcode_id=\u00a0\u00bb179718&Prime;]This is a custom heading element.[\/vc_custom_heading][vc_column_text uncode_shortcode_id=\u00a0\u00bb121045&Prime;]L&rsquo;ann\u00e9e 1953 marque en quelque sorte la naissance du monde m\u00e9diatique suisse moderne. C&rsquo;est \u00e0 cette \u00e9poque que la premi\u00e8re cha\u00eene de t\u00e9l\u00e9vision a fait son apparition dans les foyers helv\u00e9tiques, dans le cadre d&rsquo;une phase \u201ctest\u201d. Une dizaine d&rsquo;ann\u00e9es plus tard, le premier spot publicitaire a \u00e9t\u00e9 diffus\u00e9 et la t\u00e9l\u00e9vision est devenue un m\u00e9dia de masse. Ce qui a commenc\u00e9 en noir et blanc, flou et tremblant, s&rsquo;est impos\u00e9 comme aucun autre appareil. Les t\u00e9l\u00e9spectateurs occasionnels et exclusifs sont devenus la g\u00e9n\u00e9ration \u00e9cran, avec des r\u00e9percussions sur la soci\u00e9t\u00e9, la publicit\u00e9 puis la communication commerciale.[\/vc_column_text][\/vc_column][\/vc_row][vc_row][vc_column width=\u00a0\u00bb1\/1&Prime;][uncode_block id=\u00a0\u00bb277&Prime;][\/vc_column][\/vc_row][vc_row row_height_percent=\u00a0\u00bb0&Prime; override_padding=\u00a0\u00bbyes\u00a0\u00bb h_padding=\u00a0\u00bb2&Prime; top_padding=\u00a0\u00bb2&Prime; bottom_padding=\u00a0\u00bb3&Prime; overlay_alpha=\u00a0\u00bb50&Prime; gutter_size=\u00a0\u00bb3&Prime; column_width_percent=\u00a0\u00bb100&Prime; shift_y=\u00a0\u00bb0&Prime; z_index=\u00a0\u00bb0&Prime; uncode_shortcode_id=\u00a0\u00bb983892&Prime; row_name=\u00a0\u00bbkommunikationsfachleute\u00a0\u00bb][vc_column column_width_use_pixel=\u00a0\u00bbyes\u00a0\u00bb gutter_size=\u00a0\u00bb2&Prime; overlay_alpha=\u00a0\u00bb50&Prime; shift_x=\u00a0\u00bb0&Prime; shift_y=\u00a0\u00bb0&Prime; shift_y_down=\u00a0\u00bb0&Prime; z_index=\u00a0\u00bb0&Prime; medium_width=\u00a0\u00bb0&Prime; mobile_width=\u00a0\u00bb0&Prime; width=\u00a0\u00bb1\/1&Prime; uncode_shortcode_id=\u00a0\u00bb104419&Prime; column_width_pixel=\u00a0\u00bb840&Prime;][vc_empty_space empty_h=\u00a0\u00bb2&Prime;][vc_column_text uncode_shortcode_id=\u00a0\u00bb678973&Prime;]<\/p>\n<p>Non, ce n&rsquo;\u00e9tait pas vraiment un big bang lorsque le 20 juillet 1954 \u00e0 20h15, un test a \u00e9t\u00e9 diffus\u00e9 et le programme de la SSR a commenc\u00e9 \u00e0 20h30. On pourrait plut\u00f4t parler d&rsquo;une intrusion dans les foyers suisses apr\u00e8s les \u00e9missions exp\u00e9rimentales du d\u00e9but des ann\u00e9es 50. Les inqui\u00e9tudes et les craintes \u00e9taient trop grandes, la t\u00e9l\u00e9vision mena\u00e7ait la vie de famille. Les journaux mettaient en garde et, selon la SSR, les auditeurs craignaient que la t\u00e9l\u00e9vision ne se fasse au d\u00e9triment des redevances radio. Quelqu&rsquo;un a-t-il dit que les luttes pour le montant des redevances et leur r\u00e9partition \u00e9taient un ph\u00e9nom\u00e8ne r\u00e9cent ? Et pourtant : la t\u00e9l\u00e9vision et les possibilit\u00e9s de cr\u00e9ation d\u2019\u00e9motion, de stimuli audiovisuels et d&rsquo;authenticit\u00e9 qu&rsquo;elle offrait \u00e9taient alors, comme aujourd&rsquo;hui, fascinantes.<\/p>\n<p><strong>Les ann\u00e9es 1950 : \u00ab Enfin plus de libert\u00e9 ! \u00bb<\/strong><\/p>\n<p>Les ann\u00e9es 50 ne sont pas seulement marqu\u00e9es par le miracle \u00e9conomique aux \u00c9tats-Unis, la Suisse conna\u00eet \u00e9galement un tel ph\u00e9nom\u00e8ne. L&rsquo;\u00e9conomie se d\u00e9veloppe, le niveau de vie augmente, les salaires progressent, de nouveaux produits et innovations arrivent sur le march\u00e9. Le premier lave-linge automatique suisse, qui a surtout lib\u00e9r\u00e9 les femmes des corv\u00e9es de lavage \u00e0 la main, est repr\u00e9sentatif de cette \u00e9poque. Le fabricant Schulthess a d\u00e9velopp\u00e9 cet appareil miracle au prix de 6000 francs, alors que le salaire moyen en 1951 \u00e9tait 12 fois plus bas que le salaire actuel en valeur nominale et 2,6 fois plus bas en valeur r\u00e9elle. La machine miracle de Schulthess \u00e9tait pr\u00e9sent\u00e9e avec le slogan \u00abEnfin plus de libert\u00e9!\u00bb, qui symbolise bien cette \u00e9poque.<\/p>\n<p><strong>Les st\u00e9r\u00e9otypes de genre et leur contre-culture<\/strong><\/p>\n<p>Et la publicit\u00e9 ? Dans les ann\u00e9es 50, les images st\u00e9r\u00e9otyp\u00e9es dominaient. Aujourd&rsquo;hui, la Commission Suisse pour la Loyaut\u00e9 dans la Communication Commerciale les consid\u00e8re toutes comme sexistes : la femme au foyer s&rsquo;occupait du foyer, l\u2019homme, le \u201cchef\u201d, s&rsquo;occupait de la famille, du prestige et du plaisir, et les enfants posaient comme des figurants apprivois\u00e9s du bonheur familial.<\/p>\n<p>Quoi qu&rsquo;il en soit, dans les ann\u00e9es 60, la Suisse a \u00e9galement \u00e9t\u00e9 gagn\u00e9e par la contre-culture. La publicit\u00e9 s&rsquo;est progressivement orient\u00e9e vers des consommateurs \u00e9mancip\u00e9s. On est tent\u00e9 de faire le lien entre les mouvements sociaux des ann\u00e9es 60, tels que le mouvement des droits civiques et la culture hippie, et la publicit\u00e9, qui a de plus en plus abord\u00e9 des th\u00e8mes tels que l&rsquo;individualit\u00e9, la libert\u00e9 et l&rsquo;autod\u00e9termination. \u00abPermettez-vous qu&rsquo;on vous prenne pour une marionnette ?\u00bb, demandait alors une campagne de l&rsquo;Association suisse de publicit\u00e9 (ASV) aux consommatrices et consommateurs.<\/p>\n<p><strong>R\u00e9glementation et restrictions publicitaires croissantes<\/strong><\/p>\n<p>D\u00e8s cette d\u00e9cennie, les premi\u00e8res discussions sur les questions de sant\u00e9 et la limitation de la publicit\u00e9 pour l&rsquo;alcool et le tabac ont commenc\u00e9. Certes, la loi sur les cartels de 1962 \u00e9tait encore un tigre \u00e9dent\u00e9, qui facilitait principalement la sortie des membres d&rsquo;un cartel. L&rsquo;importance de la concurrence \u00e9tait faible.<\/p>\n<p><strong>1966 Fondation de la Commission suisse pour la loyaut\u00e9<\/strong><\/p>\n<p>La pression publique s&rsquo;intensifie et le secteur de la publicit\u00e9, dirig\u00e9 de mani\u00e8re pr\u00e9voyante par l&rsquo;Association suisse pour la publicit\u00e9, l&rsquo;organisation qui a pr\u00e9c\u00e9d\u00e9 \u00abPublicit\u00e9 Suisse\u00bb, aujourd&rsquo;hui KS\/CS Communication Suisse, se pr\u00e9occupe de plus en plus du respect des normes \u00e9thiques dans la publicit\u00e9. C&rsquo;est dans ce but que KS\/CS a cr\u00e9\u00e9 la Commission suisse pour la loyaut\u00e9 en 1966. En tant qu&rsquo;institution neutre et ind\u00e9pendante du secteur de la communication, elle assure depuis pr\u00e8s de 60 ans un autocontr\u00f4le important en mati\u00e8re de publicit\u00e9. Les experts, repr\u00e9sent\u00e9s de fa\u00e7on paritaire par des consommateurs, des professionnels des m\u00e9dias et des publicitaires, \u00e9mettent des recommandations et veillent \u00e0 ce que les risques juridiques de poursuites ou de proc\u00e9dures p\u00e9nales de la part de l&rsquo;\u00c9tat puissent \u00eatre \u00e9vit\u00e9s.<\/p>\n<p><strong>KS\/CS hier comme aujourd&rsquo;hui<\/strong><\/p>\n<p>Le r\u00f4le de KS\/CS a \u00e9volu\u00e9, mais les valeurs fondamentales sont rest\u00e9es les m\u00eames : responsabilit\u00e9 individuelle et libert\u00e9 de d\u00e9cision. Le secteur est confront\u00e9 \u00e0 de nouveaux d\u00e9fis. Les questions relatives \u00e0 la durabilit\u00e9, \u00e0 la concurrence d\u00e9loyale, \u00e0 la protection de la vie priv\u00e9e et des donn\u00e9es personnelles ainsi qu&rsquo;\u00e0 l&rsquo;impact de la publicit\u00e9 sur la soci\u00e9t\u00e9 sont aujourd&rsquo;hui plus pertinentes que jamais.<\/p>\n<p>D&rsquo;une part, KS\/CS s&rsquo;engage pour une publicit\u00e9 honn\u00eate, d&rsquo;autre part, l&rsquo;organisation fa\u00eeti\u00e8re d\u00e9fend le principe selon lequel la libert\u00e9 \u00e9conomique doit \u00eatre pr\u00e9serv\u00e9e et que les biens de consommation l\u00e9galement disponibles peuvent \u00e9galement faire l&rsquo;objet de publicit\u00e9.<\/p>\n<p><strong>100 ans de KS\/CS &#8211; une s\u00e9rie<\/strong><\/p>\n<p>Ce qui a commenc\u00e9 en 1925 avec l&rsquo;Association suisse de la publicit\u00e9 est aujourd&rsquo;hui plus actuel que jamais. KS\/CS revient sur les 100 derni\u00e8res ann\u00e9es et continuera \u00e0 d\u00e9fendre les principes de l&rsquo;\u00e9conomie de march\u00e9 dans la communication commerciale au cours des prochaines d\u00e9cennies. Vous souhaitez en savoir plus ou devenir membre ? Vous trouverez <a href=\"https:\/\/ks-cs.ch\/fr\/adhesion\/devenir-membre\/\">plus d&rsquo;informations<\/a> ici.<\/p>\n<p>T\u00e9l\u00e9charger l&rsquo;article au format <a href=\"https:\/\/ks-cs.ch\/wp-content\/uploads\/2025\/02\/MV_2025_Geschichte_Kapitel_1_1950-1960-FR.pdf\">PDF<\/a>.<\/p>\n<p><strong>\u00a0<\/strong>[\/vc_column_text][\/vc_column][\/vc_row][vc_row][vc_column width=\u00a0\u00bb1\/1&Prime;][\/vc_column][\/vc_row][vc_row][vc_column width=\u00a0\u00bb1\/1&Prime;][\/vc_column][\/vc_row]<\/p>\n<\/div>","protected":false},"excerpt":{"rendered":"<p>L\u2019ann\u00e9e 1953 marque en quelque sorte la naissance du monde m\u00e9diatique suisse moderne. C\u2019est \u00e0 cette \u00e9poque que la premi\u00e8re cha\u00eene de t\u00e9l\u00e9vision a fait son apparition dans les foyers helv\u00e9tiques, dans le cadre d\u2019une phase \u201ctest\u201d. Une dizaine d\u2019ann\u00e9es plus tard, le premier spot publicitaire a \u00e9t\u00e9 diffus\u00e9 et la t\u00e9l\u00e9vision est devenue un m\u00e9dia de masse. Ce qui a commenc\u00e9 en noir et blanc, flou et tremblant, s\u2019est impos\u00e9 comme aucun autre appareil. Les t\u00e9l\u00e9spectateurs occasionnels et exclusifs sont devenus la g\u00e9n\u00e9ration \u00e9cran, avec des r\u00e9percussions sur la soci\u00e9t\u00e9, la publicit\u00e9 puis la communication commerciale.<\/p>\n","protected":false},"author":9,"featured_media":7060,"parent":6460,"menu_order":3,"comment_status":"closed","ping_status":"closed","template":"","meta":{"content-type":"","footnotes":""},"class_list":["post-7067","page","type-page","status-publish","has-post-thumbnail","hentry","page_category-anniversaire"],"yoast_head":"<!-- This site is optimized with the Yoast SEO plugin v27.4 - https:\/\/yoast.com\/product\/yoast-seo-wordpress\/ -->\n<title>Et la lumi\u00e8re fut \u2013 les ann\u00e9es 1950 et 1960 - KS\/CS Communication Suisse<\/title>\n<meta name=\"description\" content=\"Formation sp\u00e9cialis\u00e9e - la solution miracle pour une carri\u00e8re en communication. Le double parcours orient\u00e9 vers la pratique avec une base th\u00e9orique solide ouvre les portes \u00e0 un large spectre.\" \/>\n<meta name=\"robots\" content=\"index, follow, max-snippet:-1, max-image-preview:large, max-video-preview:-1\" \/>\n<link rel=\"canonical\" href=\"https:\/\/ks-cs.ch\/fr\/actuel\/100-ans-ks-cs\/et-la-lumiere-fut-les-annees-1950-et-1960\/\" \/>\n<meta property=\"og:locale\" content=\"fr_FR\" \/>\n<meta property=\"og:type\" content=\"article\" \/>\n<meta property=\"og:title\" content=\"Et la lumi\u00e8re fut \u2013 les ann\u00e9es 1950 et 1960 - KS\/CS Communication Suisse\" \/>\n<meta property=\"og:description\" content=\"Formation sp\u00e9cialis\u00e9e - la solution miracle pour une carri\u00e8re en communication. Le double parcours orient\u00e9 vers la pratique avec une base th\u00e9orique solide ouvre les portes \u00e0 un large spectre.\" \/>\n<meta property=\"og:url\" content=\"https:\/\/ks-cs.ch\/fr\/actuel\/100-ans-ks-cs\/et-la-lumiere-fut-les-annees-1950-et-1960\/\" \/>\n<meta property=\"og:site_name\" content=\"KS\/CS Communication Suisse\" \/>\n<meta property=\"article:modified_time\" content=\"2025-04-30T07:14:56+00:00\" \/>\n<meta property=\"og:image\" content=\"https:\/\/ks-cs.ch\/wp-content\/uploads\/2025\/02\/2025_MV_2025_Geschichte_Kapitel_2_1950-1960-Bild-SRW-Inserate-erschliessen-den-Markt.png\" \/>\n\t<meta property=\"og:image:width\" content=\"724\" \/>\n\t<meta property=\"og:image:height\" content=\"1052\" \/>\n\t<meta property=\"og:image:type\" content=\"image\/png\" \/>\n<meta name=\"twitter:card\" content=\"summary_large_image\" \/>\n<meta name=\"twitter:label1\" content=\"Dur\u00e9e de lecture estim\u00e9e\" \/>\n\t<meta name=\"twitter:data1\" content=\"6 minutes\" \/>\n<script type=\"application\/ld+json\" class=\"yoast-schema-graph\">{\"@context\":\"https:\\\/\\\/schema.org\",\"@graph\":[{\"@type\":\"WebPage\",\"@id\":\"https:\\\/\\\/ks-cs.ch\\\/fr\\\/actuel\\\/100-ans-ks-cs\\\/et-la-lumiere-fut-les-annees-1950-et-1960\\\/\",\"url\":\"https:\\\/\\\/ks-cs.ch\\\/fr\\\/actuel\\\/100-ans-ks-cs\\\/et-la-lumiere-fut-les-annees-1950-et-1960\\\/\",\"name\":\"Et la lumi\u00e8re fut \u2013 les ann\u00e9es 1950 et 1960 - KS\\\/CS Communication Suisse\",\"isPartOf\":{\"@id\":\"https:\\\/\\\/ks-cs.ch\\\/fr\\\/#website\"},\"primaryImageOfPage\":{\"@id\":\"https:\\\/\\\/ks-cs.ch\\\/fr\\\/actuel\\\/100-ans-ks-cs\\\/et-la-lumiere-fut-les-annees-1950-et-1960\\\/#primaryimage\"},\"image\":{\"@id\":\"https:\\\/\\\/ks-cs.ch\\\/fr\\\/actuel\\\/100-ans-ks-cs\\\/et-la-lumiere-fut-les-annees-1950-et-1960\\\/#primaryimage\"},\"thumbnailUrl\":\"https:\\\/\\\/ks-cs.ch\\\/wp-content\\\/uploads\\\/2025\\\/02\\\/2025_MV_2025_Geschichte_Kapitel_2_1950-1960-Bild-SRW-Inserate-erschliessen-den-Markt.png\",\"datePublished\":\"2025-02-25T09:59:15+00:00\",\"dateModified\":\"2025-04-30T07:14:56+00:00\",\"description\":\"Formation sp\u00e9cialis\u00e9e - la solution miracle pour une carri\u00e8re en communication. Le double parcours orient\u00e9 vers la pratique avec une base th\u00e9orique solide ouvre les portes \u00e0 un large spectre.\",\"breadcrumb\":{\"@id\":\"https:\\\/\\\/ks-cs.ch\\\/fr\\\/actuel\\\/100-ans-ks-cs\\\/et-la-lumiere-fut-les-annees-1950-et-1960\\\/#breadcrumb\"},\"inLanguage\":\"fr-FR\",\"potentialAction\":[{\"@type\":\"ReadAction\",\"target\":[\"https:\\\/\\\/ks-cs.ch\\\/fr\\\/actuel\\\/100-ans-ks-cs\\\/et-la-lumiere-fut-les-annees-1950-et-1960\\\/\"]}]},{\"@type\":\"ImageObject\",\"inLanguage\":\"fr-FR\",\"@id\":\"https:\\\/\\\/ks-cs.ch\\\/fr\\\/actuel\\\/100-ans-ks-cs\\\/et-la-lumiere-fut-les-annees-1950-et-1960\\\/#primaryimage\",\"url\":\"https:\\\/\\\/ks-cs.ch\\\/wp-content\\\/uploads\\\/2025\\\/02\\\/2025_MV_2025_Geschichte_Kapitel_2_1950-1960-Bild-SRW-Inserate-erschliessen-den-Markt.png\",\"contentUrl\":\"https:\\\/\\\/ks-cs.ch\\\/wp-content\\\/uploads\\\/2025\\\/02\\\/2025_MV_2025_Geschichte_Kapitel_2_1950-1960-Bild-SRW-Inserate-erschliessen-den-Markt.png\",\"width\":724,\"height\":1052},{\"@type\":\"BreadcrumbList\",\"@id\":\"https:\\\/\\\/ks-cs.ch\\\/fr\\\/actuel\\\/100-ans-ks-cs\\\/et-la-lumiere-fut-les-annees-1950-et-1960\\\/#breadcrumb\",\"itemListElement\":[{\"@type\":\"ListItem\",\"position\":1,\"name\":\"Home\",\"item\":\"https:\\\/\\\/ks-cs.ch\\\/fr\\\/\"},{\"@type\":\"ListItem\",\"position\":2,\"name\":\"Actuel\",\"item\":\"https:\\\/\\\/ks-cs.ch\\\/fr\\\/actuel\\\/\"},{\"@type\":\"ListItem\",\"position\":3,\"name\":\"100 Ans KS\\\/CS\",\"item\":\"https:\\\/\\\/ks-cs.ch\\\/fr\\\/actuel\\\/100-ans-ks-cs\\\/\"},{\"@type\":\"ListItem\",\"position\":4,\"name\":\"Et la lumi\u00e8re fut \u2013 les ann\u00e9es 1950 et 1960\"}]},{\"@type\":\"WebSite\",\"@id\":\"https:\\\/\\\/ks-cs.ch\\\/fr\\\/#website\",\"url\":\"https:\\\/\\\/ks-cs.ch\\\/fr\\\/\",\"name\":\"KS\\\/CS Kommunikation Schweiz\",\"description\":\"Association des communications commerciales\",\"publisher\":{\"@id\":\"https:\\\/\\\/ks-cs.ch\\\/fr\\\/#organization\"},\"potentialAction\":[{\"@type\":\"SearchAction\",\"target\":{\"@type\":\"EntryPoint\",\"urlTemplate\":\"https:\\\/\\\/ks-cs.ch\\\/fr\\\/?s={search_term_string}\"},\"query-input\":{\"@type\":\"PropertyValueSpecification\",\"valueRequired\":true,\"valueName\":\"search_term_string\"}}],\"inLanguage\":\"fr-FR\"},{\"@type\":\"Organization\",\"@id\":\"https:\\\/\\\/ks-cs.ch\\\/fr\\\/#organization\",\"name\":\"KS\\\/CS Kommunikation Schweiz\",\"url\":\"https:\\\/\\\/ks-cs.ch\\\/fr\\\/\",\"logo\":{\"@type\":\"ImageObject\",\"inLanguage\":\"fr-FR\",\"@id\":\"https:\\\/\\\/ks-cs.ch\\\/fr\\\/#\\\/schema\\\/logo\\\/image\\\/\",\"url\":\"https:\\\/\\\/ks-cs.ch\\\/wp-content\\\/uploads\\\/2022\\\/12\\\/Logo-Social-Media-1.jpg\",\"contentUrl\":\"https:\\\/\\\/ks-cs.ch\\\/wp-content\\\/uploads\\\/2022\\\/12\\\/Logo-Social-Media-1.jpg\",\"width\":709,\"height\":608,\"caption\":\"KS\\\/CS Kommunikation Schweiz\"},\"image\":{\"@id\":\"https:\\\/\\\/ks-cs.ch\\\/fr\\\/#\\\/schema\\\/logo\\\/image\\\/\"},\"sameAs\":[\"https:\\\/\\\/www.linkedin.com\\\/company\\\/kommunikation-schweiz-communication-suisse-comunicazione-svizzera-communication-switzerland\\\/\"]}]}<\/script>\n<!-- \/ Yoast SEO plugin. -->","yoast_head_json":{"title":"Et la lumi\u00e8re fut \u2013 les ann\u00e9es 1950 et 1960 - KS\/CS Communication Suisse","description":"Formation sp\u00e9cialis\u00e9e - la solution miracle pour une carri\u00e8re en communication. Le double parcours orient\u00e9 vers la pratique avec une base th\u00e9orique solide ouvre les portes \u00e0 un large spectre.","robots":{"index":"index","follow":"follow","max-snippet":"max-snippet:-1","max-image-preview":"max-image-preview:large","max-video-preview":"max-video-preview:-1"},"canonical":"https:\/\/ks-cs.ch\/fr\/actuel\/100-ans-ks-cs\/et-la-lumiere-fut-les-annees-1950-et-1960\/","og_locale":"fr_FR","og_type":"article","og_title":"Et la lumi\u00e8re fut \u2013 les ann\u00e9es 1950 et 1960 - KS\/CS Communication Suisse","og_description":"Formation sp\u00e9cialis\u00e9e - la solution miracle pour une carri\u00e8re en communication. Le double parcours orient\u00e9 vers la pratique avec une base th\u00e9orique solide ouvre les portes \u00e0 un large spectre.","og_url":"https:\/\/ks-cs.ch\/fr\/actuel\/100-ans-ks-cs\/et-la-lumiere-fut-les-annees-1950-et-1960\/","og_site_name":"KS\/CS Communication Suisse","article_modified_time":"2025-04-30T07:14:56+00:00","og_image":[{"width":724,"height":1052,"url":"https:\/\/ks-cs.ch\/wp-content\/uploads\/2025\/02\/2025_MV_2025_Geschichte_Kapitel_2_1950-1960-Bild-SRW-Inserate-erschliessen-den-Markt.png","type":"image\/png"}],"twitter_card":"summary_large_image","twitter_misc":{"Dur\u00e9e de lecture estim\u00e9e":"6 minutes"},"schema":{"@context":"https:\/\/schema.org","@graph":[{"@type":"WebPage","@id":"https:\/\/ks-cs.ch\/fr\/actuel\/100-ans-ks-cs\/et-la-lumiere-fut-les-annees-1950-et-1960\/","url":"https:\/\/ks-cs.ch\/fr\/actuel\/100-ans-ks-cs\/et-la-lumiere-fut-les-annees-1950-et-1960\/","name":"Et la lumi\u00e8re fut \u2013 les ann\u00e9es 1950 et 1960 - KS\/CS Communication Suisse","isPartOf":{"@id":"https:\/\/ks-cs.ch\/fr\/#website"},"primaryImageOfPage":{"@id":"https:\/\/ks-cs.ch\/fr\/actuel\/100-ans-ks-cs\/et-la-lumiere-fut-les-annees-1950-et-1960\/#primaryimage"},"image":{"@id":"https:\/\/ks-cs.ch\/fr\/actuel\/100-ans-ks-cs\/et-la-lumiere-fut-les-annees-1950-et-1960\/#primaryimage"},"thumbnailUrl":"https:\/\/ks-cs.ch\/wp-content\/uploads\/2025\/02\/2025_MV_2025_Geschichte_Kapitel_2_1950-1960-Bild-SRW-Inserate-erschliessen-den-Markt.png","datePublished":"2025-02-25T09:59:15+00:00","dateModified":"2025-04-30T07:14:56+00:00","description":"Formation sp\u00e9cialis\u00e9e - la solution miracle pour une carri\u00e8re en communication. Le double parcours orient\u00e9 vers la pratique avec une base th\u00e9orique solide ouvre les portes \u00e0 un large spectre.","breadcrumb":{"@id":"https:\/\/ks-cs.ch\/fr\/actuel\/100-ans-ks-cs\/et-la-lumiere-fut-les-annees-1950-et-1960\/#breadcrumb"},"inLanguage":"fr-FR","potentialAction":[{"@type":"ReadAction","target":["https:\/\/ks-cs.ch\/fr\/actuel\/100-ans-ks-cs\/et-la-lumiere-fut-les-annees-1950-et-1960\/"]}]},{"@type":"ImageObject","inLanguage":"fr-FR","@id":"https:\/\/ks-cs.ch\/fr\/actuel\/100-ans-ks-cs\/et-la-lumiere-fut-les-annees-1950-et-1960\/#primaryimage","url":"https:\/\/ks-cs.ch\/wp-content\/uploads\/2025\/02\/2025_MV_2025_Geschichte_Kapitel_2_1950-1960-Bild-SRW-Inserate-erschliessen-den-Markt.png","contentUrl":"https:\/\/ks-cs.ch\/wp-content\/uploads\/2025\/02\/2025_MV_2025_Geschichte_Kapitel_2_1950-1960-Bild-SRW-Inserate-erschliessen-den-Markt.png","width":724,"height":1052},{"@type":"BreadcrumbList","@id":"https:\/\/ks-cs.ch\/fr\/actuel\/100-ans-ks-cs\/et-la-lumiere-fut-les-annees-1950-et-1960\/#breadcrumb","itemListElement":[{"@type":"ListItem","position":1,"name":"Home","item":"https:\/\/ks-cs.ch\/fr\/"},{"@type":"ListItem","position":2,"name":"Actuel","item":"https:\/\/ks-cs.ch\/fr\/actuel\/"},{"@type":"ListItem","position":3,"name":"100 Ans KS\/CS","item":"https:\/\/ks-cs.ch\/fr\/actuel\/100-ans-ks-cs\/"},{"@type":"ListItem","position":4,"name":"Et la lumi\u00e8re fut \u2013 les ann\u00e9es 1950 et 1960"}]},{"@type":"WebSite","@id":"https:\/\/ks-cs.ch\/fr\/#website","url":"https:\/\/ks-cs.ch\/fr\/","name":"KS\/CS Kommunikation Schweiz","description":"Association des communications commerciales","publisher":{"@id":"https:\/\/ks-cs.ch\/fr\/#organization"},"potentialAction":[{"@type":"SearchAction","target":{"@type":"EntryPoint","urlTemplate":"https:\/\/ks-cs.ch\/fr\/?s={search_term_string}"},"query-input":{"@type":"PropertyValueSpecification","valueRequired":true,"valueName":"search_term_string"}}],"inLanguage":"fr-FR"},{"@type":"Organization","@id":"https:\/\/ks-cs.ch\/fr\/#organization","name":"KS\/CS Kommunikation Schweiz","url":"https:\/\/ks-cs.ch\/fr\/","logo":{"@type":"ImageObject","inLanguage":"fr-FR","@id":"https:\/\/ks-cs.ch\/fr\/#\/schema\/logo\/image\/","url":"https:\/\/ks-cs.ch\/wp-content\/uploads\/2022\/12\/Logo-Social-Media-1.jpg","contentUrl":"https:\/\/ks-cs.ch\/wp-content\/uploads\/2022\/12\/Logo-Social-Media-1.jpg","width":709,"height":608,"caption":"KS\/CS Kommunikation Schweiz"},"image":{"@id":"https:\/\/ks-cs.ch\/fr\/#\/schema\/logo\/image\/"},"sameAs":["https:\/\/www.linkedin.com\/company\/kommunikation-schweiz-communication-suisse-comunicazione-svizzera-communication-switzerland\/"]}]}},"publishpress_future_action":{"enabled":false,"date":"2026-04-29 11:02:39","action":"change-status","newStatus":"draft","terms":[],"taxonomy":"translation_priority","extraData":[]},"publishpress_future_workflow_manual_trigger":{"enabledWorkflows":[]},"_links":{"self":[{"href":"https:\/\/ks-cs.ch\/fr\/wp-json\/wp\/v2\/pages\/7067","targetHints":{"allow":["GET"]}}],"collection":[{"href":"https:\/\/ks-cs.ch\/fr\/wp-json\/wp\/v2\/pages"}],"about":[{"href":"https:\/\/ks-cs.ch\/fr\/wp-json\/wp\/v2\/types\/page"}],"author":[{"embeddable":true,"href":"https:\/\/ks-cs.ch\/fr\/wp-json\/wp\/v2\/users\/9"}],"replies":[{"embeddable":true,"href":"https:\/\/ks-cs.ch\/fr\/wp-json\/wp\/v2\/comments?post=7067"}],"version-history":[{"count":10,"href":"https:\/\/ks-cs.ch\/fr\/wp-json\/wp\/v2\/pages\/7067\/revisions"}],"predecessor-version":[{"id":7089,"href":"https:\/\/ks-cs.ch\/fr\/wp-json\/wp\/v2\/pages\/7067\/revisions\/7089"}],"up":[{"embeddable":true,"href":"https:\/\/ks-cs.ch\/fr\/wp-json\/wp\/v2\/pages\/6460"}],"wp:featuredmedia":[{"embeddable":true,"href":"https:\/\/ks-cs.ch\/fr\/wp-json\/wp\/v2\/media\/7060"}],"wp:attachment":[{"href":"https:\/\/ks-cs.ch\/fr\/wp-json\/wp\/v2\/media?parent=7067"}],"curies":[{"name":"wp","href":"https:\/\/api.w.org\/{rel}","templated":true}]}}