{"id":6498,"date":"2025-04-28T17:06:22","date_gmt":"2025-04-28T15:06:22","guid":{"rendered":"https:\/\/ks-cs.ch\/?page_id=6498"},"modified":"2025-04-30T17:12:41","modified_gmt":"2025-04-30T15:12:41","slug":"le-world-wide-web-a-la-conquete-du-monde-les-annees-1990-et-2000","status":"publish","type":"page","link":"https:\/\/ks-cs.ch\/fr\/actuel\/100-ans-ks-cs\/le-world-wide-web-a-la-conquete-du-monde-les-annees-1990-et-2000\/","title":{"rendered":"Le World Wide Web \u00e0 la conqu\u00eate du monde &#8211; les ann\u00e9es 1990 et 2000"},"content":{"rendered":"<div class=\"wpb-content-wrapper\"><p>[vc_row row_height_percent=\u00a0\u00bb0&Prime; override_padding=\u00a0\u00bbyes\u00a0\u00bb h_padding=\u00a0\u00bb2&Prime; top_padding=\u00a0\u00bb3&Prime; bottom_padding=\u00a0\u00bb2&Prime; overlay_alpha=\u00a0\u00bb50&Prime; gutter_size=\u00a0\u00bb3&Prime; column_width_percent=\u00a0\u00bb100&Prime; shift_y=\u00a0\u00bb0&Prime; z_index=\u00a0\u00bb0&Prime; uncode_shortcode_id=\u00a0\u00bb172934&Prime;][vc_column column_width_use_pixel=\u00a0\u00bbyes\u00a0\u00bb gutter_size=\u00a0\u00bb2&Prime; overlay_alpha=\u00a0\u00bb50&Prime; shift_x=\u00a0\u00bb0&Prime; shift_y=\u00a0\u00bb0&Prime; shift_y_down=\u00a0\u00bb0&Prime; z_index=\u00a0\u00bb0&Prime; medium_width=\u00a0\u00bb0&Prime; mobile_width=\u00a0\u00bb0&Prime; width=\u00a0\u00bb1\/1&Prime; uncode_shortcode_id=\u00a0\u00bb104419&Prime; column_width_pixel=\u00a0\u00bb840&Prime;][uncode_breadcrumbs separator=\u00a0\u00bbdash\u00a0\u00bb][vc_custom_heading heading_semantic=\u00a0\u00bbh1&Prime; text_size=\u00a0\u00bbh1&Prime; text_weight=\u00a0\u00bb600&Prime; uncode_shortcode_id=\u00a0\u00bb108547&Prime;]Le World Wide Web \u00e0 la conqu\u00eate du monde &#8211; les ann\u00e9es 1990 et 2000[\/vc_custom_heading][vc_column_text uncode_shortcode_id=\u00a0\u00bb199995&Prime;]Si, \u00e0 l&rsquo;\u00e9poque des ann\u00e9es 50, nous avions racont\u00e9 que le lancement de la t\u00e9l\u00e9vision suisse marquait le d\u00e9but d&rsquo;une nouvelle \u00e8re dans le monde des m\u00e9dias et de la publicit\u00e9, c&rsquo;est maintenant qu&rsquo;il faut l&rsquo;expliquer. Car \u00e0 partir des ann\u00e9es 1990, l&rsquo;utilisation commerciale du World Wide Web dans le monde des m\u00e9dias et de la communication a, simplement, tout chang\u00e9. La mondialisation de l&rsquo;\u00e9conomie, la communication, les m\u00e9dias, la publicit\u00e9, les r\u00e9glementations, la responsabilit\u00e9 sociale des entreprises, la protection des consommateurs, la protection des donn\u00e9es, les droits d&rsquo;utilisation et, et, et&#8230;[\/vc_column_text][\/vc_column][\/vc_row][vc_row][vc_column width=\u00a0\u00bb1\/1&Prime;][uncode_block id=\u00a0\u00bb277&Prime;][\/vc_column][\/vc_row][vc_row row_height_percent=\u00a0\u00bb0&Prime; override_padding=\u00a0\u00bbyes\u00a0\u00bb h_padding=\u00a0\u00bb2&Prime; top_padding=\u00a0\u00bb2&Prime; bottom_padding=\u00a0\u00bb3&Prime; overlay_alpha=\u00a0\u00bb50&Prime; gutter_size=\u00a0\u00bb3&Prime; column_width_percent=\u00a0\u00bb100&Prime; shift_y=\u00a0\u00bb0&Prime; z_index=\u00a0\u00bb0&Prime; uncode_shortcode_id=\u00a0\u00bb983892&Prime; row_name=\u00a0\u00bbkommunikationsfachleute\u00a0\u00bb][vc_column column_width_use_pixel=\u00a0\u00bbyes\u00a0\u00bb gutter_size=\u00a0\u00bb2&Prime; overlay_alpha=\u00a0\u00bb50&Prime; shift_x=\u00a0\u00bb0&Prime; shift_y=\u00a0\u00bb0&Prime; shift_y_down=\u00a0\u00bb0&Prime; z_index=\u00a0\u00bb0&Prime; medium_width=\u00a0\u00bb0&Prime; mobile_width=\u00a0\u00bb0&Prime; width=\u00a0\u00bb1\/1&Prime; uncode_shortcode_id=\u00a0\u00bb104419&Prime; column_width_pixel=\u00a0\u00bb840&Prime;][vc_empty_space empty_h=\u00a0\u00bb2&Prime;][vc_column_text uncode_shortcode_id=\u00a0\u00bb168477&Prime;]<em>Auteurs : Mike H\u00e4hlen \/ Ekaterina Petrova<\/em><\/p>\n<p>C&rsquo;est bien connu et les plus anciens parmi les lecteurs le savent par exp\u00e9rience : \u00e0 l&rsquo;origine, les pr\u00e9curseurs de l&rsquo;Internet actuel souhaitaient promouvoir la recherche militaire. Puis, l&rsquo;utilisation acad\u00e9mique dans les universit\u00e9s s&rsquo;y est greff\u00e9e. Dans les ann\u00e9es 90, il est devenu un m\u00e9dia de masse. Jusqu&rsquo;au milieu des ann\u00e9es 90, les consommateurs ordinaires utilisaient Internet principalement comme outil de communication, puis des entreprises innovantes ont lanc\u00e9 des applications commerciales avec les premi\u00e8res boutiques.<\/p>\n<p>Parall\u00e8lement, la diversit\u00e9 des offres radio et TV s&rsquo;est accrue en Suisse. Les radios locales s&rsquo;\u00e9taient parfaitement \u00e9tablies depuis 1983 ; dans les ann\u00e9es 1990, les stations de t\u00e9l\u00e9vision locales ainsi que les cha\u00eenes priv\u00e9es \u00e9trang\u00e8res ont assur\u00e9 une \u00e9norme diversit\u00e9 d&rsquo;\u00e9missions et de possibilit\u00e9s publicitaires.<\/p>\n<h4><strong>L&rsquo;\u00e9mancipation des consommateurs et consommatrices<\/strong><\/h4>\n<p>Le d\u00e9veloppement technologique a \u00e9galement permis de nouveaux comportements de consommation. Il a fait des consommateurs responsables des prosommateurs num\u00e9riques et puissants. Si les d\u00e9buts d&rsquo;Internet, avec la connexion par t\u00e9l\u00e9phone ou RNIS et le lancement d&rsquo;un navigateur, \u00e9taient particuli\u00e8rement p\u00e9nibles, le triomphe des m\u00e9dias sociaux et des smartphones \u00e0 partir de 2007 a permis l&rsquo;ubiquit\u00e9 des services et des offres. Les attentes individuelles qui en d\u00e9coulent doivent \u00eatre satisfaites &#8211; \u00e0 tout moment, partout, imm\u00e9diatement.<\/p>\n<figure id=\"attachment_7300\" aria-describedby=\"caption-attachment-7300\" style=\"width: 751px\" class=\"wp-caption alignnone\"><img decoding=\"async\" class=\"wp-image-7299\" src=\"https:\/\/ks-cs.ch\/wp-content\/uploads\/2025\/04\/myspace.png\" alt=\"\" width=\"751\" height=\"611\" srcset=\"https:\/\/ks-cs.ch\/wp-content\/uploads\/2025\/04\/myspace.png 1130w, https:\/\/ks-cs.ch\/wp-content\/uploads\/2025\/04\/myspace-300x244.png 300w, https:\/\/ks-cs.ch\/wp-content\/uploads\/2025\/04\/myspace-1024x833.png 1024w, https:\/\/ks-cs.ch\/wp-content\/uploads\/2025\/04\/myspace-768x625.png 768w, https:\/\/ks-cs.ch\/wp-content\/uploads\/2025\/04\/myspace-350x285.png 350w\" sizes=\"(max-width: 751px) 100vw, 751px\" \/><figcaption id=\"caption-attachment-7300\" class=\"wp-caption-text\">Une sexyness \u00e0 taille humaine : le site MySpace.com, r\u00e9volutionnaire \u00e0 l&rsquo;\u00e9poque<\/figcaption><\/figure>\n<p>Vous souvenez-vous des premiers forums de discussion, de MySpace et Friendster ou des premiers influenceurs ? D\u00e9j\u00e0 \u00e0 l&rsquo;\u00e9poque, les m\u00e9dias sociaux n&rsquo;\u00e9taient pas tr\u00e8s\u2026 sociaux. Cela n&rsquo;a pas beaucoup chang\u00e9 depuis. Mais il est rassurant de constater que l&rsquo;\u00eatre humain vit d&rsquo;exp\u00e9riences r\u00e9elles, d&rsquo;\u00e9motions \u00e0 fleur de peau et de rencontres personnelles. Plus le num\u00e9rique est important, plus la confiance dans les marques et les personnes l&rsquo;est aussi.<\/p>\n<p>&nbsp;<\/p>\n<h4><strong>\u00abContent is King !\u00bb<\/strong><\/h4>\n<p>Bill Gates l&rsquo;avait d\u00e9j\u00e0 reconnu et formul\u00e9 en 1997 &#8211; et pourtant, il a eu du mal \u00e0 orienter Microsoft vers des contenus \u00e9ditoriaux ou m\u00eame journalistiques. La tentative d&rsquo;acquisition de Yahoo en 2008 pour un montant euphorique de 46 milliards de dollars a montr\u00e9 ce que cela signifiait. US dollars en dit long.<\/p>\n<figure id=\"attachment_7297\" aria-describedby=\"caption-attachment-7297\" style=\"width: 753px\" class=\"wp-caption alignnone\"><img decoding=\"async\" class=\"wp-image-7296\" src=\"https:\/\/ks-cs.ch\/wp-content\/uploads\/2025\/04\/screenshot-yahoo.png\" alt=\"\" width=\"753\" height=\"444\" srcset=\"https:\/\/ks-cs.ch\/wp-content\/uploads\/2025\/04\/screenshot-yahoo.png 1430w, https:\/\/ks-cs.ch\/wp-content\/uploads\/2025\/04\/screenshot-yahoo-300x177.png 300w, https:\/\/ks-cs.ch\/wp-content\/uploads\/2025\/04\/screenshot-yahoo-1024x604.png 1024w, https:\/\/ks-cs.ch\/wp-content\/uploads\/2025\/04\/screenshot-yahoo-768x453.png 768w, https:\/\/ks-cs.ch\/wp-content\/uploads\/2025\/04\/screenshot-yahoo-350x206.png 350w\" sizes=\"(max-width: 753px) 100vw, 753px\" \/><figcaption id=\"caption-attachment-7297\" class=\"wp-caption-text\">Capture d&rsquo;\u00e9cran actuelle yahoo.com<br \/>Entr\u00e9 en bourse en 1996 avec 45 employ\u00e9s, a refus\u00e9 en 2008 une offre d&rsquo;achat de 45 milliards de dollars de Microsoft et est aujourd&rsquo;hui \u00e0 peine l&rsquo;ombre de lui-m\u00eame.<\/figcaption><\/figure>\n<p>L&rsquo;ADN d&rsquo;une entreprise technologique n&rsquo;est pas celui d&rsquo;une entreprise de m\u00e9dias. Il n&rsquo;est donc pas \u00e9tonnant que de nombreuses entreprises de m\u00e9dias existantes aient eu pendant longtemps \u00e9norm\u00e9ment de mal \u00e0 commercialiser des contenus num\u00e9riques ou \u00e0 d\u00e9velopper pour elles-m\u00eames un mod\u00e8le d&rsquo;entreprise adapt\u00e9 et individuel.<\/p>\n<p>&nbsp;<\/p>\n<figure style=\"width: 749px\" class=\"wp-caption alignnone\"><img decoding=\"async\" class=\"\" src=\"https:\/\/miro.medium.com\/v2\/resize:fit:1300\/1*_OALo10h5SSLzQl7-72Tgw.jpeg\" alt=\"\" width=\"749\" height=\"462\" \/><figcaption class=\"wp-caption-text\">Content is King\u00a0\u00bb, reconnaissait d\u00e9j\u00e0 Bill Gates en 1996. Et il a eu plus que du mal \u00e0 mettre en \u0153uvre cette constatation avec succ\u00e8s dans son groupe. <a href=\"https:\/\/medium.com\/@HeathEvans\/content-is-king-essay-by-bill-gates-1996-df74552f80d9\" target=\"_blank\" rel=\"noopener\">Source de l&rsquo;image.<\/a><\/figcaption><\/figure>\n<h4>De plus en plus dense : la jungle r\u00e9glementaire<\/h4>\n<p>Ce n&rsquo;est pas un hasard, mais une cons\u00e9quence de l&rsquo;\u00e9volution technologique et de la communication, si le besoin de r\u00e9glementation s&rsquo;est accru dans les ann\u00e9es 90 et les ann\u00e9es 2000 &#8211; et cela aussi bien en ce qui concerne les entreprises et les m\u00e9dias que la protection des consommateurs.<\/p>\n<p>En 1986, la loi contre la concurrence d\u00e9loyale est entr\u00e9e en vigueur, elle est toujours extr\u00eamement actuelle et s&rsquo;applique directement dans de nombreux domaines. En 1992, de nouveaux droits d&rsquo;auteur et la pr\u00e9c\u00e9dente loi sur la protection des donn\u00e9es sont entr\u00e9s en vigueur, et \u00e0 partir de 1995, la loi r\u00e9vis\u00e9e sur les cartels, ax\u00e9e sur la concurrence, a r\u00e9glement\u00e9 le comportement des entreprises. Toutes ces lois \u00e9taient encore ax\u00e9es sur le monde analogique, ce qui a \u00e9t\u00e9 corrig\u00e9 par exemple dans la loi sur la protection des donn\u00e9es 2024.<\/p>\n<p>&nbsp;<\/p>\n<h4>KS\/CS hier et aujourd&rsquo;hui<\/h4>\n<p>La r\u00e9glementation de la publicit\u00e9 en Suisse n&rsquo;a cess\u00e9 d&rsquo;\u00e9voluer au cours du si\u00e8cle dernier. De l&rsquo;accent mis au d\u00e9part sur l&rsquo;autor\u00e9gulation et les normes sectorielles aux mesures l\u00e9gales globales pour la protection des consommateurs et les m\u00e9dias num\u00e9riques, elle refl\u00e8te les changements technologiques, sociaux et \u00e9conomiques.<\/p>\n<p>KS\/CS a \u00e9volu\u00e9, mais les valeurs fondamentales sont rest\u00e9es les m\u00eames : Int\u00e9grit\u00e9, responsabilit\u00e9 et authenticit\u00e9. Le secteur est confront\u00e9 \u00e0 de nouveaux d\u00e9fis. KS\/CS s&rsquo;engage d&rsquo;une part pour une publicit\u00e9 plus loyale, d&rsquo;autre part l&rsquo;association fa\u00eeti\u00e8re insiste sur le fait que la libert\u00e9 \u00e9conomique doit \u00eatre pr\u00e9serv\u00e9e et que les biens de consommation disponibles l\u00e9galement peuvent \u00e9galement faire l&rsquo;objet d&rsquo;une publicit\u00e9. [\/vc_column_text][\/vc_column][\/vc_row][vc_row][vc_column width=\u00a0\u00bb1\/1&Prime;][\/vc_column][\/vc_row][vc_row][vc_column width=\u00a0\u00bb1\/1&Prime;][\/vc_column][\/vc_row]<\/p>\n<\/div>","protected":false},"excerpt":{"rendered":"<p>Si, \u00e0 l&rsquo;\u00e9poque des ann\u00e9es 50, nous avions racont\u00e9 que le lancement de la t\u00e9l\u00e9vision suisse marquait le d\u00e9but d&rsquo;une nouvelle \u00e8re dans le monde des m\u00e9dias et de la publicit\u00e9, c&rsquo;est maintenant qu&rsquo;il faut l&rsquo;expliquer. Car \u00e0 partir des ann\u00e9es 1990, l&rsquo;utilisation commerciale du World Wide Web dans le monde des m\u00e9dias et de la communication a, simplement, tout chang\u00e9. La mondialisation de l&rsquo;\u00e9conomie, la communication, les m\u00e9dias, la publicit\u00e9, les r\u00e9glementations, la responsabilit\u00e9 sociale des entreprises, la protection des consommateurs, la protection des donn\u00e9es, les droits d&rsquo;utilisation et, et, et&#8230;      <\/p>\n","protected":false},"author":6,"featured_media":7309,"parent":6460,"menu_order":5,"comment_status":"closed","ping_status":"closed","template":"","meta":{"content-type":"","footnotes":""},"class_list":["post-6498","page","type-page","status-publish","has-post-thumbnail","hentry","page_category-anniversaire"],"yoast_head":"<!-- This site is optimized with the Yoast SEO plugin v27.3 - https:\/\/yoast.com\/product\/yoast-seo-wordpress\/ -->\n<title>Le World Wide Web \u00e0 la conqu\u00eate du monde - les ann\u00e9es 1990 et 2000 - KS\/CS Communication Suisse<\/title>\n<meta name=\"description\" content=\"Si, \u00e0 l&#039;\u00e9poque des ann\u00e9es 50, nous avions racont\u00e9 que le lancement de la t\u00e9l\u00e9vision suisse marquait le d\u00e9but d&#039;une nouvelle \u00e8re dans le monde des m\u00e9dias et de la publicit\u00e9, c&#039;est maintenant qu&#039;il faut l&#039;expliquer.\" \/>\n<meta name=\"robots\" content=\"index, follow, max-snippet:-1, max-image-preview:large, max-video-preview:-1\" \/>\n<link rel=\"canonical\" href=\"https:\/\/ks-cs.ch\/fr\/actuel\/100-ans-ks-cs\/le-world-wide-web-a-la-conquete-du-monde-les-annees-1990-et-2000\/\" \/>\n<meta property=\"og:locale\" content=\"fr_FR\" \/>\n<meta property=\"og:type\" content=\"article\" \/>\n<meta property=\"og:title\" content=\"Le World Wide Web \u00e0 la conqu\u00eate du monde - les ann\u00e9es 1990 et 2000 - KS\/CS Communication Suisse\" \/>\n<meta property=\"og:description\" content=\"Si, \u00e0 l&#039;\u00e9poque des ann\u00e9es 50, nous avions racont\u00e9 que le lancement de la t\u00e9l\u00e9vision suisse marquait le d\u00e9but d&#039;une nouvelle \u00e8re dans le monde des m\u00e9dias et de la publicit\u00e9, c&#039;est maintenant qu&#039;il faut l&#039;expliquer.\" \/>\n<meta property=\"og:url\" content=\"https:\/\/ks-cs.ch\/fr\/actuel\/100-ans-ks-cs\/le-world-wide-web-a-la-conquete-du-monde-les-annees-1990-et-2000\/\" \/>\n<meta property=\"og:site_name\" content=\"KS\/CS Communication Suisse\" \/>\n<meta property=\"article:modified_time\" content=\"2025-04-30T15:12:41+00:00\" \/>\n<meta property=\"og:image\" content=\"https:\/\/ks-cs.ch\/wp-content\/uploads\/2025\/04\/Bill-Gates.webp\" \/>\n\t<meta property=\"og:image:width\" content=\"650\" \/>\n\t<meta property=\"og:image:height\" content=\"401\" \/>\n\t<meta property=\"og:image:type\" content=\"image\/webp\" \/>\n<meta name=\"twitter:card\" content=\"summary_large_image\" \/>\n<meta name=\"twitter:label1\" content=\"Dur\u00e9e de lecture estim\u00e9e\" \/>\n\t<meta name=\"twitter:data1\" content=\"6 minutes\" \/>\n<script type=\"application\/ld+json\" class=\"yoast-schema-graph\">{\"@context\":\"https:\\\/\\\/schema.org\",\"@graph\":[{\"@type\":\"WebPage\",\"@id\":\"https:\\\/\\\/ks-cs.ch\\\/fr\\\/actuel\\\/100-ans-ks-cs\\\/le-world-wide-web-a-la-conquete-du-monde-les-annees-1990-et-2000\\\/\",\"url\":\"https:\\\/\\\/ks-cs.ch\\\/fr\\\/actuel\\\/100-ans-ks-cs\\\/le-world-wide-web-a-la-conquete-du-monde-les-annees-1990-et-2000\\\/\",\"name\":\"Le World Wide Web \u00e0 la conqu\u00eate du monde - les ann\u00e9es 1990 et 2000 - KS\\\/CS Communication Suisse\",\"isPartOf\":{\"@id\":\"https:\\\/\\\/ks-cs.ch\\\/fr\\\/#website\"},\"primaryImageOfPage\":{\"@id\":\"https:\\\/\\\/ks-cs.ch\\\/fr\\\/actuel\\\/100-ans-ks-cs\\\/le-world-wide-web-a-la-conquete-du-monde-les-annees-1990-et-2000\\\/#primaryimage\"},\"image\":{\"@id\":\"https:\\\/\\\/ks-cs.ch\\\/fr\\\/actuel\\\/100-ans-ks-cs\\\/le-world-wide-web-a-la-conquete-du-monde-les-annees-1990-et-2000\\\/#primaryimage\"},\"thumbnailUrl\":\"https:\\\/\\\/ks-cs.ch\\\/wp-content\\\/uploads\\\/2025\\\/04\\\/Bill-Gates.webp\",\"datePublished\":\"2025-04-28T15:06:22+00:00\",\"dateModified\":\"2025-04-30T15:12:41+00:00\",\"description\":\"Si, \u00e0 l'\u00e9poque des ann\u00e9es 50, nous avions racont\u00e9 que le lancement de la t\u00e9l\u00e9vision suisse marquait le d\u00e9but d'une nouvelle \u00e8re dans le monde des m\u00e9dias et de la publicit\u00e9, c'est maintenant qu'il faut l'expliquer.\",\"breadcrumb\":{\"@id\":\"https:\\\/\\\/ks-cs.ch\\\/fr\\\/actuel\\\/100-ans-ks-cs\\\/le-world-wide-web-a-la-conquete-du-monde-les-annees-1990-et-2000\\\/#breadcrumb\"},\"inLanguage\":\"fr-FR\",\"potentialAction\":[{\"@type\":\"ReadAction\",\"target\":[\"https:\\\/\\\/ks-cs.ch\\\/fr\\\/actuel\\\/100-ans-ks-cs\\\/le-world-wide-web-a-la-conquete-du-monde-les-annees-1990-et-2000\\\/\"]}]},{\"@type\":\"ImageObject\",\"inLanguage\":\"fr-FR\",\"@id\":\"https:\\\/\\\/ks-cs.ch\\\/fr\\\/actuel\\\/100-ans-ks-cs\\\/le-world-wide-web-a-la-conquete-du-monde-les-annees-1990-et-2000\\\/#primaryimage\",\"url\":\"https:\\\/\\\/ks-cs.ch\\\/wp-content\\\/uploads\\\/2025\\\/04\\\/Bill-Gates.webp\",\"contentUrl\":\"https:\\\/\\\/ks-cs.ch\\\/wp-content\\\/uploads\\\/2025\\\/04\\\/Bill-Gates.webp\",\"width\":650,\"height\":401},{\"@type\":\"BreadcrumbList\",\"@id\":\"https:\\\/\\\/ks-cs.ch\\\/fr\\\/actuel\\\/100-ans-ks-cs\\\/le-world-wide-web-a-la-conquete-du-monde-les-annees-1990-et-2000\\\/#breadcrumb\",\"itemListElement\":[{\"@type\":\"ListItem\",\"position\":1,\"name\":\"Home\",\"item\":\"https:\\\/\\\/ks-cs.ch\\\/fr\\\/\"},{\"@type\":\"ListItem\",\"position\":2,\"name\":\"Actuel\",\"item\":\"https:\\\/\\\/ks-cs.ch\\\/fr\\\/actuel\\\/\"},{\"@type\":\"ListItem\",\"position\":3,\"name\":\"100 Ans KS\\\/CS\",\"item\":\"https:\\\/\\\/ks-cs.ch\\\/fr\\\/actuel\\\/100-ans-ks-cs\\\/\"},{\"@type\":\"ListItem\",\"position\":4,\"name\":\"Le World Wide Web \u00e0 la conqu\u00eate du monde &#8211; les ann\u00e9es 1990 et 2000\"}]},{\"@type\":\"WebSite\",\"@id\":\"https:\\\/\\\/ks-cs.ch\\\/fr\\\/#website\",\"url\":\"https:\\\/\\\/ks-cs.ch\\\/fr\\\/\",\"name\":\"KS\\\/CS Kommunikation Schweiz\",\"description\":\"Association des communications commerciales\",\"publisher\":{\"@id\":\"https:\\\/\\\/ks-cs.ch\\\/fr\\\/#organization\"},\"potentialAction\":[{\"@type\":\"SearchAction\",\"target\":{\"@type\":\"EntryPoint\",\"urlTemplate\":\"https:\\\/\\\/ks-cs.ch\\\/fr\\\/?s={search_term_string}\"},\"query-input\":{\"@type\":\"PropertyValueSpecification\",\"valueRequired\":true,\"valueName\":\"search_term_string\"}}],\"inLanguage\":\"fr-FR\"},{\"@type\":\"Organization\",\"@id\":\"https:\\\/\\\/ks-cs.ch\\\/fr\\\/#organization\",\"name\":\"KS\\\/CS Kommunikation Schweiz\",\"url\":\"https:\\\/\\\/ks-cs.ch\\\/fr\\\/\",\"logo\":{\"@type\":\"ImageObject\",\"inLanguage\":\"fr-FR\",\"@id\":\"https:\\\/\\\/ks-cs.ch\\\/fr\\\/#\\\/schema\\\/logo\\\/image\\\/\",\"url\":\"https:\\\/\\\/ks-cs.ch\\\/wp-content\\\/uploads\\\/2022\\\/12\\\/Logo-Social-Media-1.jpg\",\"contentUrl\":\"https:\\\/\\\/ks-cs.ch\\\/wp-content\\\/uploads\\\/2022\\\/12\\\/Logo-Social-Media-1.jpg\",\"width\":709,\"height\":608,\"caption\":\"KS\\\/CS Kommunikation Schweiz\"},\"image\":{\"@id\":\"https:\\\/\\\/ks-cs.ch\\\/fr\\\/#\\\/schema\\\/logo\\\/image\\\/\"},\"sameAs\":[\"https:\\\/\\\/www.linkedin.com\\\/company\\\/kommunikation-schweiz-communication-suisse-comunicazione-svizzera-communication-switzerland\\\/\"]}]}<\/script>\n<!-- \/ Yoast SEO plugin. -->","yoast_head_json":{"title":"Le World Wide Web \u00e0 la conqu\u00eate du monde - les ann\u00e9es 1990 et 2000 - KS\/CS Communication Suisse","description":"Si, \u00e0 l'\u00e9poque des ann\u00e9es 50, nous avions racont\u00e9 que le lancement de la t\u00e9l\u00e9vision suisse marquait le d\u00e9but d'une nouvelle \u00e8re dans le monde des m\u00e9dias et de la publicit\u00e9, c'est maintenant qu'il faut l'expliquer.","robots":{"index":"index","follow":"follow","max-snippet":"max-snippet:-1","max-image-preview":"max-image-preview:large","max-video-preview":"max-video-preview:-1"},"canonical":"https:\/\/ks-cs.ch\/fr\/actuel\/100-ans-ks-cs\/le-world-wide-web-a-la-conquete-du-monde-les-annees-1990-et-2000\/","og_locale":"fr_FR","og_type":"article","og_title":"Le World Wide Web \u00e0 la conqu\u00eate du monde - les ann\u00e9es 1990 et 2000 - KS\/CS Communication Suisse","og_description":"Si, \u00e0 l'\u00e9poque des ann\u00e9es 50, nous avions racont\u00e9 que le lancement de la t\u00e9l\u00e9vision suisse marquait le d\u00e9but d'une nouvelle \u00e8re dans le monde des m\u00e9dias et de la publicit\u00e9, c'est maintenant qu'il faut l'expliquer.","og_url":"https:\/\/ks-cs.ch\/fr\/actuel\/100-ans-ks-cs\/le-world-wide-web-a-la-conquete-du-monde-les-annees-1990-et-2000\/","og_site_name":"KS\/CS Communication Suisse","article_modified_time":"2025-04-30T15:12:41+00:00","og_image":[{"width":650,"height":401,"url":"https:\/\/ks-cs.ch\/wp-content\/uploads\/2025\/04\/Bill-Gates.webp","type":"image\/webp"}],"twitter_card":"summary_large_image","twitter_misc":{"Dur\u00e9e de lecture estim\u00e9e":"6 minutes"},"schema":{"@context":"https:\/\/schema.org","@graph":[{"@type":"WebPage","@id":"https:\/\/ks-cs.ch\/fr\/actuel\/100-ans-ks-cs\/le-world-wide-web-a-la-conquete-du-monde-les-annees-1990-et-2000\/","url":"https:\/\/ks-cs.ch\/fr\/actuel\/100-ans-ks-cs\/le-world-wide-web-a-la-conquete-du-monde-les-annees-1990-et-2000\/","name":"Le World Wide Web \u00e0 la conqu\u00eate du monde - les ann\u00e9es 1990 et 2000 - KS\/CS Communication Suisse","isPartOf":{"@id":"https:\/\/ks-cs.ch\/fr\/#website"},"primaryImageOfPage":{"@id":"https:\/\/ks-cs.ch\/fr\/actuel\/100-ans-ks-cs\/le-world-wide-web-a-la-conquete-du-monde-les-annees-1990-et-2000\/#primaryimage"},"image":{"@id":"https:\/\/ks-cs.ch\/fr\/actuel\/100-ans-ks-cs\/le-world-wide-web-a-la-conquete-du-monde-les-annees-1990-et-2000\/#primaryimage"},"thumbnailUrl":"https:\/\/ks-cs.ch\/wp-content\/uploads\/2025\/04\/Bill-Gates.webp","datePublished":"2025-04-28T15:06:22+00:00","dateModified":"2025-04-30T15:12:41+00:00","description":"Si, \u00e0 l'\u00e9poque des ann\u00e9es 50, nous avions racont\u00e9 que le lancement de la t\u00e9l\u00e9vision suisse marquait le d\u00e9but d'une nouvelle \u00e8re dans le monde des m\u00e9dias et de la publicit\u00e9, c'est maintenant qu'il faut l'expliquer.","breadcrumb":{"@id":"https:\/\/ks-cs.ch\/fr\/actuel\/100-ans-ks-cs\/le-world-wide-web-a-la-conquete-du-monde-les-annees-1990-et-2000\/#breadcrumb"},"inLanguage":"fr-FR","potentialAction":[{"@type":"ReadAction","target":["https:\/\/ks-cs.ch\/fr\/actuel\/100-ans-ks-cs\/le-world-wide-web-a-la-conquete-du-monde-les-annees-1990-et-2000\/"]}]},{"@type":"ImageObject","inLanguage":"fr-FR","@id":"https:\/\/ks-cs.ch\/fr\/actuel\/100-ans-ks-cs\/le-world-wide-web-a-la-conquete-du-monde-les-annees-1990-et-2000\/#primaryimage","url":"https:\/\/ks-cs.ch\/wp-content\/uploads\/2025\/04\/Bill-Gates.webp","contentUrl":"https:\/\/ks-cs.ch\/wp-content\/uploads\/2025\/04\/Bill-Gates.webp","width":650,"height":401},{"@type":"BreadcrumbList","@id":"https:\/\/ks-cs.ch\/fr\/actuel\/100-ans-ks-cs\/le-world-wide-web-a-la-conquete-du-monde-les-annees-1990-et-2000\/#breadcrumb","itemListElement":[{"@type":"ListItem","position":1,"name":"Home","item":"https:\/\/ks-cs.ch\/fr\/"},{"@type":"ListItem","position":2,"name":"Actuel","item":"https:\/\/ks-cs.ch\/fr\/actuel\/"},{"@type":"ListItem","position":3,"name":"100 Ans KS\/CS","item":"https:\/\/ks-cs.ch\/fr\/actuel\/100-ans-ks-cs\/"},{"@type":"ListItem","position":4,"name":"Le World Wide Web \u00e0 la conqu\u00eate du monde &#8211; les ann\u00e9es 1990 et 2000"}]},{"@type":"WebSite","@id":"https:\/\/ks-cs.ch\/fr\/#website","url":"https:\/\/ks-cs.ch\/fr\/","name":"KS\/CS Kommunikation Schweiz","description":"Association des communications commerciales","publisher":{"@id":"https:\/\/ks-cs.ch\/fr\/#organization"},"potentialAction":[{"@type":"SearchAction","target":{"@type":"EntryPoint","urlTemplate":"https:\/\/ks-cs.ch\/fr\/?s={search_term_string}"},"query-input":{"@type":"PropertyValueSpecification","valueRequired":true,"valueName":"search_term_string"}}],"inLanguage":"fr-FR"},{"@type":"Organization","@id":"https:\/\/ks-cs.ch\/fr\/#organization","name":"KS\/CS Kommunikation Schweiz","url":"https:\/\/ks-cs.ch\/fr\/","logo":{"@type":"ImageObject","inLanguage":"fr-FR","@id":"https:\/\/ks-cs.ch\/fr\/#\/schema\/logo\/image\/","url":"https:\/\/ks-cs.ch\/wp-content\/uploads\/2022\/12\/Logo-Social-Media-1.jpg","contentUrl":"https:\/\/ks-cs.ch\/wp-content\/uploads\/2022\/12\/Logo-Social-Media-1.jpg","width":709,"height":608,"caption":"KS\/CS Kommunikation Schweiz"},"image":{"@id":"https:\/\/ks-cs.ch\/fr\/#\/schema\/logo\/image\/"},"sameAs":["https:\/\/www.linkedin.com\/company\/kommunikation-schweiz-communication-suisse-comunicazione-svizzera-communication-switzerland\/"]}]}},"publishpress_future_action":{"enabled":false,"date":"2026-04-12 22:20:43","action":"change-status","newStatus":"draft","terms":[],"taxonomy":"translation_priority","extraData":[]},"publishpress_future_workflow_manual_trigger":{"enabledWorkflows":[]},"_links":{"self":[{"href":"https:\/\/ks-cs.ch\/fr\/wp-json\/wp\/v2\/pages\/6498","targetHints":{"allow":["GET"]}}],"collection":[{"href":"https:\/\/ks-cs.ch\/fr\/wp-json\/wp\/v2\/pages"}],"about":[{"href":"https:\/\/ks-cs.ch\/fr\/wp-json\/wp\/v2\/types\/page"}],"author":[{"embeddable":true,"href":"https:\/\/ks-cs.ch\/fr\/wp-json\/wp\/v2\/users\/6"}],"replies":[{"embeddable":true,"href":"https:\/\/ks-cs.ch\/fr\/wp-json\/wp\/v2\/comments?post=6498"}],"version-history":[{"count":5,"href":"https:\/\/ks-cs.ch\/fr\/wp-json\/wp\/v2\/pages\/6498\/revisions"}],"predecessor-version":[{"id":7350,"href":"https:\/\/ks-cs.ch\/fr\/wp-json\/wp\/v2\/pages\/6498\/revisions\/7350"}],"up":[{"embeddable":true,"href":"https:\/\/ks-cs.ch\/fr\/wp-json\/wp\/v2\/pages\/6460"}],"wp:featuredmedia":[{"embeddable":true,"href":"https:\/\/ks-cs.ch\/fr\/wp-json\/wp\/v2\/media\/7309"}],"wp:attachment":[{"href":"https:\/\/ks-cs.ch\/fr\/wp-json\/wp\/v2\/media?parent=6498"}],"curies":[{"name":"wp","href":"https:\/\/api.w.org\/{rel}","templated":true}]}}