{"id":6488,"date":"2024-12-18T14:10:11","date_gmt":"2024-12-18T13:10:11","guid":{"rendered":"https:\/\/ks-cs.ch\/?page_id=6488"},"modified":"2025-04-30T16:59:19","modified_gmt":"2025-04-30T14:59:19","slug":"des-origines-dans-les-annees-folles-a-la-norme-dans-les-annees-1940","status":"publish","type":"page","link":"https:\/\/ks-cs.ch\/fr\/actuel\/100-ans-ks-cs\/des-origines-dans-les-annees-folles-a-la-norme-dans-les-annees-1940\/","title":{"rendered":"Des origines dans les \u00ab\u00a0ann\u00e9es folles\u00a0\u00bb \u00e0 la norme dans les ann\u00e9es 1940"},"content":{"rendered":"<div class=\"wpb-content-wrapper\"><p>[vc_row row_height_percent=\u00a0\u00bb0&Prime; override_padding=\u00a0\u00bbyes\u00a0\u00bb h_padding=\u00a0\u00bb2&Prime; top_padding=\u00a0\u00bb3&Prime; bottom_padding=\u00a0\u00bb2&Prime; overlay_alpha=\u00a0\u00bb50&Prime; gutter_size=\u00a0\u00bb3&Prime; column_width_percent=\u00a0\u00bb100&Prime; shift_y=\u00a0\u00bb0&Prime; z_index=\u00a0\u00bb0&Prime; uncode_shortcode_id=\u00a0\u00bb172934&Prime;][vc_column column_width_use_pixel=\u00a0\u00bbyes\u00a0\u00bb gutter_size=\u00a0\u00bb2&Prime; overlay_alpha=\u00a0\u00bb50&Prime; shift_x=\u00a0\u00bb0&Prime; shift_y=\u00a0\u00bb0&Prime; shift_y_down=\u00a0\u00bb0&Prime; z_index=\u00a0\u00bb0&Prime; medium_width=\u00a0\u00bb0&Prime; mobile_width=\u00a0\u00bb0&Prime; width=\u00a0\u00bb1\/1&Prime; uncode_shortcode_id=\u00a0\u00bb104419&Prime; column_width_pixel=\u00a0\u00bb840&Prime;][uncode_breadcrumbs separator=\u00a0\u00bbdash\u00a0\u00bb][vc_custom_heading heading_semantic=\u00a0\u00bbh1&Prime; text_size=\u00a0\u00bbh1&Prime; text_weight=\u00a0\u00bb600&Prime; uncode_shortcode_id=\u00a0\u00bb174256&Prime;]<strong>Des origines dans les \u00ab\u00a0ann\u00e9es folles\u00a0\u00bb \u00e0 la norme dans les ann\u00e9es 1940<\/strong>[\/vc_custom_heading][vc_column_text uncode_shortcode_id=\u00a0\u00bb118761&Prime;]En 1925, ann\u00e9e de fondation de KS\/CS Communication Suisse, l&rsquo;industrie publicitaire suisse \u00e9tait en phase de croissance dynamique, fortement influenc\u00e9e par le boom \u00e9conomique des \u00ab\u00a0ann\u00e9es folles\u00a0\u00bb. KS\/CS a \u00e9t\u00e9 fond\u00e9e sous le nom d&rsquo;Association Suisse de la Publicit\u00e9 pour renforcer la cr\u00e9dibilit\u00e9 de la publicit\u00e9 et cr\u00e9er des normes de qualit\u00e9 uniformes. Des normes qui ont aid\u00e9 la jeune industrie \u00e0 surmonter les ann\u00e9es difficiles de la guerre, o\u00f9 les valeurs patriotiques jouaient un r\u00f4le important.<\/p>\n<p>.[\/vc_column_text][\/vc_column][\/vc_row][vc_row][vc_column width=\u00a0\u00bb1\/1&Prime;][uncode_block id=\u00a0\u00bb277&Prime;][\/vc_column][\/vc_row][vc_row row_height_percent=\u00a0\u00bb0&Prime; override_padding=\u00a0\u00bbyes\u00a0\u00bb h_padding=\u00a0\u00bb2&Prime; top_padding=\u00a0\u00bb2&Prime; bottom_padding=\u00a0\u00bb3&Prime; overlay_alpha=\u00a0\u00bb50&Prime; gutter_size=\u00a0\u00bb3&Prime; column_width_percent=\u00a0\u00bb100&Prime; shift_y=\u00a0\u00bb0&Prime; z_index=\u00a0\u00bb0&Prime; uncode_shortcode_id=\u00a0\u00bb983892&Prime; row_name=\u00a0\u00bbkommunikationsfachleute\u00a0\u00bb][vc_column column_width_use_pixel=\u00a0\u00bbyes\u00a0\u00bb gutter_size=\u00a0\u00bb2&Prime; overlay_alpha=\u00a0\u00bb50&Prime; shift_x=\u00a0\u00bb0&Prime; shift_y=\u00a0\u00bb0&Prime; shift_y_down=\u00a0\u00bb0&Prime; z_index=\u00a0\u00bb0&Prime; medium_width=\u00a0\u00bb0&Prime; mobile_width=\u00a0\u00bb0&Prime; width=\u00a0\u00bb1\/1&Prime; uncode_shortcode_id=\u00a0\u00bb104419&Prime; column_width_pixel=\u00a0\u00bb840&Prime;][vc_empty_space empty_h=\u00a0\u00bb2&Prime;][vc_column_text uncode_shortcode_id=\u00a0\u00bb296799&Prime;]Apr\u00e8s la Premi\u00e8re Guerre mondiale, l&rsquo;\u00e9conomie suisse a connu une reprise significative. Les entreprises cherchaient \u00e0 renforcer leur identit\u00e9 de marque. Les ann\u00e9es 1920 ont \u00e9t\u00e9 une p\u00e9riode florissante pour la graphisme suisse, en particulier dans la publicit\u00e9 touristique. Les affiches culturelles et touristiques de style Art D\u00e9co, avec des lignes claires et \u00e9l\u00e9gantes et des formes sym\u00e9triques, pr\u00e9sentaient l&rsquo;unicit\u00e9 de la Suisse et renfor\u00e7aient la r\u00e9putation du pays en tant que destination exclusive. Ces affiches ont jet\u00e9 les bases du c\u00e9l\u00e8bre \u00ab\u00a0Swiss style\u00a0\u00bb, qui a obtenu une reconnaissance mondiale dans les d\u00e9cennies suivantes et repr\u00e9sentait la qualit\u00e9 et la pr\u00e9cision. Cependant, la publicit\u00e9 n&rsquo;\u00e9tait pas sans controverse. On lui attribuait un pouvoir absolu et la manipulation d\u00e9loyale des consommateurs. Cela a conduit \u00e0 la n\u00e9cessit\u00e9 pour l&rsquo;industrie d&rsquo;introduire des normes auto-impos\u00e9es. En 1925, l&rsquo;Association Suisse de la Publicit\u00e9 a \u00e9t\u00e9 fond\u00e9e \u00e0 cette fin.<\/p>\n<p><strong>La radio comme nouveau m\u00e9dia<\/strong><\/p>\n<p>Au cours des m\u00eames ann\u00e9es, la radio gagnait en importance en tant que nouveau m\u00e9dia de masse. En 1922, la premi\u00e8re station de radio a \u00e9t\u00e9 fond\u00e9e en Suisse et, au milieu des ann\u00e9es 1920, l&rsquo;industrie publicitaire a reconnu le potentiel de ce m\u00e9dia. Jusqu&rsquo;alors, la publicit\u00e9 imprim\u00e9e dominait. La radio permettait un contact direct et \u00e9motionnel avec les auditeurs. Elle s&rsquo;est r\u00e9v\u00e9l\u00e9e non seulement un moyen d&rsquo;information, mais aussi une voix de coh\u00e9sion dans les p\u00e9riodes \u00e9conomiquement incertaines des ann\u00e9es 1930 et de la Seconde Guerre mondiale. L&rsquo;Association Suisse de la Publicit\u00e9 a jou\u00e9 un r\u00f4le important dans la cr\u00e9ation d&rsquo;un cadre \u00e9thique pour cette nouvelle forme de communication. La responsabilit\u00e9 de transmettre des contenus de mani\u00e8re morale et honn\u00eate a \u00e9t\u00e9 vue comme une opportunit\u00e9 de promouvoir des valeurs positives. Cependant, la v\u00e9ritable publicit\u00e9 pour les radios priv\u00e9es n&rsquo;a \u00e9t\u00e9 autoris\u00e9e qu&rsquo;en 1983, tandis que la SSR ne peut diffuser que des parrainages \u00e0 la radio jusqu&rsquo;\u00e0 ce jour.<\/p>\n<p><strong>Responsabilit\u00e9 sociale, autor\u00e9gulation et normes de qualit\u00e9<\/strong><\/p>\n<p>La crise \u00e9conomique mondiale des ann\u00e9es 1930 a \u00e9galement eu des effets profonds sur le march\u00e9 du travail et la structure sociale. La prise de conscience que les entreprises et les annonceurs avaient \u00e9galement une responsabilit\u00e9 sociale s&rsquo;est d\u00e9velopp\u00e9e. La publicit\u00e9 ne devait pas seulement inciter \u00e0 la consommation, mais \u00eatre bas\u00e9e sur la v\u00e9rit\u00e9 et contribuer \u00e0 la coh\u00e9sion sociale. L\u2019association a ainsi promu la \u00ab\u00a0v\u00e9rit\u00e9 dans la publicit\u00e9\u00a0\u00bb, ce qui n&rsquo;\u00e9tait en aucun cas une r\u00e9action \u00e0 la pression de l&rsquo;\u00c9tat. Au contraire, l&rsquo;industrie cherchait \u00e0 obtenir une image professionnelle. Il \u00e9tait essentiel de souligner le professionnalisme croissant de l&rsquo;industrie, en se distanciant des d\u00e9buts de la publicit\u00e9, autrefois couronn\u00e9s de succ\u00e8s mais d\u00e9sormais consid\u00e9r\u00e9s comme discutables. Les acteurs voyaient ce changement comme un progr\u00e8s n\u00e9cessaire, parall\u00e8le aux d\u00e9veloppements dans les disciplines scientifiques, et qui marquait le d\u00e9but de l&rsquo;autor\u00e9gulation.<\/p>\n<p>Le d\u00e9clenchement de la Seconde Guerre mondiale a \u00e9galement chang\u00e9 le climat politique, social et \u00e9conomique. Pendant l&rsquo;\u00e9conomie de guerre, les denr\u00e9es alimentaires de base et les biens tels que les chaussures, les v\u00eatements et les combustibles \u00e9taient rationn\u00e9s. Le gouvernement suisse a commenc\u00e9 \u00e0 intervenir davantage dans l&rsquo;industrie publicitaire. En 1943, une loi interdisant la publicit\u00e9 trompeuse a \u00e9t\u00e9 adopt\u00e9e. L&rsquo;Association Suisse de la Publicit\u00e9 a jou\u00e9 un r\u00f4le central comme m\u00e9diateur et gardien de ces principes et a \u00e9tabli des normes pour la transparence et la repr\u00e9sentation correcte des produits annonc\u00e9s.<\/p>\n<p><strong>Hier comme aujourd&rsquo;hui<\/strong><\/p>\n<p>L&rsquo;accent initial sur la \u00ab\u00a0v\u00e9rit\u00e9 dans la publicit\u00e9\u00a0\u00bb est aujourd&rsquo;hui toujours d\u2019actualit\u00e9 ! Le r\u00f4le de KS\/CS a \u00e9volu\u00e9 au fil des d\u00e9cennies, mais les valeurs fondamentales sont rest\u00e9es : int\u00e9grit\u00e9, responsabilit\u00e9 et authenticit\u00e9. Dans un monde de plus en plus num\u00e9rique, avec une concurrence mondiale et des voix fortes sur la r\u00e9gulation des contenus publicitaires et des canaux publicitaires, l&rsquo;industrie fait face \u00e0 de nouveaux d\u00e9fis. Les questions de durabilit\u00e9, de concurrence d\u00e9loyale, de protection de la vie priv\u00e9e et des donn\u00e9es personnelles et des effets de la publicit\u00e9 sur la soci\u00e9t\u00e9 sont aujourd&rsquo;hui plus pertinentes que jamais. KS\/CS s&rsquo;engage d&rsquo;une part pour une publicit\u00e9 loyale. D&rsquo;autre part, elle insiste sur le principe que la libert\u00e9 \u00e9conomique doit \u00eatre pr\u00e9serv\u00e9e et que les biens de consommation l\u00e9galement disponibles peuvent \u00e9galement \u00eatre annonc\u00e9s<span style=\"font-family: -apple-system, BlinkMacSystemFont, 'Segoe UI', Roboto, Oxygen-Sans, Ubuntu, Cantarell, 'Helvetica Neue', sans-serif;\">.[\/vc_column_text][\/vc_column][\/vc_row][vc_row][vc_column width=\u00a0\u00bb1\/1&Prime;][\/vc_column][\/vc_row][vc_row][vc_column width=\u00a0\u00bb1\/1&Prime;][\/vc_column][\/vc_row]<\/span><\/p>\n<\/div>","protected":false},"excerpt":{"rendered":"<p>En 1925, ann\u00e9e de fondation de KS\/CS Communication Suisse, l&rsquo;industrie publicitaire suisse \u00e9tait en phase de croissance dynamique, fortement influenc\u00e9e par le boom \u00e9conomique des \u00ab\u00a0ann\u00e9es folles\u00a0\u00bb. KS\/CS a \u00e9t\u00e9 fond\u00e9e sous le nom d&rsquo;Association Suisse de la Publicit\u00e9 pour renforcer la cr\u00e9dibilit\u00e9 de la publicit\u00e9 et cr\u00e9er des normes de qualit\u00e9 uniformes. Des normes qui ont aid\u00e9 la jeune industrie \u00e0 surmonter les ann\u00e9es difficiles de la guerre, o\u00f9 les valeurs patriotiques jouaient un r\u00f4le important. <\/p>\n","protected":false},"author":6,"featured_media":6619,"parent":6460,"menu_order":2,"comment_status":"closed","ping_status":"closed","template":"","meta":{"content-type":"","footnotes":""},"class_list":["post-6488","page","type-page","status-publish","has-post-thumbnail","hentry","page_category-anniversaire"],"yoast_head":"<!-- This site is optimized with the Yoast SEO plugin v27.3 - https:\/\/yoast.com\/product\/yoast-seo-wordpress\/ -->\n<title>Des origines dans les &quot;ann\u00e9es folles&quot; \u00e0 la norme dans les ann\u00e9es 1940 - KS\/CS Communication Suisse<\/title>\n<meta name=\"description\" content=\"En 1925, ann\u00e9e de fondation de KS\/CS Communication Suisse, l&#039;industrie publicitaire suisse \u00e9tait en phase de croissance dynamique, fortement influenc\u00e9e par le boom \u00e9conomique des &quot;ann\u00e9es folles&quot;.\" \/>\n<meta name=\"robots\" content=\"index, follow, max-snippet:-1, max-image-preview:large, max-video-preview:-1\" \/>\n<link rel=\"canonical\" href=\"https:\/\/ks-cs.ch\/fr\/actuel\/100-ans-ks-cs\/des-origines-dans-les-annees-folles-a-la-norme-dans-les-annees-1940\/\" \/>\n<meta property=\"og:locale\" content=\"fr_FR\" \/>\n<meta property=\"og:type\" content=\"article\" \/>\n<meta property=\"og:title\" content=\"Des origines dans les &quot;ann\u00e9es folles&quot; \u00e0 la norme dans les ann\u00e9es 1940 - KS\/CS Communication Suisse\" \/>\n<meta property=\"og:description\" content=\"En 1925, ann\u00e9e de fondation de KS\/CS Communication Suisse, l&#039;industrie publicitaire suisse \u00e9tait en phase de croissance dynamique, fortement influenc\u00e9e par le boom \u00e9conomique des &quot;ann\u00e9es folles&quot;.\" \/>\n<meta property=\"og:url\" content=\"https:\/\/ks-cs.ch\/fr\/actuel\/100-ans-ks-cs\/des-origines-dans-les-annees-folles-a-la-norme-dans-les-annees-1940\/\" \/>\n<meta property=\"og:site_name\" content=\"KS\/CS Communication Suisse\" \/>\n<meta property=\"article:modified_time\" content=\"2025-04-30T14:59:19+00:00\" \/>\n<meta property=\"og:image\" content=\"https:\/\/ks-cs.ch\/wp-content\/uploads\/2024\/11\/100_Jahre_KS_CS_Auszug_Gruendungsprotokoll.png\" \/>\n\t<meta property=\"og:image:width\" content=\"1236\" \/>\n\t<meta property=\"og:image:height\" content=\"1184\" \/>\n\t<meta property=\"og:image:type\" content=\"image\/png\" \/>\n<meta name=\"twitter:card\" content=\"summary_large_image\" \/>\n<meta name=\"twitter:label1\" content=\"Dur\u00e9e de lecture estim\u00e9e\" \/>\n\t<meta name=\"twitter:data1\" content=\"5 minutes\" \/>\n<script type=\"application\/ld+json\" class=\"yoast-schema-graph\">{\"@context\":\"https:\\\/\\\/schema.org\",\"@graph\":[{\"@type\":\"WebPage\",\"@id\":\"https:\\\/\\\/ks-cs.ch\\\/fr\\\/actuel\\\/100-ans-ks-cs\\\/des-origines-dans-les-annees-folles-a-la-norme-dans-les-annees-1940\\\/\",\"url\":\"https:\\\/\\\/ks-cs.ch\\\/fr\\\/actuel\\\/100-ans-ks-cs\\\/des-origines-dans-les-annees-folles-a-la-norme-dans-les-annees-1940\\\/\",\"name\":\"Des origines dans les \\\"ann\u00e9es folles\\\" \u00e0 la norme dans les ann\u00e9es 1940 - KS\\\/CS Communication Suisse\",\"isPartOf\":{\"@id\":\"https:\\\/\\\/ks-cs.ch\\\/fr\\\/#website\"},\"primaryImageOfPage\":{\"@id\":\"https:\\\/\\\/ks-cs.ch\\\/fr\\\/actuel\\\/100-ans-ks-cs\\\/des-origines-dans-les-annees-folles-a-la-norme-dans-les-annees-1940\\\/#primaryimage\"},\"image\":{\"@id\":\"https:\\\/\\\/ks-cs.ch\\\/fr\\\/actuel\\\/100-ans-ks-cs\\\/des-origines-dans-les-annees-folles-a-la-norme-dans-les-annees-1940\\\/#primaryimage\"},\"thumbnailUrl\":\"https:\\\/\\\/ks-cs.ch\\\/wp-content\\\/uploads\\\/2024\\\/11\\\/100_Jahre_KS_CS_Auszug_Gruendungsprotokoll.png\",\"datePublished\":\"2024-12-18T13:10:11+00:00\",\"dateModified\":\"2025-04-30T14:59:19+00:00\",\"description\":\"En 1925, ann\u00e9e de fondation de KS\\\/CS Communication Suisse, l'industrie publicitaire suisse \u00e9tait en phase de croissance dynamique, fortement influenc\u00e9e par le boom \u00e9conomique des \\\"ann\u00e9es folles\\\".\",\"breadcrumb\":{\"@id\":\"https:\\\/\\\/ks-cs.ch\\\/fr\\\/actuel\\\/100-ans-ks-cs\\\/des-origines-dans-les-annees-folles-a-la-norme-dans-les-annees-1940\\\/#breadcrumb\"},\"inLanguage\":\"fr-FR\",\"potentialAction\":[{\"@type\":\"ReadAction\",\"target\":[\"https:\\\/\\\/ks-cs.ch\\\/fr\\\/actuel\\\/100-ans-ks-cs\\\/des-origines-dans-les-annees-folles-a-la-norme-dans-les-annees-1940\\\/\"]}]},{\"@type\":\"ImageObject\",\"inLanguage\":\"fr-FR\",\"@id\":\"https:\\\/\\\/ks-cs.ch\\\/fr\\\/actuel\\\/100-ans-ks-cs\\\/des-origines-dans-les-annees-folles-a-la-norme-dans-les-annees-1940\\\/#primaryimage\",\"url\":\"https:\\\/\\\/ks-cs.ch\\\/wp-content\\\/uploads\\\/2024\\\/11\\\/100_Jahre_KS_CS_Auszug_Gruendungsprotokoll.png\",\"contentUrl\":\"https:\\\/\\\/ks-cs.ch\\\/wp-content\\\/uploads\\\/2024\\\/11\\\/100_Jahre_KS_CS_Auszug_Gruendungsprotokoll.png\",\"width\":1236,\"height\":1184},{\"@type\":\"BreadcrumbList\",\"@id\":\"https:\\\/\\\/ks-cs.ch\\\/fr\\\/actuel\\\/100-ans-ks-cs\\\/des-origines-dans-les-annees-folles-a-la-norme-dans-les-annees-1940\\\/#breadcrumb\",\"itemListElement\":[{\"@type\":\"ListItem\",\"position\":1,\"name\":\"Home\",\"item\":\"https:\\\/\\\/ks-cs.ch\\\/fr\\\/\"},{\"@type\":\"ListItem\",\"position\":2,\"name\":\"Actuel\",\"item\":\"https:\\\/\\\/ks-cs.ch\\\/fr\\\/actuel\\\/\"},{\"@type\":\"ListItem\",\"position\":3,\"name\":\"100 Ans KS\\\/CS\",\"item\":\"https:\\\/\\\/ks-cs.ch\\\/fr\\\/actuel\\\/100-ans-ks-cs\\\/\"},{\"@type\":\"ListItem\",\"position\":4,\"name\":\"Des origines dans les &#8222;ann\u00e9es folles&#8220; \u00e0 la norme dans les ann\u00e9es 1940\"}]},{\"@type\":\"WebSite\",\"@id\":\"https:\\\/\\\/ks-cs.ch\\\/fr\\\/#website\",\"url\":\"https:\\\/\\\/ks-cs.ch\\\/fr\\\/\",\"name\":\"KS\\\/CS Kommunikation Schweiz\",\"description\":\"Association des communications commerciales\",\"publisher\":{\"@id\":\"https:\\\/\\\/ks-cs.ch\\\/fr\\\/#organization\"},\"potentialAction\":[{\"@type\":\"SearchAction\",\"target\":{\"@type\":\"EntryPoint\",\"urlTemplate\":\"https:\\\/\\\/ks-cs.ch\\\/fr\\\/?s={search_term_string}\"},\"query-input\":{\"@type\":\"PropertyValueSpecification\",\"valueRequired\":true,\"valueName\":\"search_term_string\"}}],\"inLanguage\":\"fr-FR\"},{\"@type\":\"Organization\",\"@id\":\"https:\\\/\\\/ks-cs.ch\\\/fr\\\/#organization\",\"name\":\"KS\\\/CS Kommunikation Schweiz\",\"url\":\"https:\\\/\\\/ks-cs.ch\\\/fr\\\/\",\"logo\":{\"@type\":\"ImageObject\",\"inLanguage\":\"fr-FR\",\"@id\":\"https:\\\/\\\/ks-cs.ch\\\/fr\\\/#\\\/schema\\\/logo\\\/image\\\/\",\"url\":\"https:\\\/\\\/ks-cs.ch\\\/wp-content\\\/uploads\\\/2022\\\/12\\\/Logo-Social-Media-1.jpg\",\"contentUrl\":\"https:\\\/\\\/ks-cs.ch\\\/wp-content\\\/uploads\\\/2022\\\/12\\\/Logo-Social-Media-1.jpg\",\"width\":709,\"height\":608,\"caption\":\"KS\\\/CS Kommunikation Schweiz\"},\"image\":{\"@id\":\"https:\\\/\\\/ks-cs.ch\\\/fr\\\/#\\\/schema\\\/logo\\\/image\\\/\"},\"sameAs\":[\"https:\\\/\\\/www.linkedin.com\\\/company\\\/kommunikation-schweiz-communication-suisse-comunicazione-svizzera-communication-switzerland\\\/\"]}]}<\/script>\n<!-- \/ Yoast SEO plugin. -->","yoast_head_json":{"title":"Des origines dans les \"ann\u00e9es folles\" \u00e0 la norme dans les ann\u00e9es 1940 - KS\/CS Communication Suisse","description":"En 1925, ann\u00e9e de fondation de KS\/CS Communication Suisse, l'industrie publicitaire suisse \u00e9tait en phase de croissance dynamique, fortement influenc\u00e9e par le boom \u00e9conomique des \"ann\u00e9es folles\".","robots":{"index":"index","follow":"follow","max-snippet":"max-snippet:-1","max-image-preview":"max-image-preview:large","max-video-preview":"max-video-preview:-1"},"canonical":"https:\/\/ks-cs.ch\/fr\/actuel\/100-ans-ks-cs\/des-origines-dans-les-annees-folles-a-la-norme-dans-les-annees-1940\/","og_locale":"fr_FR","og_type":"article","og_title":"Des origines dans les \"ann\u00e9es folles\" \u00e0 la norme dans les ann\u00e9es 1940 - KS\/CS Communication Suisse","og_description":"En 1925, ann\u00e9e de fondation de KS\/CS Communication Suisse, l'industrie publicitaire suisse \u00e9tait en phase de croissance dynamique, fortement influenc\u00e9e par le boom \u00e9conomique des \"ann\u00e9es folles\".","og_url":"https:\/\/ks-cs.ch\/fr\/actuel\/100-ans-ks-cs\/des-origines-dans-les-annees-folles-a-la-norme-dans-les-annees-1940\/","og_site_name":"KS\/CS Communication Suisse","article_modified_time":"2025-04-30T14:59:19+00:00","og_image":[{"width":1236,"height":1184,"url":"https:\/\/ks-cs.ch\/wp-content\/uploads\/2024\/11\/100_Jahre_KS_CS_Auszug_Gruendungsprotokoll.png","type":"image\/png"}],"twitter_card":"summary_large_image","twitter_misc":{"Dur\u00e9e de lecture estim\u00e9e":"5 minutes"},"schema":{"@context":"https:\/\/schema.org","@graph":[{"@type":"WebPage","@id":"https:\/\/ks-cs.ch\/fr\/actuel\/100-ans-ks-cs\/des-origines-dans-les-annees-folles-a-la-norme-dans-les-annees-1940\/","url":"https:\/\/ks-cs.ch\/fr\/actuel\/100-ans-ks-cs\/des-origines-dans-les-annees-folles-a-la-norme-dans-les-annees-1940\/","name":"Des origines dans les \"ann\u00e9es folles\" \u00e0 la norme dans les ann\u00e9es 1940 - KS\/CS Communication Suisse","isPartOf":{"@id":"https:\/\/ks-cs.ch\/fr\/#website"},"primaryImageOfPage":{"@id":"https:\/\/ks-cs.ch\/fr\/actuel\/100-ans-ks-cs\/des-origines-dans-les-annees-folles-a-la-norme-dans-les-annees-1940\/#primaryimage"},"image":{"@id":"https:\/\/ks-cs.ch\/fr\/actuel\/100-ans-ks-cs\/des-origines-dans-les-annees-folles-a-la-norme-dans-les-annees-1940\/#primaryimage"},"thumbnailUrl":"https:\/\/ks-cs.ch\/wp-content\/uploads\/2024\/11\/100_Jahre_KS_CS_Auszug_Gruendungsprotokoll.png","datePublished":"2024-12-18T13:10:11+00:00","dateModified":"2025-04-30T14:59:19+00:00","description":"En 1925, ann\u00e9e de fondation de KS\/CS Communication Suisse, l'industrie publicitaire suisse \u00e9tait en phase de croissance dynamique, fortement influenc\u00e9e par le boom \u00e9conomique des \"ann\u00e9es folles\".","breadcrumb":{"@id":"https:\/\/ks-cs.ch\/fr\/actuel\/100-ans-ks-cs\/des-origines-dans-les-annees-folles-a-la-norme-dans-les-annees-1940\/#breadcrumb"},"inLanguage":"fr-FR","potentialAction":[{"@type":"ReadAction","target":["https:\/\/ks-cs.ch\/fr\/actuel\/100-ans-ks-cs\/des-origines-dans-les-annees-folles-a-la-norme-dans-les-annees-1940\/"]}]},{"@type":"ImageObject","inLanguage":"fr-FR","@id":"https:\/\/ks-cs.ch\/fr\/actuel\/100-ans-ks-cs\/des-origines-dans-les-annees-folles-a-la-norme-dans-les-annees-1940\/#primaryimage","url":"https:\/\/ks-cs.ch\/wp-content\/uploads\/2024\/11\/100_Jahre_KS_CS_Auszug_Gruendungsprotokoll.png","contentUrl":"https:\/\/ks-cs.ch\/wp-content\/uploads\/2024\/11\/100_Jahre_KS_CS_Auszug_Gruendungsprotokoll.png","width":1236,"height":1184},{"@type":"BreadcrumbList","@id":"https:\/\/ks-cs.ch\/fr\/actuel\/100-ans-ks-cs\/des-origines-dans-les-annees-folles-a-la-norme-dans-les-annees-1940\/#breadcrumb","itemListElement":[{"@type":"ListItem","position":1,"name":"Home","item":"https:\/\/ks-cs.ch\/fr\/"},{"@type":"ListItem","position":2,"name":"Actuel","item":"https:\/\/ks-cs.ch\/fr\/actuel\/"},{"@type":"ListItem","position":3,"name":"100 Ans KS\/CS","item":"https:\/\/ks-cs.ch\/fr\/actuel\/100-ans-ks-cs\/"},{"@type":"ListItem","position":4,"name":"Des origines dans les &#8222;ann\u00e9es folles&#8220; \u00e0 la norme dans les ann\u00e9es 1940"}]},{"@type":"WebSite","@id":"https:\/\/ks-cs.ch\/fr\/#website","url":"https:\/\/ks-cs.ch\/fr\/","name":"KS\/CS Kommunikation Schweiz","description":"Association des communications commerciales","publisher":{"@id":"https:\/\/ks-cs.ch\/fr\/#organization"},"potentialAction":[{"@type":"SearchAction","target":{"@type":"EntryPoint","urlTemplate":"https:\/\/ks-cs.ch\/fr\/?s={search_term_string}"},"query-input":{"@type":"PropertyValueSpecification","valueRequired":true,"valueName":"search_term_string"}}],"inLanguage":"fr-FR"},{"@type":"Organization","@id":"https:\/\/ks-cs.ch\/fr\/#organization","name":"KS\/CS Kommunikation Schweiz","url":"https:\/\/ks-cs.ch\/fr\/","logo":{"@type":"ImageObject","inLanguage":"fr-FR","@id":"https:\/\/ks-cs.ch\/fr\/#\/schema\/logo\/image\/","url":"https:\/\/ks-cs.ch\/wp-content\/uploads\/2022\/12\/Logo-Social-Media-1.jpg","contentUrl":"https:\/\/ks-cs.ch\/wp-content\/uploads\/2022\/12\/Logo-Social-Media-1.jpg","width":709,"height":608,"caption":"KS\/CS Kommunikation Schweiz"},"image":{"@id":"https:\/\/ks-cs.ch\/fr\/#\/schema\/logo\/image\/"},"sameAs":["https:\/\/www.linkedin.com\/company\/kommunikation-schweiz-communication-suisse-comunicazione-svizzera-communication-switzerland\/"]}]}},"publishpress_future_action":{"enabled":false,"date":"2026-04-14 14:14:17","action":"change-status","newStatus":"draft","terms":[],"taxonomy":"translation_priority","extraData":[]},"publishpress_future_workflow_manual_trigger":{"enabledWorkflows":[]},"_links":{"self":[{"href":"https:\/\/ks-cs.ch\/fr\/wp-json\/wp\/v2\/pages\/6488","targetHints":{"allow":["GET"]}}],"collection":[{"href":"https:\/\/ks-cs.ch\/fr\/wp-json\/wp\/v2\/pages"}],"about":[{"href":"https:\/\/ks-cs.ch\/fr\/wp-json\/wp\/v2\/types\/page"}],"author":[{"embeddable":true,"href":"https:\/\/ks-cs.ch\/fr\/wp-json\/wp\/v2\/users\/6"}],"replies":[{"embeddable":true,"href":"https:\/\/ks-cs.ch\/fr\/wp-json\/wp\/v2\/comments?post=6488"}],"version-history":[{"count":14,"href":"https:\/\/ks-cs.ch\/fr\/wp-json\/wp\/v2\/pages\/6488\/revisions"}],"predecessor-version":[{"id":7346,"href":"https:\/\/ks-cs.ch\/fr\/wp-json\/wp\/v2\/pages\/6488\/revisions\/7346"}],"up":[{"embeddable":true,"href":"https:\/\/ks-cs.ch\/fr\/wp-json\/wp\/v2\/pages\/6460"}],"wp:featuredmedia":[{"embeddable":true,"href":"https:\/\/ks-cs.ch\/fr\/wp-json\/wp\/v2\/media\/6619"}],"wp:attachment":[{"href":"https:\/\/ks-cs.ch\/fr\/wp-json\/wp\/v2\/media?parent=6488"}],"curies":[{"name":"wp","href":"https:\/\/api.w.org\/{rel}","templated":true}]}}