{"id":6468,"date":"2024-10-30T15:22:28","date_gmt":"2024-10-30T14:22:28","guid":{"rendered":"https:\/\/ks-cs.ch\/?page_id=6468"},"modified":"2025-04-30T08:01:14","modified_gmt":"2025-04-30T06:01:14","slug":"un-voyage-a-travers-le-temps","status":"publish","type":"page","link":"https:\/\/ks-cs.ch\/fr\/actuel\/100-ans-ks-cs\/un-voyage-a-travers-le-temps\/","title":{"rendered":"Un voyage \u00e0 travers le temps"},"content":{"rendered":"<div class=\"wpb-content-wrapper\"><p>[vc_row row_height_percent=\u00a0\u00bb0&Prime; override_padding=\u00a0\u00bbyes\u00a0\u00bb h_padding=\u00a0\u00bb2&Prime; top_padding=\u00a0\u00bb3&Prime; bottom_padding=\u00a0\u00bb2&Prime; overlay_alpha=\u00a0\u00bb50&Prime; gutter_size=\u00a0\u00bb3&Prime; column_width_percent=\u00a0\u00bb100&Prime; shift_y=\u00a0\u00bb0&Prime; z_index=\u00a0\u00bb0&Prime; uncode_shortcode_id=\u00a0\u00bb172934&Prime;][vc_column column_width_use_pixel=\u00a0\u00bbyes\u00a0\u00bb gutter_size=\u00a0\u00bb2&Prime; overlay_alpha=\u00a0\u00bb50&Prime; shift_x=\u00a0\u00bb0&Prime; shift_y=\u00a0\u00bb0&Prime; shift_y_down=\u00a0\u00bb0&Prime; z_index=\u00a0\u00bb0&Prime; medium_width=\u00a0\u00bb0&Prime; mobile_width=\u00a0\u00bb0&Prime; width=\u00a0\u00bb1\/1&Prime; uncode_shortcode_id=\u00a0\u00bb104419&Prime; column_width_pixel=\u00a0\u00bb840&Prime;][uncode_breadcrumbs separator=\u00a0\u00bbdash\u00a0\u00bb][vc_custom_heading heading_semantic=\u00a0\u00bbh1&Prime; text_size=\u00a0\u00bbh1&Prime; text_weight=\u00a0\u00bb600&Prime; uncode_shortcode_id=\u00a0\u00bb103349&Prime;]Un voyage \u00e0 travers le temps[\/vc_custom_heading][vc_column_text uncode_shortcode_id=\u00a0\u00bb157390&Prime;]Depuis sa fondation en 1925, l\u2019association KS\/CS Communication Suisse s&rsquo;est \u00e9tablie comme un partenaire fiable de l&rsquo;industrie publicitaire. La vision de l&rsquo;\u00e9poque, visant \u00e0 promouvoir la publicit\u00e9 comme \u00e9l\u00e9ment central de l&rsquo;\u00e9conomie et de la formation de l&rsquo;opinion, est toujours pertinente aujourd&rsquo;hui. Avec un engagement clair pour une communication responsable et transparente ainsi que pour l&rsquo;autor\u00e9gulation, KS\/CS a r\u00e9ussi \u00e0 ma\u00eetriser les changements au cours du temps. Dans une \u00e8re num\u00e9rique marqu\u00e9e par l&rsquo;intelligence artificielle et les innovations technologiques, l&rsquo;association continue de pr\u00e9parer le terrain, sur le plan politique, pour une publicit\u00e9 moderne, \u00e9quitable et \u00e9thique.[\/vc_column_text][\/vc_column][\/vc_row][vc_row][vc_column width=\u00a0\u00bb1\/1&Prime;][uncode_block id=\u00a0\u00bb277&Prime;][\/vc_column][\/vc_row][vc_row row_height_percent=\u00a0\u00bb0&Prime; override_padding=\u00a0\u00bbyes\u00a0\u00bb h_padding=\u00a0\u00bb2&Prime; top_padding=\u00a0\u00bb2&Prime; bottom_padding=\u00a0\u00bb3&Prime; overlay_alpha=\u00a0\u00bb50&Prime; gutter_size=\u00a0\u00bb3&Prime; column_width_percent=\u00a0\u00bb100&Prime; shift_y=\u00a0\u00bb0&Prime; z_index=\u00a0\u00bb0&Prime; uncode_shortcode_id=\u00a0\u00bb983892&Prime; row_name=\u00a0\u00bbkommunikationsfachleute\u00a0\u00bb][vc_column column_width_use_pixel=\u00a0\u00bbyes\u00a0\u00bb gutter_size=\u00a0\u00bb2&Prime; overlay_alpha=\u00a0\u00bb50&Prime; shift_x=\u00a0\u00bb0&Prime; shift_y=\u00a0\u00bb0&Prime; shift_y_down=\u00a0\u00bb0&Prime; z_index=\u00a0\u00bb0&Prime; medium_width=\u00a0\u00bb0&Prime; mobile_width=\u00a0\u00bb0&Prime; width=\u00a0\u00bb1\/1&Prime; uncode_shortcode_id=\u00a0\u00bb104419&Prime; column_width_pixel=\u00a0\u00bb840&Prime;][vc_empty_space empty_h=\u00a0\u00bb2&Prime;][vc_column_text uncode_shortcode_id=\u00a0\u00bb678973&Prime;]<\/p>\n<p>En 1925, il y a tout juste un si\u00e8cle, l&rsquo;Association suisse de la publicit\u00e9 a \u00e9t\u00e9 fond\u00e9e. La cr\u00e9ation de l&rsquo;\u00e9poque \u00e9tait marqu\u00e9e par une \u00e9conomie en plein essor, o\u00f9 la publicit\u00e9 jouait un r\u00f4le central dans la croissance et la modernisation. Les entreprises ont commenc\u00e9 \u00e0 l\u2019utiliser de mani\u00e8re cibl\u00e9e pour rendre leurs produits et services accessibles \u00e0 un public plus large. L&rsquo;objectif principal de l&rsquo;association \u00e9tait alors de promouvoir l\u2019importance de la publicit\u00e9 et de garantir des conditions claires et \u00e9quitables qui profiteraient non seulement \u00e0 l&rsquo;\u00e9conomie, mais aussi \u00e0 la soci\u00e9t\u00e9.<\/p>\n<p>D\u00e8s lors, les pionniers de la communication commerciale ont reconnu qu&rsquo;une \u00e9conomie florissante avait besoin d&rsquo;une industrie publicitaire forte pour informer la population sur les nouveaux produits et les innovations. Il ne s&rsquo;agissait pas seulement de profit \u00e9conomique, mais aussi d&rsquo;avantages sociaux : les gens devaient \u00eatre \u00e9clair\u00e9s, inform\u00e9s et capables de prendre des d\u00e9cisions en toute connaissance de cause. La publicit\u00e9 \u00e9tait vue comme un moyen de formation de l&rsquo;opinion, mais aussi, d&rsquo;\u00e9ducation \u2013 et cela dans un temps marqu\u00e9 par l&rsquo;industrialisation et le progr\u00e8s technologique.<\/p>\n<p><strong>Le changement d\u2019\u00e9poque et la constance des valeurs<\/strong><\/p>\n<p>Aujourd&rsquo;hui, 100 ans plus tard, l&rsquo;industrie publicitaire suisse est un \u00e9l\u00e9ment important de l&rsquo;\u00e9conomie nationale. KS\/CS Communication Suisse &#8211; nom actuel de l&rsquo;association &#8211; poursuit la vision d&rsquo;autrefois \u2013 mais dans un monde qui a radicalement chang\u00e9. Les principes \u00e9tablis par les fondateurs il y a un si\u00e8cle n&rsquo;ont ainsi rien perdu de leur actualit\u00e9.<\/p>\n<p>La publicit\u00e9 reste un \u00e9l\u00e9ment central d&rsquo;une \u00e9conomie de march\u00e9 libre et d\u2019une soci\u00e9t\u00e9 de l&rsquo;information d\u00e9mocratique. La communication commerciale b\u00e9n\u00e9ficie de la protection des droits constitutionnels, notamment de la libert\u00e9 \u00e9conomique et de l&rsquo;information. Tout comme \u00e0 l&rsquo;\u00e9poque, l&rsquo;association veille \u00e0 ce que la publicit\u00e9 soit honn\u00eate et responsable, que ses exp\u00e9diteurs soient connus et que les messages publicitaires soient transmis de mani\u00e8re transparente. Cela assure la confiance de la population dans la communication et renforce le r\u00f4le de la publicit\u00e9 en tant que moyen d&rsquo;\u00e9ducation et de transparence \u00e9conomique.<\/p>\n<p>Une diff\u00e9rence essentielle par rapport aux premi\u00e8res ann\u00e9es r\u00e9side cependant dans les d\u00e9fis actuels. Alors que les premi\u00e8res ann\u00e9es \u00e9taient domin\u00e9es par les annonces imprim\u00e9es et les affiches, nous sommes aujourd&rsquo;hui \u00e0 l&rsquo;\u00e8re de la r\u00e9volution num\u00e9rique. L&rsquo;IA, la publicit\u00e9 en ligne et les m\u00e9dias sociaux ouvrent des possibilit\u00e9s insoup\u00e7onn\u00e9es, mais posent \u00e9galement de nouveaux d\u00e9fis. Il s&rsquo;agit de trouver un \u00e9quilibre entre la libert\u00e9 de communiquer et les d\u00e9veloppements \u00e9thiques, sociaux et technologiques de notre temps.<\/p>\n<p><strong>La responsabilit\u00e9 de l&rsquo;industrie \u2013 hier comme aujourd&rsquo;hui<\/strong><\/p>\n<p>Ce qui n&rsquo;a pas chang\u00e9, c&rsquo;est la responsabilit\u00e9 que porte l&rsquo;association. KS\/CS Communication Suisse s&rsquo;engage aujourd&rsquo;hui \u2013 comme il y a 100 ans \u2013 pour des conditions-cadres politiques \u00e9quilibr\u00e9es et \u00e9conomiquement sens\u00e9es. Ce n&rsquo;est qu&rsquo;ainsi que les entreprises, les institutions et les individus peuvent agir dans une \u00e9conomie libre et prosp\u00e8re.<\/p>\n<p>L&rsquo;industrie publicitaire n&rsquo;est pas seulement un employeur important, elle contribue \u00e9galement de mani\u00e8re significative \u00e0 la formation et \u00e0 l&rsquo;\u00e9ducation des professionnels. Elle favorise la cr\u00e9ativit\u00e9 et l&rsquo;innovation dans une industrie dynamique et en constante \u00e9volution. KS\/CS est particuli\u00e8rement fi\u00e8re de son r\u00f4le en tant qu&rsquo;organisateur des examens f\u00e9d\u00e9raux. Gr\u00e2ce \u00e0 cette fonction, l&rsquo;association contribue directement \u00e0 la s\u00e9curit\u00e9 d\u2019une place \u00e9conomique suisse forte. KS\/CS suit activement le paysage politique et s&rsquo;engage pour des lois qui ne nuisent pas \u00e0 l&rsquo;industrie publicitaire, mais qui renforcent sa libert\u00e9 et sa responsabilit\u00e9. Nous nous engageons ainsi dans des villes comme Gen\u00e8ve, Zurich et Berne pour que la publicit\u00e9 ext\u00e9rieure conserve sa place l\u00e9gitime dans le paysage urbain. Les plans de loi annonc\u00e9s par l&rsquo;Office f\u00e9d\u00e9ral de la s\u00e9curit\u00e9 alimentaire et des affaires v\u00e9t\u00e9rinaires (OSAV), pour r\u00e9glementer le marketing alimentaire destin\u00e9 aux enfants nous pr\u00e9occupent \u00e9galement. KS\/CS m\u00e8ne d\u00e9j\u00e0 aujourd&rsquo;hui un travail de sensibilisation important et participera, avec l&rsquo;industrie alimentaire, au prochain d\u00e9bat politique.<\/p>\n<p>L&rsquo;autor\u00e9gulation de l&rsquo;industrie, introduite il y a 100 ans, reste aujourd&rsquo;hui un principe central. \u00c0 une \u00e9poque o\u00f9 les interdictions publicitaires l\u00e9gales sont \u00e0 juste titre critiqu\u00e9es comme des mesures politiques inefficaces, l&rsquo;autor\u00e9gulation se r\u00e9v\u00e8le \u00eatre un mod\u00e8le r\u00e9ussi (Commission suisse pour la loyaut\u00e9).<\/p>\n<p><strong>Un regard vers l&rsquo;avenir<\/strong><\/p>\n<p>KS\/CS Communication Suisse consid\u00e8re qu&rsquo;il est de son devoir de fournir aux annonceurs les meilleures conditions-cadres dans ce nouveau monde. L&rsquo;avenir de la publicit\u00e9 sera plus num\u00e9rique, plus globalement connect\u00e9 et technologiquement plus exigeant \u2013 mais les valeurs fondamentales restent les m\u00eames : une communication honn\u00eate, transparente et loyale. La publicit\u00e9 restera un \u00e9l\u00e9ment important de la formation de l&rsquo;opinion dans les d\u00e9cennies \u00e0 venir et continuera \u00e0 \u00e9voluer pour r\u00e9pondre aux besoins des consommateurs.<\/p>\n<p>En 2025, KS\/CS Communication Suisse c\u00e9l\u00e8bre son 100e anniversaire, et l&rsquo;association peut \u00eatre fi\u00e8re de son histoire. Mais, en m\u00eame temps, elle pr\u00e9pare le terrain pour les 100 prochaines ann\u00e9es, sachant que les valeurs d&rsquo;autrefois et les d\u00e9fis d&rsquo;aujourd&rsquo;hui se rejoignent pour un avenir qui d\u00e9pend plus que jamais d&rsquo;une communication responsable. Tout comme les pionniers de la publicit\u00e9 suisse ont jet\u00e9 les bases du succ\u00e8s, KS\/CS continuera \u00e0 renforcer et \u00e0 promouvoir la communication commerciale \u00e0 l\u2019avenir, apportant ainsi une contribution essentielle \u00e0 l&rsquo;\u00e9conomie et \u00e0 la soci\u00e9t\u00e9.<\/p>\n<p><strong>\u00a0<\/strong>[\/vc_column_text][\/vc_column][\/vc_row][vc_row][vc_column width=\u00a0\u00bb1\/1&Prime;][\/vc_column][\/vc_row][vc_row][vc_column width=\u00a0\u00bb1\/1&Prime;][\/vc_column][\/vc_row]<\/p>\n<\/div>","protected":false},"excerpt":{"rendered":"<p>Depuis sa fondation en 1925, l\u2019association KS\/CS Communication Suisse s\u2019est \u00e9tablie comme un partenaire fiable de l\u2019industrie publicitaire. La vision de l\u2019\u00e9poque, visant \u00e0 promouvoir la publicit\u00e9 comme \u00e9l\u00e9ment central de l\u2019\u00e9conomie et de la formation de l\u2019opinion, est toujours pertinente aujourd\u2019hui. Avec un engagement clair pour une communication responsable et transparente ainsi que pour l\u2019autor\u00e9gulation, KS\/CS a r\u00e9ussi \u00e0 ma\u00eetriser les changements au cours du temps. Dans une \u00e8re num\u00e9rique marqu\u00e9e par l\u2019intelligence artificielle et les innovations technologiques, l\u2019association continue de pr\u00e9parer le terrain, sur le plan politique, pour une publicit\u00e9 moderne, \u00e9quitable et \u00e9thique.<\/p>\n","protected":false},"author":6,"featured_media":6482,"parent":6460,"menu_order":1,"comment_status":"closed","ping_status":"closed","template":"","meta":{"content-type":"","footnotes":""},"class_list":["post-6468","page","type-page","status-publish","has-post-thumbnail","hentry","page_category-anniversaire"],"yoast_head":"<!-- This site is optimized with the Yoast SEO plugin v27.3 - https:\/\/yoast.com\/product\/yoast-seo-wordpress\/ -->\n<title>Un voyage \u00e0 travers le temps - KS\/CS Communication Suisse<\/title>\n<meta name=\"description\" content=\"Depuis sa fondation en 1925, l\u2019association KS\/CS Communication Suisse s\u2019est \u00e9tablie comme un partenaire fiable de l\u2019industrie publicitaire. La vision de l\u2019\u00e9poque, visant \u00e0 promouvoir la publicit\u00e9 comme \u00e9l\u00e9ment central de l\u2019\u00e9conomie et de la formation de l\u2019opinion, est toujours pertinente aujourd\u2019hui.\" \/>\n<meta name=\"robots\" content=\"index, follow, max-snippet:-1, max-image-preview:large, max-video-preview:-1\" \/>\n<link rel=\"canonical\" href=\"https:\/\/ks-cs.ch\/fr\/actuel\/100-ans-ks-cs\/un-voyage-a-travers-le-temps\/\" \/>\n<meta property=\"og:locale\" content=\"fr_FR\" \/>\n<meta property=\"og:type\" content=\"article\" \/>\n<meta property=\"og:title\" content=\"Un voyage \u00e0 travers le temps - KS\/CS Communication Suisse\" \/>\n<meta property=\"og:description\" content=\"Depuis sa fondation en 1925, l\u2019association KS\/CS Communication Suisse s\u2019est \u00e9tablie comme un partenaire fiable de l\u2019industrie publicitaire. La vision de l\u2019\u00e9poque, visant \u00e0 promouvoir la publicit\u00e9 comme \u00e9l\u00e9ment central de l\u2019\u00e9conomie et de la formation de l\u2019opinion, est toujours pertinente aujourd\u2019hui.\" \/>\n<meta property=\"og:url\" content=\"https:\/\/ks-cs.ch\/fr\/actuel\/100-ans-ks-cs\/un-voyage-a-travers-le-temps\/\" \/>\n<meta property=\"og:site_name\" content=\"KS\/CS Communication Suisse\" \/>\n<meta property=\"article:modified_time\" content=\"2025-04-30T06:01:14+00:00\" \/>\n<meta property=\"og:image\" content=\"https:\/\/ks-cs.ch\/wp-content\/uploads\/2024\/10\/100-Jahre.jpg\" \/>\n\t<meta property=\"og:image:width\" content=\"2120\" \/>\n\t<meta property=\"og:image:height\" content=\"1414\" \/>\n\t<meta property=\"og:image:type\" content=\"image\/jpeg\" \/>\n<meta name=\"twitter:card\" content=\"summary_large_image\" \/>\n<meta name=\"twitter:label1\" content=\"Dur\u00e9e de lecture estim\u00e9e\" \/>\n\t<meta name=\"twitter:data1\" content=\"6 minutes\" \/>\n<script type=\"application\/ld+json\" class=\"yoast-schema-graph\">{\"@context\":\"https:\\\/\\\/schema.org\",\"@graph\":[{\"@type\":\"WebPage\",\"@id\":\"https:\\\/\\\/ks-cs.ch\\\/fr\\\/actuel\\\/100-ans-ks-cs\\\/un-voyage-a-travers-le-temps\\\/\",\"url\":\"https:\\\/\\\/ks-cs.ch\\\/fr\\\/actuel\\\/100-ans-ks-cs\\\/un-voyage-a-travers-le-temps\\\/\",\"name\":\"Un voyage \u00e0 travers le temps - KS\\\/CS Communication Suisse\",\"isPartOf\":{\"@id\":\"https:\\\/\\\/ks-cs.ch\\\/fr\\\/#website\"},\"primaryImageOfPage\":{\"@id\":\"https:\\\/\\\/ks-cs.ch\\\/fr\\\/actuel\\\/100-ans-ks-cs\\\/un-voyage-a-travers-le-temps\\\/#primaryimage\"},\"image\":{\"@id\":\"https:\\\/\\\/ks-cs.ch\\\/fr\\\/actuel\\\/100-ans-ks-cs\\\/un-voyage-a-travers-le-temps\\\/#primaryimage\"},\"thumbnailUrl\":\"https:\\\/\\\/ks-cs.ch\\\/wp-content\\\/uploads\\\/2024\\\/10\\\/100-Jahre.jpg\",\"datePublished\":\"2024-10-30T14:22:28+00:00\",\"dateModified\":\"2025-04-30T06:01:14+00:00\",\"description\":\"Depuis sa fondation en 1925, l\u2019association KS\\\/CS Communication Suisse s\u2019est \u00e9tablie comme un partenaire fiable de l\u2019industrie publicitaire. La vision de l\u2019\u00e9poque, visant \u00e0 promouvoir la publicit\u00e9 comme \u00e9l\u00e9ment central de l\u2019\u00e9conomie et de la formation de l\u2019opinion, est toujours pertinente aujourd\u2019hui.\",\"breadcrumb\":{\"@id\":\"https:\\\/\\\/ks-cs.ch\\\/fr\\\/actuel\\\/100-ans-ks-cs\\\/un-voyage-a-travers-le-temps\\\/#breadcrumb\"},\"inLanguage\":\"fr-FR\",\"potentialAction\":[{\"@type\":\"ReadAction\",\"target\":[\"https:\\\/\\\/ks-cs.ch\\\/fr\\\/actuel\\\/100-ans-ks-cs\\\/un-voyage-a-travers-le-temps\\\/\"]}]},{\"@type\":\"ImageObject\",\"inLanguage\":\"fr-FR\",\"@id\":\"https:\\\/\\\/ks-cs.ch\\\/fr\\\/actuel\\\/100-ans-ks-cs\\\/un-voyage-a-travers-le-temps\\\/#primaryimage\",\"url\":\"https:\\\/\\\/ks-cs.ch\\\/wp-content\\\/uploads\\\/2024\\\/10\\\/100-Jahre.jpg\",\"contentUrl\":\"https:\\\/\\\/ks-cs.ch\\\/wp-content\\\/uploads\\\/2024\\\/10\\\/100-Jahre.jpg\",\"width\":2120,\"height\":1414,\"caption\":\"Hands typing on old typewriter and modern laptop\"},{\"@type\":\"BreadcrumbList\",\"@id\":\"https:\\\/\\\/ks-cs.ch\\\/fr\\\/actuel\\\/100-ans-ks-cs\\\/un-voyage-a-travers-le-temps\\\/#breadcrumb\",\"itemListElement\":[{\"@type\":\"ListItem\",\"position\":1,\"name\":\"Home\",\"item\":\"https:\\\/\\\/ks-cs.ch\\\/fr\\\/\"},{\"@type\":\"ListItem\",\"position\":2,\"name\":\"Actuel\",\"item\":\"https:\\\/\\\/ks-cs.ch\\\/fr\\\/actuel\\\/\"},{\"@type\":\"ListItem\",\"position\":3,\"name\":\"Un voyage \u00e0 travers le temps\"}]},{\"@type\":\"WebSite\",\"@id\":\"https:\\\/\\\/ks-cs.ch\\\/fr\\\/#website\",\"url\":\"https:\\\/\\\/ks-cs.ch\\\/fr\\\/\",\"name\":\"KS\\\/CS Kommunikation Schweiz\",\"description\":\"Association des communications commerciales\",\"publisher\":{\"@id\":\"https:\\\/\\\/ks-cs.ch\\\/fr\\\/#organization\"},\"potentialAction\":[{\"@type\":\"SearchAction\",\"target\":{\"@type\":\"EntryPoint\",\"urlTemplate\":\"https:\\\/\\\/ks-cs.ch\\\/fr\\\/?s={search_term_string}\"},\"query-input\":{\"@type\":\"PropertyValueSpecification\",\"valueRequired\":true,\"valueName\":\"search_term_string\"}}],\"inLanguage\":\"fr-FR\"},{\"@type\":\"Organization\",\"@id\":\"https:\\\/\\\/ks-cs.ch\\\/fr\\\/#organization\",\"name\":\"KS\\\/CS Kommunikation Schweiz\",\"url\":\"https:\\\/\\\/ks-cs.ch\\\/fr\\\/\",\"logo\":{\"@type\":\"ImageObject\",\"inLanguage\":\"fr-FR\",\"@id\":\"https:\\\/\\\/ks-cs.ch\\\/fr\\\/#\\\/schema\\\/logo\\\/image\\\/\",\"url\":\"https:\\\/\\\/ks-cs.ch\\\/wp-content\\\/uploads\\\/2022\\\/12\\\/Logo-Social-Media-1.jpg\",\"contentUrl\":\"https:\\\/\\\/ks-cs.ch\\\/wp-content\\\/uploads\\\/2022\\\/12\\\/Logo-Social-Media-1.jpg\",\"width\":709,\"height\":608,\"caption\":\"KS\\\/CS Kommunikation Schweiz\"},\"image\":{\"@id\":\"https:\\\/\\\/ks-cs.ch\\\/fr\\\/#\\\/schema\\\/logo\\\/image\\\/\"},\"sameAs\":[\"https:\\\/\\\/www.linkedin.com\\\/company\\\/kommunikation-schweiz-communication-suisse-comunicazione-svizzera-communication-switzerland\\\/\"]}]}<\/script>\n<!-- \/ Yoast SEO plugin. -->","yoast_head_json":{"title":"Un voyage \u00e0 travers le temps - KS\/CS Communication Suisse","description":"Depuis sa fondation en 1925, l\u2019association KS\/CS Communication Suisse s\u2019est \u00e9tablie comme un partenaire fiable de l\u2019industrie publicitaire. La vision de l\u2019\u00e9poque, visant \u00e0 promouvoir la publicit\u00e9 comme \u00e9l\u00e9ment central de l\u2019\u00e9conomie et de la formation de l\u2019opinion, est toujours pertinente aujourd\u2019hui.","robots":{"index":"index","follow":"follow","max-snippet":"max-snippet:-1","max-image-preview":"max-image-preview:large","max-video-preview":"max-video-preview:-1"},"canonical":"https:\/\/ks-cs.ch\/fr\/actuel\/100-ans-ks-cs\/un-voyage-a-travers-le-temps\/","og_locale":"fr_FR","og_type":"article","og_title":"Un voyage \u00e0 travers le temps - KS\/CS Communication Suisse","og_description":"Depuis sa fondation en 1925, l\u2019association KS\/CS Communication Suisse s\u2019est \u00e9tablie comme un partenaire fiable de l\u2019industrie publicitaire. La vision de l\u2019\u00e9poque, visant \u00e0 promouvoir la publicit\u00e9 comme \u00e9l\u00e9ment central de l\u2019\u00e9conomie et de la formation de l\u2019opinion, est toujours pertinente aujourd\u2019hui.","og_url":"https:\/\/ks-cs.ch\/fr\/actuel\/100-ans-ks-cs\/un-voyage-a-travers-le-temps\/","og_site_name":"KS\/CS Communication Suisse","article_modified_time":"2025-04-30T06:01:14+00:00","og_image":[{"width":2120,"height":1414,"url":"https:\/\/ks-cs.ch\/wp-content\/uploads\/2024\/10\/100-Jahre.jpg","type":"image\/jpeg"}],"twitter_card":"summary_large_image","twitter_misc":{"Dur\u00e9e de lecture estim\u00e9e":"6 minutes"},"schema":{"@context":"https:\/\/schema.org","@graph":[{"@type":"WebPage","@id":"https:\/\/ks-cs.ch\/fr\/actuel\/100-ans-ks-cs\/un-voyage-a-travers-le-temps\/","url":"https:\/\/ks-cs.ch\/fr\/actuel\/100-ans-ks-cs\/un-voyage-a-travers-le-temps\/","name":"Un voyage \u00e0 travers le temps - KS\/CS Communication Suisse","isPartOf":{"@id":"https:\/\/ks-cs.ch\/fr\/#website"},"primaryImageOfPage":{"@id":"https:\/\/ks-cs.ch\/fr\/actuel\/100-ans-ks-cs\/un-voyage-a-travers-le-temps\/#primaryimage"},"image":{"@id":"https:\/\/ks-cs.ch\/fr\/actuel\/100-ans-ks-cs\/un-voyage-a-travers-le-temps\/#primaryimage"},"thumbnailUrl":"https:\/\/ks-cs.ch\/wp-content\/uploads\/2024\/10\/100-Jahre.jpg","datePublished":"2024-10-30T14:22:28+00:00","dateModified":"2025-04-30T06:01:14+00:00","description":"Depuis sa fondation en 1925, l\u2019association KS\/CS Communication Suisse s\u2019est \u00e9tablie comme un partenaire fiable de l\u2019industrie publicitaire. La vision de l\u2019\u00e9poque, visant \u00e0 promouvoir la publicit\u00e9 comme \u00e9l\u00e9ment central de l\u2019\u00e9conomie et de la formation de l\u2019opinion, est toujours pertinente aujourd\u2019hui.","breadcrumb":{"@id":"https:\/\/ks-cs.ch\/fr\/actuel\/100-ans-ks-cs\/un-voyage-a-travers-le-temps\/#breadcrumb"},"inLanguage":"fr-FR","potentialAction":[{"@type":"ReadAction","target":["https:\/\/ks-cs.ch\/fr\/actuel\/100-ans-ks-cs\/un-voyage-a-travers-le-temps\/"]}]},{"@type":"ImageObject","inLanguage":"fr-FR","@id":"https:\/\/ks-cs.ch\/fr\/actuel\/100-ans-ks-cs\/un-voyage-a-travers-le-temps\/#primaryimage","url":"https:\/\/ks-cs.ch\/wp-content\/uploads\/2024\/10\/100-Jahre.jpg","contentUrl":"https:\/\/ks-cs.ch\/wp-content\/uploads\/2024\/10\/100-Jahre.jpg","width":2120,"height":1414,"caption":"Hands typing on old typewriter and modern laptop"},{"@type":"BreadcrumbList","@id":"https:\/\/ks-cs.ch\/fr\/actuel\/100-ans-ks-cs\/un-voyage-a-travers-le-temps\/#breadcrumb","itemListElement":[{"@type":"ListItem","position":1,"name":"Home","item":"https:\/\/ks-cs.ch\/fr\/"},{"@type":"ListItem","position":2,"name":"Actuel","item":"https:\/\/ks-cs.ch\/fr\/actuel\/"},{"@type":"ListItem","position":3,"name":"Un voyage \u00e0 travers le temps"}]},{"@type":"WebSite","@id":"https:\/\/ks-cs.ch\/fr\/#website","url":"https:\/\/ks-cs.ch\/fr\/","name":"KS\/CS Kommunikation Schweiz","description":"Association des communications commerciales","publisher":{"@id":"https:\/\/ks-cs.ch\/fr\/#organization"},"potentialAction":[{"@type":"SearchAction","target":{"@type":"EntryPoint","urlTemplate":"https:\/\/ks-cs.ch\/fr\/?s={search_term_string}"},"query-input":{"@type":"PropertyValueSpecification","valueRequired":true,"valueName":"search_term_string"}}],"inLanguage":"fr-FR"},{"@type":"Organization","@id":"https:\/\/ks-cs.ch\/fr\/#organization","name":"KS\/CS Kommunikation Schweiz","url":"https:\/\/ks-cs.ch\/fr\/","logo":{"@type":"ImageObject","inLanguage":"fr-FR","@id":"https:\/\/ks-cs.ch\/fr\/#\/schema\/logo\/image\/","url":"https:\/\/ks-cs.ch\/wp-content\/uploads\/2022\/12\/Logo-Social-Media-1.jpg","contentUrl":"https:\/\/ks-cs.ch\/wp-content\/uploads\/2022\/12\/Logo-Social-Media-1.jpg","width":709,"height":608,"caption":"KS\/CS Kommunikation Schweiz"},"image":{"@id":"https:\/\/ks-cs.ch\/fr\/#\/schema\/logo\/image\/"},"sameAs":["https:\/\/www.linkedin.com\/company\/kommunikation-schweiz-communication-suisse-comunicazione-svizzera-communication-switzerland\/"]}]}},"publishpress_future_action":{"enabled":false,"date":"2026-04-14 12:38:56","action":"change-status","newStatus":"draft","terms":[],"taxonomy":"translation_priority","extraData":[]},"publishpress_future_workflow_manual_trigger":{"enabledWorkflows":[]},"_links":{"self":[{"href":"https:\/\/ks-cs.ch\/fr\/wp-json\/wp\/v2\/pages\/6468","targetHints":{"allow":["GET"]}}],"collection":[{"href":"https:\/\/ks-cs.ch\/fr\/wp-json\/wp\/v2\/pages"}],"about":[{"href":"https:\/\/ks-cs.ch\/fr\/wp-json\/wp\/v2\/types\/page"}],"author":[{"embeddable":true,"href":"https:\/\/ks-cs.ch\/fr\/wp-json\/wp\/v2\/users\/6"}],"replies":[{"embeddable":true,"href":"https:\/\/ks-cs.ch\/fr\/wp-json\/wp\/v2\/comments?post=6468"}],"version-history":[{"count":16,"href":"https:\/\/ks-cs.ch\/fr\/wp-json\/wp\/v2\/pages\/6468\/revisions"}],"predecessor-version":[{"id":7083,"href":"https:\/\/ks-cs.ch\/fr\/wp-json\/wp\/v2\/pages\/6468\/revisions\/7083"}],"up":[{"embeddable":true,"href":"https:\/\/ks-cs.ch\/fr\/wp-json\/wp\/v2\/pages\/6460"}],"wp:featuredmedia":[{"embeddable":true,"href":"https:\/\/ks-cs.ch\/fr\/wp-json\/wp\/v2\/media\/6482"}],"wp:attachment":[{"href":"https:\/\/ks-cs.ch\/fr\/wp-json\/wp\/v2\/media?parent=6468"}],"curies":[{"name":"wp","href":"https:\/\/api.w.org\/{rel}","templated":true}]}}