{"id":5126,"date":"2024-02-19T15:39:25","date_gmt":"2024-02-19T14:39:25","guid":{"rendered":"https:\/\/ks-cs.ch\/?page_id=5126"},"modified":"2026-04-02T11:01:14","modified_gmt":"2026-04-02T09:01:14","slug":"assemblee-generale","status":"publish","type":"page","link":"https:\/\/ks-cs.ch\/fr\/offre\/assemblee-generale\/","title":{"rendered":"Assembl\u00e9e g\u00e9n\u00e9rale"},"content":{"rendered":"<div class=\"wpb-content-wrapper\"><p>[vc_row row_height_percent=\u00a0\u00bb0&Prime; override_padding=\u00a0\u00bbyes\u00a0\u00bb h_padding=\u00a0\u00bb2&Prime; top_padding=\u00a0\u00bb3&Prime; bottom_padding=\u00a0\u00bb2&Prime; overlay_alpha=\u00a0\u00bb50&Prime; gutter_size=\u00a0\u00bb3&Prime; column_width_percent=\u00a0\u00bb100&Prime; shift_y=\u00a0\u00bb0&Prime; z_index=\u00a0\u00bb0&Prime; uncode_shortcode_id=\u00a0\u00bb172934&Prime;][vc_column column_width_use_pixel=\u00a0\u00bbyes\u00a0\u00bb gutter_size=\u00a0\u00bb2&Prime; overlay_alpha=\u00a0\u00bb50&Prime; shift_x=\u00a0\u00bb0&Prime; shift_y=\u00a0\u00bb0&Prime; shift_y_down=\u00a0\u00bb0&Prime; z_index=\u00a0\u00bb0&Prime; medium_width=\u00a0\u00bb0&Prime; mobile_width=\u00a0\u00bb0&Prime; width=\u00a0\u00bb1\/1&Prime; uncode_shortcode_id=\u00a0\u00bb104419&Prime; column_width_pixel=\u00a0\u00bb840&Prime;][uncode_breadcrumbs separator=\u00a0\u00bbdash\u00a0\u00bb][vc_custom_heading heading_semantic=\u00a0\u00bbh1&Prime; text_size=\u00a0\u00bbh1&Prime; text_weight=\u00a0\u00bb600&Prime; uncode_shortcode_id=\u00a0\u00bb683793&Prime;]Assembl\u00e9e g\u00e9n\u00e9rale[\/vc_custom_heading][vc_column_text uncode_shortcode_id=\u00a0\u00bb140178&Prime;]Vous trouverez ici le programme, l&rsquo;ordre du jour et toutes les annexes n\u00e9cessaires pour l&rsquo;assembl\u00e9e g\u00e9n\u00e9rale de KS\/CS Communication Suisse qui se tiendra <strong>le 19 mai 2026, <\/strong> au Casino de Berne. N&rsquo;h\u00e9sitez pas \u00e0 nous contacter si vous avez des questions ou des suggestions.[\/vc_column_text][\/vc_column][\/vc_row][vc_row row_height_percent=\u00a0\u00bb0&Prime; override_padding=\u00a0\u00bbyes\u00a0\u00bb h_padding=\u00a0\u00bb2&Prime; top_padding=\u00a0\u00bb2&Prime; bottom_padding=\u00a0\u00bb3&Prime; overlay_alpha=\u00a0\u00bb50&Prime; gutter_size=\u00a0\u00bb3&Prime; column_width_percent=\u00a0\u00bb100&Prime; shift_y=\u00a0\u00bb0&Prime; z_index=\u00a0\u00bb0&Prime; uncode_shortcode_id=\u00a0\u00bb983892&Prime; row_name=\u00a0\u00bbkommunikationsfachleute\u00a0\u00bb][vc_column column_width_use_pixel=\u00a0\u00bbyes\u00a0\u00bb gutter_size=\u00a0\u00bb2&Prime; overlay_alpha=\u00a0\u00bb50&Prime; shift_x=\u00a0\u00bb0&Prime; shift_y=\u00a0\u00bb0&Prime; shift_y_down=\u00a0\u00bb0&Prime; z_index=\u00a0\u00bb0&Prime; medium_width=\u00a0\u00bb0&Prime; mobile_width=\u00a0\u00bb0&Prime; width=\u00a0\u00bb1\/1&Prime; uncode_shortcode_id=\u00a0\u00bb104419&Prime; column_width_pixel=\u00a0\u00bb840&Prime;][vc_column_text uncode_shortcode_id=\u00a0\u00bb515832&Prime;]<strong>Programme :<\/strong><\/p>\n<h6>13h45<\/h6>\n<p style=\"padding-left: 40px;\">Ouverture des portes, boissons<\/p>\n<h6>14h00<\/h6>\n<p style=\"padding-left: 40px;\">Mot de bienvenue de J\u00fcrg Bachmann, pr\u00e9sident de KS\/CS<br \/>\nsuivi de la partie statutaire de l&rsquo;assembl\u00e9e g\u00e9n\u00e9rale conform\u00e9ment \u00e0 l&rsquo;ordre du jour<\/p>\n<h6>14h45<\/h6>\n<p style=\"padding-left: 40px;\">Ouverture de la partie technique par J\u00fcrg Bachmann, pr\u00e9sident de KS\/CS<\/p>\n<p style=\"padding-left: 40px;\">Allocution de bienvenue du conseiller f\u00e9d\u00e9ral Albert R\u00f6sti<br \/>\nChef du D\u00e9partement f\u00e9d\u00e9ral de l&rsquo;environnement, des transports, de l&rsquo;\u00e9nergie et de la communication (DETEC)<\/p>\n<p style=\"padding-left: 40px;\">Br\u00e8ve intervention du conseiller national Gregor Rutz<br \/>\nPr\u00e9sident du groupe parlementaire \u00ab March\u00e9 et publicit\u00e9 \u00bb<\/p>\n<p style=\"padding-left: 40px;\">Br\u00e8ve intervention d&rsquo;Andrea Mas\u00fcger<br \/>\nPr\u00e9sident de l&rsquo;Association des \u00e9diteurs SCHWEIZER MEDIEN (VSM)<\/p>\n<p style=\"padding-left: 40px;\">Pr\u00e9sentation des statistiques publicitaires suisses, Roland Ehrler, directeur de la SWA<\/p>\n<h6>15h45<\/h6>\n<p style=\"padding-left: 40px;\">Ap\u00e9ritif d\u00eenatoire et \u00e9changes<\/p>\n<h6>16h45<\/h6>\n<p style=\"padding-left: 40px;\">Fin de l\u2019\u00e9v\u00e9nement<\/p>\n<p>[\/vc_column_text][vc_column_text uncode_shortcode_id=\u00a0\u00bb119462&Prime;]<strong>Adresse<\/strong> : Casinoplatz 1, 3011 Berne<\/p>\n<p><a href=\"https:\/\/www.google.com\/maps\/dir\/\/Casino+Bern,+Casinopl.+1,+3011+Bern\/@46.9469658,7.4456673,17z\/data=!4m9!4m8!1m0!1m5!1m1!1s0x478e39c411131c19:0xb928c72324736271!2m2!1d7.4482422!2d46.9469674!3e0?entry=ttu\">Planifier votre voyage.<\/a> Veuillez vous inscrire d\u2019ici au 05 mai 2026.<\/p>\n<p><a class=\"fasc-button fasc-size-large fasc-type-flat fasc-rounded-medium fasc-style-bold\" style=\"background-color: #ae1419; color: #ffffff;\" target=\"_blank\" rel=\"noopener\" href=\"https:\/\/share-eu1.hsforms.com\/13NWHGBoCSMCKwqkvMatS-wf4a56\">S&rsquo;inscrire maintenant<\/a>&nbsp; &nbsp; <a class=\"fasc-button fasc-size-large fasc-type-flat fasc-rounded-medium fasc-style-bold\" style=\"background-color: #ffffff; color: #ae1419;\" target=\"_blank\" rel=\"noopener\" href=\"https:\/\/share-eu1.hsforms.com\/1YRv3UYBkSG6bElA7Ghj2ygf4a56\">Se d\u00e9sinscrire<\/a>[\/vc_column_text][vc_empty_space empty_h=\u00a0\u00bb2&Prime;][vc_accordion sign=\u00a0\u00bbplus\u00a0\u00bb gutter_simple=\u00a0\u00bb0&Prime; active_tab=\u00a0\u00bb-1&Prime; uncode_shortcode_id=\u00a0\u00bb939247&Prime;][vc_accordion_tab gutter_size=\u00a0\u00bb2&Prime; column_padding=\u00a0\u00bb2&Prime; title=\u00a0\u00bbProgramme\u00a0\u00bb tab_id=\u00a0\u00bb1654403205-1-87&Prime; slug=\u00a0\u00bbone\u00a0\u00bb][vc_button border_width=\u00a0\u00bb0&Prime; link=\u00a0\u00bburl:https%3A%2F%2Fks-cs.ch%2Fwp-content%2Fuploads%2F2026%2F04%2FMV_2026_KS_CS_Programm_extern_FR-.pdf|target:_blank|rel:nofollow\u00a0\u00bb uncode_shortcode_id=\u00a0\u00bb225647&Prime;]T\u00e9l\u00e9charger[\/vc_button][\/vc_accordion_tab][vc_accordion_tab gutter_size=\u00a0\u00bb2&Prime; column_padding=\u00a0\u00bb2&Prime; title=\u00a0\u00bbOrdre du jour\u00a0\u00bb tab_id=\u00a0\u00bb1712662408811-8-5&Prime;][vc_button border_width=\u00a0\u00bb0&Prime; uncode_shortcode_id=\u00a0\u00bb109446&Prime; link=\u00a0\u00bburl:https%3A%2F%2Fks-cs.ch%2Fwp-content%2Fuploads%2F2025%2F04%2FMV_2025_KS_CS_Traktanden_FR_final.pdf|target:_blank\u00a0\u00bb]T\u00e9l\u00e9charger[\/vc_button][\/vc_accordion_tab][vc_accordion_tab gutter_size=\u00a0\u00bb2&Prime; column_padding=\u00a0\u00bb2&Prime; title=\u00a0\u00bbAnnexe 1, point 2 &#8211; Proc\u00e8s-verbal de la Assembl\u00e9e g\u00e9n\u00e9rale 2024&Prime; tab_id=\u00a0\u00bb1712662456444-8-8&Prime;][vc_button border_width=\u00a0\u00bb0&Prime; uncode_shortcode_id=\u00a0\u00bb133019&Prime; link=\u00a0\u00bburl:https%3A%2F%2Fks-cs.ch%2Fwp-content%2Fuploads%2F2025%2F04%2FMV_2025_KS_CS_Beilage_1_Protokoll-MV-KSCS-2024_FR.pdf|target:_blank\u00a0\u00bb]T\u00e9l\u00e9charger[\/vc_button][\/vc_accordion_tab][vc_accordion_tab gutter_size=\u00a0\u00bb2&Prime; column_padding=\u00a0\u00bb2&Prime; title=\u00a0\u00bbAnnexe 2, point 3 &#8211; Rapport annuel 2024&Prime; tab_id=\u00a0\u00bb1708353505530-2-3&Prime;][vc_button border_width=\u00a0\u00bb0&Prime; uncode_shortcode_id=\u00a0\u00bb174380&Prime; link=\u00a0\u00bburl:https%3A%2F%2Fks-cs.ch%2Fwp-content%2Fuploads%2F2025%2F05%2FMV_2025_KS_CS_Beilage_2_Jahresbericht_2024_FR-1.pdf|target:_blank\u00a0\u00bb]T\u00e9l\u00e9charger[\/vc_button][\/vc_accordion_tab][vc_accordion_tab gutter_size=\u00a0\u00bb2&Prime; column_padding=\u00a0\u00bb2&Prime; title=\u00a0\u00bbAnnexe 3, point 4 &#8211; Rapport de r\u00e9vision et comptes annuels 2024&Prime; tab_id=\u00a0\u00bb1712662554844-8-8&Prime;][vc_button border_width=\u00a0\u00bb0&Prime; uncode_shortcode_id=\u00a0\u00bb290935&Prime; link=\u00a0\u00bburl:https%3A%2F%2Fks-cs.ch%2Fwp-content%2Fuploads%2F2025%2F04%2FMV_2025_KS_CS_Beilage_3_Jahresrechnung_Revisionsbericht_2024.pdf|target:_blank|\u00a0\u00bb]T\u00e9l\u00e9charger[\/vc_button][\/vc_accordion_tab][vc_accordion_tab gutter_size=\u00a0\u00bb2&Prime; column_padding=\u00a0\u00bb2&Prime; title=\u00a0\u00bbAnnexe 4, point 6 &#8211; Cotisations\u00a0\u00bb tab_id=\u00a0\u00bb1712662604026-8-0&Prime;][vc_button border_width=\u00a0\u00bb0&Prime; uncode_shortcode_id=\u00a0\u00bb145726&Prime; link=\u00a0\u00bburl:https%3A%2F%2Fks-cs.ch%2Fwp-content%2Fuploads%2F2025%2F04%2FMV_2025_KS_CS_Beilage_4_Mitgliederbeitraege_FR.pdf|target:_blank\u00a0\u00bb]T\u00e9l\u00e9charger[\/vc_button][\/vc_accordion_tab][vc_accordion_tab gutter_size=\u00a0\u00bb2&Prime; column_padding=\u00a0\u00bb2&Prime; title=\u00a0\u00bbAnnexe 5, point 7 &#8211; \u00c9lections\u00a0\u00bb tab_id=\u00a0\u00bb1712662657822-9-0&Prime;][vc_button border_width=\u00a0\u00bb0&Prime; link=\u00a0\u00bburl:https%3A%2F%2Fks-cs.ch%2Fwp-content%2Fuploads%2F2025%2F04%2FMV_2025_KS_CS_Beilage_5_Wahlen_FR_final.pdf|target:_blank\u00a0\u00bb uncode_shortcode_id=\u00a0\u00bb213018&Prime;]T\u00e9l\u00e9charger[\/vc_button][vc_button border_width=\u00a0\u00bb0&Prime; link=\u00a0\u00bburl:https%3A%2F%2Fks-cs.ch%2Fwp-content%2Fuploads%2F2025%2F04%2FMV_2025_KS_CS_Beilage_5_Wahlen_Vorstand_CV_Linkedin_Alex_Duphorn_Portrait.pdf|target:_blank|\u00a0\u00bb uncode_shortcode_id=\u00a0\u00bb151440&Prime;]CV Alexander Duphorn[\/vc_button][vc_button border_width=\u00a0\u00bb0&Prime; link=\u00a0\u00bburl:https%3A%2F%2Fks-cs.ch%2Fwp-content%2Fuploads%2F2025%2F04%2FMV_2025_KS_CS_Beilage_5_Wahlen_Vorstand_CV_Linkedin_Roland_Ehrler_Portrait.pdf|target:_blank|\u00a0\u00bb uncode_shortcode_id=\u00a0\u00bb777971&Prime;]CV Roland Ehrler[\/vc_button][\/vc_accordion_tab][vc_accordion_tab gutter_size=\u00a0\u00bb2&Prime; column_padding=\u00a0\u00bb2&Prime; title=\u00a0\u00bbContact\u00a0\u00bb tab_id=\u00a0\u00bb41c9867a-7b73-7&Prime;][vc_column_text uncode_shortcode_id=\u00a0\u00bb593142&Prime;]<\/p>\n<p class=\"p1\">Secr\u00e9tariat KS\/CS Communication Suisse<br \/>\nIn der Breiti 2, 8047 Z\u00fcrich<\/p>\n<p class=\"p1\">T\u00e9l. <a href=\"tel:+41442112324\">+41 44 211 23 24<\/a><br \/>\nE-Mail <a href=\"mailto:info@ks-cs.ch\">info@ks-cs.ch<\/a><\/p>\n<p>[\/vc_column_text][\/vc_accordion_tab][\/vc_accordion][\/vc_column][\/vc_row][vc_row][vc_column width=\u00a0\u00bb1\/1&Prime;][\/vc_column][\/vc_row]<\/p>\n<\/div>","protected":false},"excerpt":{"rendered":"<p>Vous trouverez ici le programme, l&rsquo;ordre du jour et toutes les annexes n\u00e9cessaires pour l&rsquo;assembl\u00e9e g\u00e9n\u00e9rale de KS\/CS Communication Suisse qui se tiendra le 19 mai 2026 au Casino de Berne. N&rsquo;h\u00e9sitez pas \u00e0 nous contacter si vous avez des questions ou des suggestions.<\/p>\n","protected":false},"author":6,"featured_media":0,"parent":906,"menu_order":1,"comment_status":"closed","ping_status":"closed","template":"","meta":{"content-type":"","footnotes":""},"class_list":["post-5126","page","type-page","status-publish","hentry"],"yoast_head":"<!-- This site is optimized with the Yoast SEO plugin v27.4 - https:\/\/yoast.com\/product\/yoast-seo-wordpress\/ -->\n<title>Assembl\u00e9e g\u00e9n\u00e9rale - KS\/CS Communication Suisse<\/title>\n<meta name=\"description\" content=\"Vous trouverez ici le programme, l&#039;ordre du jour et toutes les annexes n\u00e9cessaires pour l&#039;assembl\u00e9e g\u00e9n\u00e9rale de KS\/CS Communication Suisse qui se tiendra le 26 mai 2025 au Casino de Berne. N&#039;h\u00e9sitez pas \u00e0 nous contacter si vous avez des questions ou des suggestions.\" \/>\n<meta name=\"robots\" content=\"index, follow, max-snippet:-1, max-image-preview:large, max-video-preview:-1\" \/>\n<link rel=\"canonical\" href=\"https:\/\/ks-cs.ch\/fr\/offre\/assemblee-generale\/\" \/>\n<meta property=\"og:locale\" content=\"fr_FR\" \/>\n<meta property=\"og:type\" content=\"article\" \/>\n<meta property=\"og:title\" content=\"Assembl\u00e9e g\u00e9n\u00e9rale - KS\/CS Communication Suisse\" \/>\n<meta property=\"og:description\" content=\"Vous trouverez ici le programme, l&#039;ordre du jour et toutes les annexes n\u00e9cessaires pour l&#039;assembl\u00e9e g\u00e9n\u00e9rale de KS\/CS Communication Suisse qui se tiendra le 26 mai 2025 au Casino de Berne. N&#039;h\u00e9sitez pas \u00e0 nous contacter si vous avez des questions ou des suggestions.\" \/>\n<meta property=\"og:url\" content=\"https:\/\/ks-cs.ch\/fr\/offre\/assemblee-generale\/\" \/>\n<meta property=\"og:site_name\" content=\"KS\/CS Communication Suisse\" \/>\n<meta property=\"article:modified_time\" content=\"2026-04-02T09:01:14+00:00\" \/>\n<meta property=\"og:image\" content=\"https:\/\/ks-cs.ch\/wp-content\/uploads\/2022\/11\/Logo.jpeg\" \/>\n\t<meta property=\"og:image:width\" content=\"1200\" \/>\n\t<meta property=\"og:image:height\" content=\"920\" \/>\n\t<meta property=\"og:image:type\" content=\"image\/jpeg\" \/>\n<meta name=\"twitter:card\" content=\"summary_large_image\" \/>\n<meta name=\"twitter:label1\" content=\"Dur\u00e9e de lecture estim\u00e9e\" \/>\n\t<meta name=\"twitter:data1\" content=\"3 minutes\" \/>\n<script type=\"application\/ld+json\" class=\"yoast-schema-graph\">{\"@context\":\"https:\\\/\\\/schema.org\",\"@graph\":[{\"@type\":\"WebPage\",\"@id\":\"https:\\\/\\\/ks-cs.ch\\\/fr\\\/offre\\\/assemblee-generale\\\/\",\"url\":\"https:\\\/\\\/ks-cs.ch\\\/fr\\\/offre\\\/assemblee-generale\\\/\",\"name\":\"Assembl\u00e9e g\u00e9n\u00e9rale - KS\\\/CS Communication Suisse\",\"isPartOf\":{\"@id\":\"https:\\\/\\\/ks-cs.ch\\\/fr\\\/#website\"},\"datePublished\":\"2024-02-19T14:39:25+00:00\",\"dateModified\":\"2026-04-02T09:01:14+00:00\",\"description\":\"Vous trouverez ici le programme, l'ordre du jour et toutes les annexes n\u00e9cessaires pour l'assembl\u00e9e g\u00e9n\u00e9rale de KS\\\/CS Communication Suisse qui se tiendra le 26 mai 2025 au Casino de Berne. N'h\u00e9sitez pas \u00e0 nous contacter si vous avez des questions ou des suggestions.\",\"breadcrumb\":{\"@id\":\"https:\\\/\\\/ks-cs.ch\\\/fr\\\/offre\\\/assemblee-generale\\\/#breadcrumb\"},\"inLanguage\":\"fr-FR\",\"potentialAction\":[{\"@type\":\"ReadAction\",\"target\":[\"https:\\\/\\\/ks-cs.ch\\\/fr\\\/offre\\\/assemblee-generale\\\/\"]}]},{\"@type\":\"BreadcrumbList\",\"@id\":\"https:\\\/\\\/ks-cs.ch\\\/fr\\\/offre\\\/assemblee-generale\\\/#breadcrumb\",\"itemListElement\":[{\"@type\":\"ListItem\",\"position\":1,\"name\":\"Home\",\"item\":\"https:\\\/\\\/ks-cs.ch\\\/fr\\\/\"},{\"@type\":\"ListItem\",\"position\":2,\"name\":\"Offre\",\"item\":\"https:\\\/\\\/ks-cs.ch\\\/fr\\\/offre\\\/\"},{\"@type\":\"ListItem\",\"position\":3,\"name\":\"Assembl\u00e9e g\u00e9n\u00e9rale\"}]},{\"@type\":\"WebSite\",\"@id\":\"https:\\\/\\\/ks-cs.ch\\\/fr\\\/#website\",\"url\":\"https:\\\/\\\/ks-cs.ch\\\/fr\\\/\",\"name\":\"KS\\\/CS Kommunikation Schweiz\",\"description\":\"Association des communications commerciales\",\"publisher\":{\"@id\":\"https:\\\/\\\/ks-cs.ch\\\/fr\\\/#organization\"},\"potentialAction\":[{\"@type\":\"SearchAction\",\"target\":{\"@type\":\"EntryPoint\",\"urlTemplate\":\"https:\\\/\\\/ks-cs.ch\\\/fr\\\/?s={search_term_string}\"},\"query-input\":{\"@type\":\"PropertyValueSpecification\",\"valueRequired\":true,\"valueName\":\"search_term_string\"}}],\"inLanguage\":\"fr-FR\"},{\"@type\":\"Organization\",\"@id\":\"https:\\\/\\\/ks-cs.ch\\\/fr\\\/#organization\",\"name\":\"KS\\\/CS Kommunikation Schweiz\",\"url\":\"https:\\\/\\\/ks-cs.ch\\\/fr\\\/\",\"logo\":{\"@type\":\"ImageObject\",\"inLanguage\":\"fr-FR\",\"@id\":\"https:\\\/\\\/ks-cs.ch\\\/fr\\\/#\\\/schema\\\/logo\\\/image\\\/\",\"url\":\"https:\\\/\\\/ks-cs.ch\\\/wp-content\\\/uploads\\\/2022\\\/12\\\/Logo-Social-Media-1.jpg\",\"contentUrl\":\"https:\\\/\\\/ks-cs.ch\\\/wp-content\\\/uploads\\\/2022\\\/12\\\/Logo-Social-Media-1.jpg\",\"width\":709,\"height\":608,\"caption\":\"KS\\\/CS Kommunikation Schweiz\"},\"image\":{\"@id\":\"https:\\\/\\\/ks-cs.ch\\\/fr\\\/#\\\/schema\\\/logo\\\/image\\\/\"},\"sameAs\":[\"https:\\\/\\\/www.linkedin.com\\\/company\\\/kommunikation-schweiz-communication-suisse-comunicazione-svizzera-communication-switzerland\\\/\"]}]}<\/script>\n<!-- \/ Yoast SEO plugin. -->","yoast_head_json":{"title":"Assembl\u00e9e g\u00e9n\u00e9rale - KS\/CS Communication Suisse","description":"Vous trouverez ici le programme, l'ordre du jour et toutes les annexes n\u00e9cessaires pour l'assembl\u00e9e g\u00e9n\u00e9rale de KS\/CS Communication Suisse qui se tiendra le 26 mai 2025 au Casino de Berne. N'h\u00e9sitez pas \u00e0 nous contacter si vous avez des questions ou des suggestions.","robots":{"index":"index","follow":"follow","max-snippet":"max-snippet:-1","max-image-preview":"max-image-preview:large","max-video-preview":"max-video-preview:-1"},"canonical":"https:\/\/ks-cs.ch\/fr\/offre\/assemblee-generale\/","og_locale":"fr_FR","og_type":"article","og_title":"Assembl\u00e9e g\u00e9n\u00e9rale - KS\/CS Communication Suisse","og_description":"Vous trouverez ici le programme, l'ordre du jour et toutes les annexes n\u00e9cessaires pour l'assembl\u00e9e g\u00e9n\u00e9rale de KS\/CS Communication Suisse qui se tiendra le 26 mai 2025 au Casino de Berne. N'h\u00e9sitez pas \u00e0 nous contacter si vous avez des questions ou des suggestions.","og_url":"https:\/\/ks-cs.ch\/fr\/offre\/assemblee-generale\/","og_site_name":"KS\/CS Communication Suisse","article_modified_time":"2026-04-02T09:01:14+00:00","og_image":[{"width":1200,"height":920,"url":"https:\/\/ks-cs.ch\/wp-content\/uploads\/2022\/11\/Logo.jpeg","type":"image\/jpeg"}],"twitter_card":"summary_large_image","twitter_misc":{"Dur\u00e9e de lecture estim\u00e9e":"3 minutes"},"schema":{"@context":"https:\/\/schema.org","@graph":[{"@type":"WebPage","@id":"https:\/\/ks-cs.ch\/fr\/offre\/assemblee-generale\/","url":"https:\/\/ks-cs.ch\/fr\/offre\/assemblee-generale\/","name":"Assembl\u00e9e g\u00e9n\u00e9rale - KS\/CS Communication Suisse","isPartOf":{"@id":"https:\/\/ks-cs.ch\/fr\/#website"},"datePublished":"2024-02-19T14:39:25+00:00","dateModified":"2026-04-02T09:01:14+00:00","description":"Vous trouverez ici le programme, l'ordre du jour et toutes les annexes n\u00e9cessaires pour l'assembl\u00e9e g\u00e9n\u00e9rale de KS\/CS Communication Suisse qui se tiendra le 26 mai 2025 au Casino de Berne. N'h\u00e9sitez pas \u00e0 nous contacter si vous avez des questions ou des suggestions.","breadcrumb":{"@id":"https:\/\/ks-cs.ch\/fr\/offre\/assemblee-generale\/#breadcrumb"},"inLanguage":"fr-FR","potentialAction":[{"@type":"ReadAction","target":["https:\/\/ks-cs.ch\/fr\/offre\/assemblee-generale\/"]}]},{"@type":"BreadcrumbList","@id":"https:\/\/ks-cs.ch\/fr\/offre\/assemblee-generale\/#breadcrumb","itemListElement":[{"@type":"ListItem","position":1,"name":"Home","item":"https:\/\/ks-cs.ch\/fr\/"},{"@type":"ListItem","position":2,"name":"Offre","item":"https:\/\/ks-cs.ch\/fr\/offre\/"},{"@type":"ListItem","position":3,"name":"Assembl\u00e9e g\u00e9n\u00e9rale"}]},{"@type":"WebSite","@id":"https:\/\/ks-cs.ch\/fr\/#website","url":"https:\/\/ks-cs.ch\/fr\/","name":"KS\/CS Kommunikation Schweiz","description":"Association des communications commerciales","publisher":{"@id":"https:\/\/ks-cs.ch\/fr\/#organization"},"potentialAction":[{"@type":"SearchAction","target":{"@type":"EntryPoint","urlTemplate":"https:\/\/ks-cs.ch\/fr\/?s={search_term_string}"},"query-input":{"@type":"PropertyValueSpecification","valueRequired":true,"valueName":"search_term_string"}}],"inLanguage":"fr-FR"},{"@type":"Organization","@id":"https:\/\/ks-cs.ch\/fr\/#organization","name":"KS\/CS Kommunikation Schweiz","url":"https:\/\/ks-cs.ch\/fr\/","logo":{"@type":"ImageObject","inLanguage":"fr-FR","@id":"https:\/\/ks-cs.ch\/fr\/#\/schema\/logo\/image\/","url":"https:\/\/ks-cs.ch\/wp-content\/uploads\/2022\/12\/Logo-Social-Media-1.jpg","contentUrl":"https:\/\/ks-cs.ch\/wp-content\/uploads\/2022\/12\/Logo-Social-Media-1.jpg","width":709,"height":608,"caption":"KS\/CS Kommunikation Schweiz"},"image":{"@id":"https:\/\/ks-cs.ch\/fr\/#\/schema\/logo\/image\/"},"sameAs":["https:\/\/www.linkedin.com\/company\/kommunikation-schweiz-communication-suisse-comunicazione-svizzera-communication-switzerland\/"]}]}},"publishpress_future_action":{"enabled":false,"date":"2026-04-23 09:33:58","action":"change-status","newStatus":"draft","terms":[],"taxonomy":"translation_priority","extraData":[]},"publishpress_future_workflow_manual_trigger":{"enabledWorkflows":[]},"_links":{"self":[{"href":"https:\/\/ks-cs.ch\/fr\/wp-json\/wp\/v2\/pages\/5126","targetHints":{"allow":["GET"]}}],"collection":[{"href":"https:\/\/ks-cs.ch\/fr\/wp-json\/wp\/v2\/pages"}],"about":[{"href":"https:\/\/ks-cs.ch\/fr\/wp-json\/wp\/v2\/types\/page"}],"author":[{"embeddable":true,"href":"https:\/\/ks-cs.ch\/fr\/wp-json\/wp\/v2\/users\/6"}],"replies":[{"embeddable":true,"href":"https:\/\/ks-cs.ch\/fr\/wp-json\/wp\/v2\/comments?post=5126"}],"version-history":[{"count":66,"href":"https:\/\/ks-cs.ch\/fr\/wp-json\/wp\/v2\/pages\/5126\/revisions"}],"predecessor-version":[{"id":9023,"href":"https:\/\/ks-cs.ch\/fr\/wp-json\/wp\/v2\/pages\/5126\/revisions\/9023"}],"up":[{"embeddable":true,"href":"https:\/\/ks-cs.ch\/fr\/wp-json\/wp\/v2\/pages\/906"}],"wp:attachment":[{"href":"https:\/\/ks-cs.ch\/fr\/wp-json\/wp\/v2\/media?parent=5126"}],"curies":[{"name":"wp","href":"https:\/\/api.w.org\/{rel}","templated":true}]}}