{"id":4666,"date":"2024-02-14T10:49:26","date_gmt":"2024-02-14T09:49:26","guid":{"rendered":"https:\/\/ks-cs.ch\/?page_id=4666"},"modified":"2024-09-13T09:01:08","modified_gmt":"2024-09-13T07:01:08","slug":"registre-professionnel","status":"publish","type":"page","link":"https:\/\/ks-cs.ch\/fr\/offre\/registre-professionnel\/","title":{"rendered":"Registre professionnel"},"content":{"rendered":"<div class=\"wpb-content-wrapper\"><p>[vc_row row_height_percent=\u00a0\u00bb0&Prime; override_padding=\u00a0\u00bbyes\u00a0\u00bb h_padding=\u00a0\u00bb2&Prime; top_padding=\u00a0\u00bb3&Prime; bottom_padding=\u00a0\u00bb2&Prime; overlay_alpha=\u00a0\u00bb50&Prime; gutter_size=\u00a0\u00bb3&Prime; column_width_percent=\u00a0\u00bb100&Prime; shift_y=\u00a0\u00bb0&Prime; z_index=\u00a0\u00bb0&Prime; uncode_shortcode_id=\u00a0\u00bb172934&Prime;][vc_column column_width_use_pixel=\u00a0\u00bbyes\u00a0\u00bb gutter_size=\u00a0\u00bb2&Prime; overlay_alpha=\u00a0\u00bb50&Prime; shift_x=\u00a0\u00bb0&Prime; shift_y=\u00a0\u00bb0&Prime; shift_y_down=\u00a0\u00bb0&Prime; z_index=\u00a0\u00bb0&Prime; medium_width=\u00a0\u00bb0&Prime; mobile_width=\u00a0\u00bb0&Prime; width=\u00a0\u00bb1\/1&Prime; uncode_shortcode_id=\u00a0\u00bb104419&Prime; column_width_pixel=\u00a0\u00bb840&Prime;][uncode_breadcrumbs separator=\u00a0\u00bbdash\u00a0\u00bb][vc_custom_heading heading_semantic=\u00a0\u00bbh1&Prime; text_size=\u00a0\u00bbh1&Prime; text_weight=\u00a0\u00bb600&Prime; uncode_shortcode_id=\u00a0\u00bb103496&Prime;]Registre professionnel[\/vc_custom_heading][vc_column_text uncode_shortcode_id=\u00a0\u00bb364780&Prime;]En tant qu&rsquo;association fa\u00eeti\u00e8re de la communication commerciale, nous r\u00e9pertorions avec le registre professionnel les carri\u00e8res de haute qualit\u00e9 des sp\u00e9cialistes de notre branche. Gr\u00e2ce \u00e0 cette inscription, le secteur b\u00e9n\u00e9ficie d&rsquo;une vue d&rsquo;ensemble professionnelle.[\/vc_column_text][\/vc_column][\/vc_row][vc_row][vc_column width=\u00a0\u00bb1\/1&Prime;][uncode_block id=\u00a0\u00bb1059&Prime;][\/vc_column][\/vc_row][vc_row row_height_percent=\u00a0\u00bb0&Prime; override_padding=\u00a0\u00bbyes\u00a0\u00bb h_padding=\u00a0\u00bb2&Prime; top_padding=\u00a0\u00bb2&Prime; bottom_padding=\u00a0\u00bb3&Prime; overlay_alpha=\u00a0\u00bb50&Prime; gutter_size=\u00a0\u00bb3&Prime; column_width_percent=\u00a0\u00bb100&Prime; shift_y=\u00a0\u00bb0&Prime; z_index=\u00a0\u00bb0&Prime; uncode_shortcode_id=\u00a0\u00bb983892&Prime; row_name=\u00a0\u00bbkommunikationsfachleute\u00a0\u00bb][vc_column column_width_use_pixel=\u00a0\u00bbyes\u00a0\u00bb gutter_size=\u00a0\u00bb2&Prime; overlay_alpha=\u00a0\u00bb50&Prime; shift_x=\u00a0\u00bb0&Prime; shift_y=\u00a0\u00bb0&Prime; shift_y_down=\u00a0\u00bb0&Prime; z_index=\u00a0\u00bb0&Prime; medium_width=\u00a0\u00bb0&Prime; mobile_width=\u00a0\u00bb0&Prime; width=\u00a0\u00bb1\/1&Prime; uncode_shortcode_id=\u00a0\u00bb104419&Prime; column_width_pixel=\u00a0\u00bb840&Prime;][vc_column_text uncode_shortcode_id=\u00a0\u00bb175740&Prime;]Augmentez votre visibilit\u00e9 en vous inscrivant au registre professionnel de KS\/CS ! Notre objectif est de faire conna\u00eetre une profession de sp\u00e9cialistes de la communication de haute qualit\u00e9 ainsi que le niveau de ses t\u00e2ches. L&rsquo;inscription au registre professionnel est possible pour les personnes physiques domicili\u00e9es en Suisse, ind\u00e9pendamment de leur affiliation.<\/p>\n<p>Les conditions d&rsquo;inscription sont, outre l&rsquo;exp\u00e9rience professionnelle et l&rsquo;exercice d&rsquo;une fonction dirigeante, l&rsquo;engagement \u00e0 reconna\u00eetre les dispositions nationales et internationales relatives \u00e0 la loyaut\u00e9 dans la communication commerciale et les recommandations des organes d&rsquo;autor\u00e9gulation nationaux et internationaux.<\/p>\n<p>Vous trouverez les conditions d\u00e9taill\u00e9es pour l&rsquo;admission dans le <a href=\"https:\/\/ks-cs.ch\/wp-content\/uploads\/2024\/02\/ks_berufsregister_reglement_FR.pdf\" target=\"_blank\" rel=\"noopener\">r\u00e8glement<\/a>.<\/p>\n<p>En tant qu&rsquo;association fa\u00eeti\u00e8re, le d\u00e9veloppement constant et la visibilit\u00e9 des professions de la communication nous tiennent \u00e0 c\u0153ur, c&rsquo;est pourquoi nous nous engageons avec la commission d&rsquo;examen de KS\/CS pour les formations continues et rendons plus visible le standard de qualit\u00e9 \u00e9lev\u00e9 de nos membres gr\u00e2ce au registre professionnel.[\/vc_column_text][vc_empty_space empty_h=\u00a0\u00bb2&Prime;][vc_accordion sign=\u00a0\u00bbplus\u00a0\u00bb active_tab=\u00a0\u00bb-1&Prime;][vc_accordion_tab gutter_size=\u00a0\u00bb2&Prime; column_padding=\u00a0\u00bb2&Prime; title=\u00a0\u00bbR\u00e8glement\u00a0\u00bb tab_id=\u00a0\u00bb1654403325810-3-62076-ba5a\u00a0\u00bb slug=\u00a0\u00bbfour\u00a0\u00bb][vc_button border_width=\u00a0\u00bb0&Prime; link=\u00a0\u00bburl:https%3A%2F%2Fks-cs.ch%2Fwp-content%2Fuploads%2F2024%2F02%2Fks_berufsregister_reglement_FR.pdf|target:_blank\u00a0\u00bb uncode_shortcode_id=\u00a0\u00bb746550&Prime;]Voir le r\u00e8glement[\/vc_button][\/vc_accordion_tab][vc_accordion_tab gutter_size=\u00a0\u00bb2&Prime; column_padding=\u00a0\u00bb2&Prime; title=\u00a0\u00bbDemande d&rsquo;admission pour Membre Professionnel Accr\u00e9dit\u00e9\u00a0\u00bb tab_id=\u00a0\u00bb1654403205-1-872076-ba5a\u00a0\u00bb slug=\u00a0\u00bbone\u00a0\u00bb][vc_raw_html]JTNDc2NyaXB0JTIwY2hhcnNldCUzRCUyMnV0Zi04JTIyJTIwdHlwZSUzRCUyMnRleHQlMkZqYXZhc2NyaXB0JTIyJTIwc3JjJTNEJTIyJTJGJTJGanMtZXUxLmhzZm9ybXMubmV0JTJGZm9ybXMlMkZlbWJlZCUyRnYyLmpzJTIyJTNFJTNDJTJGc2NyaXB0JTNFJTBBJTNDc2NyaXB0JTNFJTBBJTIwJTIwaGJzcHQuZm9ybXMuY3JlYXRlJTI4JTdCJTBBJTIwJTIwJTIwJTIwcmVnaW9uJTNBJTIwJTIyZXUxJTIyJTJDJTBBJTIwJTIwJTIwJTIwcG9ydGFsSWQlM0ElMjAlMjIyNTM5NDAxMCUyMiUyQyUwQSUyMCUyMCUyMCUyMGZvcm1JZCUzQSUyMCUyMmQzZDNmNmQzLWU4MTctNGE4MS05MGY5LTRmYzk3OWZiZTA4NCUyMiUwQSUyMCUyMCU3RCUyOSUzQiUwQSUzQyUyRnNjcmlwdCUzRQ==[\/vc_raw_html][\/vc_accordion_tab][vc_accordion_tab gutter_size=\u00a0\u00bb2&Prime; column_padding=\u00a0\u00bb2&Prime; title=\u00a0\u00bbListe des registres professionnels\u00a0\u00bb tab_id=\u00a0\u00bb1654403313152-2-62076-ba5a\u00a0\u00bb slug=\u00a0\u00bbthree\u00a0\u00bb][vc_button border_width=\u00a0\u00bb0&Prime; uncode_shortcode_id=\u00a0\u00bb153705&Prime; link=\u00a0\u00bburl:https%3A%2F%2Fks-cs.ch%2Fwp-content%2Fuploads%2F2024%2F09%2F20240827_Berufsregister.pdf|target:_blank\u00a0\u00bb]Voir la liste[\/vc_button][\/vc_accordion_tab][vc_accordion_tab gutter_size=\u00a0\u00bb2&Prime; column_padding=\u00a0\u00bb2&Prime; title=\u00a0\u00bbContact\u00a0\u00bb tab_id=\u00a0\u00bb41c9867a-7b73-72076-ba5a\u00a0\u00bb][vc_column_text uncode_shortcode_id=\u00a0\u00bb332388&Prime;]<\/p>\n<p class=\"p1\">Secr\u00e9tariat KS\/CS Communication Suisse<br \/>\nErnastrasse 22, 8004 Zurich<\/p>\n<p class=\"p1\">T\u00e9l.<a href=\"tel:+41442112324\"> +41 44 211 23 24<\/a><br \/>\nE-Mail <a href=\"mailto:info@ks-cs.ch\">info@ks-cs.ch<\/a><\/p>\n<p>[\/vc_column_text][\/vc_accordion_tab][\/vc_accordion][\/vc_column][\/vc_row][vc_row][vc_column width=\u00a0\u00bb1\/1&Prime;][\/vc_column][\/vc_row]<\/p>\n<\/div>","protected":false},"excerpt":{"rendered":"<p>En tant qu&rsquo;association fa\u00eeti\u00e8re de la communication commerciale, nous r\u00e9pertorions avec le registre professionnel les carri\u00e8res de haute qualit\u00e9 des sp\u00e9cialistes de notre branche. Gr\u00e2ce \u00e0 cette inscription, le secteur b\u00e9n\u00e9ficie d&rsquo;une vue d&rsquo;ensemble professionnelle.<\/p>\n","protected":false},"author":6,"featured_media":5038,"parent":906,"menu_order":6,"comment_status":"closed","ping_status":"closed","template":"","meta":{"content-type":"","footnotes":""},"class_list":["post-4666","page","type-page","status-publish","has-post-thumbnail","hentry","page_category-offre"],"yoast_head":"<!-- This site is optimized with the Yoast SEO plugin v27.4 - https:\/\/yoast.com\/product\/yoast-seo-wordpress\/ -->\n<title>Registre professionnel - KS\/CS Communication Suisse<\/title>\n<meta name=\"description\" content=\"Formation sp\u00e9cialis\u00e9e - la solution miracle pour une carri\u00e8re en communication. Le double parcours orient\u00e9 vers la pratique avec une base th\u00e9orique solide ouvre les portes \u00e0 un large spectre.\" \/>\n<meta name=\"robots\" content=\"index, follow, max-snippet:-1, max-image-preview:large, max-video-preview:-1\" \/>\n<link rel=\"canonical\" href=\"https:\/\/ks-cs.ch\/fr\/offre\/registre-professionnel\/\" \/>\n<meta property=\"og:locale\" content=\"fr_FR\" \/>\n<meta property=\"og:type\" content=\"article\" \/>\n<meta property=\"og:title\" content=\"Registre professionnel - KS\/CS Communication Suisse\" \/>\n<meta property=\"og:description\" content=\"Formation sp\u00e9cialis\u00e9e - la solution miracle pour une carri\u00e8re en communication. Le double parcours orient\u00e9 vers la pratique avec une base th\u00e9orique solide ouvre les portes \u00e0 un large spectre.\" \/>\n<meta property=\"og:url\" content=\"https:\/\/ks-cs.ch\/fr\/offre\/registre-professionnel\/\" \/>\n<meta property=\"og:site_name\" content=\"KS\/CS Communication Suisse\" \/>\n<meta property=\"article:modified_time\" content=\"2024-09-13T07:01:08+00:00\" \/>\n<meta property=\"og:image\" content=\"https:\/\/ks-cs.ch\/wp-content\/uploads\/2024\/02\/Berufsregister_Join_gekauft_iStock-477328026-scaled.jpg\" \/>\n\t<meta property=\"og:image:width\" content=\"2560\" \/>\n\t<meta property=\"og:image:height\" content=\"1707\" \/>\n\t<meta property=\"og:image:type\" content=\"image\/jpeg\" \/>\n<meta name=\"twitter:card\" content=\"summary_large_image\" \/>\n<meta name=\"twitter:label1\" content=\"Dur\u00e9e de lecture estim\u00e9e\" \/>\n\t<meta name=\"twitter:data1\" content=\"2 minutes\" \/>\n<script type=\"application\/ld+json\" class=\"yoast-schema-graph\">{\"@context\":\"https:\\\/\\\/schema.org\",\"@graph\":[{\"@type\":\"WebPage\",\"@id\":\"https:\\\/\\\/ks-cs.ch\\\/fr\\\/offre\\\/registre-professionnel\\\/\",\"url\":\"https:\\\/\\\/ks-cs.ch\\\/fr\\\/offre\\\/registre-professionnel\\\/\",\"name\":\"Registre professionnel - KS\\\/CS Communication Suisse\",\"isPartOf\":{\"@id\":\"https:\\\/\\\/ks-cs.ch\\\/fr\\\/#website\"},\"primaryImageOfPage\":{\"@id\":\"https:\\\/\\\/ks-cs.ch\\\/fr\\\/offre\\\/registre-professionnel\\\/#primaryimage\"},\"image\":{\"@id\":\"https:\\\/\\\/ks-cs.ch\\\/fr\\\/offre\\\/registre-professionnel\\\/#primaryimage\"},\"thumbnailUrl\":\"https:\\\/\\\/ks-cs.ch\\\/wp-content\\\/uploads\\\/2024\\\/02\\\/Berufsregister_Join_gekauft_iStock-477328026-scaled.jpg\",\"datePublished\":\"2024-02-14T09:49:26+00:00\",\"dateModified\":\"2024-09-13T07:01:08+00:00\",\"description\":\"Formation sp\u00e9cialis\u00e9e - la solution miracle pour une carri\u00e8re en communication. Le double parcours orient\u00e9 vers la pratique avec une base th\u00e9orique solide ouvre les portes \u00e0 un large spectre.\",\"breadcrumb\":{\"@id\":\"https:\\\/\\\/ks-cs.ch\\\/fr\\\/offre\\\/registre-professionnel\\\/#breadcrumb\"},\"inLanguage\":\"fr-FR\",\"potentialAction\":[{\"@type\":\"ReadAction\",\"target\":[\"https:\\\/\\\/ks-cs.ch\\\/fr\\\/offre\\\/registre-professionnel\\\/\"]}]},{\"@type\":\"ImageObject\",\"inLanguage\":\"fr-FR\",\"@id\":\"https:\\\/\\\/ks-cs.ch\\\/fr\\\/offre\\\/registre-professionnel\\\/#primaryimage\",\"url\":\"https:\\\/\\\/ks-cs.ch\\\/wp-content\\\/uploads\\\/2024\\\/02\\\/Berufsregister_Join_gekauft_iStock-477328026-scaled.jpg\",\"contentUrl\":\"https:\\\/\\\/ks-cs.ch\\\/wp-content\\\/uploads\\\/2024\\\/02\\\/Berufsregister_Join_gekauft_iStock-477328026-scaled.jpg\",\"width\":2560,\"height\":1707,\"caption\":\"Close-up view on conceptual keyboard - Join (green key)\"},{\"@type\":\"BreadcrumbList\",\"@id\":\"https:\\\/\\\/ks-cs.ch\\\/fr\\\/offre\\\/registre-professionnel\\\/#breadcrumb\",\"itemListElement\":[{\"@type\":\"ListItem\",\"position\":1,\"name\":\"Home\",\"item\":\"https:\\\/\\\/ks-cs.ch\\\/fr\\\/\"},{\"@type\":\"ListItem\",\"position\":2,\"name\":\"Offre\",\"item\":\"https:\\\/\\\/ks-cs.ch\\\/fr\\\/offre\\\/\"},{\"@type\":\"ListItem\",\"position\":3,\"name\":\"Registre professionnel\"}]},{\"@type\":\"WebSite\",\"@id\":\"https:\\\/\\\/ks-cs.ch\\\/fr\\\/#website\",\"url\":\"https:\\\/\\\/ks-cs.ch\\\/fr\\\/\",\"name\":\"KS\\\/CS Kommunikation Schweiz\",\"description\":\"Association des communications commerciales\",\"publisher\":{\"@id\":\"https:\\\/\\\/ks-cs.ch\\\/fr\\\/#organization\"},\"potentialAction\":[{\"@type\":\"SearchAction\",\"target\":{\"@type\":\"EntryPoint\",\"urlTemplate\":\"https:\\\/\\\/ks-cs.ch\\\/fr\\\/?s={search_term_string}\"},\"query-input\":{\"@type\":\"PropertyValueSpecification\",\"valueRequired\":true,\"valueName\":\"search_term_string\"}}],\"inLanguage\":\"fr-FR\"},{\"@type\":\"Organization\",\"@id\":\"https:\\\/\\\/ks-cs.ch\\\/fr\\\/#organization\",\"name\":\"KS\\\/CS Kommunikation Schweiz\",\"url\":\"https:\\\/\\\/ks-cs.ch\\\/fr\\\/\",\"logo\":{\"@type\":\"ImageObject\",\"inLanguage\":\"fr-FR\",\"@id\":\"https:\\\/\\\/ks-cs.ch\\\/fr\\\/#\\\/schema\\\/logo\\\/image\\\/\",\"url\":\"https:\\\/\\\/ks-cs.ch\\\/wp-content\\\/uploads\\\/2022\\\/12\\\/Logo-Social-Media-1.jpg\",\"contentUrl\":\"https:\\\/\\\/ks-cs.ch\\\/wp-content\\\/uploads\\\/2022\\\/12\\\/Logo-Social-Media-1.jpg\",\"width\":709,\"height\":608,\"caption\":\"KS\\\/CS Kommunikation Schweiz\"},\"image\":{\"@id\":\"https:\\\/\\\/ks-cs.ch\\\/fr\\\/#\\\/schema\\\/logo\\\/image\\\/\"},\"sameAs\":[\"https:\\\/\\\/www.linkedin.com\\\/company\\\/kommunikation-schweiz-communication-suisse-comunicazione-svizzera-communication-switzerland\\\/\"]}]}<\/script>\n<!-- \/ Yoast SEO plugin. -->","yoast_head_json":{"title":"Registre professionnel - KS\/CS Communication Suisse","description":"Formation sp\u00e9cialis\u00e9e - la solution miracle pour une carri\u00e8re en communication. Le double parcours orient\u00e9 vers la pratique avec une base th\u00e9orique solide ouvre les portes \u00e0 un large spectre.","robots":{"index":"index","follow":"follow","max-snippet":"max-snippet:-1","max-image-preview":"max-image-preview:large","max-video-preview":"max-video-preview:-1"},"canonical":"https:\/\/ks-cs.ch\/fr\/offre\/registre-professionnel\/","og_locale":"fr_FR","og_type":"article","og_title":"Registre professionnel - KS\/CS Communication Suisse","og_description":"Formation sp\u00e9cialis\u00e9e - la solution miracle pour une carri\u00e8re en communication. Le double parcours orient\u00e9 vers la pratique avec une base th\u00e9orique solide ouvre les portes \u00e0 un large spectre.","og_url":"https:\/\/ks-cs.ch\/fr\/offre\/registre-professionnel\/","og_site_name":"KS\/CS Communication Suisse","article_modified_time":"2024-09-13T07:01:08+00:00","og_image":[{"width":2560,"height":1707,"url":"https:\/\/ks-cs.ch\/wp-content\/uploads\/2024\/02\/Berufsregister_Join_gekauft_iStock-477328026-scaled.jpg","type":"image\/jpeg"}],"twitter_card":"summary_large_image","twitter_misc":{"Dur\u00e9e de lecture estim\u00e9e":"2 minutes"},"schema":{"@context":"https:\/\/schema.org","@graph":[{"@type":"WebPage","@id":"https:\/\/ks-cs.ch\/fr\/offre\/registre-professionnel\/","url":"https:\/\/ks-cs.ch\/fr\/offre\/registre-professionnel\/","name":"Registre professionnel - KS\/CS Communication Suisse","isPartOf":{"@id":"https:\/\/ks-cs.ch\/fr\/#website"},"primaryImageOfPage":{"@id":"https:\/\/ks-cs.ch\/fr\/offre\/registre-professionnel\/#primaryimage"},"image":{"@id":"https:\/\/ks-cs.ch\/fr\/offre\/registre-professionnel\/#primaryimage"},"thumbnailUrl":"https:\/\/ks-cs.ch\/wp-content\/uploads\/2024\/02\/Berufsregister_Join_gekauft_iStock-477328026-scaled.jpg","datePublished":"2024-02-14T09:49:26+00:00","dateModified":"2024-09-13T07:01:08+00:00","description":"Formation sp\u00e9cialis\u00e9e - la solution miracle pour une carri\u00e8re en communication. Le double parcours orient\u00e9 vers la pratique avec une base th\u00e9orique solide ouvre les portes \u00e0 un large spectre.","breadcrumb":{"@id":"https:\/\/ks-cs.ch\/fr\/offre\/registre-professionnel\/#breadcrumb"},"inLanguage":"fr-FR","potentialAction":[{"@type":"ReadAction","target":["https:\/\/ks-cs.ch\/fr\/offre\/registre-professionnel\/"]}]},{"@type":"ImageObject","inLanguage":"fr-FR","@id":"https:\/\/ks-cs.ch\/fr\/offre\/registre-professionnel\/#primaryimage","url":"https:\/\/ks-cs.ch\/wp-content\/uploads\/2024\/02\/Berufsregister_Join_gekauft_iStock-477328026-scaled.jpg","contentUrl":"https:\/\/ks-cs.ch\/wp-content\/uploads\/2024\/02\/Berufsregister_Join_gekauft_iStock-477328026-scaled.jpg","width":2560,"height":1707,"caption":"Close-up view on conceptual keyboard - Join (green key)"},{"@type":"BreadcrumbList","@id":"https:\/\/ks-cs.ch\/fr\/offre\/registre-professionnel\/#breadcrumb","itemListElement":[{"@type":"ListItem","position":1,"name":"Home","item":"https:\/\/ks-cs.ch\/fr\/"},{"@type":"ListItem","position":2,"name":"Offre","item":"https:\/\/ks-cs.ch\/fr\/offre\/"},{"@type":"ListItem","position":3,"name":"Registre professionnel"}]},{"@type":"WebSite","@id":"https:\/\/ks-cs.ch\/fr\/#website","url":"https:\/\/ks-cs.ch\/fr\/","name":"KS\/CS Kommunikation Schweiz","description":"Association des communications commerciales","publisher":{"@id":"https:\/\/ks-cs.ch\/fr\/#organization"},"potentialAction":[{"@type":"SearchAction","target":{"@type":"EntryPoint","urlTemplate":"https:\/\/ks-cs.ch\/fr\/?s={search_term_string}"},"query-input":{"@type":"PropertyValueSpecification","valueRequired":true,"valueName":"search_term_string"}}],"inLanguage":"fr-FR"},{"@type":"Organization","@id":"https:\/\/ks-cs.ch\/fr\/#organization","name":"KS\/CS Kommunikation Schweiz","url":"https:\/\/ks-cs.ch\/fr\/","logo":{"@type":"ImageObject","inLanguage":"fr-FR","@id":"https:\/\/ks-cs.ch\/fr\/#\/schema\/logo\/image\/","url":"https:\/\/ks-cs.ch\/wp-content\/uploads\/2022\/12\/Logo-Social-Media-1.jpg","contentUrl":"https:\/\/ks-cs.ch\/wp-content\/uploads\/2022\/12\/Logo-Social-Media-1.jpg","width":709,"height":608,"caption":"KS\/CS Kommunikation Schweiz"},"image":{"@id":"https:\/\/ks-cs.ch\/fr\/#\/schema\/logo\/image\/"},"sameAs":["https:\/\/www.linkedin.com\/company\/kommunikation-schweiz-communication-suisse-comunicazione-svizzera-communication-switzerland\/"]}]}},"publishpress_future_action":{"enabled":false,"date":"2026-04-27 20:50:36","action":"change-status","newStatus":"draft","terms":[],"taxonomy":"translation_priority","extraData":[]},"publishpress_future_workflow_manual_trigger":{"enabledWorkflows":[]},"_links":{"self":[{"href":"https:\/\/ks-cs.ch\/fr\/wp-json\/wp\/v2\/pages\/4666","targetHints":{"allow":["GET"]}}],"collection":[{"href":"https:\/\/ks-cs.ch\/fr\/wp-json\/wp\/v2\/pages"}],"about":[{"href":"https:\/\/ks-cs.ch\/fr\/wp-json\/wp\/v2\/types\/page"}],"author":[{"embeddable":true,"href":"https:\/\/ks-cs.ch\/fr\/wp-json\/wp\/v2\/users\/6"}],"replies":[{"embeddable":true,"href":"https:\/\/ks-cs.ch\/fr\/wp-json\/wp\/v2\/comments?post=4666"}],"version-history":[{"count":19,"href":"https:\/\/ks-cs.ch\/fr\/wp-json\/wp\/v2\/pages\/4666\/revisions"}],"predecessor-version":[{"id":6303,"href":"https:\/\/ks-cs.ch\/fr\/wp-json\/wp\/v2\/pages\/4666\/revisions\/6303"}],"up":[{"embeddable":true,"href":"https:\/\/ks-cs.ch\/fr\/wp-json\/wp\/v2\/pages\/906"}],"wp:featuredmedia":[{"embeddable":true,"href":"https:\/\/ks-cs.ch\/fr\/wp-json\/wp\/v2\/media\/5038"}],"wp:attachment":[{"href":"https:\/\/ks-cs.ch\/fr\/wp-json\/wp\/v2\/media?parent=4666"}],"curies":[{"name":"wp","href":"https:\/\/api.w.org\/{rel}","templated":true}]}}