{"id":1798,"date":"2022-10-20T10:42:26","date_gmt":"2022-10-20T08:42:26","guid":{"rendered":"https:\/\/ks-cs.ch\/mentions-legales\/"},"modified":"2024-12-02T16:49:33","modified_gmt":"2024-12-02T15:49:33","slug":"mentions-legales","status":"publish","type":"page","link":"https:\/\/ks-cs.ch\/fr\/mentions-legales\/","title":{"rendered":"Mentions l\u00e9gales"},"content":{"rendered":"<p><strong>Contact<\/strong><br \/>\nKS\/CS\u00a0Communication\u00a0Suisse<br \/>\nIn der Breiti 2<br \/>\n8047 Zurich<\/p>\n<p>T\u00e9l\u00e9phone: <a href=\"tel:+41442114011\">+41\u00a044\u00a0211\u00a040\u00a011<\/a><br \/>\nCourriel: <a href=\"mailto:info@ks-cs.ch\">info@ks-cs.ch<\/a><br \/>\nSite Internet: <a href=\"http:\/\/www.ks-cs.ch\">www.ks-cs.ch<\/a><\/p>\n<p>IDE: CHE-113.849.011<br \/>\nAutorit\u00e9 de surveillance: organe de r\u00e9vision: BDO\u00a0AG, Bienne<\/p>\n<p>Sous le nom de KS\/CS\u00a0Kommunikation\u00a0Schweiz, KS\/CS\u00a0Communication\u00a0Suisse et KS\/CS\u00a0Comunicazione\u00a0Svizzera, il est constitu\u00e9 une association au sens du Code civil suisse (art.\u00a060 et suivants). Le si\u00e8ge de l\u2019association est \u00e0 Berne.<\/p>\n<p><strong>Exclusion de responsabilit\u00e9<\/strong><br \/>\nL\u2019auteur d\u00e9cline toute responsabilit\u00e9 quant \u00e0 la v\u00e9racit\u00e9, l\u2019exactitude, l\u2019actualit\u00e9, la fiabilit\u00e9 et l\u2019exhaustivit\u00e9 du contenu des informations. L\u2019auteur d\u00e9cline toute responsabilit\u00e9 quant aux dommages mat\u00e9riels ou immat\u00e9riels pouvant r\u00e9sulter de l\u2019acc\u00e8s aux informations publi\u00e9es, de leur utilisation ou non-utilisation, d\u2019une mauvaise utilisation de la connexion ou de probl\u00e8mes techniques. Toutes les offres sont non contractuelles. L\u2019auteur se r\u00e9serve express\u00e9ment le droit de modifier, de compl\u00e9ter ou de supprimer tout ou partie de l\u2019offre sans pr\u00e9avis, ou d\u2019en suspendre temporairement ou d\u00e9finitivement la publication.<\/p>\n<p><strong>Responsabilit\u00e9 des liens<\/strong><br \/>\nLes renvois et liens vers des sites Internet tiers ne rel\u00e8vent pas de notre responsabilit\u00e9. Nous d\u00e9clinons toute responsabilit\u00e9 quant \u00e0 ces sites Internet. L\u2019acc\u00e8s \u00e0 ces sites et leur utilisation se font aux risques et p\u00e9rils de l\u2019utilisateur ou de l\u2019utilisatrice.<\/p>\n<p><strong>Droits d\u2019auteur<\/strong><br \/>\nLes droits d\u2019auteur et tous les autres droits li\u00e9s aux contenus, images, photos ou autres fichiers pr\u00e9sents sur le site Internet sont la propri\u00e9t\u00e9 exclusive de KS\/CS\u00a0Kommunikation\u00a0Schweiz ou des titulaires des droits express\u00e9ment mentionn\u00e9s. Toute reproduction d\u2019un \u00e9l\u00e9ment quelconque doit faire l\u2019objet d\u2019une autorisation \u00e9crite pr\u00e9alable des titulaires des droits d\u2019auteur.<\/p>\n<p><strong>Source<\/strong><br \/>\nCes mentions l\u00e9gales ont \u00e9t\u00e9 r\u00e9dig\u00e9es le 20.10.2022.<\/p>\n<p><a href=\"https:\/\/ks-cs.ch\/fr\/declaration-de-confidentialite\/\">Vous trouverez ici notre d\u00e9claration de confidentialit\u00e9.<\/a><\/p>\n","protected":false},"excerpt":{"rendered":"<p>Contact KS\/CS\u00a0Communication\u00a0Suisse In der Breiti 2 8047 Zurich T\u00e9l\u00e9phone: +41\u00a044\u00a0211\u00a040\u00a011 Courriel: info@ks-cs.ch Site Internet: www.ks-cs.ch IDE: CHE-113.849.011 Autorit\u00e9 de surveillance: [&hellip;]<\/p>\n","protected":false},"author":1,"featured_media":0,"parent":0,"menu_order":98,"comment_status":"closed","ping_status":"closed","template":"","meta":{"content-type":"","footnotes":""},"class_list":["post-1798","page","type-page","status-publish","hentry"],"yoast_head":"<!-- This site is optimized with the Yoast SEO plugin v27.3 - https:\/\/yoast.com\/product\/yoast-seo-wordpress\/ -->\n<title>Mentions l\u00e9gales - KS\/CS Communication Suisse<\/title>\n<meta name=\"robots\" content=\"index, follow, max-snippet:-1, max-image-preview:large, max-video-preview:-1\" \/>\n<link rel=\"canonical\" href=\"https:\/\/ks-cs.ch\/fr\/mentions-legales\/\" \/>\n<meta property=\"og:locale\" content=\"fr_FR\" \/>\n<meta property=\"og:type\" content=\"article\" \/>\n<meta property=\"og:title\" content=\"Mentions l\u00e9gales - KS\/CS Communication Suisse\" \/>\n<meta property=\"og:description\" content=\"Contact KS\/CS\u00a0Communication\u00a0Suisse In der Breiti 2 8047 Zurich T\u00e9l\u00e9phone: +41\u00a044\u00a0211\u00a040\u00a011 Courriel: info@ks-cs.ch Site Internet: www.ks-cs.ch IDE: CHE-113.849.011 Autorit\u00e9 de surveillance: [&hellip;]\" \/>\n<meta property=\"og:url\" content=\"https:\/\/ks-cs.ch\/fr\/mentions-legales\/\" \/>\n<meta property=\"og:site_name\" content=\"KS\/CS Communication Suisse\" \/>\n<meta property=\"article:modified_time\" content=\"2024-12-02T15:49:33+00:00\" \/>\n<meta property=\"og:image\" content=\"https:\/\/ks-cs.ch\/wp-content\/uploads\/2022\/11\/Logo.jpeg\" \/>\n\t<meta property=\"og:image:width\" content=\"1200\" \/>\n\t<meta property=\"og:image:height\" content=\"920\" \/>\n\t<meta property=\"og:image:type\" content=\"image\/jpeg\" \/>\n<meta name=\"twitter:card\" content=\"summary_large_image\" \/>\n<meta name=\"twitter:label1\" content=\"Dur\u00e9e de lecture estim\u00e9e\" \/>\n\t<meta name=\"twitter:data1\" content=\"2 minutes\" \/>\n<script type=\"application\/ld+json\" class=\"yoast-schema-graph\">{\"@context\":\"https:\\\/\\\/schema.org\",\"@graph\":[{\"@type\":\"WebPage\",\"@id\":\"https:\\\/\\\/ks-cs.ch\\\/fr\\\/mentions-legales\\\/\",\"url\":\"https:\\\/\\\/ks-cs.ch\\\/fr\\\/mentions-legales\\\/\",\"name\":\"Mentions l\u00e9gales - KS\\\/CS Communication Suisse\",\"isPartOf\":{\"@id\":\"https:\\\/\\\/ks-cs.ch\\\/fr\\\/#website\"},\"datePublished\":\"2022-10-20T08:42:26+00:00\",\"dateModified\":\"2024-12-02T15:49:33+00:00\",\"breadcrumb\":{\"@id\":\"https:\\\/\\\/ks-cs.ch\\\/fr\\\/mentions-legales\\\/#breadcrumb\"},\"inLanguage\":\"fr-FR\",\"potentialAction\":[{\"@type\":\"ReadAction\",\"target\":[\"https:\\\/\\\/ks-cs.ch\\\/fr\\\/mentions-legales\\\/\"]}]},{\"@type\":\"BreadcrumbList\",\"@id\":\"https:\\\/\\\/ks-cs.ch\\\/fr\\\/mentions-legales\\\/#breadcrumb\",\"itemListElement\":[{\"@type\":\"ListItem\",\"position\":1,\"name\":\"Home\",\"item\":\"https:\\\/\\\/ks-cs.ch\\\/fr\\\/\"},{\"@type\":\"ListItem\",\"position\":2,\"name\":\"Mentions l\u00e9gales\"}]},{\"@type\":\"WebSite\",\"@id\":\"https:\\\/\\\/ks-cs.ch\\\/fr\\\/#website\",\"url\":\"https:\\\/\\\/ks-cs.ch\\\/fr\\\/\",\"name\":\"KS\\\/CS Kommunikation Schweiz\",\"description\":\"Association des communications commerciales\",\"publisher\":{\"@id\":\"https:\\\/\\\/ks-cs.ch\\\/fr\\\/#organization\"},\"potentialAction\":[{\"@type\":\"SearchAction\",\"target\":{\"@type\":\"EntryPoint\",\"urlTemplate\":\"https:\\\/\\\/ks-cs.ch\\\/fr\\\/?s={search_term_string}\"},\"query-input\":{\"@type\":\"PropertyValueSpecification\",\"valueRequired\":true,\"valueName\":\"search_term_string\"}}],\"inLanguage\":\"fr-FR\"},{\"@type\":\"Organization\",\"@id\":\"https:\\\/\\\/ks-cs.ch\\\/fr\\\/#organization\",\"name\":\"KS\\\/CS Kommunikation Schweiz\",\"url\":\"https:\\\/\\\/ks-cs.ch\\\/fr\\\/\",\"logo\":{\"@type\":\"ImageObject\",\"inLanguage\":\"fr-FR\",\"@id\":\"https:\\\/\\\/ks-cs.ch\\\/fr\\\/#\\\/schema\\\/logo\\\/image\\\/\",\"url\":\"https:\\\/\\\/ks-cs.ch\\\/wp-content\\\/uploads\\\/2022\\\/12\\\/Logo-Social-Media-1.jpg\",\"contentUrl\":\"https:\\\/\\\/ks-cs.ch\\\/wp-content\\\/uploads\\\/2022\\\/12\\\/Logo-Social-Media-1.jpg\",\"width\":709,\"height\":608,\"caption\":\"KS\\\/CS Kommunikation Schweiz\"},\"image\":{\"@id\":\"https:\\\/\\\/ks-cs.ch\\\/fr\\\/#\\\/schema\\\/logo\\\/image\\\/\"},\"sameAs\":[\"https:\\\/\\\/www.linkedin.com\\\/company\\\/kommunikation-schweiz-communication-suisse-comunicazione-svizzera-communication-switzerland\\\/\"]}]}<\/script>\n<!-- \/ Yoast SEO plugin. -->","yoast_head_json":{"title":"Mentions l\u00e9gales - KS\/CS Communication Suisse","robots":{"index":"index","follow":"follow","max-snippet":"max-snippet:-1","max-image-preview":"max-image-preview:large","max-video-preview":"max-video-preview:-1"},"canonical":"https:\/\/ks-cs.ch\/fr\/mentions-legales\/","og_locale":"fr_FR","og_type":"article","og_title":"Mentions l\u00e9gales - KS\/CS Communication Suisse","og_description":"Contact KS\/CS\u00a0Communication\u00a0Suisse In der Breiti 2 8047 Zurich T\u00e9l\u00e9phone: +41\u00a044\u00a0211\u00a040\u00a011 Courriel: info@ks-cs.ch Site Internet: www.ks-cs.ch IDE: CHE-113.849.011 Autorit\u00e9 de surveillance: [&hellip;]","og_url":"https:\/\/ks-cs.ch\/fr\/mentions-legales\/","og_site_name":"KS\/CS Communication Suisse","article_modified_time":"2024-12-02T15:49:33+00:00","og_image":[{"width":1200,"height":920,"url":"https:\/\/ks-cs.ch\/wp-content\/uploads\/2022\/11\/Logo.jpeg","type":"image\/jpeg"}],"twitter_card":"summary_large_image","twitter_misc":{"Dur\u00e9e de lecture estim\u00e9e":"2 minutes"},"schema":{"@context":"https:\/\/schema.org","@graph":[{"@type":"WebPage","@id":"https:\/\/ks-cs.ch\/fr\/mentions-legales\/","url":"https:\/\/ks-cs.ch\/fr\/mentions-legales\/","name":"Mentions l\u00e9gales - KS\/CS Communication Suisse","isPartOf":{"@id":"https:\/\/ks-cs.ch\/fr\/#website"},"datePublished":"2022-10-20T08:42:26+00:00","dateModified":"2024-12-02T15:49:33+00:00","breadcrumb":{"@id":"https:\/\/ks-cs.ch\/fr\/mentions-legales\/#breadcrumb"},"inLanguage":"fr-FR","potentialAction":[{"@type":"ReadAction","target":["https:\/\/ks-cs.ch\/fr\/mentions-legales\/"]}]},{"@type":"BreadcrumbList","@id":"https:\/\/ks-cs.ch\/fr\/mentions-legales\/#breadcrumb","itemListElement":[{"@type":"ListItem","position":1,"name":"Home","item":"https:\/\/ks-cs.ch\/fr\/"},{"@type":"ListItem","position":2,"name":"Mentions l\u00e9gales"}]},{"@type":"WebSite","@id":"https:\/\/ks-cs.ch\/fr\/#website","url":"https:\/\/ks-cs.ch\/fr\/","name":"KS\/CS Kommunikation Schweiz","description":"Association des communications commerciales","publisher":{"@id":"https:\/\/ks-cs.ch\/fr\/#organization"},"potentialAction":[{"@type":"SearchAction","target":{"@type":"EntryPoint","urlTemplate":"https:\/\/ks-cs.ch\/fr\/?s={search_term_string}"},"query-input":{"@type":"PropertyValueSpecification","valueRequired":true,"valueName":"search_term_string"}}],"inLanguage":"fr-FR"},{"@type":"Organization","@id":"https:\/\/ks-cs.ch\/fr\/#organization","name":"KS\/CS Kommunikation Schweiz","url":"https:\/\/ks-cs.ch\/fr\/","logo":{"@type":"ImageObject","inLanguage":"fr-FR","@id":"https:\/\/ks-cs.ch\/fr\/#\/schema\/logo\/image\/","url":"https:\/\/ks-cs.ch\/wp-content\/uploads\/2022\/12\/Logo-Social-Media-1.jpg","contentUrl":"https:\/\/ks-cs.ch\/wp-content\/uploads\/2022\/12\/Logo-Social-Media-1.jpg","width":709,"height":608,"caption":"KS\/CS Kommunikation Schweiz"},"image":{"@id":"https:\/\/ks-cs.ch\/fr\/#\/schema\/logo\/image\/"},"sameAs":["https:\/\/www.linkedin.com\/company\/kommunikation-schweiz-communication-suisse-comunicazione-svizzera-communication-switzerland\/"]}]}},"publishpress_future_action":{"enabled":false,"date":"2026-04-20 16:25:28","action":"change-status","newStatus":"draft","terms":[],"taxonomy":"translation_priority","extraData":[]},"publishpress_future_workflow_manual_trigger":{"enabledWorkflows":[]},"_links":{"self":[{"href":"https:\/\/ks-cs.ch\/fr\/wp-json\/wp\/v2\/pages\/1798","targetHints":{"allow":["GET"]}}],"collection":[{"href":"https:\/\/ks-cs.ch\/fr\/wp-json\/wp\/v2\/pages"}],"about":[{"href":"https:\/\/ks-cs.ch\/fr\/wp-json\/wp\/v2\/types\/page"}],"author":[{"embeddable":true,"href":"https:\/\/ks-cs.ch\/fr\/wp-json\/wp\/v2\/users\/1"}],"replies":[{"embeddable":true,"href":"https:\/\/ks-cs.ch\/fr\/wp-json\/wp\/v2\/comments?post=1798"}],"version-history":[{"count":4,"href":"https:\/\/ks-cs.ch\/fr\/wp-json\/wp\/v2\/pages\/1798\/revisions"}],"predecessor-version":[{"id":6636,"href":"https:\/\/ks-cs.ch\/fr\/wp-json\/wp\/v2\/pages\/1798\/revisions\/6636"}],"wp:attachment":[{"href":"https:\/\/ks-cs.ch\/fr\/wp-json\/wp\/v2\/media?parent=1798"}],"curies":[{"name":"wp","href":"https:\/\/api.w.org\/{rel}","templated":true}]}}