{"id":1300,"date":"2022-05-30T10:56:43","date_gmt":"2022-05-30T08:56:43","guid":{"rendered":"https:\/\/ks-cs.ch\/a-propos-de-nous\/"},"modified":"2024-09-17T20:32:31","modified_gmt":"2024-09-17T18:32:31","slug":"a-propos-de-nous","status":"publish","type":"page","link":"https:\/\/ks-cs.ch\/fr\/a-propos-de-nous\/","title":{"rendered":"\u00c0 propos de nous"},"content":{"rendered":"<div class=\"wpb-content-wrapper\"><p>[vc_row row_height_percent=\u00a0\u00bb0&Prime; override_padding=\u00a0\u00bbyes\u00a0\u00bb h_padding=\u00a0\u00bb2&Prime; top_padding=\u00a0\u00bb3&Prime; bottom_padding=\u00a0\u00bb2&Prime; overlay_alpha=\u00a0\u00bb50&Prime; gutter_size=\u00a0\u00bb3&Prime; column_width_percent=\u00a0\u00bb100&Prime; shift_y=\u00a0\u00bb0&Prime; z_index=\u00a0\u00bb0&Prime; uncode_shortcode_id=\u00a0\u00bb172934&Prime;][vc_column column_width_use_pixel=\u00a0\u00bbyes\u00a0\u00bb gutter_size=\u00a0\u00bb2&Prime; overlay_alpha=\u00a0\u00bb50&Prime; shift_x=\u00a0\u00bb0&Prime; shift_y=\u00a0\u00bb0&Prime; shift_y_down=\u00a0\u00bb0&Prime; z_index=\u00a0\u00bb0&Prime; medium_width=\u00a0\u00bb0&Prime; mobile_width=\u00a0\u00bb0&Prime; width=\u00a0\u00bb1\/1&Prime; uncode_shortcode_id=\u00a0\u00bb104419&Prime; column_width_pixel=\u00a0\u00bb840&Prime;][uncode_breadcrumbs separator=\u00a0\u00bbdash\u00a0\u00bb][vc_custom_heading heading_semantic=\u00a0\u00bbh1&Prime; text_size=\u00a0\u00bbh1&Prime; text_weight=\u00a0\u00bb600&Prime; uncode_shortcode_id=\u00a0\u00bb172488&Prime;]Ensemble, nous nous engageons pour les objectifs de KS\/CS Communication Suisse[\/vc_custom_heading][vc_column_text uncode_shortcode_id=\u00a0\u00bb399823&Prime;]Le comit\u00e9 directeur, le secr\u00e9tariat, les commissions r\u00e9gionales et les groupes de travail \u00e9laborent ensemble les positions de KS\/CS et sont les interlocuteurs pour les demandes adress\u00e9es \u00e0 l&rsquo;association fa\u00eeti\u00e8re.[\/vc_column_text][\/vc_column][\/vc_row][vc_row][vc_column width=\u00a0\u00bb1\/1&Prime;][uncode_block id=\u00a0\u00bb277&Prime;][\/vc_column][\/vc_row][vc_row row_height_percent=\u00a0\u00bb0&Prime; overlay_alpha=\u00a0\u00bb50&Prime; gutter_size=\u00a0\u00bb3&Prime; column_width_percent=\u00a0\u00bb100&Prime; shift_y=\u00a0\u00bb0&Prime; z_index=\u00a0\u00bb0&Prime; uncode_shortcode_id=\u00a0\u00bb131953&Prime;][vc_column column_width_use_pixel=\u00a0\u00bbyes\u00a0\u00bb gutter_size=\u00a0\u00bb2&Prime; overlay_alpha=\u00a0\u00bb50&Prime; shift_x=\u00a0\u00bb0&Prime; shift_y=\u00a0\u00bb0&Prime; shift_y_down=\u00a0\u00bb0&Prime; z_index=\u00a0\u00bb0&Prime; medium_width=\u00a0\u00bb0&Prime; mobile_width=\u00a0\u00bb0&Prime; width=\u00a0\u00bb1\/1&Prime; uncode_shortcode_id=\u00a0\u00bb104419&Prime; column_width_pixel=\u00a0\u00bb840&Prime;][vc_custom_heading text_weight=\u00a0\u00bb600&Prime; uncode_shortcode_id=\u00a0\u00bb293391&Prime;]<span style=\"font-weight: 400;\">KS\/CS effectue un monitoring continu de toutes les affaires parlementaires qui ont un impact sur la communication commerciale en Suisse.  <\/span>[\/vc_custom_heading][vc_column_text uncode_shortcode_id=\u00a0\u00bb178097&Prime;]<span style=\"font-weight: 400;\">Le Regulation Committee de KS\/CS se compose de repr\u00e9sentants des partenaires Premium et des associations amies et traite les th\u00e8mes politiques pertinents. Les domaines les plus vastes, <\/span>comme la publicit\u00e9 ext\u00e9rieure ou les denr\u00e9es alimentaires, <span style=\"font-weight: 400;\">sont r\u00e9sum\u00e9s dans<\/span> des groupes de projet sp\u00e9cifiques \u00e0 la politique publicitaire, <span style=\"font-weight: 400;\">qui \u00e9laborent des positions. D\u00e8s que l&rsquo;agenda politique l&rsquo;exige, form\u00e9 de nouvelles  <\/span><span style=\"font-weight: 400;\">groupe de projet de politique publicitaire.<\/span><\/p>\n<p><span style=\"font-weight: 400;\">KS\/CS travaille en \u00e9troite collaboration avec le groupe parlementaire \u00ab\u00a0March\u00e9 et communication\u00a0\u00bb. Elle est pr\u00e9sid\u00e9e par le conseiller national Gregor Rutz. Elle compte actuellement 9 parlementaires issus des deux Chambres ainsi que de diff\u00e9rents groupes, r\u00e9gions et commissions.   <\/span> L&rsquo;engagement de KS\/CS Communication Suisse pour la cause de la Commission Suisse pour la Loyaut\u00e9 permet un \u00e9change sur les efforts d&rsquo;autor\u00e9gulation de l&rsquo;European Advertising Standards Alliance (EASA) au niveau europ\u00e9en.[\/vc_column_text][\/vc_column][\/vc_row][vc_row row_height_percent=\u00a0\u00bb0&Prime; override_padding=\u00a0\u00bbyes\u00a0\u00bb h_padding=\u00a0\u00bb2&Prime; top_padding=\u00a0\u00bb3&Prime; bottom_padding=\u00a0\u00bb3&Prime; overlay_alpha=\u00a0\u00bb50&Prime; gutter_size=\u00a0\u00bb3&Prime; column_width_percent=\u00a0\u00bb100&Prime; shift_y=\u00a0\u00bb0&Prime; z_index=\u00a0\u00bb0&Prime; uncode_shortcode_id=\u00a0\u00bb602246&Prime; el_class=\u00a0\u00bbpage_cta\u00a0\u00bb][vc_column width=\u00a0\u00bb1\/1&Prime;][uncode_index el_id=\u00a0\u00bbindex-880824&Prime; isotope_mode=\u00a0\u00bbfitRows\u00a0\u00bb loop=\u00a0\u00bbsize:10|order_by:date|post_type:page|tax_query:8|taxonomy_count:10&Prime; screen_lg=\u00a0\u00bb1000&Prime; screen_md=\u00a0\u00bb600&Prime; screen_sm=\u00a0\u00bb480&Prime; gutter_size=\u00a0\u00bb3&Prime; page_items=\u00a0\u00bbtitle\u00a0\u00bb single_style=\u00a0\u00bbdark\u00a0\u00bb single_back_color=\u00a0\u00bbcolor-210407&Prime; single_shape=\u00a0\u00bbround\u00a0\u00bb radius=\u00a0\u00bblg\u00a0\u00bb single_overlay_opacity=\u00a0\u00bb50&Prime; single_h_align=\u00a0\u00bbcenter\u00a0\u00bb single_padding=\u00a0\u00bb2&Prime; single_title_dimension=\u00a0\u00bbh3&Prime; uncode_shortcode_id=\u00a0\u00bb158858&Prime;][\/vc_column][\/vc_row][vc_row row_height_percent=\u00a0\u00bb0&Prime; overlay_alpha=\u00a0\u00bb50&Prime; gutter_size=\u00a0\u00bb3&Prime; column_width_percent=\u00a0\u00bb100&Prime; shift_y=\u00a0\u00bb0&Prime; z_index=\u00a0\u00bb0&Prime; uncode_shortcode_id=\u00a0\u00bb131953&Prime;][vc_column column_width_use_pixel=\u00a0\u00bbyes\u00a0\u00bb gutter_size=\u00a0\u00bb2&Prime; overlay_alpha=\u00a0\u00bb50&Prime; shift_x=\u00a0\u00bb0&Prime; shift_y=\u00a0\u00bb0&Prime; shift_y_down=\u00a0\u00bb0&Prime; z_index=\u00a0\u00bb0&Prime; medium_width=\u00a0\u00bb0&Prime; mobile_width=\u00a0\u00bb0&Prime; width=\u00a0\u00bb1\/1&Prime; uncode_shortcode_id=\u00a0\u00bb104419&Prime; column_width_pixel=\u00a0\u00bb840&Prime;][vc_custom_heading heading_semantic=\u00a0\u00bbh3&Prime; text_size=\u00a0\u00bbh4&Prime; text_weight=\u00a0\u00bb600&Prime; uncode_shortcode_id=\u00a0\u00bb718371&Prime;]Notre position[\/vc_custom_heading][vc_custom_heading text_weight=\u00a0\u00bb600&Prime; uncode_shortcode_id=\u00a0\u00bb223462&Prime;]Utiliser la libert\u00e9 de la communication de mani\u00e8re responsable[\/vc_custom_heading][vc_column_text uncode_shortcode_id=\u00a0\u00bb167997&Prime;]La communication, en tant que communication commerciale, b\u00e9n\u00e9ficie de la protection constitutionnelle de la libert\u00e9 \u00e9conomique et de la libert\u00e9 d&rsquo;information. En effet, une communication loyale contribue largement \u00e0 la formation de l&rsquo;opinion d&rsquo;une population intelligente et responsable.[\/vc_column_text][vc_accordion sign=\u00a0\u00bbplus\u00a0\u00bb active_tab=\u00a0\u00bb-1&Prime;][vc_accordion_tab gutter_size=\u00a0\u00bb2&Prime; column_padding=\u00a0\u00bb2&Prime; title=\u00a0\u00bbQui nous sommes et ce que nous faisons\u00a0\u00bb tab_id=\u00a0\u00bb1661951658-1-69&Prime;][vc_column_text uncode_shortcode_id=\u00a0\u00bb103356&Prime;]KS\/CS Communication Suisse est l&rsquo;association fa\u00eeti\u00e8re de la communication commerciale en Suisse. Il s&rsquo;engage dans toutes les r\u00e9gions du pays pour la libert\u00e9 et l&rsquo;importance de la communication. Celle-ci a besoin d&rsquo;un cadre et d&rsquo;une l\u00e9gislation qui garantissent une communication libre et loyale. En tant qu&rsquo;association fa\u00eeti\u00e8re, KS\/CS s&rsquo;efforce de cr\u00e9er des conditions-cadres politiquement \u00e9quilibr\u00e9es et \u00e9conomiquement optimales pour le secteur suisse de la communication : ainsi, les entreprises, les institutions et les individus peuvent s&rsquo;\u00e9panouir et l&rsquo;ensemble de l&rsquo;\u00e9conomie et de la soci\u00e9t\u00e9 peut prosp\u00e9rer de mani\u00e8re responsable.[\/vc_column_text][\/vc_accordion_tab][vc_accordion_tab gutter_size=\u00a0\u00bb2&Prime; column_padding=\u00a0\u00bb2&Prime; title=\u00a0\u00bbLa communication est un \u00e9l\u00e9ment indispensable de l&apos;\u00e9conomie nationale\u00a0\u00bb tab_id=\u00a0\u00bb1661951658-2-76&Prime;][vc_column_text uncode_shortcode_id=\u00a0\u00bb158164&Prime;]Une \u00e9conomie qui fonctionne a besoin de communication. Elle apporte une contribution essentielle \u00e0 la transparence de l&rsquo;\u00e9conomie et de la d\u00e9mocratie. Elle informe sur les nouveaut\u00e9s et contribue \u00e0 une consommation consciente et durable. Le secteur de la communication est un employeur attrayant. Elle joue un r\u00f4le d\u00e9terminant dans la formation et le perfectionnement des professionnels qui travaillent dans ce secteur polyvalent et cr\u00e9atif. La communication est une communication honn\u00eate. Vos exp\u00e9diteurs et leurs int\u00e9r\u00eats sont connus et compr\u00e9hensibles. Il doit \u00eatre permis de promouvoir de mani\u00e8re responsable des produits et des services qui sont fabriqu\u00e9s et commercialis\u00e9s l\u00e9galement. Le secteur s&rsquo;autor\u00e9gule avec succ\u00e8s. C&rsquo;est pourquoi les interdictions inutiles de la communication ne sont que des actions par procuration pour une politique inefficace qui n&rsquo;atteint pas ses objectifs. Ils donnent des solutions sans en cr\u00e9er. Elles ne touchent pas le probl\u00e8me que l&rsquo;on voudrait r\u00e9soudre, mais les personnes qui travaillent dans les secteurs concern\u00e9s.[\/vc_column_text][vc_button border_width=\u00a0\u00bb0&Prime; link=\u00a0\u00bburl:https%3A%2F%2Fks-cs.ch%2Ffr%2F%3Fpage_id%3D5059|\u00a0\u00bb uncode_shortcode_id=\u00a0\u00bb103543&Prime;]Notre r\u00e9seau[\/vc_button][\/vc_accordion_tab][vc_accordion_tab gutter_size=\u00a0\u00bb2&Prime; column_padding=\u00a0\u00bb2&Prime; title=\u00a0\u00bbCadre l\u00e9gal\u00a0\u00bb tab_id=\u00a0\u00bbe3234a8b-1238-3&Prime;][vc_column_text uncode_shortcode_id=\u00a0\u00bb896276&Prime;]En tant que communication commerciale, la communication b\u00e9n\u00e9ficie de la protection de la libert\u00e9 d&rsquo;information et de la libert\u00e9 \u00e9conomique garanties par la Constitution (art. 16 et art. 27 de la Constitution f\u00e9d\u00e9rale de la Conf\u00e9d\u00e9ration suisse, CF). La Constitution stipule que les restrictions des libert\u00e9s doivent \u00eatre appropri\u00e9es et proportionn\u00e9es. Il doit \u00eatre d\u00e9montr\u00e9 que les restrictions de communication sont appropri\u00e9es et absolument n\u00e9cessaires pour atteindre l&rsquo;objectif public. L&rsquo;essence des droits fondamentaux est en outre intangible (art. 36 Cst.). En cas d&rsquo;interdiction de la communication, une telle pes\u00e9e des int\u00e9r\u00eats doit \u00eatre effectu\u00e9e sur la base des citoyens responsables d\u00e9finis par la Constitution (art. 6 Cst.). Promulguer des interdictions de communiquer \u00e9manant des autorit\u00e9s afin de contr\u00f4ler le comportement des citoyens correspond \u00e0 une conception de l&rsquo;\u00c9tat et de la soci\u00e9t\u00e9 qui n&rsquo;est en aucun cas compatible avec nos principes d&rsquo;\u00c9tat de droit et nos principes constitutionnels d&rsquo;une soci\u00e9t\u00e9 lib\u00e9rale et responsable. En fournissant des informations loyales, la communication peut inciter \u00e0 un comportement responsable et constituer ainsi une opportunit\u00e9.[\/vc_column_text][\/vc_accordion_tab][vc_accordion_tab gutter_size=\u00a0\u00bb2&Prime; column_padding=\u00a0\u00bb2&Prime; title=\u00a0\u00bbAutor\u00e9gulation\u00a0\u00bb tab_id=\u00a0\u00bb296de8af-2592-3&Prime;][vc_column_text uncode_shortcode_id=\u00a0\u00bb142903&Prime;]La communication doit respecter les principes de la loi contre la concurrence d\u00e9loyale (LCD). La communication doit \u00eatre correcte et ne pas induire en erreur. KS\/CS s&rsquo;engage pour la reconnaissance des principes de la Commission suisse pour la loyaut\u00e9, ind\u00e9pendante et paritaire, et du Code de communication et de marketing de la Chambre de commerce internationale. Les dispositions centrales de cette autor\u00e9gulation sont par exemple l&rsquo;interdiction de la communication discriminatoire \u00e0 l&rsquo;\u00e9gard des sexes, le respect de la dignit\u00e9 humaine, le soin particulier \u00e0 apporter aux communications commerciales destin\u00e9es aux enfants et aux adolescents, ainsi que des conditions particuli\u00e8rement strictes pour les d\u00e9clarations relatives \u00e0 l&rsquo;environnement. KS\/CS et, avec elle, l&rsquo;ensemble de la branche publicitaire s&rsquo;engagent en faveur de l\u2019objectif prioritaire de la Fondation pour la loyaut\u00e9 dans la communication commerciale : La communication commerciale loyale doit \u00eatre encourag\u00e9e. Lorsque l&rsquo;autor\u00e9gulation et l&rsquo;autocontr\u00f4le ont fait leurs preuves, comme c&rsquo;est le cas pour la Commission pour la loyaut\u00e9, il n&rsquo;est ni utile ni pertinent de l\u00e9gif\u00e9rer davantage.[\/vc_column_text][\/vc_accordion_tab][vc_accordion_tab gutter_size=\u00a0\u00bb2&Prime; column_padding=\u00a0\u00bb2&Prime; title=\u00a0\u00bbPositions et prises de position\u00a0\u00bb tab_id=\u00a0\u00bb1711450330255-4-5&Prime;][vc_column_text uncode_shortcode_id=\u00a0\u00bb415083&Prime;]KS\/CS Communication Suisse surveille la politique f\u00e9d\u00e9rale en ce qui concerne les lois et les interventions parlementaires qui ont une influence sur la communication commerciale. Dans l&rsquo;int\u00e9r\u00eat de ses membres ou de ses partenaires, KS\/CS forme des groupes de projet de politique publicitaire et \u00e9labore avec eux des positions.[\/vc_column_text][vc_button border_width=\u00a0\u00bb0&Prime; link=\u00a0\u00bburl:https%3A%2F%2Fks-cs.ch%2Ffr%2Fa-propos-de-nous%2Fnos-positions%2F|target:_blank|\u00a0\u00bb uncode_shortcode_id=\u00a0\u00bb280499&Prime;]Nos positions[\/vc_button][\/vc_accordion_tab][\/vc_accordion][\/vc_column][\/vc_row][vc_row][vc_column width=\u00a0\u00bb1\/1&Prime;][\/vc_column][\/vc_row]<\/p>\n<\/div>","protected":false},"excerpt":{"rendered":"<p>[vc_row row_height_percent=\u00a0\u00bb0&Prime; override_padding=\u00a0\u00bbyes\u00a0\u00bb h_padding=\u00a0\u00bb2&Prime; top_padding=\u00a0\u00bb3&Prime; bottom_padding=\u00a0\u00bb2&Prime; overlay_alpha=\u00a0\u00bb50&Prime; gutter_size=\u00a0\u00bb3&Prime; column_width_percent=\u00a0\u00bb100&Prime; shift_y=\u00a0\u00bb0&Prime; z_index=\u00a0\u00bb0&Prime; uncode_shortcode_id=\u00a0\u00bb172934&Prime;][vc_column column_width_use_pixel=\u00a0\u00bbyes\u00a0\u00bb gutter_size=\u00a0\u00bb2&Prime; overlay_alpha=\u00a0\u00bb50&Prime; shift_x=\u00a0\u00bb0&Prime; shift_y=\u00a0\u00bb0&Prime; shift_y_down=\u00a0\u00bb0&Prime; z_index=\u00a0\u00bb0&Prime; medium_width=\u00a0\u00bb0&Prime; [&hellip;]<\/p>\n","protected":false},"author":1,"featured_media":875,"parent":0,"menu_order":5,"comment_status":"closed","ping_status":"closed","template":"","meta":{"content-type":"","footnotes":""},"class_list":["post-1300","page","type-page","status-publish","has-post-thumbnail","hentry"],"yoast_head":"<!-- This site is optimized with the Yoast SEO plugin v27.3 - https:\/\/yoast.com\/product\/yoast-seo-wordpress\/ -->\n<title>\u00c0 propos de nous - KS\/CS Communication Suisse<\/title>\n<meta name=\"description\" content=\"Ensemble, nous nous engageons pour les objectifs de KS\/CS Communication Suisse. Le comit\u00e9 directeur, le secr\u00e9tariat, les commissions r\u00e9gionales et les groupes de travail \u00e9laborent ensemble les positions de KS\/CS et sont les interlocuteurs pour les demandes adress\u00e9es \u00e0 l&#039;association fa\u00eeti\u00e8re.\" \/>\n<meta name=\"robots\" content=\"index, follow, max-snippet:-1, max-image-preview:large, max-video-preview:-1\" \/>\n<link rel=\"canonical\" href=\"https:\/\/ks-cs.ch\/fr\/a-propos-de-nous\/\" \/>\n<meta property=\"og:locale\" content=\"fr_FR\" \/>\n<meta property=\"og:type\" content=\"article\" \/>\n<meta property=\"og:title\" content=\"\u00c0 propos de nous - KS\/CS Communication Suisse\" \/>\n<meta property=\"og:description\" content=\"Ensemble, nous nous engageons pour les objectifs de KS\/CS Communication Suisse. Le comit\u00e9 directeur, le secr\u00e9tariat, les commissions r\u00e9gionales et les groupes de travail \u00e9laborent ensemble les positions de KS\/CS et sont les interlocuteurs pour les demandes adress\u00e9es \u00e0 l&#039;association fa\u00eeti\u00e8re.\" \/>\n<meta property=\"og:url\" content=\"https:\/\/ks-cs.ch\/fr\/a-propos-de-nous\/\" \/>\n<meta property=\"og:site_name\" content=\"KS\/CS Communication Suisse\" \/>\n<meta property=\"article:modified_time\" content=\"2024-09-17T18:32:31+00:00\" \/>\n<meta property=\"og:image\" content=\"https:\/\/ks-cs.ch\/wp-content\/uploads\/2022\/08\/Zusammenarbeit_am-Tisch-scaled.jpg\" \/>\n\t<meta property=\"og:image:width\" content=\"2560\" \/>\n\t<meta property=\"og:image:height\" content=\"1440\" \/>\n\t<meta property=\"og:image:type\" content=\"image\/jpeg\" \/>\n<meta name=\"twitter:card\" content=\"summary_large_image\" \/>\n<meta name=\"twitter:label1\" content=\"Dur\u00e9e de lecture estim\u00e9e\" \/>\n\t<meta name=\"twitter:data1\" content=\"6 minutes\" \/>\n<script type=\"application\/ld+json\" class=\"yoast-schema-graph\">{\"@context\":\"https:\\\/\\\/schema.org\",\"@graph\":[{\"@type\":\"WebPage\",\"@id\":\"https:\\\/\\\/ks-cs.ch\\\/fr\\\/a-propos-de-nous\\\/\",\"url\":\"https:\\\/\\\/ks-cs.ch\\\/fr\\\/a-propos-de-nous\\\/\",\"name\":\"\u00c0 propos de nous - KS\\\/CS Communication Suisse\",\"isPartOf\":{\"@id\":\"https:\\\/\\\/ks-cs.ch\\\/fr\\\/#website\"},\"primaryImageOfPage\":{\"@id\":\"https:\\\/\\\/ks-cs.ch\\\/fr\\\/a-propos-de-nous\\\/#primaryimage\"},\"image\":{\"@id\":\"https:\\\/\\\/ks-cs.ch\\\/fr\\\/a-propos-de-nous\\\/#primaryimage\"},\"thumbnailUrl\":\"https:\\\/\\\/ks-cs.ch\\\/wp-content\\\/uploads\\\/2022\\\/08\\\/Zusammenarbeit_am-Tisch-scaled.jpg\",\"datePublished\":\"2022-05-30T08:56:43+00:00\",\"dateModified\":\"2024-09-17T18:32:31+00:00\",\"description\":\"Ensemble, nous nous engageons pour les objectifs de KS\\\/CS Communication Suisse. Le comit\u00e9 directeur, le secr\u00e9tariat, les commissions r\u00e9gionales et les groupes de travail \u00e9laborent ensemble les positions de KS\\\/CS et sont les interlocuteurs pour les demandes adress\u00e9es \u00e0 l'association fa\u00eeti\u00e8re.\",\"breadcrumb\":{\"@id\":\"https:\\\/\\\/ks-cs.ch\\\/fr\\\/a-propos-de-nous\\\/#breadcrumb\"},\"inLanguage\":\"fr-FR\",\"potentialAction\":[{\"@type\":\"ReadAction\",\"target\":[\"https:\\\/\\\/ks-cs.ch\\\/fr\\\/a-propos-de-nous\\\/\"]}]},{\"@type\":\"ImageObject\",\"inLanguage\":\"fr-FR\",\"@id\":\"https:\\\/\\\/ks-cs.ch\\\/fr\\\/a-propos-de-nous\\\/#primaryimage\",\"url\":\"https:\\\/\\\/ks-cs.ch\\\/wp-content\\\/uploads\\\/2022\\\/08\\\/Zusammenarbeit_am-Tisch-scaled.jpg\",\"contentUrl\":\"https:\\\/\\\/ks-cs.ch\\\/wp-content\\\/uploads\\\/2022\\\/08\\\/Zusammenarbeit_am-Tisch-scaled.jpg\",\"width\":2560,\"height\":1440,\"caption\":\"Des hommes et des femmes d'affaires asiatiques se rencontrent pour \u00e9changer des id\u00e9es sur une application de planification de design web cr\u00e9atif et sur le d\u00e9veloppement d'un mod\u00e8le de mise en page pour un projet de t\u00e9l\u00e9phone mobile, en travaillant ensemble dans un petit bureau.\"},{\"@type\":\"BreadcrumbList\",\"@id\":\"https:\\\/\\\/ks-cs.ch\\\/fr\\\/a-propos-de-nous\\\/#breadcrumb\",\"itemListElement\":[{\"@type\":\"ListItem\",\"position\":1,\"name\":\"Home\",\"item\":\"https:\\\/\\\/ks-cs.ch\\\/fr\\\/\"},{\"@type\":\"ListItem\",\"position\":2,\"name\":\"\u00c0 propos de nous\"}]},{\"@type\":\"WebSite\",\"@id\":\"https:\\\/\\\/ks-cs.ch\\\/fr\\\/#website\",\"url\":\"https:\\\/\\\/ks-cs.ch\\\/fr\\\/\",\"name\":\"KS\\\/CS Kommunikation Schweiz\",\"description\":\"Association des communications commerciales\",\"publisher\":{\"@id\":\"https:\\\/\\\/ks-cs.ch\\\/fr\\\/#organization\"},\"potentialAction\":[{\"@type\":\"SearchAction\",\"target\":{\"@type\":\"EntryPoint\",\"urlTemplate\":\"https:\\\/\\\/ks-cs.ch\\\/fr\\\/?s={search_term_string}\"},\"query-input\":{\"@type\":\"PropertyValueSpecification\",\"valueRequired\":true,\"valueName\":\"search_term_string\"}}],\"inLanguage\":\"fr-FR\"},{\"@type\":\"Organization\",\"@id\":\"https:\\\/\\\/ks-cs.ch\\\/fr\\\/#organization\",\"name\":\"KS\\\/CS Kommunikation Schweiz\",\"url\":\"https:\\\/\\\/ks-cs.ch\\\/fr\\\/\",\"logo\":{\"@type\":\"ImageObject\",\"inLanguage\":\"fr-FR\",\"@id\":\"https:\\\/\\\/ks-cs.ch\\\/fr\\\/#\\\/schema\\\/logo\\\/image\\\/\",\"url\":\"https:\\\/\\\/ks-cs.ch\\\/wp-content\\\/uploads\\\/2022\\\/12\\\/Logo-Social-Media-1.jpg\",\"contentUrl\":\"https:\\\/\\\/ks-cs.ch\\\/wp-content\\\/uploads\\\/2022\\\/12\\\/Logo-Social-Media-1.jpg\",\"width\":709,\"height\":608,\"caption\":\"KS\\\/CS Kommunikation Schweiz\"},\"image\":{\"@id\":\"https:\\\/\\\/ks-cs.ch\\\/fr\\\/#\\\/schema\\\/logo\\\/image\\\/\"},\"sameAs\":[\"https:\\\/\\\/www.linkedin.com\\\/company\\\/kommunikation-schweiz-communication-suisse-comunicazione-svizzera-communication-switzerland\\\/\"]}]}<\/script>\n<!-- \/ Yoast SEO plugin. -->","yoast_head_json":{"title":"\u00c0 propos de nous - KS\/CS Communication Suisse","description":"Ensemble, nous nous engageons pour les objectifs de KS\/CS Communication Suisse. Le comit\u00e9 directeur, le secr\u00e9tariat, les commissions r\u00e9gionales et les groupes de travail \u00e9laborent ensemble les positions de KS\/CS et sont les interlocuteurs pour les demandes adress\u00e9es \u00e0 l'association fa\u00eeti\u00e8re.","robots":{"index":"index","follow":"follow","max-snippet":"max-snippet:-1","max-image-preview":"max-image-preview:large","max-video-preview":"max-video-preview:-1"},"canonical":"https:\/\/ks-cs.ch\/fr\/a-propos-de-nous\/","og_locale":"fr_FR","og_type":"article","og_title":"\u00c0 propos de nous - KS\/CS Communication Suisse","og_description":"Ensemble, nous nous engageons pour les objectifs de KS\/CS Communication Suisse. Le comit\u00e9 directeur, le secr\u00e9tariat, les commissions r\u00e9gionales et les groupes de travail \u00e9laborent ensemble les positions de KS\/CS et sont les interlocuteurs pour les demandes adress\u00e9es \u00e0 l'association fa\u00eeti\u00e8re.","og_url":"https:\/\/ks-cs.ch\/fr\/a-propos-de-nous\/","og_site_name":"KS\/CS Communication Suisse","article_modified_time":"2024-09-17T18:32:31+00:00","og_image":[{"width":2560,"height":1440,"url":"https:\/\/ks-cs.ch\/wp-content\/uploads\/2022\/08\/Zusammenarbeit_am-Tisch-scaled.jpg","type":"image\/jpeg"}],"twitter_card":"summary_large_image","twitter_misc":{"Dur\u00e9e de lecture estim\u00e9e":"6 minutes"},"schema":{"@context":"https:\/\/schema.org","@graph":[{"@type":"WebPage","@id":"https:\/\/ks-cs.ch\/fr\/a-propos-de-nous\/","url":"https:\/\/ks-cs.ch\/fr\/a-propos-de-nous\/","name":"\u00c0 propos de nous - KS\/CS Communication Suisse","isPartOf":{"@id":"https:\/\/ks-cs.ch\/fr\/#website"},"primaryImageOfPage":{"@id":"https:\/\/ks-cs.ch\/fr\/a-propos-de-nous\/#primaryimage"},"image":{"@id":"https:\/\/ks-cs.ch\/fr\/a-propos-de-nous\/#primaryimage"},"thumbnailUrl":"https:\/\/ks-cs.ch\/wp-content\/uploads\/2022\/08\/Zusammenarbeit_am-Tisch-scaled.jpg","datePublished":"2022-05-30T08:56:43+00:00","dateModified":"2024-09-17T18:32:31+00:00","description":"Ensemble, nous nous engageons pour les objectifs de KS\/CS Communication Suisse. Le comit\u00e9 directeur, le secr\u00e9tariat, les commissions r\u00e9gionales et les groupes de travail \u00e9laborent ensemble les positions de KS\/CS et sont les interlocuteurs pour les demandes adress\u00e9es \u00e0 l'association fa\u00eeti\u00e8re.","breadcrumb":{"@id":"https:\/\/ks-cs.ch\/fr\/a-propos-de-nous\/#breadcrumb"},"inLanguage":"fr-FR","potentialAction":[{"@type":"ReadAction","target":["https:\/\/ks-cs.ch\/fr\/a-propos-de-nous\/"]}]},{"@type":"ImageObject","inLanguage":"fr-FR","@id":"https:\/\/ks-cs.ch\/fr\/a-propos-de-nous\/#primaryimage","url":"https:\/\/ks-cs.ch\/wp-content\/uploads\/2022\/08\/Zusammenarbeit_am-Tisch-scaled.jpg","contentUrl":"https:\/\/ks-cs.ch\/wp-content\/uploads\/2022\/08\/Zusammenarbeit_am-Tisch-scaled.jpg","width":2560,"height":1440,"caption":"Des hommes et des femmes d'affaires asiatiques se rencontrent pour \u00e9changer des id\u00e9es sur une application de planification de design web cr\u00e9atif et sur le d\u00e9veloppement d'un mod\u00e8le de mise en page pour un projet de t\u00e9l\u00e9phone mobile, en travaillant ensemble dans un petit bureau."},{"@type":"BreadcrumbList","@id":"https:\/\/ks-cs.ch\/fr\/a-propos-de-nous\/#breadcrumb","itemListElement":[{"@type":"ListItem","position":1,"name":"Home","item":"https:\/\/ks-cs.ch\/fr\/"},{"@type":"ListItem","position":2,"name":"\u00c0 propos de nous"}]},{"@type":"WebSite","@id":"https:\/\/ks-cs.ch\/fr\/#website","url":"https:\/\/ks-cs.ch\/fr\/","name":"KS\/CS Kommunikation Schweiz","description":"Association des communications commerciales","publisher":{"@id":"https:\/\/ks-cs.ch\/fr\/#organization"},"potentialAction":[{"@type":"SearchAction","target":{"@type":"EntryPoint","urlTemplate":"https:\/\/ks-cs.ch\/fr\/?s={search_term_string}"},"query-input":{"@type":"PropertyValueSpecification","valueRequired":true,"valueName":"search_term_string"}}],"inLanguage":"fr-FR"},{"@type":"Organization","@id":"https:\/\/ks-cs.ch\/fr\/#organization","name":"KS\/CS Kommunikation Schweiz","url":"https:\/\/ks-cs.ch\/fr\/","logo":{"@type":"ImageObject","inLanguage":"fr-FR","@id":"https:\/\/ks-cs.ch\/fr\/#\/schema\/logo\/image\/","url":"https:\/\/ks-cs.ch\/wp-content\/uploads\/2022\/12\/Logo-Social-Media-1.jpg","contentUrl":"https:\/\/ks-cs.ch\/wp-content\/uploads\/2022\/12\/Logo-Social-Media-1.jpg","width":709,"height":608,"caption":"KS\/CS Kommunikation Schweiz"},"image":{"@id":"https:\/\/ks-cs.ch\/fr\/#\/schema\/logo\/image\/"},"sameAs":["https:\/\/www.linkedin.com\/company\/kommunikation-schweiz-communication-suisse-comunicazione-svizzera-communication-switzerland\/"]}]}},"publishpress_future_action":{"enabled":false,"date":"2026-04-18 03:33:00","action":"change-status","newStatus":"draft","terms":[],"taxonomy":"translation_priority","extraData":[]},"publishpress_future_workflow_manual_trigger":{"enabledWorkflows":[]},"_links":{"self":[{"href":"https:\/\/ks-cs.ch\/fr\/wp-json\/wp\/v2\/pages\/1300","targetHints":{"allow":["GET"]}}],"collection":[{"href":"https:\/\/ks-cs.ch\/fr\/wp-json\/wp\/v2\/pages"}],"about":[{"href":"https:\/\/ks-cs.ch\/fr\/wp-json\/wp\/v2\/types\/page"}],"author":[{"embeddable":true,"href":"https:\/\/ks-cs.ch\/fr\/wp-json\/wp\/v2\/users\/1"}],"replies":[{"embeddable":true,"href":"https:\/\/ks-cs.ch\/fr\/wp-json\/wp\/v2\/comments?post=1300"}],"version-history":[{"count":11,"href":"https:\/\/ks-cs.ch\/fr\/wp-json\/wp\/v2\/pages\/1300\/revisions"}],"predecessor-version":[{"id":6321,"href":"https:\/\/ks-cs.ch\/fr\/wp-json\/wp\/v2\/pages\/1300\/revisions\/6321"}],"wp:featuredmedia":[{"embeddable":true,"href":"https:\/\/ks-cs.ch\/fr\/wp-json\/wp\/v2\/media\/875"}],"wp:attachment":[{"href":"https:\/\/ks-cs.ch\/fr\/wp-json\/wp\/v2\/media?parent=1300"}],"curies":[{"name":"wp","href":"https:\/\/api.w.org\/{rel}","templated":true}]}}