{"id":1002,"date":"2022-07-12T10:23:36","date_gmt":"2022-07-12T08:23:36","guid":{"rendered":"https:\/\/ks-cs.ch\/offre\/commissions-regionales\/"},"modified":"2024-02-14T13:37:43","modified_gmt":"2024-02-14T12:37:43","slug":"commissions-regionales","status":"publish","type":"page","link":"https:\/\/ks-cs.ch\/fr\/offre\/commissions-regionales\/","title":{"rendered":"Commissions r\u00e9gionales"},"content":{"rendered":"<div class=\"wpb-content-wrapper\"><p>[vc_row row_height_percent=\u00a0\u00bb0&Prime; override_padding=\u00a0\u00bbyes\u00a0\u00bb h_padding=\u00a0\u00bb2&Prime; top_padding=\u00a0\u00bb3&Prime; bottom_padding=\u00a0\u00bb2&Prime; overlay_alpha=\u00a0\u00bb50&Prime; gutter_size=\u00a0\u00bb3&Prime; column_width_percent=\u00a0\u00bb100&Prime; shift_y=\u00a0\u00bb0&Prime; z_index=\u00a0\u00bb0&Prime; uncode_shortcode_id=\u00a0\u00bb172934&Prime;][vc_column column_width_use_pixel=\u00a0\u00bbyes\u00a0\u00bb gutter_size=\u00a0\u00bb2&Prime; overlay_alpha=\u00a0\u00bb50&Prime; shift_x=\u00a0\u00bb0&Prime; shift_y=\u00a0\u00bb0&Prime; shift_y_down=\u00a0\u00bb0&Prime; z_index=\u00a0\u00bb0&Prime; medium_width=\u00a0\u00bb0&Prime; mobile_width=\u00a0\u00bb0&Prime; width=\u00a0\u00bb1\/1&Prime; uncode_shortcode_id=\u00a0\u00bb104419&Prime; column_width_pixel=\u00a0\u00bb840&Prime;][uncode_breadcrumbs separator=\u00a0\u00bbdash\u00a0\u00bb][vc_custom_heading heading_semantic=\u00a0\u00bbh1&Prime; text_size=\u00a0\u00bbh1&Prime; text_weight=\u00a0\u00bb600&Prime; uncode_shortcode_id=\u00a0\u00bb118103&Prime;]KS\/CS Communication Suisse est une association fa\u00eeti\u00e8re nationale et est bien implant\u00e9e dans les diff\u00e9rentes r\u00e9gions du pays.[\/vc_custom_heading][vc_column_text uncode_shortcode_id=\u00a0\u00bb557254&Prime;]Les commissions r\u00e9gionales constituent le lien entre les deux. Les membres de KS\/CS ont la possibilit\u00e9 de s&rsquo;engager dans la commission de leur r\u00e9gion linguistique. Ils sont invit\u00e9s aux \u00e9v\u00e9nements de leur r\u00e9gion et peuvent s&rsquo;exprimer et intervenir sur des th\u00e8mes sp\u00e9cifiques \u00e0 la r\u00e9gion.[\/vc_column_text][\/vc_column][\/vc_row][vc_row][vc_column width=\u00a0\u00bb1\/1&Prime;][uncode_block id=\u00a0\u00bb277&Prime;][\/vc_column][\/vc_row][vc_row][vc_column width=\u00a0\u00bb1\/1&Prime;][uncode_block id=\u00a0\u00bb196&Prime;][\/vc_column][\/vc_row]<\/p>\n<\/div>","protected":false},"excerpt":{"rendered":"<p>KS\/CS Communication Suisse est une association fa\u00eeti\u00e8re nationale et est bien implant\u00e9e dans les diff\u00e9rentes r\u00e9gions du pays. Les commissions r\u00e9gionales constituent le lien entre l&rsquo;association fa\u00eeti\u00e8re et les r\u00e9gions linguistiques. Les membres de KS\/CS ont la possibilit\u00e9 de s&rsquo;engager dans la commission de leur r\u00e9gion linguistique. Ils sont invit\u00e9s aux \u00e9v\u00e9nements de leur r\u00e9gion et peuvent s&rsquo;exprimer et intervenir sur des th\u00e8mes sp\u00e9cifiques \u00e0 la r\u00e9gion.<\/p>\n","protected":false},"author":1,"featured_media":1361,"parent":906,"menu_order":3,"comment_status":"closed","ping_status":"closed","template":"","meta":{"content-type":"","footnotes":""},"class_list":["post-1002","page","type-page","status-publish","has-post-thumbnail","hentry","page_category-offre"],"yoast_head":"<!-- This site is optimized with the Yoast SEO plugin v27.4 - https:\/\/yoast.com\/product\/yoast-seo-wordpress\/ -->\n<title>Commissions r\u00e9gionales - KS\/CS Communication Suisse<\/title>\n<meta name=\"description\" content=\"KS\/CS Communication Suisse est une association fa\u00eeti\u00e8re nationale et est bien implant\u00e9e dans les diff\u00e9rentes r\u00e9gions du pays. Les commissions r\u00e9gionales constituent le lien entre les deux.\" \/>\n<meta name=\"robots\" content=\"index, follow, max-snippet:-1, max-image-preview:large, max-video-preview:-1\" \/>\n<link rel=\"canonical\" href=\"https:\/\/ks-cs.ch\/fr\/offre\/commissions-regionales\/\" \/>\n<meta property=\"og:locale\" content=\"fr_FR\" \/>\n<meta property=\"og:type\" content=\"article\" \/>\n<meta property=\"og:title\" content=\"Commissions r\u00e9gionales - KS\/CS Communication Suisse\" \/>\n<meta property=\"og:description\" content=\"KS\/CS Communication Suisse est une association fa\u00eeti\u00e8re nationale et est bien implant\u00e9e dans les diff\u00e9rentes r\u00e9gions du pays. Les commissions r\u00e9gionales constituent le lien entre les deux.\" \/>\n<meta property=\"og:url\" content=\"https:\/\/ks-cs.ch\/fr\/offre\/commissions-regionales\/\" \/>\n<meta property=\"og:site_name\" content=\"KS\/CS Communication Suisse\" \/>\n<meta property=\"article:modified_time\" content=\"2024-02-14T12:37:43+00:00\" \/>\n<meta property=\"og:image\" content=\"https:\/\/ks-cs.ch\/wp-content\/uploads\/2022\/09\/Regionalkommision-Web-scaled.jpg\" \/>\n\t<meta property=\"og:image:width\" content=\"2560\" \/>\n\t<meta property=\"og:image:height\" content=\"1709\" \/>\n\t<meta property=\"og:image:type\" content=\"image\/jpeg\" \/>\n<meta name=\"twitter:card\" content=\"summary_large_image\" \/>\n<meta name=\"twitter:label1\" content=\"Dur\u00e9e de lecture estim\u00e9e\" \/>\n\t<meta name=\"twitter:data1\" content=\"1 minute\" \/>\n<script type=\"application\/ld+json\" class=\"yoast-schema-graph\">{\"@context\":\"https:\\\/\\\/schema.org\",\"@graph\":[{\"@type\":\"WebPage\",\"@id\":\"https:\\\/\\\/ks-cs.ch\\\/fr\\\/offre\\\/commissions-regionales\\\/\",\"url\":\"https:\\\/\\\/ks-cs.ch\\\/fr\\\/offre\\\/commissions-regionales\\\/\",\"name\":\"Commissions r\u00e9gionales - KS\\\/CS Communication Suisse\",\"isPartOf\":{\"@id\":\"https:\\\/\\\/ks-cs.ch\\\/fr\\\/#website\"},\"primaryImageOfPage\":{\"@id\":\"https:\\\/\\\/ks-cs.ch\\\/fr\\\/offre\\\/commissions-regionales\\\/#primaryimage\"},\"image\":{\"@id\":\"https:\\\/\\\/ks-cs.ch\\\/fr\\\/offre\\\/commissions-regionales\\\/#primaryimage\"},\"thumbnailUrl\":\"https:\\\/\\\/ks-cs.ch\\\/wp-content\\\/uploads\\\/2022\\\/09\\\/Regionalkommision-Web-scaled.jpg\",\"datePublished\":\"2022-07-12T08:23:36+00:00\",\"dateModified\":\"2024-02-14T12:37:43+00:00\",\"description\":\"KS\\\/CS Communication Suisse est une association fa\u00eeti\u00e8re nationale et est bien implant\u00e9e dans les diff\u00e9rentes r\u00e9gions du pays. Les commissions r\u00e9gionales constituent le lien entre les deux.\",\"breadcrumb\":{\"@id\":\"https:\\\/\\\/ks-cs.ch\\\/fr\\\/offre\\\/commissions-regionales\\\/#breadcrumb\"},\"inLanguage\":\"fr-FR\",\"potentialAction\":[{\"@type\":\"ReadAction\",\"target\":[\"https:\\\/\\\/ks-cs.ch\\\/fr\\\/offre\\\/commissions-regionales\\\/\"]}]},{\"@type\":\"ImageObject\",\"inLanguage\":\"fr-FR\",\"@id\":\"https:\\\/\\\/ks-cs.ch\\\/fr\\\/offre\\\/commissions-regionales\\\/#primaryimage\",\"url\":\"https:\\\/\\\/ks-cs.ch\\\/wp-content\\\/uploads\\\/2022\\\/09\\\/Regionalkommision-Web-scaled.jpg\",\"contentUrl\":\"https:\\\/\\\/ks-cs.ch\\\/wp-content\\\/uploads\\\/2022\\\/09\\\/Regionalkommision-Web-scaled.jpg\",\"width\":2560,\"height\":1709,\"caption\":\"Photo de Zurich \u00e9pingl\u00e9e sur une carte de l'Europe. Peut \u00eatre utilis\u00e9 comme illustration pour le th\u00e8me du voyage.\"},{\"@type\":\"BreadcrumbList\",\"@id\":\"https:\\\/\\\/ks-cs.ch\\\/fr\\\/offre\\\/commissions-regionales\\\/#breadcrumb\",\"itemListElement\":[{\"@type\":\"ListItem\",\"position\":1,\"name\":\"Home\",\"item\":\"https:\\\/\\\/ks-cs.ch\\\/fr\\\/\"},{\"@type\":\"ListItem\",\"position\":2,\"name\":\"Offre\",\"item\":\"https:\\\/\\\/ks-cs.ch\\\/fr\\\/offre\\\/\"},{\"@type\":\"ListItem\",\"position\":3,\"name\":\"Commissions r\u00e9gionales\"}]},{\"@type\":\"WebSite\",\"@id\":\"https:\\\/\\\/ks-cs.ch\\\/fr\\\/#website\",\"url\":\"https:\\\/\\\/ks-cs.ch\\\/fr\\\/\",\"name\":\"KS\\\/CS Kommunikation Schweiz\",\"description\":\"Association des communications commerciales\",\"publisher\":{\"@id\":\"https:\\\/\\\/ks-cs.ch\\\/fr\\\/#organization\"},\"potentialAction\":[{\"@type\":\"SearchAction\",\"target\":{\"@type\":\"EntryPoint\",\"urlTemplate\":\"https:\\\/\\\/ks-cs.ch\\\/fr\\\/?s={search_term_string}\"},\"query-input\":{\"@type\":\"PropertyValueSpecification\",\"valueRequired\":true,\"valueName\":\"search_term_string\"}}],\"inLanguage\":\"fr-FR\"},{\"@type\":\"Organization\",\"@id\":\"https:\\\/\\\/ks-cs.ch\\\/fr\\\/#organization\",\"name\":\"KS\\\/CS Kommunikation Schweiz\",\"url\":\"https:\\\/\\\/ks-cs.ch\\\/fr\\\/\",\"logo\":{\"@type\":\"ImageObject\",\"inLanguage\":\"fr-FR\",\"@id\":\"https:\\\/\\\/ks-cs.ch\\\/fr\\\/#\\\/schema\\\/logo\\\/image\\\/\",\"url\":\"https:\\\/\\\/ks-cs.ch\\\/wp-content\\\/uploads\\\/2022\\\/12\\\/Logo-Social-Media-1.jpg\",\"contentUrl\":\"https:\\\/\\\/ks-cs.ch\\\/wp-content\\\/uploads\\\/2022\\\/12\\\/Logo-Social-Media-1.jpg\",\"width\":709,\"height\":608,\"caption\":\"KS\\\/CS Kommunikation Schweiz\"},\"image\":{\"@id\":\"https:\\\/\\\/ks-cs.ch\\\/fr\\\/#\\\/schema\\\/logo\\\/image\\\/\"},\"sameAs\":[\"https:\\\/\\\/www.linkedin.com\\\/company\\\/kommunikation-schweiz-communication-suisse-comunicazione-svizzera-communication-switzerland\\\/\"]}]}<\/script>\n<!-- \/ Yoast SEO plugin. -->","yoast_head_json":{"title":"Commissions r\u00e9gionales - KS\/CS Communication Suisse","description":"KS\/CS Communication Suisse est une association fa\u00eeti\u00e8re nationale et est bien implant\u00e9e dans les diff\u00e9rentes r\u00e9gions du pays. Les commissions r\u00e9gionales constituent le lien entre les deux.","robots":{"index":"index","follow":"follow","max-snippet":"max-snippet:-1","max-image-preview":"max-image-preview:large","max-video-preview":"max-video-preview:-1"},"canonical":"https:\/\/ks-cs.ch\/fr\/offre\/commissions-regionales\/","og_locale":"fr_FR","og_type":"article","og_title":"Commissions r\u00e9gionales - KS\/CS Communication Suisse","og_description":"KS\/CS Communication Suisse est une association fa\u00eeti\u00e8re nationale et est bien implant\u00e9e dans les diff\u00e9rentes r\u00e9gions du pays. Les commissions r\u00e9gionales constituent le lien entre les deux.","og_url":"https:\/\/ks-cs.ch\/fr\/offre\/commissions-regionales\/","og_site_name":"KS\/CS Communication Suisse","article_modified_time":"2024-02-14T12:37:43+00:00","og_image":[{"width":2560,"height":1709,"url":"https:\/\/ks-cs.ch\/wp-content\/uploads\/2022\/09\/Regionalkommision-Web-scaled.jpg","type":"image\/jpeg"}],"twitter_card":"summary_large_image","twitter_misc":{"Dur\u00e9e de lecture estim\u00e9e":"1 minute"},"schema":{"@context":"https:\/\/schema.org","@graph":[{"@type":"WebPage","@id":"https:\/\/ks-cs.ch\/fr\/offre\/commissions-regionales\/","url":"https:\/\/ks-cs.ch\/fr\/offre\/commissions-regionales\/","name":"Commissions r\u00e9gionales - KS\/CS Communication Suisse","isPartOf":{"@id":"https:\/\/ks-cs.ch\/fr\/#website"},"primaryImageOfPage":{"@id":"https:\/\/ks-cs.ch\/fr\/offre\/commissions-regionales\/#primaryimage"},"image":{"@id":"https:\/\/ks-cs.ch\/fr\/offre\/commissions-regionales\/#primaryimage"},"thumbnailUrl":"https:\/\/ks-cs.ch\/wp-content\/uploads\/2022\/09\/Regionalkommision-Web-scaled.jpg","datePublished":"2022-07-12T08:23:36+00:00","dateModified":"2024-02-14T12:37:43+00:00","description":"KS\/CS Communication Suisse est une association fa\u00eeti\u00e8re nationale et est bien implant\u00e9e dans les diff\u00e9rentes r\u00e9gions du pays. Les commissions r\u00e9gionales constituent le lien entre les deux.","breadcrumb":{"@id":"https:\/\/ks-cs.ch\/fr\/offre\/commissions-regionales\/#breadcrumb"},"inLanguage":"fr-FR","potentialAction":[{"@type":"ReadAction","target":["https:\/\/ks-cs.ch\/fr\/offre\/commissions-regionales\/"]}]},{"@type":"ImageObject","inLanguage":"fr-FR","@id":"https:\/\/ks-cs.ch\/fr\/offre\/commissions-regionales\/#primaryimage","url":"https:\/\/ks-cs.ch\/wp-content\/uploads\/2022\/09\/Regionalkommision-Web-scaled.jpg","contentUrl":"https:\/\/ks-cs.ch\/wp-content\/uploads\/2022\/09\/Regionalkommision-Web-scaled.jpg","width":2560,"height":1709,"caption":"Photo de Zurich \u00e9pingl\u00e9e sur une carte de l'Europe. Peut \u00eatre utilis\u00e9 comme illustration pour le th\u00e8me du voyage."},{"@type":"BreadcrumbList","@id":"https:\/\/ks-cs.ch\/fr\/offre\/commissions-regionales\/#breadcrumb","itemListElement":[{"@type":"ListItem","position":1,"name":"Home","item":"https:\/\/ks-cs.ch\/fr\/"},{"@type":"ListItem","position":2,"name":"Offre","item":"https:\/\/ks-cs.ch\/fr\/offre\/"},{"@type":"ListItem","position":3,"name":"Commissions r\u00e9gionales"}]},{"@type":"WebSite","@id":"https:\/\/ks-cs.ch\/fr\/#website","url":"https:\/\/ks-cs.ch\/fr\/","name":"KS\/CS Kommunikation Schweiz","description":"Association des communications commerciales","publisher":{"@id":"https:\/\/ks-cs.ch\/fr\/#organization"},"potentialAction":[{"@type":"SearchAction","target":{"@type":"EntryPoint","urlTemplate":"https:\/\/ks-cs.ch\/fr\/?s={search_term_string}"},"query-input":{"@type":"PropertyValueSpecification","valueRequired":true,"valueName":"search_term_string"}}],"inLanguage":"fr-FR"},{"@type":"Organization","@id":"https:\/\/ks-cs.ch\/fr\/#organization","name":"KS\/CS Kommunikation Schweiz","url":"https:\/\/ks-cs.ch\/fr\/","logo":{"@type":"ImageObject","inLanguage":"fr-FR","@id":"https:\/\/ks-cs.ch\/fr\/#\/schema\/logo\/image\/","url":"https:\/\/ks-cs.ch\/wp-content\/uploads\/2022\/12\/Logo-Social-Media-1.jpg","contentUrl":"https:\/\/ks-cs.ch\/wp-content\/uploads\/2022\/12\/Logo-Social-Media-1.jpg","width":709,"height":608,"caption":"KS\/CS Kommunikation Schweiz"},"image":{"@id":"https:\/\/ks-cs.ch\/fr\/#\/schema\/logo\/image\/"},"sameAs":["https:\/\/www.linkedin.com\/company\/kommunikation-schweiz-communication-suisse-comunicazione-svizzera-communication-switzerland\/"]}]}},"publishpress_future_action":{"enabled":false,"date":"2026-04-27 22:34:58","action":"change-status","newStatus":"draft","terms":[],"taxonomy":"translation_priority","extraData":[]},"publishpress_future_workflow_manual_trigger":{"enabledWorkflows":[]},"_links":{"self":[{"href":"https:\/\/ks-cs.ch\/fr\/wp-json\/wp\/v2\/pages\/1002","targetHints":{"allow":["GET"]}}],"collection":[{"href":"https:\/\/ks-cs.ch\/fr\/wp-json\/wp\/v2\/pages"}],"about":[{"href":"https:\/\/ks-cs.ch\/fr\/wp-json\/wp\/v2\/types\/page"}],"author":[{"embeddable":true,"href":"https:\/\/ks-cs.ch\/fr\/wp-json\/wp\/v2\/users\/1"}],"replies":[{"embeddable":true,"href":"https:\/\/ks-cs.ch\/fr\/wp-json\/wp\/v2\/comments?post=1002"}],"version-history":[{"count":4,"href":"https:\/\/ks-cs.ch\/fr\/wp-json\/wp\/v2\/pages\/1002\/revisions"}],"predecessor-version":[{"id":2302,"href":"https:\/\/ks-cs.ch\/fr\/wp-json\/wp\/v2\/pages\/1002\/revisions\/2302"}],"up":[{"embeddable":true,"href":"https:\/\/ks-cs.ch\/fr\/wp-json\/wp\/v2\/pages\/906"}],"wp:featuredmedia":[{"embeddable":true,"href":"https:\/\/ks-cs.ch\/fr\/wp-json\/wp\/v2\/media\/1361"}],"wp:attachment":[{"href":"https:\/\/ks-cs.ch\/fr\/wp-json\/wp\/v2\/media?parent=1002"}],"curies":[{"name":"wp","href":"https:\/\/api.w.org\/{rel}","templated":true}]}}